{"id":56935,"date":"2025-03-23T06:54:03","date_gmt":"2025-03-23T05:54:03","guid":{"rendered":"https:\/\/dev.diamantrad.com\/?page_id=56935"},"modified":"2025-10-29T16:31:05","modified_gmt":"2025-10-29T15:31:05","slug":"imprint","status":"publish","type":"page","link":"https:\/\/www.diamantrad.com\/fr-CH\/imprint\/","title":{"rendered":"Impressum"},"content":{"rendered":"<div class=\"lazyblock-nncontainer-Z2g4qQs wp-block-lazyblock-nncontainer\"><div class=\"section-secondary\">\r\n  <div class=\"container\" id=\"container-Z2g4qQs\">\r\n    <div class=\"row\">\r\n      <div class=\"col py-4 py-lg-5\">\r\n        <div class=\"lazyblock-inner-blocks\">\n<div class=\"lazyblock-cover-text-Z1rH0gv wp-block-lazyblock-cover-text\"><div class=\"covertext container py-5 d-flex flex-column colorscheme-light justify-content-center\" id=\"covertext-Z1rH0gv\">\r\n  <div class=\"lazyblock-inner-blocks\">\n\n<h2 class=\"wp-block-heading\">Mentions l\u00e9gales<\/h2>\n\n<\/div>\r\n<\/div><\/div>\n<\/div>\r\n      <\/div>\r\n    <\/div>\r\n  <\/div>\r\n<\/div><\/div>\n\n<div class=\"lazyblock-nncontainer-Z2c1cdc wp-block-lazyblock-nncontainer\"><div class=\"section-standard\">\r\n  <div class=\"container\" id=\"container-Z2c1cdc\">\r\n    <div class=\"row\">\r\n      <div class=\"col py-4 py-lg-5\">\r\n        <div class=\"lazyblock-inner-blocks\">\n\n<p><strong>Diamant Fahrradwerke GmbH<\/strong><br>Sch\u00f6naicher Stra\u00dfe 1<br>09232 Hartmannsdorf<br>Allemagne<\/p>\n\n\n\n<p>Contact fournisseurs (allemand &amp; anglais): +49 3722 405 621<br>Contact distributeurs: 00800 8735 8735 (par Customer Care GAS, Trek Bicycle)<br>Contact clients: Veuillez utiliser notre&nbsp;<a href=\"https:\/\/www.diamantrad.com\/fr-CH\/contact\/\" title=\"\">formulaire de contact<\/a><br>E-Mail:&nbsp;<a href=\"mailto:info@diamantrad.com\">info@diamantrad.com<\/a><\/p>\n\n\n\n<p>G\u00e9rant : John Schuster<br>Tribunal de commerce\u00a0: Handelsregister des Amtsgerichts Chemnitz, HRB 6093<br>N\u00b0 de TVA\u00a0: DE111665530<\/p>\n\n\n\n<p>Num\u00e9ro fiscal: 222\/107\/00432<\/p>\n\n\n\n<p>D\u00e9l\u00e9gu\u00e9 \u00e0 la protection des donn\u00e9es&nbsp;: Phillip Herold<br>Contact pour les questions relatives \u00e0 la protection des donn\u00e9es&nbsp;:&nbsp;<a href=\"mailto:GDPR@trekbikes.com\">GDPR@trekbikes.com<\/a><\/p>\n\n\n\n<p>Autorit\u00e9 de contr\u00f4le&nbsp;: Der S\u00e4chsische Datenschutzbeauftragte, Kontor am Landtag, Devrientstra\u00dfe 1, 01067 Dresden, Allemagne<\/p>\n\n\n\n<p>Finalit\u00e9 de l\u2019activit\u00e9 commerciale&nbsp;: Activit\u00e9 de construction et commercialisation de cycles, v\u00e9los \u00e0 assistance \u00e9lectrique, pi\u00e8ces de rechange pour cycles et accessoires pour cycles.<\/p>\n\n\n\n<p>Date de cr\u00e9ation de \u00ab&nbsp;Gebr\u00fcder Nevoigt, Reichenbrand \/ Chemnitz&nbsp;\u00bb&nbsp;: 1er janvier&nbsp;1885<br>Date de cr\u00e9ation de Diamant Fahrradwerke GmbH en qualit\u00e9 de successeur juridique&nbsp;: 31\/10\/1991<\/p>\n\n\n\n<h3 class=\"wp-block-heading\">Conditions d\u2019utilisation\/D\u00e9claration de non-responsabilit\u00e9<\/h3>\n\n\n\n<p>1. L\u2019usage du site Web de Diamant Fahrradwerke GmbH est sujet aux conditions g\u00e9n\u00e9rales suivantes, contraignantes pour l\u2019utilisateur et pour Diamant Fahrradwerke GmbH, en qualit\u00e9 de prestataire de service, lors de l\u2019acc\u00e8s au site Web ou \u00e0 une quelconque section du site Web. Le site Web contient des donn\u00e9es et informations de tous types, lesquelles sont prot\u00e9g\u00e9es par le droit de marque d\u00e9pos\u00e9e ou de copyright au b\u00e9n\u00e9fice de Diamant Fahrradwerke GmbH ou, dans certains cas particuliers, au b\u00e9n\u00e9fice de tierces parties. En cons\u00e9quence, le t\u00e9l\u00e9chargement, la reproduction et la distribution du site Web, en tout ou en partie, ne sont pas autoris\u00e9s. La reproduction techniquement requise aux fins de navigation est autoris\u00e9e dans la mesure o\u00f9 ces actions ne sont pas ex\u00e9cut\u00e9es \u00e0 fin \u00e9conomique, ainsi que la reproduction permanente pour un usage personnel.<\/p>\n\n\n\n<p>2. &nbsp;La cr\u00e9ation d\u2019un lien vers ce site Web est autoris\u00e9e dans la mesure o\u00f9 celui-ci est cr\u00e9\u00e9 \u00e0 fin de r\u00e9f\u00e9rence uniquement. Diamant Fahrradwerke GmbH se r\u00e9serve le droit de r\u00e9voquer cette autorisation. L\u2019int\u00e9gration de ce site Web dans un autre site Web n\u2019est pas autoris\u00e9e.<\/p>\n\n\n\n<p>3. Aucune garantie n\u2019est assur\u00e9e concernant l\u2019exactitude et l\u2019exhaustivit\u00e9 des informations fournies sur le site Web. En particulier, des modifications peuvent \u00eatre apport\u00e9es \u00e0 tout moment aux caract\u00e9ristiques techniques de nos cycles, ainsi qu\u2019\u00e0 leur couleur et \u00e0 leur prix. Les r\u00e9f\u00e9rences et liens vers des sites Web tiers n\u2019impliquent pas que Diamant Fahrradwerke GmbH cautionne le contenu des sites cibl\u00e9s par lesdits liens ou r\u00e9f\u00e9rences. Le contenu des sites Web tiers n\u2019implique aucune responsabilit\u00e9 pour Diamant Fahrradwerke GmbH relativement aux donn\u00e9es et informations qui s\u2019y trouvent. Diamant Fahrradwerke GmbH n\u2019a pas d\u2019influence sur le contenu des sites cibl\u00e9s par ces liens. En cons\u00e9quence, Diamant Fahrradwerke GmbH n\u2019est aucunement responsable de tout contenu illicite, incorrect ou incomplet, ou pour tout dommage caus\u00e9 par l\u2019usage du contenu des sites cibl\u00e9s par ces liens.<\/p>\n\n<\/div>\r\n      <\/div>\r\n    <\/div>\r\n  <\/div>\r\n<\/div><\/div>","protected":false},"excerpt":{"rendered":"","protected":false},"author":3,"featured_media":0,"parent":0,"menu_order":0,"comment_status":"closed","ping_status":"closed","template":"","meta":{"_acf_changed":false,"slim_seo":{"title":"Empreinte - diamantrad.com","description":"Marque du site web de la roue diamant\u00e9e. Toutes les informations l\u00e9gales, le contr\u00f4le et le contact en un coup d\u2019\u0153il."},"footnotes":""},"class_list":["post-56935","page","type-page","status-publish","hentry"],"acf":[],"_links":{"self":[{"href":"https:\/\/www.diamantrad.com\/fr-CH\/wp-json\/wp\/v2\/pages\/56935","targetHints":{"allow":["GET"]}}],"collection":[{"href":"https:\/\/www.diamantrad.com\/fr-CH\/wp-json\/wp\/v2\/pages"}],"about":[{"href":"https:\/\/www.diamantrad.com\/fr-CH\/wp-json\/wp\/v2\/types\/page"}],"author":[{"embeddable":true,"href":"https:\/\/www.diamantrad.com\/fr-CH\/wp-json\/wp\/v2\/users\/3"}],"replies":[{"embeddable":true,"href":"https:\/\/www.diamantrad.com\/fr-CH\/wp-json\/wp\/v2\/comments?post=56935"}],"version-history":[{"count":1,"href":"https:\/\/www.diamantrad.com\/fr-CH\/wp-json\/wp\/v2\/pages\/56935\/revisions"}],"predecessor-version":[{"id":69762,"href":"https:\/\/www.diamantrad.com\/fr-CH\/wp-json\/wp\/v2\/pages\/56935\/revisions\/69762"}],"wp:attachment":[{"href":"https:\/\/www.diamantrad.com\/fr-CH\/wp-json\/wp\/v2\/media?parent=56935"}],"curies":[{"name":"wp","href":"https:\/\/api.w.org\/{rel}","templated":true}]}}