{"id":58018,"date":"2025-03-24T17:16:50","date_gmt":"2025-03-24T16:16:50","guid":{"rendered":"https:\/\/dev.diamantrad.com\/?page_id=58018"},"modified":"2025-03-24T17:40:30","modified_gmt":"2025-03-24T16:40:30","slug":"why-diamant","status":"publish","type":"page","link":"https:\/\/www.diamantrad.com\/fr-CH\/why-diamant\/","title":{"rendered":"Why Diamant"},"content":{"rendered":"\n<div class=\"wp-block-cover is-light\"><video class=\"wp-block-cover__video-background intrinsic-ignore\" autoplay muted loop playsinline src=\"https:\/\/www.diamantrad.com\/wp-content\/uploads\/2025\/03\/diamant-mahon-loop-1.mp4\" data-object-fit=\"cover\"><\/video><span aria-hidden=\"true\" class=\"wp-block-cover__background has-background-dim\" style=\"background-color:#FFF\"><\/span><div class=\"wp-block-cover__inner-container is-layout-constrained wp-block-cover-is-layout-constrained\">\n<p class=\"has-text-align-center has-large-font-size wp-block-paragraph\"><\/p>\n\n\n<div class=\"lazyblock-cover-text-Z1KcJ7o wp-block-lazyblock-cover-text\"><div class=\"covertext container py-5 d-flex flex-column colorscheme-dark justify-content-center\" id=\"covertext-Z1KcJ7o\">\r\n  <div class=\"lazyblock-inner-blocks\">\n\n<h2 class=\"wp-block-heading\">Pourquoi Diamant?<\/h2>\n\n<\/div>\r\n<\/div><\/div><\/div><\/div>\n\n\n<div class=\"lazyblock-nncontainer-2clmBO wp-block-lazyblock-nncontainer\"><div class=\"section-standard\">\r\n  <div class=\"container\" id=\"container-2clmBO\">\r\n    <div class=\"row\">\r\n      <div class=\"col py-4 py-lg-5\">\r\n        <div class=\"lazyblock-inner-blocks\">\n\n<h2 class=\"wp-block-heading\">Roulez en t\u00eate!<\/h2>\n\n\n\n<p class=\"wp-block-paragraph\">Nous aspirons \u00e0 des produits innovants, \u00e0 des brevets et \u00e0 \u00eatre le pionnier de la prochaine grande \u00e9volution. Mais la v\u00e9ritable innovation, c&#8217;est lorsque les produits deviennent une meilleure version d&#8217;eux-m\u00eames. Nous ne suivons pas aveugl\u00e9ment chaque tendance et n\u2019int\u00e9grons pas syst\u00e9matiquement chaque nouvelle composante intelligente. Nous concevons des v\u00e9los qui fonctionnent de mani\u00e8re durable et pertinente.<\/p>\n\n\n\n<p class=\"wp-block-paragraph\">D\u00e9couvrez ici notre approche du d\u00e9veloppement.<\/p>\n\n<\/div>\r\n      <\/div>\r\n    <\/div>\r\n  <\/div>\r\n<\/div><\/div>\n\n<div class=\"lazyblock-nncontainer-ZLKGXX wp-block-lazyblock-nncontainer\"><div class=\"section-standard\">\r\n  <div class=\"container\" id=\"container-ZLKGXX\">\r\n    <div class=\"row\">\r\n      <div class=\"col py-4 py-lg-5\">\r\n        <div class=\"lazyblock-inner-blocks\">\n\n<h2 class=\"wp-block-heading\">Clever Tech: L\u2019ing\u00e9niosit\u00e9 avant la technologie<\/h2>\n\n\n\n<p class=\"wp-block-paragraph\">Nous d\u00e9veloppons nos propres cadres, et le fonctionnement de nos v\u00e9los est le fruit d\u2019une r\u00e9flexion approfondie&nbsp;: nous tenons \u00e0 proposer des solutions durables, non pas seulement pour aujourd\u2019hui ou demain, mais pour l\u2019ann\u00e9e prochaine, ou m\u00eame dans dix ans. La semaine prochaine, vous pourriez partir en balade \u00e0 v\u00e9lo. L\u2019ann\u00e9e prochaine, vous pourriez vouloir changer de guidon. Et dans dix ans, vous continuerez \u00e0 chercher des pi\u00e8ces compatibles quand les pi\u00e8ces d\u2019origines ne seront plus n\u00e9cessairement disponibles.<\/p>\n\n\n\n<p class=\"wp-block-paragraph\">Pendant longtemps, nous avons fait les m\u00eames erreurs que beaucoup de constructeurs. Aujourd\u2019hui, nous concevons nos cadres en nous concentrant sur la durabilit\u00e9 et l\u2019adaptabilit\u00e9.<\/p>\n\n\n\n<ul class=\"wp-block-list\">\n<li>Moins de composants propri\u00e9taires. Plus de compatibilit\u00e9.<\/li>\n\n\n\n<li>Moins de complexit\u00e9. Une meilleure fonctionnalit\u00e9.<\/li>\n\n\n\n<li>Votre m\u00e9canicien doit \u00eatre en mesure de r\u00e9parer votre prochain v\u00e9lo plus facilement et plus intuitivement que le pr\u00e9c\u00e9dent.<\/li>\n\n\n\n<li>Vous devriez \u00eatre en mesure de trouver des composants standard partout.<\/li>\n\n\n\n<li>Les accessoires des marques bien \u00e9tablies doivent \u00eatre parfaitement compatibles dans la majorit\u00e9 des cas.<\/li>\n<\/ul>\n\n\n\n<p class=\"wp-block-paragraph\">Peut-\u00eatre vous faudra-t-il attendre un, deux ou trois ans de plus pour b\u00e9n\u00e9ficier de la toute derni\u00e8re transmission de v\u00e9lo \u00e9lectrique ou autre fonctionnalit\u00e9. Il est m\u00eame des technologies que nous ne proposerons sans doute jamais. Nous ne sautons pas sur toutes les nouveaut\u00e9s&nbsp;: il y en a tellement&nbsp;! Au contraire, nous pr\u00e9f\u00e9rons vous donner la certitude que nos produits sont le r\u00e9sultat d\u2019une r\u00e9flexion approfondie. Parce que pour nous, c\u2019est ce que signifie un v\u00e9lo intelligent&nbsp;: un v\u00e9lo sans autre recherche que celle de l\u2019excellence.uelle hippe Feature. Manche Technik werden wir aus \u00dcberzeugung nie anbieten. Wir springen nicht auf jeden Trend auf. Es gibt ohnehin zu viele. Stattdessen m\u00f6chten wir, dass du dir sicher bist: Da hat jemand wirklich dar\u00fcber nachgedacht, wenn was Neues kommt. Das ist f\u00fcr uns ein Clever Bike: Einfach ein richtig gutes Rad.<\/p>\n\n\n\n<div class=\"wp-block-buttons is-layout-flex wp-block-buttons-is-layout-flex\">\n<div class=\"wp-block-button\"><a role=\"button\" class=\"wp-block-button__link wp-element-button\" href=\"https:\/\/www.diamantrad.com\/fr-CH\/bikes\/\">Trouve ton v\u00e9lo vraiment parfait<\/a><\/div>\n<\/div>\n\n<\/div>\r\n      <\/div>\r\n    <\/div>\r\n  <\/div>\r\n<\/div><\/div>\n\n<div class=\"lazyblock-nncontainer-Z1COluA wp-block-lazyblock-nncontainer\"><div class=\"section-standard\">\r\n  <div class=\"container\" id=\"container-Z1COluA\">\r\n    <div class=\"row\">\r\n      <div class=\"col py-4 py-lg-5\">\r\n        <div class=\"lazyblock-inner-blocks\">\n\n<h2 class=\"wp-block-heading\"><strong>Depuis 1885 \u2013 Une marque en qui vous pouvez avoir confiance<\/strong><\/h2>\n\n\n\n<p class=\"wp-block-paragraph\">Dans l&#8217;industrie du v\u00e9lo ou ailleurs, peu de marques existent depuis aussi longtemps que nous \u2013 140 ans ! Nous ne sommes peut-\u00eatre pas la marque la plus branch\u00e9e, mais<\/p>\n\n\n\n<ul class=\"wp-block-list\">\n<li>Nous figurons toujours parmi le top 3 ou top 5 lorsque les gens sont interrog\u00e9s sur les marques qu&#8217;ils appr\u00e9cient particuli\u00e8rement pour leur qualit\u00e9, leur \u00e9quit\u00e9 et leur rapport qualit\u00e9-prix.<\/li>\n\n\n\n<li>Nous sommes reconnus pour notre fiabilit\u00e9, notre engagement envers l\u2019environnement et la satisfaction de nos clients.<\/li>\n<\/ul>\n\n\n\n<p class=\"wp-block-paragraph\">Apr\u00e8s 140 ans, la confiance ne se donne plus, elle se m\u00e9rite. Depuis plus d\u2019un si\u00e8cle, nous relevons le d\u00e9fi de d\u00e9fendre notre nom. Parfois, nous faisons aussi des erreurs \u2013 c&#8217;est humain et honn\u00eate. Mais lorsque cela arrive, nous faisons tout pour les corriger avec passion.ht auch bei uns was schief. Das ist ja nur menschlich und ehrlich. Aber wenn das passiert, dann setzen wir uns mit Leidenschaft daf\u00fcr ein, unsere Fehler zu auszub\u00fcgeln.<\/p>\n\n\n\n<div class=\"wp-block-buttons is-layout-flex wp-block-buttons-is-layout-flex\">\n<div class=\"wp-block-button\"><a role=\"button\" class=\"wp-block-button__link wp-element-button\" href=\"https:\/\/www.diamantrad.com\/fr-CH\/tests-awards\/\">D\u00e9couvrez ce que disent les autres<\/a><\/div>\n<\/div>\n\n<\/div>\r\n      <\/div>\r\n    <\/div>\r\n  <\/div>\r\n<\/div><\/div>\n\n<div class=\"lazyblock-nncontainer-Z206L26 wp-block-lazyblock-nncontainer\"><div class=\"section-light\">\r\n  <div class=\"container\" id=\"container-Z206L26\">\r\n    <div class=\"row\">\r\n      <div class=\"col py-5 py-lg-6\">\r\n        <div class=\"lazyblock-inner-blocks\">\n<div class=\"wp-bootstrap-blocks-row row mb-0 gx-5\">\n\t\n\n<div class=\"col-12 col-md-3\">\n\t\t\t\n<div class=\"wp-block-image mb-3\">\n<figure class=\"aligncenter size-full is-resized\"><img loading=\"lazy\" decoding=\"async\" width=\"117\" height=\"117\" sizes=\"auto, (max-width: 117px) 100vw, 117px\" src=\"https:\/\/www.diamantrad.com\/wp-content\/uploads\/2025\/02\/icon-handgefertigt.svg\" alt=\"Icon Handgefertigt\" class=\"wp-image-36204\" style=\"object-fit:cover;width:100px;height:100px\"\/><\/figure>\n<\/div>\n\n\n<h3 class=\"wp-block-heading has-text-align-center\">Fait \u00e0 la main en Allemagne<\/h3>\n\n\n\n<p class=\"has-text-align-center wp-block-paragraph\">Tu ach\u00e8tes un v\u00e9lo qui a \u00e9t\u00e9 assembl\u00e9 dans notre usine principale \u00e0 Hartmannsdorf.<\/p>\n\n\t<\/div>\n\n\n\n<div class=\"col-12 col-md-3\">\n\t\t\t\n<div class=\"wp-block-image mb-3\">\n<figure class=\"aligncenter size-full is-resized\"><img loading=\"lazy\" decoding=\"async\" width=\"117\" height=\"117\" sizes=\"auto, (max-width: 117px) 100vw, 117px\" src=\"https:\/\/www.diamantrad.com\/wp-content\/uploads\/2025\/02\/icon-design.svg\" alt=\"Icon Design\" class=\"wp-image-36214\" style=\"object-fit:cover;width:100px;height:100px\"\/><\/figure>\n<\/div>\n\n\n<h3 class=\"wp-block-heading has-text-align-center\">L&#8217;excellence du design<\/h3>\n\n\n\n<p class=\"has-text-align-center wp-block-paragraph\">Nous concevons nos v\u00e9los avec l&#8217;amour du d\u00e9tail. Ton v\u00e9lo a gagn\u00e9 des prix de design.<\/p>\n\n\t<\/div>\n\n\n\n<div class=\"col-12 col-md-3\">\n\t\t\t\n<div class=\"wp-block-image mb-3\">\n<figure class=\"aligncenter size-full is-resized\"><img loading=\"lazy\" decoding=\"async\" width=\"117\" height=\"117\" sizes=\"auto, (max-width: 117px) 100vw, 117px\" src=\"https:\/\/www.diamantrad.com\/wp-content\/uploads\/2025\/02\/icon-haendler.svg\" alt=\"Icon Haendler\" class=\"wp-image-36224\" style=\"object-fit:cover;width:100px;height:100px\"\/><\/figure>\n<\/div>\n\n\n<h3 class=\"wp-block-heading has-text-align-center\">Des revendeurs exp\u00e9riment\u00e9s<\/h3>\n\n\n\n<p class=\"has-text-align-center wp-block-paragraph\">Lors de l&#8217;achat, tu re\u00e7ois des conseils personnalis\u00e9s. En cas de probl\u00e8me, des m\u00e9caniciens exp\u00e9riment\u00e9s r\u00e9parent ton v\u00e9lo.<\/p>\n\n\t<\/div>\n\n\n\n<div class=\"col-12 col-md-3\">\n\t\t\t\n<div class=\"wp-block-image mb-3\">\n<figure class=\"aligncenter size-full is-resized\"><img loading=\"lazy\" decoding=\"async\" width=\"117\" height=\"133\" sizes=\"auto, (max-width: 117px) 100vw, 117px\" src=\"https:\/\/www.diamantrad.com\/wp-content\/uploads\/2025\/02\/icon-garantie.svg\" alt=\"Icon Garantie\" class=\"wp-image-36234\" style=\"object-fit:cover;width:100px;height:100px\"\/><\/figure>\n<\/div>\n\n\n<h3 class=\"wp-block-heading has-text-align-center\">Plus de 40 ans de garantie<\/h3>\n\n\n\n<p class=\"has-text-align-center wp-block-paragraph\">Ton cadre doit durer toute ta vie &#8211; tout comme un diamant. Nous te souhaitons une longue vie.<\/p>\n\n\t<\/div>\n\n<\/div>\n\n<\/div>\r\n      <\/div>\r\n    <\/div>\r\n  <\/div>\r\n<\/div><\/div>\n\n\n<p class=\"wp-block-paragraph\"><\/p>\n","protected":false},"excerpt":{"rendered":"","protected":false},"author":3,"featured_media":0,"parent":0,"menu_order":0,"comment_status":"closed","ping_status":"closed","template":"","meta":{"_acf_changed":false,"_crdt_document":"","slim_seo":{"title":"Diamant - Des v\u00e9los tout simplement tr\u00e8s performants.","description":"D\u00e9couvrez pourquoi Diamant a d\u00e9fendu la qualit\u00e9 et la passion depuis 1885 : innovation, tradition et design unis dans chaque moto. Sans risque. D\u00e9couvrez Diamond d\u00e8s maintenant."},"footnotes":""},"class_list":["post-58018","page","type-page","status-publish","hentry"],"acf":[],"_links":{"self":[{"href":"https:\/\/www.diamantrad.com\/en-GB\/wp-json\/wp\/v2\/pages\/58018","targetHints":{"allow":["GET"]}}],"collection":[{"href":"https:\/\/www.diamantrad.com\/en-GB\/wp-json\/wp\/v2\/pages"}],"about":[{"href":"https:\/\/www.diamantrad.com\/en-GB\/wp-json\/wp\/v2\/types\/page"}],"author":[{"embeddable":true,"href":"https:\/\/www.diamantrad.com\/en-GB\/wp-json\/wp\/v2\/users\/3"}],"replies":[{"embeddable":true,"href":"https:\/\/www.diamantrad.com\/en-GB\/wp-json\/wp\/v2\/comments?post=58018"}],"version-history":[{"count":0,"href":"https:\/\/www.diamantrad.com\/en-GB\/wp-json\/wp\/v2\/pages\/58018\/revisions"}],"wp:attachment":[{"href":"https:\/\/www.diamantrad.com\/en-GB\/wp-json\/wp\/v2\/media?parent=58018"}],"curies":[{"name":"wp","href":"https:\/\/api.w.org\/{rel}","templated":true}]}}