{"id":58157,"date":"2025-03-24T18:04:40","date_gmt":"2025-03-24T17:04:40","guid":{"rendered":"https:\/\/dev.diamantrad.com\/?page_id=58157"},"modified":"2025-03-24T18:04:40","modified_gmt":"2025-03-24T17:04:40","slug":"guide-du-velo-electrique","status":"publish","type":"page","link":"https:\/\/www.diamantrad.com\/fr-CH\/blog\/guide-du-velo-electrique\/","title":{"rendered":"Guide du v\u00e9lo \u00e9lectrique"},"content":{"rendered":"<div class=\"lazyblock-nncontainer-Z2bJS7k wp-block-lazyblock-nncontainer\"><div class=\"section-standard\">\r\n  <div class=\"container\" id=\"container-Z2bJS7k\">\r\n    <div class=\"row\">\r\n      <div class=\"col py-4 py-lg-5\">\r\n        <div class=\"lazyblock-inner-blocks\">\n                \r\n                <div class=\"blog-highlighted\">\r\n                    <div class=\"row g-5\">\r\n                        <div class=\"col-lg-6 mt-5\">\r\n                            <div class=\"entry-meta mb-4\">\r\n                                <div class=\"posted-on mb-2\">\r\n                                    <time datetime=\"2026-01-08T15:56:00+01:00\">8. Jan 2026<\/time>\r\n                                <\/div>\r\n                                <div class=\"post-categories\">\r\n                                    <a role=\"button\" href=\"\/fr-CH\/blog\/guide-du-velo-electrique\/\">Guide du v\u00e9lo \u00e9lectrique<\/a>                                <\/div>\r\n                            <\/div>\r\n                            <h2><a href=\"https:\/\/www.diamantrad.com\/fr-CH\/blog\/s-pedelec-registration-guide\/\">Raccourci vers le travail : Le guide essentiel pour l&#8217;immatriculation de votre speed pedelec en Suisse<\/a><\/h2>\r\n                            <p class=\"mb-0\">Le vent sur votre visage, le trafic dans votre r\u00e9troviseur et la puissance fluide d&#8217;un moteur de speed pedelec sous vos pieds : c&#8217;est une libert\u00e9 bien particuli\u00e8re que procure un v\u00e9lo \u00e9lectrique rapide (speed pedelec). Mais un speed pedelec doit \u00eatre immatricul\u00e9. Cela implique quelques d\u00e9marches administratives qui peuvent sembler intimidantes si l&#8217;on ne [&hellip;]<\/p>\r\n                        <\/div>\r\n                        <div class=\"col-lg-6 mt-4 mt-lg-5\">\r\n                            <a class=\"post-thumbnail\" href=\"https:\/\/www.diamantrad.com\/fr-CH\/blog\/s-pedelec-registration-guide\/\" tabindex=\"-1\">\r\n                                <figure class=\"mb-0\"><img loading=\"lazy\" decoding=\"async\" width=\"992\" height=\"662\" src=\"https:\/\/www.diamantrad.com\/wp-content\/uploads\/2026\/01\/DI_26_Suvea_Speed_Lifestyle_67I3803_72dpi-1024x683.avif\" class=\"img-fluid wp-post-image\" alt=\"Raccourci vers le travail : Le guide essentiel pour l&#8217;immatriculation de votre speed pedelec en Suisse\" srcset=\"https:\/\/www.diamantrad.com\/wp-content\/uploads\/2026\/01\/DI_26_Suvea_Speed_Lifestyle_67I3803_72dpi-1024x683.avif 1024w, https:\/\/www.diamantrad.com\/wp-content\/uploads\/2026\/01\/DI_26_Suvea_Speed_Lifestyle_67I3803_72dpi-300x200.avif 300w, https:\/\/www.diamantrad.com\/wp-content\/uploads\/2026\/01\/DI_26_Suvea_Speed_Lifestyle_67I3803_72dpi-768x512.avif 768w, https:\/\/www.diamantrad.com\/wp-content\/uploads\/2026\/01\/DI_26_Suvea_Speed_Lifestyle_67I3803_72dpi-1536x1024.avif 1536w, https:\/\/www.diamantrad.com\/wp-content\/uploads\/2026\/01\/DI_26_Suvea_Speed_Lifestyle_67I3803_72dpi.avif 1701w\" sizes=\"auto, (max-width: 992px) 100vw, 992px\" \/><\/figure>\r\n                            <\/a>\r\n                        <\/div>\r\n                    <\/div>\r\n                <\/div>\r\n\r\n                <hr \/>\r\n                <h3>Autres articles :<\/h3>\r\n                \r\n                <ul class=\"blog-filter mb-5\">\r\n                    <span>Filter<\/span>\r\n                    <li class=\"blog-filter-item blog-cat-all\">\r\n                        <a href=\"\/fr-CH\/blog\/\">Tous<\/a>\r\n                    <\/li>\r\n                    <li class=\"blog-filter-item blog-cat-guide-du-velo\"><a href=\"\/fr-CH\/blog\/guide-du-velo\/\">Guide du v\u00e9lo<\/a><\/li><li class=\"blog-filter-item blog-cat-guide-du-velo-electrique active\"><a href=\"\/fr-CH\/blog\/guide-du-velo-electrique\/\">Guide du v\u00e9lo \u00e9lectrique<\/a><\/li><li class=\"blog-filter-item blog-cat-histoire\"><a href=\"\/fr-CH\/blog\/histoire\/\">Histoire<\/a><\/li><li class=\"blog-filter-item blog-cat-news\"><a href=\"\/fr-CH\/blog\/news\/\">News<\/a><\/li><li class=\"blog-filter-item blog-cat-s-pedelec\"><a href=\"\/fr-CH\/blog\/s-pedelec\/\">S-Pedelec<\/a><\/li><li class=\"blog-filter-item blog-cat-stories\"><a href=\"\/fr-CH\/blog\/stories\/\">Stories<\/a><\/li><li class=\"blog-filter-item blog-cat-tech\"><a href=\"\/fr-CH\/blog\/tech\/\">Tech<\/a><\/li>                <\/ul>\r\n\r\n                    <ul class=\"blog-loop\">\r\n                            <li class=\"blog-loop-item mb-0\">\r\n                    <a class=\"post-thumbnail\" href=\"https:\/\/www.diamantrad.com\/fr-CH\/blog\/e-bike-battery-manufacturing-and-sustainability\/\" tabindex=\"-1\">\r\n                        <figure class=\"mb-3\"><img loading=\"lazy\" decoding=\"async\" width=\"992\" height=\"662\" src=\"https:\/\/www.diamantrad.com\/wp-content\/uploads\/2022\/11\/22DIA_Life_OpalTRA_300dpi_67I9619-1024x683.avif\" class=\"img-fluid wp-post-image\" alt=\"Batteries de v\u00e9lo \u00e9lectrique\u202f: dans quelle mesure sont-elles durables\u202f?\u00a0\" srcset=\"https:\/\/www.diamantrad.com\/wp-content\/uploads\/2022\/11\/22DIA_Life_OpalTRA_300dpi_67I9619-1024x683.avif 1024w, https:\/\/www.diamantrad.com\/wp-content\/uploads\/2022\/11\/22DIA_Life_OpalTRA_300dpi_67I9619-300x200.avif 300w, https:\/\/www.diamantrad.com\/wp-content\/uploads\/2022\/11\/22DIA_Life_OpalTRA_300dpi_67I9619-768x512.avif 768w, https:\/\/www.diamantrad.com\/wp-content\/uploads\/2022\/11\/22DIA_Life_OpalTRA_300dpi_67I9619-1536x1024.avif 1536w, https:\/\/www.diamantrad.com\/wp-content\/uploads\/2022\/11\/22DIA_Life_OpalTRA_300dpi_67I9619-2048x1365.avif 2048w\" sizes=\"auto, (max-width: 992px) 100vw, 992px\" \/><\/figure>\r\n                    <\/a>\r\n                    <div class=\"blog-loop-content\">\r\n                        <div class=\"entry-meta mb-3\">\r\n                            <div class=\"posted-on mb-2\">\r\n                                <time datetime=\"2025-03-25T21:52:58+01:00\">25. Mar 2025<\/time>\r\n                            <\/div>\r\n                            <div class=\"post-categories\">\r\n                                <a role=\"button\" href=\"\/fr-CH\/blog\/guide-du-velo-electrique\/\">Guide du v\u00e9lo \u00e9lectrique<\/a>                            <\/div>\r\n                        <\/div>\r\n                        <h4><a href=\"https:\/\/www.diamantrad.com\/fr-CH\/blog\/e-bike-battery-manufacturing-and-sustainability\/\">Batteries de v\u00e9lo \u00e9lectrique\u202f: dans quelle mesure sont-elles durables\u202f?\u00a0<\/a><\/h4>\r\n                    <\/div>\r\n                <\/li>\r\n                            <li class=\"blog-loop-item mb-0\">\r\n                    <a class=\"post-thumbnail\" href=\"https:\/\/www.diamantrad.com\/fr-CH\/blog\/e-bike-battery-service-life\/\" tabindex=\"-1\">\r\n                        <figure class=\"mb-3\"><img loading=\"lazy\" decoding=\"async\" width=\"992\" height=\"662\" src=\"https:\/\/www.diamantrad.com\/wp-content\/uploads\/2022\/10\/Diamant_Zing_MID_300dpi_67I2692-1-1024x683.avif\" class=\"img-fluid wp-post-image\" alt=\"Combien de temps dure une batterie de v\u00e9lo \u00e9lectrique\u202f?\u00a0\" srcset=\"https:\/\/www.diamantrad.com\/wp-content\/uploads\/2022\/10\/Diamant_Zing_MID_300dpi_67I2692-1-1024x683.avif 1024w, https:\/\/www.diamantrad.com\/wp-content\/uploads\/2022\/10\/Diamant_Zing_MID_300dpi_67I2692-1-300x200.avif 300w, https:\/\/www.diamantrad.com\/wp-content\/uploads\/2022\/10\/Diamant_Zing_MID_300dpi_67I2692-1-768x512.avif 768w, https:\/\/www.diamantrad.com\/wp-content\/uploads\/2022\/10\/Diamant_Zing_MID_300dpi_67I2692-1-1536x1024.avif 1536w, https:\/\/www.diamantrad.com\/wp-content\/uploads\/2022\/10\/Diamant_Zing_MID_300dpi_67I2692-1-2048x1365.avif 2048w\" sizes=\"auto, (max-width: 992px) 100vw, 992px\" \/><\/figure>\r\n                    <\/a>\r\n                    <div class=\"blog-loop-content\">\r\n                        <div class=\"entry-meta mb-3\">\r\n                            <div class=\"posted-on mb-2\">\r\n                                <time datetime=\"2025-03-25T21:43:50+01:00\">25. Mar 2025<\/time>\r\n                            <\/div>\r\n                            <div class=\"post-categories\">\r\n                                <a role=\"button\" href=\"\/fr-CH\/blog\/guide-du-velo-electrique\/\">Guide du v\u00e9lo \u00e9lectrique<\/a>                            <\/div>\r\n                        <\/div>\r\n                        <h4><a href=\"https:\/\/www.diamantrad.com\/fr-CH\/blog\/e-bike-battery-service-life\/\">Combien de temps dure une batterie de v\u00e9lo \u00e9lectrique\u202f?\u00a0<\/a><\/h4>\r\n                    <\/div>\r\n                <\/li>\r\n                            <li class=\"blog-loop-item mb-0\">\r\n                    <a class=\"post-thumbnail\" href=\"https:\/\/www.diamantrad.com\/fr-CH\/blog\/e-bike-battery-charge\/\" tabindex=\"-1\">\r\n                        <figure class=\"mb-3\"><img loading=\"lazy\" decoding=\"async\" width=\"992\" height=\"662\" src=\"https:\/\/www.diamantrad.com\/wp-content\/uploads\/2022\/10\/23DIA_Life_365_300dpi_Z2A1648-1024x683.avif\" class=\"img-fluid wp-post-image\" alt=\"Conseils pour bien charger sa batterie de v\u00e9lo \u00e9lectrique\u00a0\" srcset=\"https:\/\/www.diamantrad.com\/wp-content\/uploads\/2022\/10\/23DIA_Life_365_300dpi_Z2A1648-1024x683.avif 1024w, https:\/\/www.diamantrad.com\/wp-content\/uploads\/2022\/10\/23DIA_Life_365_300dpi_Z2A1648-300x200.avif 300w, https:\/\/www.diamantrad.com\/wp-content\/uploads\/2022\/10\/23DIA_Life_365_300dpi_Z2A1648-768x512.avif 768w, https:\/\/www.diamantrad.com\/wp-content\/uploads\/2022\/10\/23DIA_Life_365_300dpi_Z2A1648-1536x1024.avif 1536w, https:\/\/www.diamantrad.com\/wp-content\/uploads\/2022\/10\/23DIA_Life_365_300dpi_Z2A1648-2048x1366.avif 2048w\" sizes=\"auto, (max-width: 992px) 100vw, 992px\" \/><\/figure>\r\n                    <\/a>\r\n                    <div class=\"blog-loop-content\">\r\n                        <div class=\"entry-meta mb-3\">\r\n                            <div class=\"posted-on mb-2\">\r\n                                <time datetime=\"2025-03-25T21:34:42+01:00\">25. Mar 2025<\/time>\r\n                            <\/div>\r\n                            <div class=\"post-categories\">\r\n                                <a role=\"button\" href=\"\/fr-CH\/blog\/guide-du-velo-electrique\/\">Guide du v\u00e9lo \u00e9lectrique<\/a>                            <\/div>\r\n                        <\/div>\r\n                        <h4><a href=\"https:\/\/www.diamantrad.com\/fr-CH\/blog\/e-bike-battery-charge\/\">Conseils pour bien charger sa batterie de v\u00e9lo \u00e9lectrique\u00a0<\/a><\/h4>\r\n                    <\/div>\r\n                <\/li>\r\n                            <li class=\"blog-loop-item mb-0\">\r\n                    <a class=\"post-thumbnail\" href=\"https:\/\/www.diamantrad.com\/fr-CH\/blog\/e-bike-battery-care\/\" tabindex=\"-1\">\r\n                        <figure class=\"mb-3\"><img loading=\"lazy\" decoding=\"async\" width=\"992\" height=\"662\" src=\"https:\/\/www.diamantrad.com\/wp-content\/uploads\/2022\/10\/DI_24_Zing_Trip_Lifestyle_67I0184_300dpi-1024x683.avif\" class=\"img-fluid wp-post-image\" alt=\"Bien entreposer et entretenir sa batterie de v\u00e9lo \u00e9lectrique\u00a0\" srcset=\"https:\/\/www.diamantrad.com\/wp-content\/uploads\/2022\/10\/DI_24_Zing_Trip_Lifestyle_67I0184_300dpi-1024x683.avif 1024w, https:\/\/www.diamantrad.com\/wp-content\/uploads\/2022\/10\/DI_24_Zing_Trip_Lifestyle_67I0184_300dpi-300x200.avif 300w, https:\/\/www.diamantrad.com\/wp-content\/uploads\/2022\/10\/DI_24_Zing_Trip_Lifestyle_67I0184_300dpi-768x512.avif 768w, https:\/\/www.diamantrad.com\/wp-content\/uploads\/2022\/10\/DI_24_Zing_Trip_Lifestyle_67I0184_300dpi-1536x1024.avif 1536w, https:\/\/www.diamantrad.com\/wp-content\/uploads\/2022\/10\/DI_24_Zing_Trip_Lifestyle_67I0184_300dpi-2048x1365.avif 2048w\" sizes=\"auto, (max-width: 992px) 100vw, 992px\" \/><\/figure>\r\n                    <\/a>\r\n                    <div class=\"blog-loop-content\">\r\n                        <div class=\"entry-meta mb-3\">\r\n                            <div class=\"posted-on mb-2\">\r\n                                <time datetime=\"2025-03-25T21:07:30+01:00\">25. Mar 2025<\/time>\r\n                            <\/div>\r\n                            <div class=\"post-categories\">\r\n                                <a role=\"button\" href=\"\/fr-CH\/blog\/guide-du-velo-electrique\/\">Guide du v\u00e9lo \u00e9lectrique<\/a>                            <\/div>\r\n                        <\/div>\r\n                        <h4><a href=\"https:\/\/www.diamantrad.com\/fr-CH\/blog\/e-bike-battery-care\/\">Bien entreposer et entretenir sa batterie de v\u00e9lo \u00e9lectrique\u00a0<\/a><\/h4>\r\n                    <\/div>\r\n                <\/li>\r\n                            <li class=\"blog-loop-item mb-0\">\r\n                    <a class=\"post-thumbnail\" href=\"https:\/\/www.diamantrad.com\/fr-CH\/blog\/e-bike-battery-safety\/\" tabindex=\"-1\">\r\n                        <figure class=\"mb-3\"><img loading=\"lazy\" decoding=\"async\" width=\"992\" height=\"662\" src=\"https:\/\/www.diamantrad.com\/wp-content\/uploads\/2022\/10\/DI_25_Suvea_Lifestyle_67I2961_300dpi-1024x683.avif\" class=\"img-fluid not-transparent wp-post-image\" alt=\"Quel est le niveau de s\u00e9curit\u00e9 des batteries de v\u00e9lo \u00e9lectrique\u202f?\u00a0\" srcset=\"https:\/\/www.diamantrad.com\/wp-content\/uploads\/2022\/10\/DI_25_Suvea_Lifestyle_67I2961_300dpi-1024x683.avif 1024w, https:\/\/www.diamantrad.com\/wp-content\/uploads\/2022\/10\/DI_25_Suvea_Lifestyle_67I2961_300dpi-300x200.avif 300w, https:\/\/www.diamantrad.com\/wp-content\/uploads\/2022\/10\/DI_25_Suvea_Lifestyle_67I2961_300dpi-768x512.avif 768w, https:\/\/www.diamantrad.com\/wp-content\/uploads\/2022\/10\/DI_25_Suvea_Lifestyle_67I2961_300dpi-1536x1024.avif 1536w, https:\/\/www.diamantrad.com\/wp-content\/uploads\/2022\/10\/DI_25_Suvea_Lifestyle_67I2961_300dpi-2048x1365.avif 2048w\" sizes=\"auto, (max-width: 992px) 100vw, 992px\" data-has-transparency=\"false\" data-dominant-color=\"987984\" style=\"--dominant-color: #987984;\" \/><\/figure>\r\n                    <\/a>\r\n                    <div class=\"blog-loop-content\">\r\n                        <div class=\"entry-meta mb-3\">\r\n                            <div class=\"posted-on mb-2\">\r\n                                <time datetime=\"2025-03-25T20:13:37+01:00\">25. Mar 2025<\/time>\r\n                            <\/div>\r\n                            <div class=\"post-categories\">\r\n                                <a role=\"button\" href=\"\/fr-CH\/blog\/guide-du-velo-electrique\/\">Guide du v\u00e9lo \u00e9lectrique<\/a>                            <\/div>\r\n                        <\/div>\r\n                        <h4><a href=\"https:\/\/www.diamantrad.com\/fr-CH\/blog\/e-bike-battery-safety\/\">Quel est le niveau de s\u00e9curit\u00e9 des batteries de v\u00e9lo \u00e9lectrique\u202f?\u00a0<\/a><\/h4>\r\n                    <\/div>\r\n                <\/li>\r\n                            <li class=\"blog-loop-item mb-0\">\r\n                    <a class=\"post-thumbnail\" href=\"https:\/\/www.diamantrad.com\/fr-CH\/blog\/e-bike-battery-winter-care\/\" tabindex=\"-1\">\r\n                        <figure class=\"mb-3\"><img loading=\"lazy\" decoding=\"async\" width=\"992\" height=\"662\" src=\"https:\/\/www.diamantrad.com\/wp-content\/uploads\/2023\/12\/DI_25_Suvea_Lifestyle_67I6917_300dpi-1024x683.avif\" class=\"img-fluid wp-post-image\" alt=\"Entretien de votre batterie de v\u00e9lo \u00e9lectrique\u202f: conservez des performances optimales en hiver\u00a0\" srcset=\"https:\/\/www.diamantrad.com\/wp-content\/uploads\/2023\/12\/DI_25_Suvea_Lifestyle_67I6917_300dpi-1024x683.avif 1024w, https:\/\/www.diamantrad.com\/wp-content\/uploads\/2023\/12\/DI_25_Suvea_Lifestyle_67I6917_300dpi-300x200.avif 300w, https:\/\/www.diamantrad.com\/wp-content\/uploads\/2023\/12\/DI_25_Suvea_Lifestyle_67I6917_300dpi-768x512.avif 768w, https:\/\/www.diamantrad.com\/wp-content\/uploads\/2023\/12\/DI_25_Suvea_Lifestyle_67I6917_300dpi-1536x1024.avif 1536w, https:\/\/www.diamantrad.com\/wp-content\/uploads\/2023\/12\/DI_25_Suvea_Lifestyle_67I6917_300dpi-2048x1365.avif 2048w\" sizes=\"auto, (max-width: 992px) 100vw, 992px\" \/><\/figure>\r\n                    <\/a>\r\n                    <div class=\"blog-loop-content\">\r\n                        <div class=\"entry-meta mb-3\">\r\n                            <div class=\"posted-on mb-2\">\r\n                                <time datetime=\"2025-03-25T08:58:24+01:00\">25. Mar 2025<\/time>\r\n                            <\/div>\r\n                            <div class=\"post-categories\">\r\n                                <a role=\"button\" href=\"\/fr-CH\/blog\/guide-du-velo-electrique\/\">Guide du v\u00e9lo \u00e9lectrique<\/a>                            <\/div>\r\n                        <\/div>\r\n                        <h4><a href=\"https:\/\/www.diamantrad.com\/fr-CH\/blog\/e-bike-battery-winter-care\/\">Entretien de votre batterie de v\u00e9lo \u00e9lectrique\u202f: conservez des performances optimales en hiver\u00a0<\/a><\/h4>\r\n                    <\/div>\r\n                <\/li>\r\n                    <\/ul>\r\n\r\n                    <div class=\"pagination justify-content-center mt-5\">\r\n                            <\/div>\r\n        \n\n<\/div>\r\n      <\/div>\r\n    <\/div>\r\n  <\/div>\r\n<\/div><\/div>","protected":false},"excerpt":{"rendered":"","protected":false},"author":10,"featured_media":0,"parent":57915,"menu_order":0,"comment_status":"closed","ping_status":"closed","template":"","meta":{"_acf_changed":false,"slim_seo":{"title":"Entretien de votre batterie de v\u00e9lo \u00e9lectrique","description":"Dans ce guide, nous te montrons ce \u00e0 quoi tu dois faire attention pendant la p\u00e9riode hivernale pour maintenir ton v\u00e9lo \u00e9lectrique et sa batterie dans l'\u00e9tat optimal vis\u00e9."},"footnotes":""},"class_list":["post-58157","page","type-page","status-publish","hentry"],"acf":[],"_links":{"self":[{"href":"https:\/\/www.diamantrad.com\/fr-CH\/wp-json\/wp\/v2\/pages\/58157","targetHints":{"allow":["GET"]}}],"collection":[{"href":"https:\/\/www.diamantrad.com\/fr-CH\/wp-json\/wp\/v2\/pages"}],"about":[{"href":"https:\/\/www.diamantrad.com\/fr-CH\/wp-json\/wp\/v2\/types\/page"}],"author":[{"embeddable":true,"href":"https:\/\/www.diamantrad.com\/fr-CH\/wp-json\/wp\/v2\/users\/10"}],"replies":[{"embeddable":true,"href":"https:\/\/www.diamantrad.com\/fr-CH\/wp-json\/wp\/v2\/comments?post=58157"}],"version-history":[{"count":0,"href":"https:\/\/www.diamantrad.com\/fr-CH\/wp-json\/wp\/v2\/pages\/58157\/revisions"}],"up":[{"embeddable":true,"href":"https:\/\/www.diamantrad.com\/fr-CH\/wp-json\/wp\/v2\/pages\/57915"}],"wp:attachment":[{"href":"https:\/\/www.diamantrad.com\/fr-CH\/wp-json\/wp\/v2\/media?parent=58157"}],"curies":[{"name":"wp","href":"https:\/\/api.w.org\/{rel}","templated":true}]}}