{"id":58170,"date":"2025-03-24T18:10:02","date_gmt":"2025-03-24T17:10:02","guid":{"rendered":"https:\/\/dev.diamantrad.com\/?page_id=58170"},"modified":"2025-03-24T18:10:38","modified_gmt":"2025-03-24T17:10:38","slug":"histoire","status":"publish","type":"page","link":"https:\/\/www.diamantrad.com\/fr-CH\/blog\/histoire\/","title":{"rendered":"Histoire"},"content":{"rendered":"<div class=\"lazyblock-nncontainer-Z2bJS7k wp-block-lazyblock-nncontainer\"><div class=\"section-standard\">\r\n  <div class=\"container\" id=\"container-Z2bJS7k\">\r\n    <div class=\"row\">\r\n      <div class=\"col py-4 py-lg-5\">\r\n        <div class=\"lazyblock-inner-blocks\">\n                \r\n                <div class=\"blog-highlighted\">\r\n                    <div class=\"row g-5\">\r\n                        <div class=\"col-lg-6 mt-5\">\r\n                            <div class=\"entry-meta mb-4\">\r\n                                <div class=\"posted-on mb-2\">\r\n                                    <time datetime=\"2025-03-25T20:01:52+01:00\">25. Mar 2025<\/time>\r\n                                <\/div>\r\n                                <div class=\"post-categories\">\r\n                                    <a role=\"button\" href=\"\/fr-CH\/blog\/histoire\/\">Histoire<\/a>                                <\/div>\r\n                            <\/div>\r\n                            <h2><a href=\"https:\/\/www.diamantrad.com\/fr-CH\/blog\/the-legendary-diamant-167\/\">Le l\u00e9gendaire Diamant 167<\/a><\/h2>\r\n                            <p class=\"mb-0\">Autrefois v\u00e9lo de course sur route, aujourd'hui objet culte et pi\u00e8ce de mus\u00e9e. Le Diamant mod\u00e8le 167 inspire encore aujourd'hui de nombreux amateurs de v\u00e9lo.<\/p>\r\n                        <\/div>\r\n                        <div class=\"col-lg-6 mt-4 mt-lg-5\">\r\n                            <a class=\"post-thumbnail\" href=\"https:\/\/www.diamantrad.com\/fr-CH\/blog\/the-legendary-diamant-167\/\" tabindex=\"-1\">\r\n                                <figure class=\"mb-0\"><img loading=\"lazy\" decoding=\"async\" width=\"992\" height=\"662\" src=\"https:\/\/www.diamantrad.com\/wp-content\/uploads\/2023\/09\/Blog_Diamant167_Lenker_Taeve-Schur-1024x683.png\" class=\"img-fluid has-transparency wp-post-image\" alt=\"Le l\u00e9gendaire Diamant 167\" srcset=\"https:\/\/www.diamantrad.com\/wp-content\/uploads\/2023\/09\/Blog_Diamant167_Lenker_Taeve-Schur-1024x683.png 1024w, https:\/\/www.diamantrad.com\/wp-content\/uploads\/2023\/09\/Blog_Diamant167_Lenker_Taeve-Schur-300x200.png 300w, https:\/\/www.diamantrad.com\/wp-content\/uploads\/2023\/09\/Blog_Diamant167_Lenker_Taeve-Schur-768x512.png 768w, https:\/\/www.diamantrad.com\/wp-content\/uploads\/2023\/09\/Blog_Diamant167_Lenker_Taeve-Schur-1536x1024.png 1536w, https:\/\/www.diamantrad.com\/wp-content\/uploads\/2023\/09\/Blog_Diamant167_Lenker_Taeve-Schur-png.avif 1728w\" sizes=\"auto, (max-width: 992px) 100vw, 992px\" data-has-transparency=\"true\" data-dominant-color=\"ccd4dc\" style=\"--dominant-color: #ccd4dc;\" \/><\/figure>\r\n                            <\/a>\r\n                        <\/div>\r\n                    <\/div>\r\n                <\/div>\r\n\r\n                <hr \/>\r\n                <h3>Autres articles :<\/h3>\r\n                \r\n                <ul class=\"blog-filter mb-5\">\r\n                    <span>Filter<\/span>\r\n                    <li class=\"blog-filter-item blog-cat-all\">\r\n                        <a href=\"\/fr-CH\/blog\/\">Tous<\/a>\r\n                    <\/li>\r\n                    <li class=\"blog-filter-item blog-cat-guide-du-velo\"><a href=\"\/fr-CH\/blog\/guide-du-velo\/\">Guide du v\u00e9lo<\/a><\/li><li class=\"blog-filter-item blog-cat-guide-du-velo-electrique\"><a href=\"\/fr-CH\/blog\/guide-du-velo-electrique\/\">Guide du v\u00e9lo \u00e9lectrique<\/a><\/li><li class=\"blog-filter-item blog-cat-histoire active\"><a href=\"\/fr-CH\/blog\/histoire\/\">Histoire<\/a><\/li><li class=\"blog-filter-item blog-cat-news\"><a href=\"\/fr-CH\/blog\/news\/\">News<\/a><\/li><li class=\"blog-filter-item blog-cat-s-pedelec\"><a href=\"\/fr-CH\/blog\/s-pedelec\/\">S-Pedelec<\/a><\/li><li class=\"blog-filter-item blog-cat-stories\"><a href=\"\/fr-CH\/blog\/stories\/\">Stories<\/a><\/li><li class=\"blog-filter-item blog-cat-tech\"><a href=\"\/fr-CH\/blog\/tech\/\">Tech<\/a><\/li>                <\/ul>\r\n\r\n                    <ul class=\"blog-loop\">\r\n                            <li class=\"blog-loop-item mb-0\">\r\n                    <a class=\"post-thumbnail\" href=\"https:\/\/www.diamantrad.com\/fr-CH\/blog\/road-bike-diamant-67\/\" tabindex=\"-1\">\r\n                        <figure class=\"mb-3\"><img loading=\"lazy\" decoding=\"async\" width=\"992\" height=\"610\" src=\"https:\/\/www.diamantrad.com\/wp-content\/uploads\/2023\/12\/Blog-Diamant-67-Studiobild-Sattelrohr-Emblem-1024x630.png\" class=\"img-fluid wp-post-image\" alt=\"Le Diamant 67 : Mod\u00e8le du cyclisme professionnel, deux\u00e8me du nom\" srcset=\"https:\/\/www.diamantrad.com\/wp-content\/uploads\/2023\/12\/Blog-Diamant-67-Studiobild-Sattelrohr-Emblem-1024x630.png 1024w, https:\/\/www.diamantrad.com\/wp-content\/uploads\/2023\/12\/Blog-Diamant-67-Studiobild-Sattelrohr-Emblem-300x184.png 300w, https:\/\/www.diamantrad.com\/wp-content\/uploads\/2023\/12\/Blog-Diamant-67-Studiobild-Sattelrohr-Emblem-768x472.png 768w, https:\/\/www.diamantrad.com\/wp-content\/uploads\/2023\/12\/Blog-Diamant-67-Studiobild-Sattelrohr-Emblem.png 1106w\" sizes=\"auto, (max-width: 992px) 100vw, 992px\" \/><\/figure>\r\n                    <\/a>\r\n                    <div class=\"blog-loop-content\">\r\n                        <div class=\"entry-meta mb-3\">\r\n                            <div class=\"posted-on mb-2\">\r\n                                <time datetime=\"2025-03-25T15:47:43+01:00\">25. Mar 2025<\/time>\r\n                            <\/div>\r\n                            <div class=\"post-categories\">\r\n                                <a role=\"button\" href=\"\/fr-CH\/blog\/histoire\/\">Histoire<\/a>                            <\/div>\r\n                        <\/div>\r\n                        <h4><a href=\"https:\/\/www.diamantrad.com\/fr-CH\/blog\/road-bike-diamant-67\/\">Le Diamant 67 : Mod\u00e8le du cyclisme professionnel, deux\u00e8me du nom<\/a><\/h4>\r\n                    <\/div>\r\n                <\/li>\r\n                            <li class=\"blog-loop-item mb-0\">\r\n                    <a class=\"post-thumbnail\" href=\"https:\/\/www.diamantrad.com\/fr-CH\/blog\/diamant-city-blitz\/\" tabindex=\"-1\">\r\n                        <figure class=\"mb-3\"><img loading=\"lazy\" decoding=\"async\" width=\"879\" height=\"659\" src=\"https:\/\/www.diamantrad.com\/wp-content\/uploads\/2024\/01\/Diamant_City-Blitz_Akku_Blog.avif\" class=\"img-fluid wp-post-image\" alt=\"Diamant City Blitz: Le deuxi\u00e8me v\u00e9lo \u00e9lectrique allemand\" \/><\/figure>\r\n                    <\/a>\r\n                    <div class=\"blog-loop-content\">\r\n                        <div class=\"entry-meta mb-3\">\r\n                            <div class=\"posted-on mb-2\">\r\n                                <time datetime=\"2025-03-25T15:05:07+01:00\">25. Mar 2025<\/time>\r\n                            <\/div>\r\n                            <div class=\"post-categories\">\r\n                                <a role=\"button\" href=\"\/fr-CH\/blog\/histoire\/\">Histoire<\/a>                            <\/div>\r\n                        <\/div>\r\n                        <h4><a href=\"https:\/\/www.diamantrad.com\/fr-CH\/blog\/diamant-city-blitz\/\">Diamant City Blitz: Le deuxi\u00e8me v\u00e9lo \u00e9lectrique allemand<\/a><\/h4>\r\n                    <\/div>\r\n                <\/li>\r\n                            <li class=\"blog-loop-item mb-0\">\r\n                    <a class=\"post-thumbnail\" href=\"https:\/\/www.diamantrad.com\/fr-CH\/blog\/diamant-tourensportrad\/\" tabindex=\"-1\">\r\n                        <figure class=\"mb-3\"><img loading=\"lazy\" decoding=\"async\" width=\"992\" height=\"744\" src=\"https:\/\/www.diamantrad.com\/wp-content\/uploads\/2023\/09\/Diamant-Tourensportrad-1024x768.avif\" class=\"img-fluid wp-post-image\" alt=\"La randonneuse sportive ann\u00e9es 1960 : Diamant 35 102 et 35 154\" srcset=\"https:\/\/www.diamantrad.com\/wp-content\/uploads\/2023\/09\/Diamant-Tourensportrad-1024x768.avif 1024w, https:\/\/www.diamantrad.com\/wp-content\/uploads\/2023\/09\/Diamant-Tourensportrad-300x225.avif 300w, https:\/\/www.diamantrad.com\/wp-content\/uploads\/2023\/09\/Diamant-Tourensportrad-768x576.avif 768w, https:\/\/www.diamantrad.com\/wp-content\/uploads\/2023\/09\/Diamant-Tourensportrad-1536x1152.avif 1536w, https:\/\/www.diamantrad.com\/wp-content\/uploads\/2023\/09\/Diamant-Tourensportrad-2048x1536.avif 2048w\" sizes=\"auto, (max-width: 992px) 100vw, 992px\" \/><\/figure>\r\n                    <\/a>\r\n                    <div class=\"blog-loop-content\">\r\n                        <div class=\"entry-meta mb-3\">\r\n                            <div class=\"posted-on mb-2\">\r\n                                <time datetime=\"2025-03-25T14:39:22+01:00\">25. Mar 2025<\/time>\r\n                            <\/div>\r\n                            <div class=\"post-categories\">\r\n                                <a role=\"button\" href=\"\/fr-CH\/blog\/histoire\/\">Histoire<\/a>                            <\/div>\r\n                        <\/div>\r\n                        <h4><a href=\"https:\/\/www.diamantrad.com\/fr-CH\/blog\/diamant-tourensportrad\/\">La randonneuse sportive ann\u00e9es 1960 : Diamant 35 102 et 35 154<\/a><\/h4>\r\n                    <\/div>\r\n                <\/li>\r\n                            <li class=\"blog-loop-item mb-0\">\r\n                    <a class=\"post-thumbnail\" href=\"https:\/\/www.diamantrad.com\/fr-CH\/blog\/diamant-handy-bike\/\" tabindex=\"-1\">\r\n                        <figure class=\"mb-3\"><img loading=\"lazy\" decoding=\"async\" width=\"992\" height=\"662\" src=\"https:\/\/www.diamantrad.com\/wp-content\/uploads\/2023\/11\/Diamant-Handy-Bike-Faltrad-1024x683.avif\" class=\"img-fluid not-transparent wp-post-image\" alt=\"Diamant Handy Bike: Le v\u00e9lo pliant 26 pouches qui mise sur la robustesse\" srcset=\"https:\/\/www.diamantrad.com\/wp-content\/uploads\/2023\/11\/Diamant-Handy-Bike-Faltrad-1024x683.avif 1024w, https:\/\/www.diamantrad.com\/wp-content\/uploads\/2023\/11\/Diamant-Handy-Bike-Faltrad-300x200.avif 300w, https:\/\/www.diamantrad.com\/wp-content\/uploads\/2023\/11\/Diamant-Handy-Bike-Faltrad-768x512.avif 768w, https:\/\/www.diamantrad.com\/wp-content\/uploads\/2023\/11\/Diamant-Handy-Bike-Faltrad-1536x1024.avif 1536w, https:\/\/www.diamantrad.com\/wp-content\/uploads\/2023\/11\/Diamant-Handy-Bike-Faltrad-2048x1365.avif 2048w\" sizes=\"auto, (max-width: 992px) 100vw, 992px\" data-has-transparency=\"false\" data-dominant-color=\"cd7e7a\" style=\"--dominant-color: #cd7e7a;\" \/><\/figure>\r\n                    <\/a>\r\n                    <div class=\"blog-loop-content\">\r\n                        <div class=\"entry-meta mb-3\">\r\n                            <div class=\"posted-on mb-2\">\r\n                                <time datetime=\"2025-03-25T14:14:41+01:00\">25. Mar 2025<\/time>\r\n                            <\/div>\r\n                            <div class=\"post-categories\">\r\n                                <a role=\"button\" href=\"\/fr-CH\/blog\/histoire\/\">Histoire<\/a>                            <\/div>\r\n                        <\/div>\r\n                        <h4><a href=\"https:\/\/www.diamantrad.com\/fr-CH\/blog\/diamant-handy-bike\/\">Diamant Handy Bike: Le v\u00e9lo pliant 26 pouches qui mise sur la robustesse<\/a><\/h4>\r\n                    <\/div>\r\n                <\/li>\r\n                    <\/ul>\r\n\r\n                    <div class=\"pagination justify-content-center mt-5\">\r\n                            <\/div>\r\n        \n\n<\/div>\r\n      <\/div>\r\n    <\/div>\r\n  <\/div>\r\n<\/div><\/div>","protected":false},"excerpt":{"rendered":"","protected":false},"author":10,"featured_media":0,"parent":57915,"menu_order":0,"comment_status":"closed","ping_status":"closed","template":"","meta":{"_acf_changed":false,"slim_seo":{"title":"Diamant Handy Bike: Le v\u00e9lo pliant 26 pouches qui mise sur la robustesse","description":"Dans cet article de blog, nous jetons un coup d'\u0153il sur l'\u00e8re des v\u00e9los pliants chez Diamant et te pr\u00e9sentons le Diamant Handy Bike en d\u00e9tail."},"footnotes":""},"class_list":["post-58170","page","type-page","status-publish","hentry"],"acf":[],"_links":{"self":[{"href":"https:\/\/www.diamantrad.com\/fr-CH\/wp-json\/wp\/v2\/pages\/58170","targetHints":{"allow":["GET"]}}],"collection":[{"href":"https:\/\/www.diamantrad.com\/fr-CH\/wp-json\/wp\/v2\/pages"}],"about":[{"href":"https:\/\/www.diamantrad.com\/fr-CH\/wp-json\/wp\/v2\/types\/page"}],"author":[{"embeddable":true,"href":"https:\/\/www.diamantrad.com\/fr-CH\/wp-json\/wp\/v2\/users\/10"}],"replies":[{"embeddable":true,"href":"https:\/\/www.diamantrad.com\/fr-CH\/wp-json\/wp\/v2\/comments?post=58170"}],"version-history":[{"count":0,"href":"https:\/\/www.diamantrad.com\/fr-CH\/wp-json\/wp\/v2\/pages\/58170\/revisions"}],"up":[{"embeddable":true,"href":"https:\/\/www.diamantrad.com\/fr-CH\/wp-json\/wp\/v2\/pages\/57915"}],"wp:attachment":[{"href":"https:\/\/www.diamantrad.com\/fr-CH\/wp-json\/wp\/v2\/media?parent=58170"}],"curies":[{"name":"wp","href":"https:\/\/api.w.org\/{rel}","templated":true}]}}