{"id":59550,"date":"2025-03-26T09:23:41","date_gmt":"2025-03-26T08:23:41","guid":{"rendered":"https:\/\/dev.diamantrad.com\/?page_id=59550"},"modified":"2025-03-26T11:15:10","modified_gmt":"2025-03-26T10:15:10","slug":"e-bike-battery-faq","status":"publish","type":"page","link":"https:\/\/www.diamantrad.com\/fr-CH\/blog\/e-bike-battery-faq\/","title":{"rendered":"E-Bike Akku FAQ \u00dcbersichtsseite"},"content":{"rendered":"\n<div class=\"wp-block-cover\"><img data-dominant-color=\"6b7a82\" data-has-transparency=\"false\" loading=\"lazy\" decoding=\"async\" width=\"1920\" height=\"1280\" sizes=\"auto, (max-width: 1920px) 100vw, 1920px\" class=\"wp-block-cover__image-background wp-image-55769 size-full not-transparent\" alt=\"Di 25 suvea lifestyle detail img 6520new\" src=\"https:\/\/www.diamantrad.com\/wp-content\/uploads\/2025\/03\/DI_25_Suvea_Lifestyle_Detail_IMG_6520new-png.avif\" style=\"--dominant-color: #6b7a82; object-position:73% 61%\" data-object-fit=\"cover\" data-object-position=\"73% 61%\" srcset=\"https:\/\/www.diamantrad.com\/wp-content\/uploads\/2025\/03\/DI_25_Suvea_Lifestyle_Detail_IMG_6520new-png.avif 1920w, https:\/\/www.diamantrad.com\/wp-content\/uploads\/2025\/03\/DI_25_Suvea_Lifestyle_Detail_IMG_6520new-300x200.avif 300w, https:\/\/www.diamantrad.com\/wp-content\/uploads\/2025\/03\/DI_25_Suvea_Lifestyle_Detail_IMG_6520new-1024x683.avif 1024w, https:\/\/www.diamantrad.com\/wp-content\/uploads\/2025\/03\/DI_25_Suvea_Lifestyle_Detail_IMG_6520new-768x512.avif 768w, https:\/\/www.diamantrad.com\/wp-content\/uploads\/2025\/03\/DI_25_Suvea_Lifestyle_Detail_IMG_6520new-1536x1024.avif 1536w\" \/><span aria-hidden=\"true\" class=\"wp-block-cover__background has-color-primary-hover-background-color has-background-dim-30 has-background-dim\"><\/span><div class=\"wp-block-cover__inner-container is-layout-constrained wp-block-cover-is-layout-constrained\">\n<p class=\"has-text-align-center has-large-font-size\"><\/p>\n\n\n<div class=\"lazyblock-cover-text-Z1jpkkh wp-block-lazyblock-cover-text\"><div class=\"covertext container py-5 d-flex flex-column colorscheme-light justify-content-center\" id=\"covertext-Z1jpkkh\">\r\n  <div class=\"lazyblock-inner-blocks\">\n\n<h2 class=\"wp-block-heading\">FAQ : Batteries de v\u00e9lo \u00e9lectrique<\/h2>\n\n\n\n<h3 class=\"wp-block-heading\">Tout ce qu&#8217;il faut savoir<\/h3>\n\n<\/div>\r\n<\/div><\/div><\/div><\/div>\n\n\n<div class=\"lazyblock-nncontainer-ZEzX2V wp-block-lazyblock-nncontainer\"><div class=\"section-standard\">\r\n  <div class=\"container\" id=\"container-ZEzX2V\">\r\n    <div class=\"row\">\r\n      <div class=\"col py-4 py-lg-5\">\r\n        <div class=\"lazyblock-inner-blocks\">\n\n<p>La batterie est le fournisseur d\u2019\u00e9nergie du v\u00e9lo \u00e9lectrique. \u00c9tant donn\u00e9 que les performances d\u2019un VAE en d\u00e9pendent exclusivement, un certain nombre de questions sur la batterie sont de mise avant l\u2019achat\u202f: Combien de cycles de charge sont possibles\u202f? Quelle est l\u2019autonomie d\u2019une charge\u202f? Que faut-il prendre en compte en hiver\u202f?&nbsp;<\/p>\n\n\n\n<p>Nos conseillers vous proposent une vue d\u2019ensemble de tout ce que vous devez (ou souhaitez) savoir sur votre batterie de VAE.&nbsp;<\/p>\n\n<\/div>\r\n      <\/div>\r\n    <\/div>\r\n  <\/div>\r\n<\/div><\/div>\n\n<div class=\"lazyblock-nncontainer-1aYTzF wp-block-lazyblock-nncontainer\"><div class=\"section-light\">\r\n  <div class=\"container\" id=\"container-1aYTzF\">\r\n    <div class=\"row\">\r\n      <div class=\"col py-4 py-lg-5\">\r\n        <div class=\"lazyblock-inner-blocks\">\n<div class=\"wp-bootstrap-blocks-row row\">\n\t\n\n<div class=\"col-12 col-md-6\">\n\t\t\t\n\n<figure class=\"wp-block-image size-full\"><img data-dominant-color=\"8c7b80\" data-has-transparency=\"false\" loading=\"lazy\" decoding=\"async\" width=\"2560\" height=\"1706\" sizes=\"auto, (max-width: 2560px) 100vw, 2560px\" src=\"https:\/\/www.diamantrad.com\/wp-content\/uploads\/2022\/11\/22DIA_Life_OpalTRA_300dpi_67I9619-scaled.avif\" alt=\"22dia life opal+tra\" class=\"wp-image-57805 not-transparent\" style=\"--dominant-color: #8c7b80; aspect-ratio:16\/9;object-fit:cover\" srcset=\"https:\/\/www.diamantrad.com\/wp-content\/uploads\/2022\/11\/22DIA_Life_OpalTRA_300dpi_67I9619-scaled.avif 2560w, https:\/\/www.diamantrad.com\/wp-content\/uploads\/2022\/11\/22DIA_Life_OpalTRA_300dpi_67I9619-300x200.avif 300w, https:\/\/www.diamantrad.com\/wp-content\/uploads\/2022\/11\/22DIA_Life_OpalTRA_300dpi_67I9619-1024x683.avif 1024w, https:\/\/www.diamantrad.com\/wp-content\/uploads\/2022\/11\/22DIA_Life_OpalTRA_300dpi_67I9619-768x512.avif 768w, https:\/\/www.diamantrad.com\/wp-content\/uploads\/2022\/11\/22DIA_Life_OpalTRA_300dpi_67I9619-1536x1024.avif 1536w, https:\/\/www.diamantrad.com\/wp-content\/uploads\/2022\/11\/22DIA_Life_OpalTRA_300dpi_67I9619-2048x1365.avif 2048w\" \/><\/figure>\n\n\t<\/div>\n\n\n\n<div class=\"col-12 col-md-6\">\n\t\t\t\n\n<h4 class=\"wp-block-heading\">Fabrication de batteries pour v\u00e9los \u00e9lectriques<\/h4>\n\n\n\n<p>Armin Harttig de Bosch eBike Systems explique dans une interview \u00e0 quel point une batterie de v\u00e9lo \u00e9lectrique est durable.<\/p>\n\n\n\n<div class=\"wp-block-buttons is-layout-flex wp-block-buttons-is-layout-flex\">\n<div class=\"wp-block-button\"><a role=\"button\" class=\"wp-block-button__link wp-element-button\" href=\"https:\/\/www.diamantrad.com\/blog\/e-bike-battery-manufacturing-and-sustainability\/\" target=\"_blank\" rel=\"noreferrer noopener\" aria-label=\"Opens external link in a new tab\">Lire maintenant<\/a><\/div>\n<\/div>\n\n\t<\/div>\n\n<\/div>\n\n\n<div class=\"wp-bootstrap-blocks-row row\">\n\t\n\n<div class=\"col-12 col-md-6\">\n\t\t\t\n\n<figure class=\"wp-block-image size-full\"><img data-dominant-color=\"847981\" data-has-transparency=\"false\" loading=\"lazy\" decoding=\"async\" width=\"2560\" height=\"1706\" sizes=\"auto, (max-width: 2560px) 100vw, 2560px\" src=\"https:\/\/www.diamantrad.com\/wp-content\/uploads\/2022\/10\/Diamant_Zing_MID_300dpi_67I2692-1-scaled.avif\" alt=\"Dia zing life z\u00fcrich my23 mid chc\" class=\"wp-image-57950 not-transparent\" style=\"--dominant-color: #847981; aspect-ratio:16\/9;object-fit:cover\" srcset=\"https:\/\/www.diamantrad.com\/wp-content\/uploads\/2022\/10\/Diamant_Zing_MID_300dpi_67I2692-1-scaled.avif 2560w, https:\/\/www.diamantrad.com\/wp-content\/uploads\/2022\/10\/Diamant_Zing_MID_300dpi_67I2692-1-300x200.avif 300w, https:\/\/www.diamantrad.com\/wp-content\/uploads\/2022\/10\/Diamant_Zing_MID_300dpi_67I2692-1-1024x683.avif 1024w, https:\/\/www.diamantrad.com\/wp-content\/uploads\/2022\/10\/Diamant_Zing_MID_300dpi_67I2692-1-768x512.avif 768w, https:\/\/www.diamantrad.com\/wp-content\/uploads\/2022\/10\/Diamant_Zing_MID_300dpi_67I2692-1-1536x1024.avif 1536w, https:\/\/www.diamantrad.com\/wp-content\/uploads\/2022\/10\/Diamant_Zing_MID_300dpi_67I2692-1-2048x1365.avif 2048w\" \/><\/figure>\n\n\t<\/div>\n\n\n\n<div class=\"col-12 col-md-6\">\n\t\t\t\n\n<h4 class=\"wp-block-heading\">Dur\u00e9e de vie de la batterie d&#8217;un v\u00e9lo \u00e9lectrique<\/h4>\n\n\n\n<p>Toutes les informations sur la dur\u00e9e de vie des batteries de v\u00e9los \u00e9lectriques et des conseils utiles pour les utiliser avec m\u00e9nagement.<\/p>\n\n\n\n<div class=\"wp-block-buttons is-layout-flex wp-block-buttons-is-layout-flex\">\n<div class=\"wp-block-button\"><a role=\"button\" class=\"wp-block-button__link wp-element-button\" href=\"https:\/\/www.diamantrad.com\/blog\/e-bike-battery-service-life\/\" target=\"_blank\" rel=\"noreferrer noopener\" aria-label=\"Opens external link in a new tab\">Lire maintenant<\/a><\/div>\n<\/div>\n\n\t<\/div>\n\n<\/div>\n\n\n<div class=\"wp-bootstrap-blocks-row row\">\n\t\n\n<div class=\"col-12 col-md-6\">\n\t\t\t\n\n<figure class=\"wp-block-image size-full\"><img data-dominant-color=\"6d8780\" data-has-transparency=\"false\" loading=\"lazy\" decoding=\"async\" width=\"2560\" height=\"1707\" sizes=\"auto, (max-width: 2560px) 100vw, 2560px\" src=\"https:\/\/www.diamantrad.com\/wp-content\/uploads\/2022\/10\/23DIA_Life_365_300dpi_Z2A1648-scaled.avif\" alt=\"22dia life 365 hch\" class=\"wp-image-57977 not-transparent\" style=\"--dominant-color: #6d8780; aspect-ratio:16\/9;object-fit:cover\" srcset=\"https:\/\/www.diamantrad.com\/wp-content\/uploads\/2022\/10\/23DIA_Life_365_300dpi_Z2A1648-scaled.avif 2560w, https:\/\/www.diamantrad.com\/wp-content\/uploads\/2022\/10\/23DIA_Life_365_300dpi_Z2A1648-300x200.avif 300w, https:\/\/www.diamantrad.com\/wp-content\/uploads\/2022\/10\/23DIA_Life_365_300dpi_Z2A1648-1024x683.avif 1024w, https:\/\/www.diamantrad.com\/wp-content\/uploads\/2022\/10\/23DIA_Life_365_300dpi_Z2A1648-768x512.avif 768w, https:\/\/www.diamantrad.com\/wp-content\/uploads\/2022\/10\/23DIA_Life_365_300dpi_Z2A1648-1536x1024.avif 1536w, https:\/\/www.diamantrad.com\/wp-content\/uploads\/2022\/10\/23DIA_Life_365_300dpi_Z2A1648-2048x1366.avif 2048w\" \/><\/figure>\n\n\t<\/div>\n\n\n\n<div class=\"col-12 col-md-6\">\n\t\t\t\n\n<h4 class=\"wp-block-heading\">Charger la batterie d&#8217;un v\u00e9lo \u00e9lectrique<\/h4>\n\n\n\n<p>Comment charger correctement ma batterie de v\u00e9lo \u00e9lectrique et \u00e0 quoi dois-je faire attention ? Tout ce qu&#8217;il faut savoir dans cet article.<\/p>\n\n\n\n<div class=\"wp-block-buttons is-layout-flex wp-block-buttons-is-layout-flex\">\n<div class=\"wp-block-button\"><a role=\"button\" class=\"wp-block-button__link wp-element-button\" href=\"https:\/\/www.diamantrad.com\/blog\/e-bike-battery-charge\/\" target=\"_blank\" rel=\"noreferrer noopener\" aria-label=\"Opens external link in a new tab\">Lire maintenant<\/a><\/div>\n<\/div>\n\n\t<\/div>\n\n<\/div>\n\n\n<div class=\"wp-bootstrap-blocks-row row\">\n\t\n\n<div class=\"col-12 col-md-6\">\n\t\t\t\n\n<figure class=\"wp-block-image size-full\"><img data-dominant-color=\"5f8081\" data-has-transparency=\"false\" loading=\"lazy\" decoding=\"async\" width=\"2560\" height=\"1707\" sizes=\"auto, (max-width: 2560px) 100vw, 2560px\" src=\"https:\/\/www.diamantrad.com\/wp-content\/uploads\/2022\/10\/DI_24_Zing_Trip_Lifestyle_67I0184_300dpi-scaled.avif\" alt=\"Di 24 zing trip lifestyle\" class=\"wp-image-58004 not-transparent\" style=\"--dominant-color: #5f8081; aspect-ratio:16\/9;object-fit:cover\" srcset=\"https:\/\/www.diamantrad.com\/wp-content\/uploads\/2022\/10\/DI_24_Zing_Trip_Lifestyle_67I0184_300dpi-scaled.avif 2560w, https:\/\/www.diamantrad.com\/wp-content\/uploads\/2022\/10\/DI_24_Zing_Trip_Lifestyle_67I0184_300dpi-300x200.avif 300w, https:\/\/www.diamantrad.com\/wp-content\/uploads\/2022\/10\/DI_24_Zing_Trip_Lifestyle_67I0184_300dpi-1024x683.avif 1024w, https:\/\/www.diamantrad.com\/wp-content\/uploads\/2022\/10\/DI_24_Zing_Trip_Lifestyle_67I0184_300dpi-768x512.avif 768w, https:\/\/www.diamantrad.com\/wp-content\/uploads\/2022\/10\/DI_24_Zing_Trip_Lifestyle_67I0184_300dpi-1536x1024.avif 1536w, https:\/\/www.diamantrad.com\/wp-content\/uploads\/2022\/10\/DI_24_Zing_Trip_Lifestyle_67I0184_300dpi-2048x1365.avif 2048w\" \/><\/figure>\n\n\t<\/div>\n\n\n\n<div class=\"col-12 col-md-6\">\n\t\t\t\n\n<h4 class=\"wp-block-heading\">Stocker et entretenir la batterie d&#8217;un v\u00e9lo \u00e9lectrique<\/h4>\n\n\n\n<p>Nous te donnons les conseils les plus importants pour le stockage et l&#8217;entretien de ta batterie de v\u00e9lo \u00e9lectrique.<\/p>\n\n\n\n<div class=\"wp-block-buttons is-layout-flex wp-block-buttons-is-layout-flex\">\n<div class=\"wp-block-button\"><a role=\"button\" class=\"wp-block-button__link wp-element-button\" href=\"https:\/\/www.diamantrad.com\/blog\/e-bike-battery-care\/\" target=\"_blank\" rel=\"noreferrer noopener\" aria-label=\"Opens external link in a new tab\">Lire maintenant<\/a><\/div>\n<\/div>\n\n\t<\/div>\n\n<\/div>\n\n\n<div class=\"wp-bootstrap-blocks-row row\">\n\t\n\n<div class=\"col-12 col-md-6\">\n\t\t\t\n\n<figure class=\"wp-block-image size-full\"><img data-dominant-color=\"987984\" data-has-transparency=\"false\" loading=\"lazy\" decoding=\"async\" width=\"2560\" height=\"1707\" sizes=\"auto, (max-width: 2560px) 100vw, 2560px\" src=\"https:\/\/www.diamantrad.com\/wp-content\/uploads\/2022\/10\/DI_25_Suvea_Lifestyle_67I2961_300dpi-scaled.avif\" alt=\"Di 25 suvea lifestyle\" class=\"wp-image-58053 not-transparent\" style=\"--dominant-color: #987984; aspect-ratio:16\/9;object-fit:cover\" srcset=\"https:\/\/www.diamantrad.com\/wp-content\/uploads\/2022\/10\/DI_25_Suvea_Lifestyle_67I2961_300dpi-scaled.avif 2560w, https:\/\/www.diamantrad.com\/wp-content\/uploads\/2022\/10\/DI_25_Suvea_Lifestyle_67I2961_300dpi-300x200.avif 300w, https:\/\/www.diamantrad.com\/wp-content\/uploads\/2022\/10\/DI_25_Suvea_Lifestyle_67I2961_300dpi-1024x683.avif 1024w, https:\/\/www.diamantrad.com\/wp-content\/uploads\/2022\/10\/DI_25_Suvea_Lifestyle_67I2961_300dpi-768x512.avif 768w, https:\/\/www.diamantrad.com\/wp-content\/uploads\/2022\/10\/DI_25_Suvea_Lifestyle_67I2961_300dpi-1536x1024.avif 1536w, https:\/\/www.diamantrad.com\/wp-content\/uploads\/2022\/10\/DI_25_Suvea_Lifestyle_67I2961_300dpi-2048x1365.avif 2048w\" \/><\/figure>\n\n\t<\/div>\n\n\n\n<div class=\"col-12 col-md-6\">\n\t\t\t\n\n<h4 class=\"wp-block-heading\">Les batteries de v\u00e9los \u00e9lectriques sont-elles s\u00fbres ?<\/h4>\n\n\n\n<p>Pour une utilisation s\u00fbre des batteries de v\u00e9los \u00e9lectriques, il faut tenir compte de certains points. Nos conseils pour une s\u00e9curit\u00e9 optimale.<\/p>\n\n\n\n<div class=\"wp-block-buttons is-layout-flex wp-block-buttons-is-layout-flex\">\n<div class=\"wp-block-button\"><a role=\"button\" class=\"wp-block-button__link wp-element-button\" href=\"https:\/\/www.diamantrad.com\/blog\/e-bike-battery-safety\/\" target=\"_blank\" rel=\"noreferrer noopener\" aria-label=\"Opens external link in a new tab\">Lire maintenant<\/a><\/div>\n<\/div>\n\n\t<\/div>\n\n<\/div>\n\n\n<div class=\"wp-bootstrap-blocks-row row\">\n\t\n\n<div class=\"col-12 col-md-6\">\n\t\t\t\n\n<figure class=\"wp-block-image size-full\"><img data-dominant-color=\"aa7b82\" data-has-transparency=\"false\" loading=\"lazy\" decoding=\"async\" width=\"2560\" height=\"1707\" sizes=\"auto, (max-width: 2560px) 100vw, 2560px\" src=\"https:\/\/www.diamantrad.com\/wp-content\/uploads\/2023\/12\/DI_25_Suvea_Lifestyle_67I6917_300dpi-scaled.avif\" alt=\"Di 25 suvea lifestyle\" class=\"wp-image-58092 not-transparent\" style=\"--dominant-color: #aa7b82; aspect-ratio:16\/9;object-fit:cover\" srcset=\"https:\/\/www.diamantrad.com\/wp-content\/uploads\/2023\/12\/DI_25_Suvea_Lifestyle_67I6917_300dpi-scaled.avif 2560w, https:\/\/www.diamantrad.com\/wp-content\/uploads\/2023\/12\/DI_25_Suvea_Lifestyle_67I6917_300dpi-300x200.avif 300w, https:\/\/www.diamantrad.com\/wp-content\/uploads\/2023\/12\/DI_25_Suvea_Lifestyle_67I6917_300dpi-1024x683.avif 1024w, https:\/\/www.diamantrad.com\/wp-content\/uploads\/2023\/12\/DI_25_Suvea_Lifestyle_67I6917_300dpi-768x512.avif 768w, https:\/\/www.diamantrad.com\/wp-content\/uploads\/2023\/12\/DI_25_Suvea_Lifestyle_67I6917_300dpi-1536x1024.avif 1536w, https:\/\/www.diamantrad.com\/wp-content\/uploads\/2023\/12\/DI_25_Suvea_Lifestyle_67I6917_300dpi-2048x1365.avif 2048w\" \/><\/figure>\n\n\t<\/div>\n\n\n\n<div class=\"col-12 col-md-6\">\n\t\t\t\n\n<h4 class=\"wp-block-heading\">Entretien hivernal des batteries de v\u00e9los \u00e9lectriques<\/h4>\n\n\n\n<p>Nous te r\u00e9v\u00e9lons comment maintenir ta batterie de v\u00e9lo \u00e9lectrique dans un \u00e9tat optimal pendant la p\u00e9riode hivernale, malgr\u00e9 le froid.<\/p>\n\n\n\n<div class=\"wp-block-buttons is-layout-flex wp-block-buttons-is-layout-flex\">\n<div class=\"wp-block-button\"><a role=\"button\" class=\"wp-block-button__link wp-element-button\" href=\"https:\/\/www.diamantrad.com\/de-DE\/blog\/e-bike-battery-winter-care\/\" target=\"_blank\" rel=\"noreferrer noopener\" aria-label=\"Opens external link in a new tab\">Lire maintenant<\/a><\/div>\n<\/div>\n\n\t<\/div>\n\n<\/div>\n\n<\/div>\r\n      <\/div>\r\n    <\/div>\r\n  <\/div>\r\n<\/div><\/div>\n\n<div class=\"lazyblock-nncontainer-1YlbUh wp-block-lazyblock-nncontainer\"><div class=\"section-standard\">\r\n  <div class=\"container\" id=\"container-1YlbUh\">\r\n    <div class=\"row\">\r\n      <div class=\"col py-4 py-lg-5\">\r\n        <div class=\"lazyblock-inner-blocks\">\n\n<h3 class=\"wp-block-heading\">Contexte: Les diff\u00e9rents types de batterie de v\u00e9lo<\/h3>\n\n\n\n<p>Les batteries de VAE diff\u00e8rent par leurs mat\u00e9riaux et leur position sur le v\u00e9lo.&nbsp;Il existe quatre types de batterie\u202f: lithium-ion (Li-ion), nickel-cadmium (NiCd), nickel-hydrure m\u00e9tallique (NiMH) et plomb-gel. Les plus courantes, et les seules utilis\u00e9es sur les VAE Diamant, sont les batteries lithium-ion. Ces batteries sont plus durables et plus l\u00e9g\u00e8res que les autres types. Par ailleurs, les batteries diff\u00e8rent \u00e9galement par leur position sur le v\u00e9lo\u202f:&nbsp;<\/p>\n\n\n\n<ul class=\"wp-block-list\">\n<li>Sur cadre&nbsp;<\/li>\n\n\n\n<li>Int\u00e9gr\u00e9es au cadre&nbsp;<\/li>\n\n\n\n<li>Sur porte-bagages&nbsp;<\/li>\n\n\n\n<li>Double batterie (combinaison de deux batteries)&nbsp;<\/li>\n\n\n\n<li>Range Extender (batterie auxiliaire pr\u00e9sentant la forme d\u2019un bidon)&nbsp;<\/li>\n<\/ul>\n\n\n\n<h3 class=\"wp-block-heading\">Quelle est la meilleure position pour batteries de VAE ?<\/h3>\n\n\n\n<p>Il n\u2019existe pas de \u00ab\u202fmeilleure\u202f\u00bb position pour les batteries de VAE\u202f? Sa position peut n\u00e9anmoins avoir certaines r\u00e9percussions sur le comportement de conduite.&nbsp;<\/p>\n\n\n\n<p>Les batteries sur porte-bagages sont discr\u00e8tes et se d\u00e9montent particuli\u00e8rement facilement. Par ailleurs, elles se salissent moins vite que les batteries sur cadre, leur position offrant une meilleure protection contre les \u00e9claboussures. Le poids du v\u00e9lo est cependant d\u00e9plac\u00e9 vers l\u2019arri\u00e8re.&nbsp;<\/p>\n\n\n\n<p>Beaucoup de batteries sur cadre sont mont\u00e9es sur le tube diagonal. Cela assure une position stable et une r\u00e9partition naturelle des masses. En raison de leur conception, les batteries int\u00e9gr\u00e9es au tube peuvent contribuer \u00e0 une \u00e9conomie de poids. La r\u00e9partition des masses et le centre de gravit\u00e9 abaiss\u00e9 sont d\u2019autres avantages des batteries sur cadre classiques.&nbsp;<\/p>\n\n\n\n<h3 class=\"wp-block-heading\">Instructions : Retirer la batterie d&#8217;un VAE<\/h3>\n\n\n\n<p>Pour transporter ou nettoyer une batterie de VAE, il est n\u00e9cessaire de la retirer ou la d\u00e9monter du v\u00e9lo. L\u2019op\u00e9ration diff\u00e8re l\u00e9g\u00e8rement en fonction du mod\u00e8le, mais les \u00e9tapes g\u00e9n\u00e9rales restent les m\u00eames\u202f:&nbsp;<\/p>\n\n\n\n<ul class=\"wp-block-list\">\n<li>Le cas \u00e9ch\u00e9ant, retirer le capot du cadre.&nbsp;<\/li>\n\n\n\n<li>D\u00e9verrouiller la batterie avec une cl\u00e9. La batterie descend sur la but\u00e9e de retenue.&nbsp;<\/li>\n\n\n\n<li>Selon le mod\u00e8le, faire basculer la batterie du support sup\u00e9rieur et bien la maintenir \u00e0 la main.&nbsp;<\/li>\n\n\n\n<li>Retirer la batterie du cadre.&nbsp;<\/li>\n<\/ul>\n\n\n\n<p>Les batteries sur porte-bagages se d\u00e9verrouillent \u00e9galement \u00e0 l\u2019aide d\u2019une cl\u00e9. Retirer la batterie du support. L\u2019op\u00e9ration de remontage, en ordre inverse, est aussi facile et intuitive que le d\u00e9montage. La batterie s\u2019enclenche sensiblement et perceptiblement dans son support, et est ainsi fix\u00e9e au cadre ou au VAE.&nbsp;<\/p>\n\n\n\n<p>Toutes les batteries PowerPack sont pourvues de poign\u00e9es de transport ergonomiques facilitant la manipulation. Au d\u00e9verrouillage, les batteries PowerTube ressortent d\u2019environ 2\u202fcm du cadre pour permettre une bonne pr\u00e9hension. Une but\u00e9e de retenue emp\u00eache la batterie de tomber enti\u00e8rement.&nbsp;<\/p>\n\n<\/div>\r\n      <\/div>\r\n    <\/div>\r\n  <\/div>\r\n<\/div><\/div>","protected":false},"excerpt":{"rendered":"<p>Notre grande FAQ sur les batteries de v\u00e9lo : r\u00e9ponses sur la durabilit\u00e9, l&#8217;autonomie, l&#8217;entretien et plus encore. Tout sur les batteries de v\u00e9lo \u00e9lectrique chez Diamant.<\/p>\n","protected":false},"author":8,"featured_media":55780,"parent":57915,"menu_order":0,"comment_status":"closed","ping_status":"closed","template":"","meta":{"_acf_changed":false,"slim_seo":{"title":"FAQ : Batteries de v\u00e9lo \u00e9lectrique","description":"Notre grande FAQ sur les batteries de v\u00e9lo : r\u00e9ponses sur la durabilit\u00e9, l'autonomie, l'entretien et plus encore. Tout sur les batteries de v\u00e9lo \u00e9lectrique chez Diamant."},"footnotes":""},"class_list":["post-59550","page","type-page","status-publish","has-post-thumbnail","hentry"],"acf":[],"_links":{"self":[{"href":"https:\/\/www.diamantrad.com\/fr-CH\/wp-json\/wp\/v2\/pages\/59550","targetHints":{"allow":["GET"]}}],"collection":[{"href":"https:\/\/www.diamantrad.com\/fr-CH\/wp-json\/wp\/v2\/pages"}],"about":[{"href":"https:\/\/www.diamantrad.com\/fr-CH\/wp-json\/wp\/v2\/types\/page"}],"author":[{"embeddable":true,"href":"https:\/\/www.diamantrad.com\/fr-CH\/wp-json\/wp\/v2\/users\/8"}],"replies":[{"embeddable":true,"href":"https:\/\/www.diamantrad.com\/fr-CH\/wp-json\/wp\/v2\/comments?post=59550"}],"version-history":[{"count":3,"href":"https:\/\/www.diamantrad.com\/fr-CH\/wp-json\/wp\/v2\/pages\/59550\/revisions"}],"predecessor-version":[{"id":59624,"href":"https:\/\/www.diamantrad.com\/fr-CH\/wp-json\/wp\/v2\/pages\/59550\/revisions\/59624"}],"up":[{"embeddable":true,"href":"https:\/\/www.diamantrad.com\/fr-CH\/wp-json\/wp\/v2\/pages\/57915"}],"wp:featuredmedia":[{"embeddable":true,"href":"https:\/\/www.diamantrad.com\/fr-CH\/wp-json\/wp\/v2\/media\/55780"}],"wp:attachment":[{"href":"https:\/\/www.diamantrad.com\/fr-CH\/wp-json\/wp\/v2\/media?parent=59550"}],"curies":[{"name":"wp","href":"https:\/\/api.w.org\/{rel}","templated":true}]}}