{"id":65493,"date":"2025-07-31T13:29:34","date_gmt":"2025-07-31T11:29:34","guid":{"rendered":"https:\/\/www.diamantrad.com\/?page_id=65493"},"modified":"2025-07-31T13:29:35","modified_gmt":"2025-07-31T11:29:35","slug":"accessibility-declaration","status":"publish","type":"page","link":"https:\/\/www.diamantrad.com\/fr-CH\/accessibility-declaration\/","title":{"rendered":"Accessibility Declaration"},"content":{"rendered":"<div class=\"lazyblock-nncontainer-2ihDCF wp-block-lazyblock-nncontainer\"><div class=\"section-secondary\">\r\n  <div class=\"container\" id=\"container-2ihDCF\">\r\n    <div class=\"row\">\r\n      <div class=\"col py-4 py-lg-5\">\r\n        <div class=\"lazyblock-inner-blocks\">\n<div class=\"lazyblock-cover-text-1uAVHE wp-block-lazyblock-cover-text\"><div class=\"covertext container py-5 d-flex flex-column colorscheme-light justify-content-center\" id=\"covertext-1uAVHE\">\r\n  <div class=\"lazyblock-inner-blocks\">\n\n<h2 class=\"wp-block-heading\">D\u00e9claration d&#8217;accessibilit\u00e9<\/h2>\n\n<\/div>\r\n<\/div><\/div>\n<\/div>\r\n      <\/div>\r\n    <\/div>\r\n  <\/div>\r\n<\/div><\/div>\n\n<div class=\"lazyblock-nncontainer-29EIGH pb-4 wp-block-lazyblock-nncontainer\"><div class=\"section-standard\">\r\n  <div class=\"container\" id=\"container-29EIGH\">\r\n    <div class=\"row\">\r\n      <div class=\"col py-4 py-lg-5\">\r\n        <div class=\"lazyblock-inner-blocks\">\n\n<p class=\"pb-4\"><strong>Statut de la pr\u00e9sente d\u00e9claration&nbsp;:<\/strong> 30 juin 2025<br><strong>S&#8217;applique \u00e0&nbsp;:<\/strong> La pr\u00e9sente d\u00e9claration s\u2019applique au site web accessible \u00e0 l&#8217;adresse www.diamantrad.com<a href=\"http:\/\/www.diamantrad.com\"><\/a> et \u00e0 ses fonctions.<\/p>\n\n\n\n<h2 class=\"wp-block-heading pt-4\">1. Engagement envers l&#8217;accessibilit\u00e9<\/h2>\n\n\n\n<p>Nous nous engageons \u00e0 rendre notre site web et nos services num\u00e9riques accessibles conform\u00e9ment aux exigences de la loi sur l&#8217;am\u00e9lioration de l&#8217;accessibilit\u00e9 (BFSG) et \u00e0 la norme europ\u00e9enne EN&nbsp;301&nbsp;549.<br>Notre objectif est de garantir le m\u00eame acc\u00e8s \u00e0 nos services \u00e0 toutes les personnes qui utilisent notre site Web, quelles que soient leurs capacit\u00e9s. Vous devriez \u00eatre en mesure de :<\/p>\n\n\n\n<ul class=\"wp-block-list\">\n<li>Zoomer jusqu&#8217;\u00e0 400&nbsp;% de la taille d&#8217;origine sans limiter la convivialit\u00e9 du contenu, y compris l&#8217;augmentation de l&#8217;espacement.<\/li>\n\n\n\n<li>Naviguer facilement et logiquement (avec un focus clavier visible) en utilisant uniquement le clavier, sans souris ni autre dispositif de pointage.<\/li>\n\n\n\n<li>Acc\u00e9der \u00e0 l&#8217;ensemble du contenu d&#8217;au moins deux mani\u00e8res diff\u00e9rentes (par exemple, navigation, recherche, plan du site).<\/li>\n\n\n\n<li>Comprendre l&#8217;objectif de chaque page gr\u00e2ce \u00e0 des titres pertinents.<\/li>\n\n\n\n<li>Utiliser le contenu \u00e0 l&#8217;aide de la commande vocale, du mode contraste \u00e9lev\u00e9, d&#8217;un smartphone ou d&#8217;autres appareils alternatifs, quelle que soit l&#8217;orientation de l&#8217;\u00e9cran.<\/li>\n\n\n\n<li>Reconna\u00eetre le nom, le r\u00f4le et le statut des widgets tiers int\u00e9gr\u00e9s de mani\u00e8re accessible.<\/li>\n<\/ul>\n\n\n\n<h2 class=\"wp-block-heading\">2. Statut de conformit\u00e9<\/h2>\n\n\n\n<p>Le site web est partiellement conforme aux exigences de la norme EN&nbsp;301&nbsp;549.<br>Cette \u00e9valuation repose sur&nbsp;:<\/p>\n\n\n\n<ul class=\"wp-block-list\">\n<li>Une \u00e9valuation interne bas\u00e9e sur les crit\u00e8res de la norme EN&nbsp;301&nbsp;549:2021<\/li>\n\n\n\n<li>Un examen technique des fonctionnalit\u00e9s cl\u00e9s en mai 2025<\/li>\n<\/ul>\n\n\n\n<h2 class=\"wp-block-heading\">3. Mesures visant \u00e0 am\u00e9liorer l&#8217;accessibilit\u00e9<\/h2>\n\n\n\n<p>Afin de renforcer l&#8217;accessibilit\u00e9, nous prenons diverses mesures&nbsp;:<\/p>\n\n\n\n<ul class=\"wp-block-list\">\n<li>Chaque mise \u00e0 jour du site web doit \u00eatre au moins aussi accessible qu&#8217;auparavant.<\/li>\n\n\n\n<li>Nous \u00e9valuons r\u00e9guli\u00e8rement l&#8217;\u00e9tat du site web et r\u00e9pondons aux nouveaux d\u00e9veloppements et aux nouvelles exigences.<\/li>\n\n\n\n<li>Nous assurons la formation continue de toutes les personnes impliqu\u00e9es dans le site web.<\/li>\n<\/ul>\n\n\n\n<h2 class=\"wp-block-heading\">4. Normes techniques<\/h2>\n\n\n\n<p>Ce site web a \u00e9t\u00e9 d\u00e9velopp\u00e9 en tenant compte des normes suivantes&nbsp;:<\/p>\n\n\n\n<ul class=\"wp-block-list\">\n<li>HTML5, r\u00f4les ARIA et structures de rep\u00e8res<\/li>\n\n\n\n<li>Contraste des couleurs et autres mesures visant \u00e0 r\u00e9duire les obstacles conform\u00e9ment aux WCAG 2.1 AA<\/li>\n\n\n\n<li>Conception r\u00e9active pour les appareils mobiles<\/li>\n\n\n\n<li>Compatibilit\u00e9 avec les lecteurs d&#8217;\u00e9cran (test\u00e9 avec NVDA et VoiceOver)<\/li>\n<\/ul>\n\n\n\n<p>L&#8217;accessibilit\u00e9 est d\u00e9finie en trois niveaux : A, AA et AAA. Nous visons le niveau AA et avons partiellement atteint cet objectif.<\/p>\n\n\n\n<h2 class=\"wp-block-heading\">5. Contenu non accessible<\/h2>\n\n\n\n<p>Les contenus et sections suivants ne sont actuellement pas enti\u00e8rement accessibles :<\/p>\n\n\n\n<ul class=\"wp-block-list\">\n<li>Les documents PDF plus anciens sont partiellement inaccessibles.<\/li>\n\n\n\n<li>Certaines images et certains graphiques ne disposent pas d&#8217;un texte alternatif significatif ou d&#8217;un contraste suffisant.<\/li>\n\n\n\n<li>La navigation au clavier est limit\u00e9e dans certaines zones (par exemple, les fonctions de filtrage).<\/li>\n\n\n\n<li>Tous les titres ne sont pas enti\u00e8rement accessibles en termes de contenu, ce qui affecte particuli\u00e8rement les titres des blogs.<\/li>\n\n\n\n<li>De nombreux textes utilisent un langage complexe, incluant parfois des jeux de mots et de l&#8217;ironie.<\/li>\n\n\n\n<li>La plupart des vid\u00e9os int\u00e9gr\u00e9es ne disposent pas de descriptions audio ou de versions alternatives en langue des signes.<\/li>\n\n\n\n<li>Les graphiques anim\u00e9s ne peuvent pas tous \u00eatre mis en pause ou masqu\u00e9s.<\/li>\n\n\n\n<li>Certains contenus int\u00e9gr\u00e9s (par exemple, le lecteur de podcast) ne sont pas accessibles via le clavier.<\/li>\n\n\n\n<li>Certaines pages ont un contenu multilingue, ce qui peut causer des probl\u00e8mes avec les lecteurs d&#8217;\u00e9cran.<\/li>\n<\/ul>\n\n\n\n<p>Nous travaillons en permanence \u00e0 l&#8217;am\u00e9lioration de ces probl\u00e8mes. Lorsque des contenus plus anciens pr\u00e9sentant de tels probl\u00e8mes seront mis \u00e0 jour, les \u00e9l\u00e9ments probl\u00e9matiques seront rendus accessibles. Toutefois, nous pouvons nous en abstenir si cela n\u00e9cessite un effort disproportionn\u00e9, par exemple dans le cas de fichiers PDF ou de vid\u00e9os plus anciens.<\/p>\n\n\n\n<h2 class=\"wp-block-heading\">6. Commentaires et contact<\/h2>\n\n\n\n<p>Si vous rencontrez des obstacles sur notre site Web ou si vous avez besoin d&#8217;aide pour acc\u00e9der au contenu, veuillez nous contacter :<\/p>\n\n\n\n<p><strong>E-mail&nbsp;:<\/strong> info@diamantrad.com<br><strong>T\u00e9l\u00e9phone&nbsp;:<\/strong> +49&nbsp;3722&nbsp;4057<br><strong>Adresse postale&nbsp;:<\/strong><br>Diamant Fahrradwerke GmbH<br>Sch\u00f6naicher Strasse&nbsp;1<br>09232 Hartmannsdorf<\/p>\n\n\n\n<p>Nous nous efforcerons de vous r\u00e9pondre dans les 10 jours ouvrables suivant la r\u00e9ception de votre message.<\/p>\n\n\n\n<h2 class=\"wp-block-heading\">7. Proc\u00e9dure d\u2019ex\u00e9cution<\/h2>\n\n\n\n<p>Pour le secteur priv\u00e9 (par exemple, les entreprises), l&#8217;organisme charg\u00e9 de l&#8217;application de la loi BFSG est en cours de cr\u00e9ation ou d&#8217;organisation par les autorit\u00e9s de surveillance du march\u00e9 des \u00c9tats f\u00e9d\u00e9raux allemands.<\/p>\n\n\n\n<p>Si vous ne recevez pas de r\u00e9ponse satisfaisante \u00e0 votre demande d&#8217;accessibilit\u00e9, vous pouvez contacter l&#8217;autorit\u00e9 publique comp\u00e9tente. Pour l&#8217;\u00c9tat de Saxe, veuillez utiliser le lien suivant :<br><a href=\"https:\/\/www.durchsetzungsstelle.sachsen.de\">https:\/\/www.durchsetzungsstelle.sachsen.de<\/a><\/p>\n\n<\/div>\r\n      <\/div>\r\n    <\/div>\r\n  <\/div>\r\n<\/div><\/div>","protected":false},"excerpt":{"rendered":"","protected":false},"author":3,"featured_media":0,"parent":0,"menu_order":0,"comment_status":"closed","ping_status":"closed","template":"","meta":{"_acf_changed":false,"slim_seo":{"title":"D\u00e9claration d'accessibilit\u00e9 - Diamant","description":"\u00c9tat des lieux et mesures visant \u00e0 am\u00e9liorer l\u2019accessibilit\u00e9 du site web Diamant pour les personnes handicap\u00e9es"},"footnotes":""},"class_list":["post-65493","page","type-page","status-publish","hentry"],"acf":[],"_links":{"self":[{"href":"https:\/\/www.diamantrad.com\/fr-CH\/wp-json\/wp\/v2\/pages\/65493","targetHints":{"allow":["GET"]}}],"collection":[{"href":"https:\/\/www.diamantrad.com\/fr-CH\/wp-json\/wp\/v2\/pages"}],"about":[{"href":"https:\/\/www.diamantrad.com\/fr-CH\/wp-json\/wp\/v2\/types\/page"}],"author":[{"embeddable":true,"href":"https:\/\/www.diamantrad.com\/fr-CH\/wp-json\/wp\/v2\/users\/3"}],"replies":[{"embeddable":true,"href":"https:\/\/www.diamantrad.com\/fr-CH\/wp-json\/wp\/v2\/comments?post=65493"}],"version-history":[{"count":1,"href":"https:\/\/www.diamantrad.com\/fr-CH\/wp-json\/wp\/v2\/pages\/65493\/revisions"}],"predecessor-version":[{"id":65494,"href":"https:\/\/www.diamantrad.com\/fr-CH\/wp-json\/wp\/v2\/pages\/65493\/revisions\/65494"}],"wp:attachment":[{"href":"https:\/\/www.diamantrad.com\/fr-CH\/wp-json\/wp\/v2\/media?parent=65493"}],"curies":[{"name":"wp","href":"https:\/\/api.w.org\/{rel}","templated":true}]}}