{"id":57918,"date":"2025-06-05T12:15:42","date_gmt":"2025-06-05T10:15:42","guid":{"rendered":"https:\/\/dev.diamantrad.com\/?page_id=57918"},"modified":"2025-06-05T12:15:42","modified_gmt":"2025-06-05T10:15:42","slug":"blog","status":"publish","type":"page","link":"https:\/\/www.diamantrad.com\/fr-FR\/blog\/","title":{"rendered":"Blog"},"content":{"rendered":"<div class=\"lazyblock-nncontainer-Z2bJS7k wp-block-lazyblock-nncontainer\"><div class=\"section-standard\">\r\n  <div class=\"container\" id=\"container-Z2bJS7k\">\r\n    <div class=\"row\">\r\n      <div class=\"col py-4 py-lg-5\">\r\n        <div class=\"lazyblock-inner-blocks\">\n                \r\n                <div class=\"blog-highlighted\">\r\n                    <div class=\"row g-5\">\r\n                        <div class=\"col-lg-6 mt-5\">\r\n                            <div class=\"entry-meta mb-4\">\r\n                                <div class=\"posted-on mb-2\">\r\n                                    <time datetime=\"2026-01-28T11:14:32+01:00\">28 janvier 2026<\/time>\r\n                                <\/div>\r\n                                <div class=\"post-categories\">\r\n                                    <a role=\"button\" href=\"\/fr-FR\/blog\/e-bike-ratgeber\/\">E-Bike Ratgeber<\/a><a role=\"button\" href=\"\/fr-FR\/blog\/s-pedelec\/\">S-Pedelec<\/a>                                <\/div>\r\n                            <\/div>\r\n                            <h2><a href=\"https:\/\/www.diamantrad.com\/fr-FR\/blog\/bosch-speed-pedelec\/\">France: Moteur central ou arri\u00e8re ? Le match pour votre Speed Pedelec<\/a><\/h2>\r\n                            <p class=\"mb-0\">Pourquoi le moteur Bosch 100 Nm du Suvea Speed surpasse le moteur moyeu arri\u00e8re ? D\u00e9couvrez le comparatif technique pour les v\u00e9lotafeurs fran\u00e7ais.<\/p>\r\n                        <\/div>\r\n                        <div class=\"col-lg-6 mt-4 mt-lg-5\">\r\n                            <a class=\"post-thumbnail\" href=\"https:\/\/www.diamantrad.com\/fr-FR\/blog\/bosch-speed-pedelec\/\" tabindex=\"-1\">\r\n                                <figure class=\"mb-0\"><img loading=\"lazy\" decoding=\"async\" width=\"992\" height=\"662\" src=\"https:\/\/www.diamantrad.com\/wp-content\/uploads\/2026\/01\/DI_26_Suvea_Speed_Lifestyle_67I9620_72dpi-1024x683.avif\" class=\"img-fluid wp-post-image\" alt=\"France: Moteur central ou arri\u00e8re ? Le match pour votre Speed Pedelec\" srcset=\"https:\/\/www.diamantrad.com\/wp-content\/uploads\/2026\/01\/DI_26_Suvea_Speed_Lifestyle_67I9620_72dpi-1024x683.avif 1024w, https:\/\/www.diamantrad.com\/wp-content\/uploads\/2026\/01\/DI_26_Suvea_Speed_Lifestyle_67I9620_72dpi-300x200.avif 300w, https:\/\/www.diamantrad.com\/wp-content\/uploads\/2026\/01\/DI_26_Suvea_Speed_Lifestyle_67I9620_72dpi-768x512.avif 768w, https:\/\/www.diamantrad.com\/wp-content\/uploads\/2026\/01\/DI_26_Suvea_Speed_Lifestyle_67I9620_72dpi-1536x1024.avif 1536w, https:\/\/www.diamantrad.com\/wp-content\/uploads\/2026\/01\/DI_26_Suvea_Speed_Lifestyle_67I9620_72dpi.avif 1701w\" sizes=\"auto, (max-width: 992px) 100vw, 992px\" \/><\/figure>\r\n                            <\/a>\r\n                        <\/div>\r\n                    <\/div>\r\n                <\/div>\r\n\r\n                <hr \/>\r\n                <h3>Autres articles :<\/h3>\r\n                \r\n                <ul class=\"blog-filter mb-5\">\r\n                    <span>Filter<\/span>\r\n                    <li class=\"blog-filter-item blog-cat-all\">\r\n                        <a href=\"\/fr-FR\/blog\/\">Tous<\/a>\r\n                    <\/li>\r\n                    <li class=\"blog-filter-item blog-cat-guide-du-velo\"><a href=\"\/fr-FR\/blog\/guide-du-velo\/\">Guide du v\u00e9lo<\/a><\/li><li class=\"blog-filter-item blog-cat-guide-du-velo-electrique\"><a href=\"\/fr-FR\/blog\/guide-du-velo-electrique\/\">Guide du v\u00e9lo \u00e9lectrique<\/a><\/li><li class=\"blog-filter-item blog-cat-histoire\"><a href=\"\/fr-FR\/blog\/histoire\/\">Histoire<\/a><\/li><li class=\"blog-filter-item blog-cat-news\"><a href=\"\/fr-FR\/blog\/news\/\">News<\/a><\/li><li class=\"blog-filter-item blog-cat-s-pedelec\"><a href=\"\/fr-FR\/blog\/s-pedelec\/\">S-Pedelec<\/a><\/li><li class=\"blog-filter-item blog-cat-stories\"><a href=\"\/fr-FR\/blog\/stories\/\">Stories<\/a><\/li><li class=\"blog-filter-item blog-cat-tech\"><a href=\"\/fr-FR\/blog\/tech\/\">Tech<\/a><\/li>                <\/ul>\r\n\r\n                    <ul class=\"blog-loop\">\r\n                            <li class=\"blog-loop-item mb-0\">\r\n                    <a class=\"post-thumbnail\" href=\"https:\/\/www.diamantrad.com\/fr-FR\/blog\/speed-pedelec-regulations\/\" tabindex=\"-1\">\r\n                        <figure class=\"mb-3\"><img loading=\"lazy\" decoding=\"async\" width=\"992\" height=\"605\" src=\"https:\/\/www.diamantrad.com\/wp-content\/uploads\/2026\/01\/DI_26_Suvea_Speed_Lifestyle_67I4959_72dpi-1024x625.avif\" class=\"img-fluid wp-post-image\" alt=\"S\u00e9curit\u00e9 et l\u00e9gislation : Votre guide quotidien du Speed Pedelec en France\" srcset=\"https:\/\/www.diamantrad.com\/wp-content\/uploads\/2026\/01\/DI_26_Suvea_Speed_Lifestyle_67I4959_72dpi-1024x625.avif 1024w, https:\/\/www.diamantrad.com\/wp-content\/uploads\/2026\/01\/DI_26_Suvea_Speed_Lifestyle_67I4959_72dpi-300x183.avif 300w, https:\/\/www.diamantrad.com\/wp-content\/uploads\/2026\/01\/DI_26_Suvea_Speed_Lifestyle_67I4959_72dpi-768x469.avif 768w, https:\/\/www.diamantrad.com\/wp-content\/uploads\/2026\/01\/DI_26_Suvea_Speed_Lifestyle_67I4959_72dpi-1536x937.avif 1536w, https:\/\/www.diamantrad.com\/wp-content\/uploads\/2026\/01\/DI_26_Suvea_Speed_Lifestyle_67I4959_72dpi.avif 1701w\" sizes=\"auto, (max-width: 992px) 100vw, 992px\" \/><\/figure>\r\n                    <\/a>\r\n                    <div class=\"blog-loop-content\">\r\n                        <div class=\"entry-meta mb-3\">\r\n                            <div class=\"posted-on mb-2\">\r\n                                <time datetime=\"2026-01-28T11:00:55+01:00\">28 janvier 2026<\/time>\r\n                            <\/div>\r\n                            <div class=\"post-categories\">\r\n                                <a role=\"button\" href=\"\/fr-FR\/blog\/e-bike-ratgeber\/\">E-Bike Ratgeber<\/a>                            <\/div>\r\n                        <\/div>\r\n                        <h4><a href=\"https:\/\/www.diamantrad.com\/fr-FR\/blog\/speed-pedelec-regulations\/\">S\u00e9curit\u00e9 et l\u00e9gislation : Votre guide quotidien du Speed Pedelec en France<\/a><\/h4>\r\n                    <\/div>\r\n                <\/li>\r\n                            <li class=\"blog-loop-item mb-0\">\r\n                    <a class=\"post-thumbnail\" href=\"https:\/\/www.diamantrad.com\/fr-FR\/blog\/s-pedelec-registration-guide\/\" tabindex=\"-1\">\r\n                        <figure class=\"mb-3\"><img loading=\"lazy\" decoding=\"async\" width=\"992\" height=\"662\" src=\"https:\/\/www.diamantrad.com\/wp-content\/uploads\/2026\/01\/DI_26_Suvea_Speed_Lifestyle_67I3803_72dpi-1024x683.avif\" class=\"img-fluid wp-post-image\" alt=\"Immatriculation et permis : Votre guide pour rouler en Speed Pedelec en France\" srcset=\"https:\/\/www.diamantrad.com\/wp-content\/uploads\/2026\/01\/DI_26_Suvea_Speed_Lifestyle_67I3803_72dpi-1024x683.avif 1024w, https:\/\/www.diamantrad.com\/wp-content\/uploads\/2026\/01\/DI_26_Suvea_Speed_Lifestyle_67I3803_72dpi-300x200.avif 300w, https:\/\/www.diamantrad.com\/wp-content\/uploads\/2026\/01\/DI_26_Suvea_Speed_Lifestyle_67I3803_72dpi-768x512.avif 768w, https:\/\/www.diamantrad.com\/wp-content\/uploads\/2026\/01\/DI_26_Suvea_Speed_Lifestyle_67I3803_72dpi-1536x1024.avif 1536w, https:\/\/www.diamantrad.com\/wp-content\/uploads\/2026\/01\/DI_26_Suvea_Speed_Lifestyle_67I3803_72dpi.avif 1701w\" sizes=\"auto, (max-width: 992px) 100vw, 992px\" \/><\/figure>\r\n                    <\/a>\r\n                    <div class=\"blog-loop-content\">\r\n                        <div class=\"entry-meta mb-3\">\r\n                            <div class=\"posted-on mb-2\">\r\n                                <time datetime=\"2026-01-27T09:32:06+01:00\">27 janvier 2026<\/time>\r\n                            <\/div>\r\n                            <div class=\"post-categories\">\r\n                                <a role=\"button\" href=\"\/fr-FR\/blog\/guide-du-velo-electrique\/\">Guide du v\u00e9lo \u00e9lectrique<\/a>                            <\/div>\r\n                        <\/div>\r\n                        <h4><a href=\"https:\/\/www.diamantrad.com\/fr-FR\/blog\/s-pedelec-registration-guide\/\">Immatriculation et permis : Votre guide pour rouler en Speed Pedelec en France<\/a><\/h4>\r\n                    <\/div>\r\n                <\/li>\r\n                            <li class=\"blog-loop-item mb-0\">\r\n                    <a class=\"post-thumbnail\" href=\"https:\/\/www.diamantrad.com\/fr-FR\/blog\/e-bike-battery-safety\/\" tabindex=\"-1\">\r\n                        <figure class=\"mb-3\"><img loading=\"lazy\" decoding=\"async\" width=\"992\" height=\"662\" src=\"https:\/\/www.diamantrad.com\/wp-content\/uploads\/2022\/10\/DI_25_Suvea_Lifestyle_67I2961_300dpi-1024x683.avif\" class=\"img-fluid wp-post-image\" alt=\"Quel est le niveau de s\u00e9curit\u00e9 des batteries de v\u00e9lo \u00e9lectrique\u202f?\u00a0\" srcset=\"https:\/\/www.diamantrad.com\/wp-content\/uploads\/2022\/10\/DI_25_Suvea_Lifestyle_67I2961_300dpi-1024x683.avif 1024w, https:\/\/www.diamantrad.com\/wp-content\/uploads\/2022\/10\/DI_25_Suvea_Lifestyle_67I2961_300dpi-300x200.avif 300w, https:\/\/www.diamantrad.com\/wp-content\/uploads\/2022\/10\/DI_25_Suvea_Lifestyle_67I2961_300dpi-768x512.avif 768w, https:\/\/www.diamantrad.com\/wp-content\/uploads\/2022\/10\/DI_25_Suvea_Lifestyle_67I2961_300dpi-1536x1024.avif 1536w, https:\/\/www.diamantrad.com\/wp-content\/uploads\/2022\/10\/DI_25_Suvea_Lifestyle_67I2961_300dpi-2048x1365.avif 2048w\" sizes=\"auto, (max-width: 992px) 100vw, 992px\" \/><\/figure>\r\n                    <\/a>\r\n                    <div class=\"blog-loop-content\">\r\n                        <div class=\"entry-meta mb-3\">\r\n                            <div class=\"posted-on mb-2\">\r\n                                <time datetime=\"2025-06-05T12:12:56+02:00\">5 juin 2025<\/time>\r\n                            <\/div>\r\n                            <div class=\"post-categories\">\r\n                                <a role=\"button\" href=\"\/fr-FR\/blog\/guide-du-velo-electrique\/\">Guide du v\u00e9lo \u00e9lectrique<\/a>                            <\/div>\r\n                        <\/div>\r\n                        <h4><a href=\"https:\/\/www.diamantrad.com\/fr-FR\/blog\/e-bike-battery-safety\/\">Quel est le niveau de s\u00e9curit\u00e9 des batteries de v\u00e9lo \u00e9lectrique\u202f?\u00a0<\/a><\/h4>\r\n                    <\/div>\r\n                <\/li>\r\n                            <li class=\"blog-loop-item mb-0\">\r\n                    <a class=\"post-thumbnail\" href=\"https:\/\/www.diamantrad.com\/fr-FR\/blog\/the-legendary-diamant-167\/\" tabindex=\"-1\">\r\n                        <figure class=\"mb-3\"><img loading=\"lazy\" decoding=\"async\" width=\"992\" height=\"662\" src=\"https:\/\/www.diamantrad.com\/wp-content\/uploads\/2023\/09\/Blog_Diamant167_Lenker_Taeve-Schur-1024x683.png\" class=\"img-fluid wp-post-image\" alt=\"Le l\u00e9gendaire Diamant 167\" srcset=\"https:\/\/www.diamantrad.com\/wp-content\/uploads\/2023\/09\/Blog_Diamant167_Lenker_Taeve-Schur-1024x683.png 1024w, https:\/\/www.diamantrad.com\/wp-content\/uploads\/2023\/09\/Blog_Diamant167_Lenker_Taeve-Schur-300x200.png 300w, https:\/\/www.diamantrad.com\/wp-content\/uploads\/2023\/09\/Blog_Diamant167_Lenker_Taeve-Schur-768x512.png 768w, https:\/\/www.diamantrad.com\/wp-content\/uploads\/2023\/09\/Blog_Diamant167_Lenker_Taeve-Schur-1536x1024.png 1536w, https:\/\/www.diamantrad.com\/wp-content\/uploads\/2023\/09\/Blog_Diamant167_Lenker_Taeve-Schur.png 1728w\" sizes=\"auto, (max-width: 992px) 100vw, 992px\" \/><\/figure>\r\n                    <\/a>\r\n                    <div class=\"blog-loop-content\">\r\n                        <div class=\"entry-meta mb-3\">\r\n                            <div class=\"posted-on mb-2\">\r\n                                <time datetime=\"2025-06-05T12:10:29+02:00\">5 juin 2025<\/time>\r\n                            <\/div>\r\n                            <div class=\"post-categories\">\r\n                                <a role=\"button\" href=\"\/fr-FR\/blog\/histoire\/\">Histoire<\/a>                            <\/div>\r\n                        <\/div>\r\n                        <h4><a href=\"https:\/\/www.diamantrad.com\/fr-FR\/blog\/the-legendary-diamant-167\/\">Le l\u00e9gendaire Diamant 167<\/a><\/h4>\r\n                    <\/div>\r\n                <\/li>\r\n                            <li class=\"blog-loop-item mb-0\">\r\n                    <a class=\"post-thumbnail\" href=\"https:\/\/www.diamantrad.com\/fr-FR\/blog\/road-bike-diamant-67\/\" tabindex=\"-1\">\r\n                        <figure class=\"mb-3\"><img loading=\"lazy\" decoding=\"async\" width=\"992\" height=\"610\" src=\"https:\/\/www.diamantrad.com\/wp-content\/uploads\/2023\/12\/Blog-Diamant-67-Studiobild-Sattelrohr-Emblem-1024x630.png\" class=\"img-fluid wp-post-image\" alt=\"Le Diamant 67 : Mod\u00e8le du cyclisme professionnel, deux\u00e8me du nom\" srcset=\"https:\/\/www.diamantrad.com\/wp-content\/uploads\/2023\/12\/Blog-Diamant-67-Studiobild-Sattelrohr-Emblem-1024x630.png 1024w, https:\/\/www.diamantrad.com\/wp-content\/uploads\/2023\/12\/Blog-Diamant-67-Studiobild-Sattelrohr-Emblem-300x184.png 300w, https:\/\/www.diamantrad.com\/wp-content\/uploads\/2023\/12\/Blog-Diamant-67-Studiobild-Sattelrohr-Emblem-768x472.png 768w, https:\/\/www.diamantrad.com\/wp-content\/uploads\/2023\/12\/Blog-Diamant-67-Studiobild-Sattelrohr-Emblem.png 1106w\" sizes=\"auto, (max-width: 992px) 100vw, 992px\" \/><\/figure>\r\n                    <\/a>\r\n                    <div class=\"blog-loop-content\">\r\n                        <div class=\"entry-meta mb-3\">\r\n                            <div class=\"posted-on mb-2\">\r\n                                <time datetime=\"2025-06-05T12:09:02+02:00\">5 juin 2025<\/time>\r\n                            <\/div>\r\n                            <div class=\"post-categories\">\r\n                                <a role=\"button\" href=\"\/fr-FR\/blog\/histoire\/\">Histoire<\/a>                            <\/div>\r\n                        <\/div>\r\n                        <h4><a href=\"https:\/\/www.diamantrad.com\/fr-FR\/blog\/road-bike-diamant-67\/\">Le Diamant 67 : Mod\u00e8le du cyclisme professionnel, deux\u00e8me du nom<\/a><\/h4>\r\n                    <\/div>\r\n                <\/li>\r\n                            <li class=\"blog-loop-item mb-0\">\r\n                    <a class=\"post-thumbnail\" href=\"https:\/\/www.diamantrad.com\/fr-FR\/blog\/diamant-tourensportrad\/\" tabindex=\"-1\">\r\n                        <figure class=\"mb-3\"><img loading=\"lazy\" decoding=\"async\" width=\"992\" height=\"744\" src=\"https:\/\/www.diamantrad.com\/wp-content\/uploads\/2023\/09\/Diamant-Tourensportrad-1024x768.avif\" class=\"img-fluid wp-post-image\" alt=\"La randonneuse sportive ann\u00e9es 1960 : Diamant 35 102 et 35 154\" srcset=\"https:\/\/www.diamantrad.com\/wp-content\/uploads\/2023\/09\/Diamant-Tourensportrad-1024x768.avif 1024w, https:\/\/www.diamantrad.com\/wp-content\/uploads\/2023\/09\/Diamant-Tourensportrad-300x225.avif 300w, https:\/\/www.diamantrad.com\/wp-content\/uploads\/2023\/09\/Diamant-Tourensportrad-768x576.avif 768w, https:\/\/www.diamantrad.com\/wp-content\/uploads\/2023\/09\/Diamant-Tourensportrad-1536x1152.avif 1536w, https:\/\/www.diamantrad.com\/wp-content\/uploads\/2023\/09\/Diamant-Tourensportrad-2048x1536.avif 2048w\" sizes=\"auto, (max-width: 992px) 100vw, 992px\" \/><\/figure>\r\n                    <\/a>\r\n                    <div class=\"blog-loop-content\">\r\n                        <div class=\"entry-meta mb-3\">\r\n                            <div class=\"posted-on mb-2\">\r\n                                <time datetime=\"2025-06-05T12:08:23+02:00\">5 juin 2025<\/time>\r\n                            <\/div>\r\n                            <div class=\"post-categories\">\r\n                                <a role=\"button\" href=\"\/fr-FR\/blog\/histoire\/\">Histoire<\/a>                            <\/div>\r\n                        <\/div>\r\n                        <h4><a href=\"https:\/\/www.diamantrad.com\/fr-FR\/blog\/diamant-tourensportrad\/\">La randonneuse sportive ann\u00e9es 1960 : Diamant 35 102 et 35 154<\/a><\/h4>\r\n                    <\/div>\r\n                <\/li>\r\n                            <li class=\"blog-loop-item mb-0\">\r\n                    <a class=\"post-thumbnail\" href=\"https:\/\/www.diamantrad.com\/fr-FR\/blog\/e-bike-battery-winter-care\/\" tabindex=\"-1\">\r\n                        <figure class=\"mb-3\"><img loading=\"lazy\" decoding=\"async\" width=\"992\" height=\"662\" src=\"https:\/\/www.diamantrad.com\/wp-content\/uploads\/2023\/12\/DI_25_Suvea_Lifestyle_67I6917_300dpi-1024x683.avif\" class=\"img-fluid wp-post-image\" alt=\"Entretien de votre batterie de v\u00e9lo \u00e9lectrique\u202f: conservez des performances optimales en hiver\" srcset=\"https:\/\/www.diamantrad.com\/wp-content\/uploads\/2023\/12\/DI_25_Suvea_Lifestyle_67I6917_300dpi-1024x683.avif 1024w, https:\/\/www.diamantrad.com\/wp-content\/uploads\/2023\/12\/DI_25_Suvea_Lifestyle_67I6917_300dpi-300x200.avif 300w, https:\/\/www.diamantrad.com\/wp-content\/uploads\/2023\/12\/DI_25_Suvea_Lifestyle_67I6917_300dpi-768x512.avif 768w, https:\/\/www.diamantrad.com\/wp-content\/uploads\/2023\/12\/DI_25_Suvea_Lifestyle_67I6917_300dpi-1536x1024.avif 1536w, https:\/\/www.diamantrad.com\/wp-content\/uploads\/2023\/12\/DI_25_Suvea_Lifestyle_67I6917_300dpi-2048x1365.avif 2048w\" sizes=\"auto, (max-width: 992px) 100vw, 992px\" \/><\/figure>\r\n                    <\/a>\r\n                    <div class=\"blog-loop-content\">\r\n                        <div class=\"entry-meta mb-3\">\r\n                            <div class=\"posted-on mb-2\">\r\n                                <time datetime=\"2025-06-05T12:00:19+02:00\">5 juin 2025<\/time>\r\n                            <\/div>\r\n                            <div class=\"post-categories\">\r\n                                <a role=\"button\" href=\"\/fr-FR\/blog\/e-bike-ratgeber\/\">E-Bike Ratgeber<\/a><a role=\"button\" href=\"\/fr-FR\/blog\/guide-du-velo-electrique\/\">Guide du v\u00e9lo \u00e9lectrique<\/a>                            <\/div>\r\n                        <\/div>\r\n                        <h4><a href=\"https:\/\/www.diamantrad.com\/fr-FR\/blog\/e-bike-battery-winter-care\/\">Entretien de votre batterie de v\u00e9lo \u00e9lectrique\u202f: conservez des performances optimales en hiver<\/a><\/h4>\r\n                    <\/div>\r\n                <\/li>\r\n                            <li class=\"blog-loop-item mb-0\">\r\n                    <a class=\"post-thumbnail\" href=\"https:\/\/www.diamantrad.com\/fr-FR\/blog\/diamant-handy-bike\/\" tabindex=\"-1\">\r\n                        <figure class=\"mb-3\"><img loading=\"lazy\" decoding=\"async\" width=\"992\" height=\"662\" src=\"https:\/\/www.diamantrad.com\/wp-content\/uploads\/2023\/11\/Diamant-Handy-Bike-Faltrad-1024x683.avif\" class=\"img-fluid wp-post-image\" alt=\"Diamant Handy Bike: Le v\u00e9lo pliant 26 pouches qui mise sur la robustesse\" srcset=\"https:\/\/www.diamantrad.com\/wp-content\/uploads\/2023\/11\/Diamant-Handy-Bike-Faltrad-1024x683.avif 1024w, https:\/\/www.diamantrad.com\/wp-content\/uploads\/2023\/11\/Diamant-Handy-Bike-Faltrad-300x200.avif 300w, https:\/\/www.diamantrad.com\/wp-content\/uploads\/2023\/11\/Diamant-Handy-Bike-Faltrad-768x512.avif 768w, https:\/\/www.diamantrad.com\/wp-content\/uploads\/2023\/11\/Diamant-Handy-Bike-Faltrad-1536x1024.avif 1536w, https:\/\/www.diamantrad.com\/wp-content\/uploads\/2023\/11\/Diamant-Handy-Bike-Faltrad-2048x1365.avif 2048w\" sizes=\"auto, (max-width: 992px) 100vw, 992px\" \/><\/figure>\r\n                    <\/a>\r\n                    <div class=\"blog-loop-content\">\r\n                        <div class=\"entry-meta mb-3\">\r\n                            <div class=\"posted-on mb-2\">\r\n                                <time datetime=\"2025-06-05T11:58:24+02:00\">5 juin 2025<\/time>\r\n                            <\/div>\r\n                            <div class=\"post-categories\">\r\n                                <a role=\"button\" href=\"\/fr-FR\/blog\/histoire\/\">Histoire<\/a>                            <\/div>\r\n                        <\/div>\r\n                        <h4><a href=\"https:\/\/www.diamantrad.com\/fr-FR\/blog\/diamant-handy-bike\/\">Diamant Handy Bike: Le v\u00e9lo pliant 26 pouches qui mise sur la robustesse<\/a><\/h4>\r\n                    <\/div>\r\n                <\/li>\r\n                            <li class=\"blog-loop-item mb-0\">\r\n                    <a class=\"post-thumbnail\" href=\"https:\/\/www.diamantrad.com\/fr-FR\/blog\/diamant-city-blitz\/\" tabindex=\"-1\">\r\n                        <figure class=\"mb-3\"><img loading=\"lazy\" decoding=\"async\" width=\"879\" height=\"659\" src=\"https:\/\/www.diamantrad.com\/wp-content\/uploads\/2024\/01\/Diamant_City-Blitz_Akku_Blog.avif\" class=\"img-fluid wp-post-image\" alt=\"Diamant City Blitz: Le deuxi\u00e8me v\u00e9lo \u00e9lectrique allemand\" \/><\/figure>\r\n                    <\/a>\r\n                    <div class=\"blog-loop-content\">\r\n                        <div class=\"entry-meta mb-3\">\r\n                            <div class=\"posted-on mb-2\">\r\n                                <time datetime=\"2025-06-05T11:54:45+02:00\">5 juin 2025<\/time>\r\n                            <\/div>\r\n                            <div class=\"post-categories\">\r\n                                <a role=\"button\" href=\"\/fr-FR\/blog\/histoire\/\">Histoire<\/a>                            <\/div>\r\n                        <\/div>\r\n                        <h4><a href=\"https:\/\/www.diamantrad.com\/fr-FR\/blog\/diamant-city-blitz\/\">Diamant City Blitz: Le deuxi\u00e8me v\u00e9lo \u00e9lectrique allemand<\/a><\/h4>\r\n                    <\/div>\r\n                <\/li>\r\n                    <\/ul>\r\n\r\n                    <div class=\"pagination justify-content-center mt-5\">\r\n                <span aria-current=\"page\" class=\"page-numbers current\">1<\/span>\n<a class=\"page-numbers\" href=\"https:\/\/www.diamantrad.com\/fr-FR\/wp-json\/wp\/v2\/pages\/57918\/page\/2\/\">2<\/a>\n<a class=\"next page-numbers\" href=\"https:\/\/www.diamantrad.com\/fr-FR\/wp-json\/wp\/v2\/pages\/57918\/page\/2\/\"><svg width=\"20\" height=\"32\" viewBox=\"0 0 20 32\" fill=\"none\" class=\"pagination-next\" xmlns=\"http:\/\/www.w3.org\/2000\/svg\"><path d=\"M2.81787 3L15.833 16.0151L3.01507 28.8331\" stroke=\"#362F2D\" stroke-width=\"5\" stroke-linecap=\"round\"\/><\/svg><\/a>            <\/div>\r\n        \n\n<\/div>\r\n      <\/div>\r\n    <\/div>\r\n  <\/div>\r\n<\/div><\/div>","protected":false},"excerpt":{"rendered":"<p>Un condens\u00e9 de connaissances sur le v\u00e9lo : d\u00e9couvre des conseils, des astuces de r\u00e9paration, des voyages \u00e0 v\u00e9lo &#038; l&rsquo;histoire sur le blog de Diamantrad. En savoir plus !<\/p>\n","protected":false},"author":8,"featured_media":57590,"parent":0,"menu_order":0,"comment_status":"closed","ping_status":"closed","template":"","meta":{"_acf_changed":false,"slim_seo":{"title":"Diamant City Blitz: Le deuxi\u00e8me v\u00e9lo \u00e9lectrique allemand","description":"Dans cet article de blog, nous jetons un coup d'\u0153il sur le l\u00e9gendaire Diamant City Blitz. Le premier v\u00e9lo \u00e9lectrique que Diamantrad a construit."},"footnotes":""},"class_list":["post-57918","page","type-page","status-publish","has-post-thumbnail","hentry"],"acf":[],"_links":{"self":[{"href":"https:\/\/www.diamantrad.com\/fr-FR\/wp-json\/wp\/v2\/pages\/57918","targetHints":{"allow":["GET"]}}],"collection":[{"href":"https:\/\/www.diamantrad.com\/fr-FR\/wp-json\/wp\/v2\/pages"}],"about":[{"href":"https:\/\/www.diamantrad.com\/fr-FR\/wp-json\/wp\/v2\/types\/page"}],"author":[{"embeddable":true,"href":"https:\/\/www.diamantrad.com\/fr-FR\/wp-json\/wp\/v2\/users\/8"}],"replies":[{"embeddable":true,"href":"https:\/\/www.diamantrad.com\/fr-FR\/wp-json\/wp\/v2\/comments?post=57918"}],"version-history":[{"count":1,"href":"https:\/\/www.diamantrad.com\/fr-FR\/wp-json\/wp\/v2\/pages\/57918\/revisions"}],"predecessor-version":[{"id":63358,"href":"https:\/\/www.diamantrad.com\/fr-FR\/wp-json\/wp\/v2\/pages\/57918\/revisions\/63358"}],"wp:featuredmedia":[{"embeddable":true,"href":"https:\/\/www.diamantrad.com\/fr-FR\/wp-json\/wp\/v2\/media\/57590"}],"wp:attachment":[{"href":"https:\/\/www.diamantrad.com\/fr-FR\/wp-json\/wp\/v2\/media?parent=57918"}],"curies":[{"name":"wp","href":"https:\/\/api.w.org\/{rel}","templated":true}]}}