{"id":59312,"date":"2025-03-25T17:48:20","date_gmt":"2025-03-25T16:48:20","guid":{"rendered":"https:\/\/dev.diamantrad.com\/?page_id=59312"},"modified":"2025-03-25T17:48:20","modified_gmt":"2025-03-25T16:48:20","slug":"guide-du-velo-electrique","status":"publish","type":"page","link":"https:\/\/www.diamantrad.com\/fr-FR\/blog\/guide-du-velo-electrique\/","title":{"rendered":"Guide du v\u00e9lo \u00e9lectrique"},"content":{"rendered":"<div class=\"lazyblock-nncontainer-Z2bJS7k wp-block-lazyblock-nncontainer\"><div class=\"section-standard\">\r\n  <div class=\"container\" id=\"container-Z2bJS7k\">\r\n    <div class=\"row\">\r\n      <div class=\"col py-4 py-lg-5\">\r\n        <div class=\"lazyblock-inner-blocks\">\n                \r\n                <div class=\"blog-highlighted\">\r\n                    <div class=\"row g-5\">\r\n                        <div class=\"col-lg-6 mt-5\">\r\n                            <div class=\"entry-meta mb-4\">\r\n                                <div class=\"posted-on mb-2\">\r\n                                    <time datetime=\"2026-01-27T09:32:06+01:00\">27 janvier 2026<\/time>\r\n                                <\/div>\r\n                                <div class=\"post-categories\">\r\n                                    <a role=\"button\" href=\"\/fr-FR\/blog\/guide-du-velo-electrique\/\">Guide du v\u00e9lo \u00e9lectrique<\/a>                                <\/div>\r\n                            <\/div>\r\n                            <h2><a href=\"https:\/\/www.diamantrad.com\/fr-FR\/blog\/s-pedelec-registration-guide\/\">Immatriculation et permis : Votre guide pour rouler en Speed Pedelec en France<\/a><\/h2>\r\n                            <p class=\"mb-0\">Comment proc\u00e9der et quelles sont les r\u00e9glementations \u00e0 respecter\u00a0? Quel type d\u2019assurance est n\u00e9cessaire\u00a0? Est-il possible d\u2019emmener son S-Pedelec \u00e0 l\u2019\u00e9tranger\u00a0?<\/p>\r\n                        <\/div>\r\n                        <div class=\"col-lg-6 mt-4 mt-lg-5\">\r\n                            <a class=\"post-thumbnail\" href=\"https:\/\/www.diamantrad.com\/fr-FR\/blog\/s-pedelec-registration-guide\/\" tabindex=\"-1\">\r\n                                <figure class=\"mb-0\"><img loading=\"lazy\" decoding=\"async\" width=\"992\" height=\"662\" src=\"https:\/\/www.diamantrad.com\/wp-content\/uploads\/2026\/01\/DI_26_Suvea_Speed_Lifestyle_67I3803_72dpi-1024x683.avif\" class=\"img-fluid wp-post-image\" alt=\"Immatriculation et permis : Votre guide pour rouler en Speed Pedelec en France\" srcset=\"https:\/\/www.diamantrad.com\/wp-content\/uploads\/2026\/01\/DI_26_Suvea_Speed_Lifestyle_67I3803_72dpi-1024x683.avif 1024w, https:\/\/www.diamantrad.com\/wp-content\/uploads\/2026\/01\/DI_26_Suvea_Speed_Lifestyle_67I3803_72dpi-300x200.avif 300w, https:\/\/www.diamantrad.com\/wp-content\/uploads\/2026\/01\/DI_26_Suvea_Speed_Lifestyle_67I3803_72dpi-768x512.avif 768w, https:\/\/www.diamantrad.com\/wp-content\/uploads\/2026\/01\/DI_26_Suvea_Speed_Lifestyle_67I3803_72dpi-1536x1024.avif 1536w, https:\/\/www.diamantrad.com\/wp-content\/uploads\/2026\/01\/DI_26_Suvea_Speed_Lifestyle_67I3803_72dpi.avif 1701w\" sizes=\"auto, (max-width: 992px) 100vw, 992px\" \/><\/figure>\r\n                            <\/a>\r\n                        <\/div>\r\n                    <\/div>\r\n                <\/div>\r\n\r\n                <hr \/>\r\n                <h3>Autres articles :<\/h3>\r\n                \r\n                <ul class=\"blog-filter mb-5\">\r\n                    <span>Filter<\/span>\r\n                    <li class=\"blog-filter-item blog-cat-all\">\r\n                        <a href=\"\/fr-FR\/blog\/\">Tous<\/a>\r\n                    <\/li>\r\n                    <li class=\"blog-filter-item blog-cat-guide-du-velo\"><a href=\"\/fr-FR\/blog\/guide-du-velo\/\">Guide du v\u00e9lo<\/a><\/li><li class=\"blog-filter-item blog-cat-guide-du-velo-electrique active\"><a href=\"\/fr-FR\/blog\/guide-du-velo-electrique\/\">Guide du v\u00e9lo \u00e9lectrique<\/a><\/li><li class=\"blog-filter-item blog-cat-histoire\"><a href=\"\/fr-FR\/blog\/histoire\/\">Histoire<\/a><\/li><li class=\"blog-filter-item blog-cat-news\"><a href=\"\/fr-FR\/blog\/news\/\">News<\/a><\/li><li class=\"blog-filter-item blog-cat-s-pedelec\"><a href=\"\/fr-FR\/blog\/s-pedelec\/\">S-Pedelec<\/a><\/li><li class=\"blog-filter-item blog-cat-stories\"><a href=\"\/fr-FR\/blog\/stories\/\">Stories<\/a><\/li><li class=\"blog-filter-item blog-cat-tech\"><a href=\"\/fr-FR\/blog\/tech\/\">Tech<\/a><\/li>                <\/ul>\r\n\r\n                    <ul class=\"blog-loop\">\r\n                            <li class=\"blog-loop-item mb-0\">\r\n                    <a class=\"post-thumbnail\" href=\"https:\/\/www.diamantrad.com\/fr-FR\/blog\/e-bike-battery-safety\/\" tabindex=\"-1\">\r\n                        <figure class=\"mb-3\"><img loading=\"lazy\" decoding=\"async\" width=\"992\" height=\"662\" src=\"https:\/\/www.diamantrad.com\/wp-content\/uploads\/2022\/10\/DI_25_Suvea_Lifestyle_67I2961_300dpi-1024x683.avif\" class=\"img-fluid wp-post-image\" alt=\"Quel est le niveau de s\u00e9curit\u00e9 des batteries de v\u00e9lo \u00e9lectrique\u202f?\u00a0\" srcset=\"https:\/\/www.diamantrad.com\/wp-content\/uploads\/2022\/10\/DI_25_Suvea_Lifestyle_67I2961_300dpi-1024x683.avif 1024w, https:\/\/www.diamantrad.com\/wp-content\/uploads\/2022\/10\/DI_25_Suvea_Lifestyle_67I2961_300dpi-300x200.avif 300w, https:\/\/www.diamantrad.com\/wp-content\/uploads\/2022\/10\/DI_25_Suvea_Lifestyle_67I2961_300dpi-768x512.avif 768w, https:\/\/www.diamantrad.com\/wp-content\/uploads\/2022\/10\/DI_25_Suvea_Lifestyle_67I2961_300dpi-1536x1024.avif 1536w, https:\/\/www.diamantrad.com\/wp-content\/uploads\/2022\/10\/DI_25_Suvea_Lifestyle_67I2961_300dpi-2048x1365.avif 2048w\" sizes=\"auto, (max-width: 992px) 100vw, 992px\" \/><\/figure>\r\n                    <\/a>\r\n                    <div class=\"blog-loop-content\">\r\n                        <div class=\"entry-meta mb-3\">\r\n                            <div class=\"posted-on mb-2\">\r\n                                <time datetime=\"2025-06-05T12:12:56+02:00\">5 juin 2025<\/time>\r\n                            <\/div>\r\n                            <div class=\"post-categories\">\r\n                                <a role=\"button\" href=\"\/fr-FR\/blog\/guide-du-velo-electrique\/\">Guide du v\u00e9lo \u00e9lectrique<\/a>                            <\/div>\r\n                        <\/div>\r\n                        <h4><a href=\"https:\/\/www.diamantrad.com\/fr-FR\/blog\/e-bike-battery-safety\/\">Quel est le niveau de s\u00e9curit\u00e9 des batteries de v\u00e9lo \u00e9lectrique\u202f?\u00a0<\/a><\/h4>\r\n                    <\/div>\r\n                <\/li>\r\n                            <li class=\"blog-loop-item mb-0\">\r\n                    <a class=\"post-thumbnail\" href=\"https:\/\/www.diamantrad.com\/fr-FR\/blog\/e-bike-battery-winter-care\/\" tabindex=\"-1\">\r\n                        <figure class=\"mb-3\"><img loading=\"lazy\" decoding=\"async\" width=\"992\" height=\"662\" src=\"https:\/\/www.diamantrad.com\/wp-content\/uploads\/2023\/12\/DI_25_Suvea_Lifestyle_67I6917_300dpi-1024x683.avif\" class=\"img-fluid wp-post-image\" alt=\"Entretien de votre batterie de v\u00e9lo \u00e9lectrique\u202f: conservez des performances optimales en hiver\" srcset=\"https:\/\/www.diamantrad.com\/wp-content\/uploads\/2023\/12\/DI_25_Suvea_Lifestyle_67I6917_300dpi-1024x683.avif 1024w, https:\/\/www.diamantrad.com\/wp-content\/uploads\/2023\/12\/DI_25_Suvea_Lifestyle_67I6917_300dpi-300x200.avif 300w, https:\/\/www.diamantrad.com\/wp-content\/uploads\/2023\/12\/DI_25_Suvea_Lifestyle_67I6917_300dpi-768x512.avif 768w, https:\/\/www.diamantrad.com\/wp-content\/uploads\/2023\/12\/DI_25_Suvea_Lifestyle_67I6917_300dpi-1536x1024.avif 1536w, https:\/\/www.diamantrad.com\/wp-content\/uploads\/2023\/12\/DI_25_Suvea_Lifestyle_67I6917_300dpi-2048x1365.avif 2048w\" sizes=\"auto, (max-width: 992px) 100vw, 992px\" \/><\/figure>\r\n                    <\/a>\r\n                    <div class=\"blog-loop-content\">\r\n                        <div class=\"entry-meta mb-3\">\r\n                            <div class=\"posted-on mb-2\">\r\n                                <time datetime=\"2025-06-05T12:00:19+02:00\">5 juin 2025<\/time>\r\n                            <\/div>\r\n                            <div class=\"post-categories\">\r\n                                <a role=\"button\" href=\"\/fr-FR\/blog\/e-bike-ratgeber\/\">E-Bike Ratgeber<\/a><a role=\"button\" href=\"\/fr-FR\/blog\/guide-du-velo-electrique\/\">Guide du v\u00e9lo \u00e9lectrique<\/a>                            <\/div>\r\n                        <\/div>\r\n                        <h4><a href=\"https:\/\/www.diamantrad.com\/fr-FR\/blog\/e-bike-battery-winter-care\/\">Entretien de votre batterie de v\u00e9lo \u00e9lectrique\u202f: conservez des performances optimales en hiver<\/a><\/h4>\r\n                    <\/div>\r\n                <\/li>\r\n                            <li class=\"blog-loop-item mb-0\">\r\n                    <a class=\"post-thumbnail\" href=\"https:\/\/www.diamantrad.com\/fr-FR\/blog\/e-bike-battery-charge\/\" tabindex=\"-1\">\r\n                        <figure class=\"mb-3\"><img loading=\"lazy\" decoding=\"async\" width=\"992\" height=\"662\" src=\"https:\/\/www.diamantrad.com\/wp-content\/uploads\/2022\/10\/23DIA_Life_365_300dpi_Z2A1648-1024x683.avif\" class=\"img-fluid wp-post-image\" alt=\"Conseils pour bien charger sa batterie de v\u00e9lo \u00e9lectrique\" srcset=\"https:\/\/www.diamantrad.com\/wp-content\/uploads\/2022\/10\/23DIA_Life_365_300dpi_Z2A1648-1024x683.avif 1024w, https:\/\/www.diamantrad.com\/wp-content\/uploads\/2022\/10\/23DIA_Life_365_300dpi_Z2A1648-300x200.avif 300w, https:\/\/www.diamantrad.com\/wp-content\/uploads\/2022\/10\/23DIA_Life_365_300dpi_Z2A1648-768x512.avif 768w, https:\/\/www.diamantrad.com\/wp-content\/uploads\/2022\/10\/23DIA_Life_365_300dpi_Z2A1648-1536x1024.avif 1536w, https:\/\/www.diamantrad.com\/wp-content\/uploads\/2022\/10\/23DIA_Life_365_300dpi_Z2A1648-2048x1366.avif 2048w\" sizes=\"auto, (max-width: 992px) 100vw, 992px\" \/><\/figure>\r\n                    <\/a>\r\n                    <div class=\"blog-loop-content\">\r\n                        <div class=\"entry-meta mb-3\">\r\n                            <div class=\"posted-on mb-2\">\r\n                                <time datetime=\"2025-06-05T11:53:48+02:00\">5 juin 2025<\/time>\r\n                            <\/div>\r\n                            <div class=\"post-categories\">\r\n                                <a role=\"button\" href=\"\/fr-FR\/blog\/guide-du-velo-electrique\/\">Guide du v\u00e9lo \u00e9lectrique<\/a>                            <\/div>\r\n                        <\/div>\r\n                        <h4><a href=\"https:\/\/www.diamantrad.com\/fr-FR\/blog\/e-bike-battery-charge\/\">Conseils pour bien charger sa batterie de v\u00e9lo \u00e9lectrique<\/a><\/h4>\r\n                    <\/div>\r\n                <\/li>\r\n                            <li class=\"blog-loop-item mb-0\">\r\n                    <a class=\"post-thumbnail\" href=\"https:\/\/www.diamantrad.com\/fr-FR\/blog\/e-bike-battery-service-life\/\" tabindex=\"-1\">\r\n                        <figure class=\"mb-3\"><img loading=\"lazy\" decoding=\"async\" width=\"992\" height=\"662\" src=\"https:\/\/www.diamantrad.com\/wp-content\/uploads\/2022\/10\/Diamant_Zing_MID_300dpi_67I2692-1-1024x683.avif\" class=\"img-fluid wp-post-image\" alt=\"Combien de temps dure une batterie de v\u00e9lo \u00e9lectrique\u202f?\" srcset=\"https:\/\/www.diamantrad.com\/wp-content\/uploads\/2022\/10\/Diamant_Zing_MID_300dpi_67I2692-1-1024x683.avif 1024w, https:\/\/www.diamantrad.com\/wp-content\/uploads\/2022\/10\/Diamant_Zing_MID_300dpi_67I2692-1-300x200.avif 300w, https:\/\/www.diamantrad.com\/wp-content\/uploads\/2022\/10\/Diamant_Zing_MID_300dpi_67I2692-1-768x512.avif 768w, https:\/\/www.diamantrad.com\/wp-content\/uploads\/2022\/10\/Diamant_Zing_MID_300dpi_67I2692-1-1536x1024.avif 1536w, https:\/\/www.diamantrad.com\/wp-content\/uploads\/2022\/10\/Diamant_Zing_MID_300dpi_67I2692-1-2048x1365.avif 2048w\" sizes=\"auto, (max-width: 992px) 100vw, 992px\" \/><\/figure>\r\n                    <\/a>\r\n                    <div class=\"blog-loop-content\">\r\n                        <div class=\"entry-meta mb-3\">\r\n                            <div class=\"posted-on mb-2\">\r\n                                <time datetime=\"2025-06-05T11:33:21+02:00\">5 juin 2025<\/time>\r\n                            <\/div>\r\n                            <div class=\"post-categories\">\r\n                                <a role=\"button\" href=\"\/fr-FR\/blog\/guide-du-velo-electrique\/\">Guide du v\u00e9lo \u00e9lectrique<\/a>                            <\/div>\r\n                        <\/div>\r\n                        <h4><a href=\"https:\/\/www.diamantrad.com\/fr-FR\/blog\/e-bike-battery-service-life\/\">Combien de temps dure une batterie de v\u00e9lo \u00e9lectrique\u202f?<\/a><\/h4>\r\n                    <\/div>\r\n                <\/li>\r\n                            <li class=\"blog-loop-item mb-0\">\r\n                    <a class=\"post-thumbnail\" href=\"https:\/\/www.diamantrad.com\/fr-FR\/blog\/e-bike-battery-care\/\" tabindex=\"-1\">\r\n                        <figure class=\"mb-3\"><img loading=\"lazy\" decoding=\"async\" width=\"992\" height=\"662\" src=\"https:\/\/www.diamantrad.com\/wp-content\/uploads\/2022\/10\/DI_24_Zing_Trip_Lifestyle_67I0184_300dpi-1024x683.avif\" class=\"img-fluid wp-post-image\" alt=\"Bien entreposer et entretenir sa batterie de v\u00e9lo \u00e9lectrique\" srcset=\"https:\/\/www.diamantrad.com\/wp-content\/uploads\/2022\/10\/DI_24_Zing_Trip_Lifestyle_67I0184_300dpi-1024x683.avif 1024w, https:\/\/www.diamantrad.com\/wp-content\/uploads\/2022\/10\/DI_24_Zing_Trip_Lifestyle_67I0184_300dpi-300x200.avif 300w, https:\/\/www.diamantrad.com\/wp-content\/uploads\/2022\/10\/DI_24_Zing_Trip_Lifestyle_67I0184_300dpi-768x512.avif 768w, https:\/\/www.diamantrad.com\/wp-content\/uploads\/2022\/10\/DI_24_Zing_Trip_Lifestyle_67I0184_300dpi-1536x1024.avif 1536w, https:\/\/www.diamantrad.com\/wp-content\/uploads\/2022\/10\/DI_24_Zing_Trip_Lifestyle_67I0184_300dpi-2048x1365.avif 2048w\" sizes=\"auto, (max-width: 992px) 100vw, 992px\" \/><\/figure>\r\n                    <\/a>\r\n                    <div class=\"blog-loop-content\">\r\n                        <div class=\"entry-meta mb-3\">\r\n                            <div class=\"posted-on mb-2\">\r\n                                <time datetime=\"2025-06-05T11:30:20+02:00\">5 juin 2025<\/time>\r\n                            <\/div>\r\n                            <div class=\"post-categories\">\r\n                                <a role=\"button\" href=\"\/fr-FR\/blog\/guide-du-velo-electrique\/\">Guide du v\u00e9lo \u00e9lectrique<\/a>                            <\/div>\r\n                        <\/div>\r\n                        <h4><a href=\"https:\/\/www.diamantrad.com\/fr-FR\/blog\/e-bike-battery-care\/\">Bien entreposer et entretenir sa batterie de v\u00e9lo \u00e9lectrique<\/a><\/h4>\r\n                    <\/div>\r\n                <\/li>\r\n                            <li class=\"blog-loop-item mb-0\">\r\n                    <a class=\"post-thumbnail\" href=\"https:\/\/www.diamantrad.com\/fr-FR\/blog\/e-bike-battery-manufacturing-and-sustainability\/\" tabindex=\"-1\">\r\n                        <figure class=\"mb-3\"><img loading=\"lazy\" decoding=\"async\" width=\"992\" height=\"662\" src=\"https:\/\/www.diamantrad.com\/wp-content\/uploads\/2022\/11\/22DIA_Life_OpalTRA_300dpi_67I9619-1024x683.avif\" class=\"img-fluid wp-post-image\" alt=\"Batteries de v\u00e9lo \u00e9lectrique\u202f: dans quelle mesure sont-elles durables\u202f?\u00a0\" srcset=\"https:\/\/www.diamantrad.com\/wp-content\/uploads\/2022\/11\/22DIA_Life_OpalTRA_300dpi_67I9619-1024x683.avif 1024w, https:\/\/www.diamantrad.com\/wp-content\/uploads\/2022\/11\/22DIA_Life_OpalTRA_300dpi_67I9619-300x200.avif 300w, https:\/\/www.diamantrad.com\/wp-content\/uploads\/2022\/11\/22DIA_Life_OpalTRA_300dpi_67I9619-768x512.avif 768w, https:\/\/www.diamantrad.com\/wp-content\/uploads\/2022\/11\/22DIA_Life_OpalTRA_300dpi_67I9619-1536x1024.avif 1536w, https:\/\/www.diamantrad.com\/wp-content\/uploads\/2022\/11\/22DIA_Life_OpalTRA_300dpi_67I9619-2048x1365.avif 2048w\" sizes=\"auto, (max-width: 992px) 100vw, 992px\" \/><\/figure>\r\n                    <\/a>\r\n                    <div class=\"blog-loop-content\">\r\n                        <div class=\"entry-meta mb-3\">\r\n                            <div class=\"posted-on mb-2\">\r\n                                <time datetime=\"2025-06-05T11:29:23+02:00\">5 juin 2025<\/time>\r\n                            <\/div>\r\n                            <div class=\"post-categories\">\r\n                                <a role=\"button\" href=\"\/fr-FR\/blog\/guide-du-velo-electrique\/\">Guide du v\u00e9lo \u00e9lectrique<\/a>                            <\/div>\r\n                        <\/div>\r\n                        <h4><a href=\"https:\/\/www.diamantrad.com\/fr-FR\/blog\/e-bike-battery-manufacturing-and-sustainability\/\">Batteries de v\u00e9lo \u00e9lectrique\u202f: dans quelle mesure sont-elles durables\u202f?\u00a0<\/a><\/h4>\r\n                    <\/div>\r\n                <\/li>\r\n                    <\/ul>\r\n\r\n                    <div class=\"pagination justify-content-center mt-5\">\r\n                            <\/div>\r\n        \n\n<\/div>\r\n      <\/div>\r\n    <\/div>\r\n  <\/div>\r\n<\/div><\/div>","protected":false},"excerpt":{"rendered":"","protected":false},"author":10,"featured_media":0,"parent":57918,"menu_order":0,"comment_status":"closed","ping_status":"closed","template":"","meta":{"_acf_changed":false,"slim_seo":{"title":"Batteries de v\u00e9lo \u00e9lectrique\u202f: dans quelle mesure sont-elles durables\u202f?","description":"Comme nous comptons sur les syst\u00e8mes pour v\u00e9los \u00e9lectriques de Bosch pour presque tous nos v\u00e9los \u00e9lectriques, nous nous sommes entretenus avec Armin Harttig, responsable des ventes et du service chez Bosch eBike Systems."},"footnotes":""},"class_list":["post-59312","page","type-page","status-publish","hentry"],"acf":[],"_links":{"self":[{"href":"https:\/\/www.diamantrad.com\/fr-FR\/wp-json\/wp\/v2\/pages\/59312","targetHints":{"allow":["GET"]}}],"collection":[{"href":"https:\/\/www.diamantrad.com\/fr-FR\/wp-json\/wp\/v2\/pages"}],"about":[{"href":"https:\/\/www.diamantrad.com\/fr-FR\/wp-json\/wp\/v2\/types\/page"}],"author":[{"embeddable":true,"href":"https:\/\/www.diamantrad.com\/fr-FR\/wp-json\/wp\/v2\/users\/10"}],"replies":[{"embeddable":true,"href":"https:\/\/www.diamantrad.com\/fr-FR\/wp-json\/wp\/v2\/comments?post=59312"}],"version-history":[{"count":1,"href":"https:\/\/www.diamantrad.com\/fr-FR\/wp-json\/wp\/v2\/pages\/59312\/revisions"}],"predecessor-version":[{"id":59317,"href":"https:\/\/www.diamantrad.com\/fr-FR\/wp-json\/wp\/v2\/pages\/59312\/revisions\/59317"}],"up":[{"embeddable":true,"href":"https:\/\/www.diamantrad.com\/fr-FR\/wp-json\/wp\/v2\/pages\/57918"}],"wp:attachment":[{"href":"https:\/\/www.diamantrad.com\/fr-FR\/wp-json\/wp\/v2\/media?parent=59312"}],"curies":[{"name":"wp","href":"https:\/\/api.w.org\/{rel}","templated":true}]}}