{"id":63122,"date":"2025-06-05T13:01:56","date_gmt":"2025-06-05T11:01:56","guid":{"rendered":"https:\/\/www.diamantrad.com\/?page_id=63122"},"modified":"2025-06-05T13:01:57","modified_gmt":"2025-06-05T11:01:57","slug":"about-us","status":"publish","type":"page","link":"https:\/\/www.diamantrad.com\/fr-FR\/about-us\/","title":{"rendered":"About us"},"content":{"rendered":"\n<div class=\"wp-block-cover is-light\"><img data-dominant-color=\"75807f\" data-has-transparency=\"false\" style=\"--dominant-color: #75807f;\" loading=\"lazy\" decoding=\"async\" width=\"1661\" height=\"932\" sizes=\"auto, (max-width: 1661px) 100vw, 1661px\" class=\"wp-block-cover__image-background wp-image-57524 size-full not-transparent\" alt=\"About us hero house of diamant\" src=\"https:\/\/www.diamantrad.com\/wp-content\/uploads\/2025\/03\/about-us-hero-house-of-diamant-png.avif\" data-object-fit=\"cover\" srcset=\"https:\/\/www.diamantrad.com\/wp-content\/uploads\/2025\/03\/about-us-hero-house-of-diamant-png.avif 1661w, https:\/\/www.diamantrad.com\/wp-content\/uploads\/2025\/03\/about-us-hero-house-of-diamant-300x168.avif 300w, https:\/\/www.diamantrad.com\/wp-content\/uploads\/2025\/03\/about-us-hero-house-of-diamant-1024x575.avif 1024w, https:\/\/www.diamantrad.com\/wp-content\/uploads\/2025\/03\/about-us-hero-house-of-diamant-768x431.avif 768w, https:\/\/www.diamantrad.com\/wp-content\/uploads\/2025\/03\/about-us-hero-house-of-diamant-1536x862.avif 1536w\" \/><span aria-hidden=\"true\" class=\"wp-block-cover__background has-background-dim\" style=\"background-color:#848687\"><\/span><div class=\"wp-block-cover__inner-container is-layout-constrained wp-block-cover-is-layout-constrained\"><div class=\"lazyblock-cover-text-2nxoOO wp-block-lazyblock-cover-text\"><div class=\"covertext container py-5 d-flex flex-column colorscheme-light justify-content-center\" id=\"covertext-2nxoOO\">\r\n  <div class=\"lazyblock-inner-blocks\">\n\n<h2 class=\"wp-block-heading\">Diamant<\/h2>\n\n\n\n<h3 class=\"wp-block-heading\">Le mouvement est notre point fixe<\/h3>\n\n<\/div>\r\n<\/div><\/div><\/div><\/div>\n\n\n<div class=\"lazyblock-nncontainer-11zmep wp-block-lazyblock-nncontainer\"><div class=\"section-standard\">\r\n  <div class=\"container\" id=\"container-11zmep\">\r\n    <div class=\"row\">\r\n      <div class=\"col py-4 py-lg-5\">\r\n        <div class=\"lazyblock-inner-blocks\">\n<div class=\"wp-bootstrap-blocks-row row\">\n\t\n\n<div class=\"col-12 col-md-6\">\n\t\t\t\n\n<h2 class=\"wp-block-heading has-text-align-right\">Bewegt seit 1885<\/h2>\n\n\t<\/div>\n\n\n\n<div class=\"col-12 col-md-6\">\n\t\t\t\n\n<p>Fond\u00e9 en 1885, Diamant est le plus ancien constructeur de cycles outre-Rhin. Mais aussi la seule marque de v\u00e9los majeure de l\u2019Est de l\u2019Allemagne. Nos v\u00e9los ouvrent l\u2019acc\u00e8s \u00e0 l\u2019\u00e9mancipation et au plein potentiel de chacun. \u00c0 la mobilit\u00e9. \u00c0 la d\u00e9couverte. \u00c0 l\u2019activit\u00e9. \u00c0 l\u2019\u00e9motion. \u00c0 la qualit\u00e9. \u00c0 la libert\u00e9.<\/p>\n\n\n\n<p>Le mouvement est notre constante. Nous ne cessons de nous mouvoir dans le temps, mais aussi de mouvoir le temps et l\u2019humain. Mouvoir l\u2019humain, c\u2019est \u00e9mouvoir. Mouvoir les choses, c\u2019est le changement. Mouvoir les pens\u00e9es, c\u2019est orienter.<\/p>\n\n\n\n<p>Et vous&nbsp;? Roulez. Bougez. Refl\u00e9tez le changement. Refl\u00e9tez l\u2019exception. Telle est la vocation de nos v\u00e9los. Des v\u00e9los sans autre recherche que celle de l\u2019excellence, dans un m\u00e9lange unique de fonctionnalit\u00e9, de raffinement, de pedigree et de progr\u00e8s. Et pour nous, l\u2019excellence, c\u2019est un peu comme une deuxi\u00e8me nature. Pas convaincu&nbsp;? Testez-nous&nbsp;!<\/p>\n\n\n\n<div class=\"wp-block-buttons is-content-justification-left is-layout-flex wp-container-core-buttons-is-layout-fdcfc74e wp-block-buttons-is-layout-flex\">\n<div class=\"wp-block-button mb-1\"><a role=\"button\" class=\"wp-block-button__link wp-element-button\" href=\"\/fr-FR\/?page_id=63146\">Pourquoi rouler sur Diamant<\/a><\/div>\n<\/div>\n\n\t<\/div>\n\n<\/div>\n\n<\/div>\r\n      <\/div>\r\n    <\/div>\r\n  <\/div>\r\n<\/div><\/div>\n\n\n<div class=\"wp-block-cover is-light\"><img data-dominant-color=\"b97f80\" data-has-transparency=\"false\" style=\"--dominant-color: #b97f80;\" loading=\"lazy\" decoding=\"async\" width=\"1620\" height=\"1080\" sizes=\"auto, (max-width: 1620px) 100vw, 1620px\" class=\"wp-block-cover__image-background wp-image-36273 size-full not-transparent\" alt=\"\" src=\"https:\/\/www.diamantrad.com\/wp-content\/uploads\/2025\/02\/aa41f2bf84a7f0e232bd45f9b6a7da38.avif\" data-object-fit=\"cover\" srcset=\"https:\/\/www.diamantrad.com\/wp-content\/uploads\/2025\/02\/aa41f2bf84a7f0e232bd45f9b6a7da38.avif 1620w, https:\/\/www.diamantrad.com\/wp-content\/uploads\/2025\/02\/aa41f2bf84a7f0e232bd45f9b6a7da38-300x200.avif 300w, https:\/\/www.diamantrad.com\/wp-content\/uploads\/2025\/02\/aa41f2bf84a7f0e232bd45f9b6a7da38-1024x683.avif 1024w, https:\/\/www.diamantrad.com\/wp-content\/uploads\/2025\/02\/aa41f2bf84a7f0e232bd45f9b6a7da38-768x512.avif 768w, https:\/\/www.diamantrad.com\/wp-content\/uploads\/2025\/02\/aa41f2bf84a7f0e232bd45f9b6a7da38-1536x1024.avif 1536w\" \/><span aria-hidden=\"true\" class=\"wp-block-cover__background has-background-dim-0 has-background-dim\" style=\"background-color:#c2c1c2\"><\/span><div class=\"wp-block-cover__inner-container is-layout-constrained wp-block-cover-is-layout-constrained\">\n<p class=\"has-text-align-center has-large-font-size\"><\/p>\n<\/div><\/div>\n\n\n<div class=\"lazyblock-nncontainer-GWka wp-block-lazyblock-nncontainer\"><div class=\"section-standard\">\r\n  <div class=\"container\" id=\"container-GWka\">\r\n    <div class=\"row\">\r\n      <div class=\"col py-4 py-lg-5\">\r\n        <div class=\"lazyblock-inner-blocks\">\n\n<h2 class=\"wp-block-heading\">Heartmade in Hartmannsdorf<\/h2>\n\n\n\n<p>Nos \u00e9quipes sont compos\u00e9es de plus de 400&nbsp;collaborateurs tout ce qu\u2019il y a de plus pragmatiques, et tous motiv\u00e9s par le but unique de vous faire rayonner en roulant avec Diamant.<\/p>\n\n\n\n<p>C\u2019est tout \u00e0 fait nous. Plus de 400&nbsp;collaborateurs tout ce qu\u2019il y a de plus pragmatiques s\u2019affairent dans un petit village \u00e0 deux pas de Chemnitz. Certains travaillent avec nous depuis plus de 40&nbsp;ans. D\u2019autres ne restent que sur une courte p\u00e9riode. \u00c0 vrai dire, nous ne sommes pas tous des cyclistes passionn\u00e9s. Mais nous sommes tous passionn\u00e9s \u00e0 l\u2019id\u00e9e de vous voir tomber amoureux de votre Diamant. L\u00e0 se trouve la source de notre satisfaction, de notre joie et de notre fiert\u00e9. Il faut dire qu\u2019au d\u00e9but du XXe&nbsp;si\u00e8cle Chemnitz \u00e9tait l\u2019\u00e9picentre de l\u2019industrie cycliste allemande. Aujourd\u2019hui, il ne reste que Diamant. Nous sommes les derniers repr\u00e9sentants de l\u2019h\u00e9ritage de notre berceau, h\u00e9ritage que nous ne cessons de le faire \u00e9voluer. Ainsi, m\u00eame si certains jours, ce n\u2019est qu\u2019un travail, nous nous identifions \u00e0 ce que nous faisons, et nos v\u00e9los sont nos ambassadeurs. Pour franchir ce pas subtil mais significatif entre le \u00ab&nbsp;fait \u00e0 la main&nbsp;\u00bb et le \u00ab&nbsp;fait avec le c\u0153ur&nbsp;\u00bb.<\/p>\n\n<\/div>\r\n      <\/div>\r\n    <\/div>\r\n  <\/div>\r\n<\/div><\/div>\n\n\n<div class=\"wp-block-cover is-light\"><img data-dominant-color=\"797c88\" data-has-transparency=\"false\" loading=\"lazy\" decoding=\"async\" width=\"2560\" height=\"1707\" sizes=\"auto, (max-width: 2560px) 100vw, 2560px\" class=\"wp-block-cover__image-background wp-image-55530 size-full not-transparent\" alt=\"\" src=\"https:\/\/www.diamantrad.com\/wp-content\/uploads\/2025\/03\/diamant-about-us-heartmade-in-hartmansdorf-scaled.avif\" style=\"--dominant-color: #797c88; object-position:52% 0%\" data-object-fit=\"cover\" data-object-position=\"52% 0%\" srcset=\"https:\/\/www.diamantrad.com\/wp-content\/uploads\/2025\/03\/diamant-about-us-heartmade-in-hartmansdorf-scaled.avif 2560w, https:\/\/www.diamantrad.com\/wp-content\/uploads\/2025\/03\/diamant-about-us-heartmade-in-hartmansdorf-300x200.avif 300w, https:\/\/www.diamantrad.com\/wp-content\/uploads\/2025\/03\/diamant-about-us-heartmade-in-hartmansdorf-1024x683.avif 1024w, https:\/\/www.diamantrad.com\/wp-content\/uploads\/2025\/03\/diamant-about-us-heartmade-in-hartmansdorf-768x512.avif 768w, https:\/\/www.diamantrad.com\/wp-content\/uploads\/2025\/03\/diamant-about-us-heartmade-in-hartmansdorf-1536x1024.avif 1536w, https:\/\/www.diamantrad.com\/wp-content\/uploads\/2025\/03\/diamant-about-us-heartmade-in-hartmansdorf-2048x1365.avif 2048w\" \/><span aria-hidden=\"true\" class=\"wp-block-cover__background has-background-dim-0 has-background-dim\"><\/span><div class=\"wp-block-cover__inner-container is-layout-constrained wp-block-cover-is-layout-constrained\">\n<p class=\"has-text-align-center has-large-font-size\"><\/p>\n<\/div><\/div>\n\n\n<div class=\"lazyblock-nncontainer-20KPQK wp-block-lazyblock-nncontainer\"><div class=\"section-standard\">\r\n  <div class=\"container\" id=\"container-20KPQK\">\r\n    <div class=\"row\">\r\n      <div class=\"col py-4 py-lg-5\">\r\n        <div class=\"lazyblock-inner-blocks\">\n\n<h2 class=\"wp-block-heading\">L\u2019Allemagne : ce pays froid au c\u0153ur chaud<\/h2>\n\n\n\n<p>Qualit\u00e9, technologie et ing\u00e9nierie sont autant de valeurs bien allemandes que nous ne saurions renier. Mais nous ajoutons notre note de chaleur humaine et d\u2019empathie pour parvenir \u00e0 l\u2019accomplissement qui nous motive&nbsp;: d\u00e9placer les personnes qui d\u00e9placent les choses.<\/p>\n\n\n\n<p>\u00ab&nbsp;Made in Germany&nbsp;\u00bb est synonyme de qualit\u00e9 et d\u2019expertise, ainsi que d\u2019excellence en mati\u00e8re d\u2019ing\u00e9nierie et de technologie. Bien s\u00fbr, Diamant veut \u00e9galement incarner ces valeurs. Pour nous, le mouvement est bien plus que le r\u00e9sultat d\u2019une construction froidement technique. Les v\u00e9los sont faits pour l\u2019humain, et l\u2019humain a des r\u00eaves. Faiblesse, maladie ou manque de confiance, l\u2019humain veut surmonter. Parvenir \u00e0 la libert\u00e9 et atteindre ses objectifs. Les caract\u00e9ristiques techniques doivent donc \u00eatre plus qu\u2019une fin en soi. Elles doivent avoir une raison d\u2019\u00eatre&nbsp;: mouvoir l\u2019humain pour mouvoir les choses.<\/p>\n\n<\/div>\r\n      <\/div>\r\n    <\/div>\r\n  <\/div>\r\n<\/div><\/div>\n\n\n<div class=\"wp-block-cover is-light\"><img data-dominant-color=\"95807d\" data-has-transparency=\"false\" loading=\"lazy\" decoding=\"async\" width=\"1620\" height=\"1080\" sizes=\"auto, (max-width: 1620px) 100vw, 1620px\" class=\"wp-block-cover__image-background wp-image-55680 size-full not-transparent\" alt=\"\" src=\"https:\/\/www.diamantrad.com\/wp-content\/uploads\/2025\/03\/diamant-about-us-felix.avif\" style=\"--dominant-color: #95807d; object-position:50% 86%\" data-object-fit=\"cover\" data-object-position=\"50% 86%\" srcset=\"https:\/\/www.diamantrad.com\/wp-content\/uploads\/2025\/03\/diamant-about-us-felix.avif 1620w, https:\/\/www.diamantrad.com\/wp-content\/uploads\/2025\/03\/diamant-about-us-felix-300x200.avif 300w, https:\/\/www.diamantrad.com\/wp-content\/uploads\/2025\/03\/diamant-about-us-felix-1024x683.avif 1024w, https:\/\/www.diamantrad.com\/wp-content\/uploads\/2025\/03\/diamant-about-us-felix-768x512.avif 768w, https:\/\/www.diamantrad.com\/wp-content\/uploads\/2025\/03\/diamant-about-us-felix-1536x1024.avif 1536w\" \/><span aria-hidden=\"true\" class=\"wp-block-cover__background has-background-dim-0 has-background-dim\" style=\"background-color:#a3a5a4\"><\/span><div class=\"wp-block-cover__inner-container is-layout-constrained wp-block-cover-is-layout-constrained\">\n<p class=\"has-text-align-center has-large-font-size\"><\/p>\n<\/div><\/div>\n\n\n<div class=\"lazyblock-nncontainer-E8J4g wp-block-lazyblock-nncontainer\"><div class=\"section-standard\">\r\n  <div class=\"container\" id=\"container-E8J4g\">\r\n    <div class=\"row\">\r\n      <div class=\"col py-4 py-lg-5\">\r\n        <div class=\"lazyblock-inner-blocks\">\n\n<h2 class=\"wp-block-heading\">Nous sommes le chaleureux visage d\u2019une autre Allemagne<\/h2>\n\n\n\n<p>Nous sommes enfants de la culture est-allemande. Notre biographie est une longue histoire de recherche de libert\u00e9. Nous ne pouvons pas changer le monde, mais nous pouvons apporter plus de confort dans le v\u00f4tre. Et \u00e7a n\u2019a pas besoin d\u2019\u00eatre ennuyeux.<\/p>\n\n\n\n<p>Notre histoire va au-del\u00e0 des \u00e9poques et des r\u00e9ussites. Nous sommes enfants de la culture est-allemande. Notre ADN refl\u00e8te l\u2019\u00e9ternelle et tout humaine qu\u00eate de libert\u00e9 et de vie meilleure dans un monde de vicissitudes. Nous avons fabriqu\u00e9 des v\u00e9los pour \u00e9largir l\u2019horizon de notre libert\u00e9 \u00e0 une \u00e9poque o\u00f9 elle s\u2019arr\u00eatait au pied du Mur.<\/p>\n\n\n\n<p>Nos fronti\u00e8res ne sont plus physiques, mais nous sommes toujours l\u00e0 pour les faire tomber. Pour adopter un point de vue diff\u00e9rent. Pour rompre avec les pr\u00e9jug\u00e9s. Pour nous remettre en mouvement. Et pour vous. Non, nous ne pouvons pas changer le monde. mais nous pouvons apporter plus de confort dans le v\u00f4tre. Et cela n\u2019a rien d\u2019ennuyeux.<\/p>\n\n<\/div>\r\n      <\/div>\r\n    <\/div>\r\n  <\/div>\r\n<\/div><\/div>\n\n\n<div class=\"wp-block-cover is-light\"><img data-dominant-color=\"8b7986\" data-has-transparency=\"false\" loading=\"lazy\" decoding=\"async\" width=\"1024\" height=\"683\" sizes=\"auto, (max-width: 1024px) 100vw, 1024px\" class=\"wp-block-cover__image-background wp-image-55546 size-large not-transparent\" alt=\"\" src=\"https:\/\/www.diamantrad.com\/wp-content\/uploads\/2025\/03\/DI_25_Mahon_Lifestyle_67I0858_72dpi-1024x683.avif\" style=\"--dominant-color: #8b7986; object-position:81% 62%\" data-object-fit=\"cover\" data-object-position=\"81% 62%\" srcset=\"https:\/\/www.diamantrad.com\/wp-content\/uploads\/2025\/03\/DI_25_Mahon_Lifestyle_67I0858_72dpi-1024x683.avif 1024w, https:\/\/www.diamantrad.com\/wp-content\/uploads\/2025\/03\/DI_25_Mahon_Lifestyle_67I0858_72dpi-300x200.avif 300w, https:\/\/www.diamantrad.com\/wp-content\/uploads\/2025\/03\/DI_25_Mahon_Lifestyle_67I0858_72dpi-768x512.avif 768w, https:\/\/www.diamantrad.com\/wp-content\/uploads\/2025\/03\/DI_25_Mahon_Lifestyle_67I0858_72dpi-1536x1024.avif 1536w, https:\/\/www.diamantrad.com\/wp-content\/uploads\/2025\/03\/DI_25_Mahon_Lifestyle_67I0858_72dpi.avif 1587w\" \/><span aria-hidden=\"true\" class=\"wp-block-cover__background has-background-dim-0 has-background-dim\" style=\"background-color:#978e83\"><\/span><div class=\"wp-block-cover__inner-container is-layout-constrained wp-block-cover-is-layout-constrained\">\n<p class=\"has-text-align-center has-large-font-size\"><\/p>\n<\/div><\/div>\n\n\n<div class=\"lazyblock-nncontainer-1VeDjm wp-block-lazyblock-nncontainer\"><div class=\"section-standard\">\r\n  <div class=\"container\" id=\"container-1VeDjm\">\r\n    <div class=\"row\">\r\n      <div class=\"col py-4 py-lg-5\">\r\n        <div class=\"lazyblock-inner-blocks\">\n\n<h2 class=\"wp-block-heading\">Une marque issue d\u2019un h\u00e9ritage, bien plus que l\u2019h\u00e9ritage d\u2019une marque<\/h2>\n\n\n\n<p>Notre marque est ancienne. Mais parler du pass\u00e9 n\u2019a aucune valeur si c\u2019est tout ce que vous avez. Si nous avons une histoire aujourd\u2019hui, c\u2019est parce que nous nous sommes toujours ancr\u00e9s dans la modernit\u00e9.<\/p>\n\n\n\n<p>Nous avons invent\u00e9 la cha\u00eene \u00e0 double rouleau, aujourd\u2019hui universelle. Les premiers cyclistes allemands \u00e0 porter le maillot jaune et \u00e0 acc\u00e9der au titre de Champion du monde roulaient en Diamant. Nous avons \u00e9galement fabriqu\u00e9 en s\u00e9rie le deuxi\u00e8me v\u00e9lo \u00e9lectrique moderne au d\u00e9but des ann\u00e9es&nbsp;1990. Mais l\u2019h\u00e9ritage est statique. Nous avons besoin de mouvement, et nous sommes bien plus qu\u2019une vieille marque, la valise pleine d\u2019anecdotes pass\u00e9es. Lorsque notre pass\u00e9 \u00e9tait encore notre pr\u00e9sent, nous avons entrepris de relever les d\u00e9fis de cette \u00e9poque. Nous sommes aussi jeunes qu\u2019anciens. Et le progr\u00e8s est notre h\u00e9ritage. Nous osons encore briser nos propres conventions.<\/p>\n\n\n\n<p>Nous sommes plus que l\u2019h\u00e9ritage d\u2019une marque. Nous sommes une marque avec un h\u00e9ritage.<\/p>\n\n\n\n<div class=\"wp-block-buttons is-content-justification-left is-layout-flex wp-container-core-buttons-is-layout-fdcfc74e wp-block-buttons-is-layout-flex\">\n<div class=\"wp-block-button\"><a role=\"button\" class=\"wp-block-button__link wp-element-button\" href=\"\/fr-FR\/?page_id=63151\">Notre histoire en detail<\/a><\/div>\n<\/div>\n\n<\/div>\r\n      <\/div>\r\n    <\/div>\r\n  <\/div>\r\n<\/div><\/div>","protected":false},"excerpt":{"rendered":"","protected":false},"author":3,"featured_media":0,"parent":0,"menu_order":0,"comment_status":"closed","ping_status":"closed","template":"","meta":{"_acf_changed":false,"slim_seo":{"title":"Diamant - Heartmade in Hartmannsdorf - V\u00e9los embl\u00e9matiques","description":"D\u00e9couvrez le c\u00f4t\u00e9 moderne et accessible de la plus ancienne marque de v\u00e9los allemande. Le mouvement est notre priorit\u00e9. La libert\u00e9 est notre objectif."},"footnotes":""},"class_list":["post-63122","page","type-page","status-publish","hentry"],"acf":[],"_links":{"self":[{"href":"https:\/\/www.diamantrad.com\/en-GB\/wp-json\/wp\/v2\/pages\/63122","targetHints":{"allow":["GET"]}}],"collection":[{"href":"https:\/\/www.diamantrad.com\/en-GB\/wp-json\/wp\/v2\/pages"}],"about":[{"href":"https:\/\/www.diamantrad.com\/en-GB\/wp-json\/wp\/v2\/types\/page"}],"author":[{"embeddable":true,"href":"https:\/\/www.diamantrad.com\/en-GB\/wp-json\/wp\/v2\/users\/3"}],"replies":[{"embeddable":true,"href":"https:\/\/www.diamantrad.com\/en-GB\/wp-json\/wp\/v2\/comments?post=63122"}],"version-history":[{"count":12,"href":"https:\/\/www.diamantrad.com\/en-GB\/wp-json\/wp\/v2\/pages\/63122\/revisions"}],"predecessor-version":[{"id":63529,"href":"https:\/\/www.diamantrad.com\/en-GB\/wp-json\/wp\/v2\/pages\/63122\/revisions\/63529"}],"wp:attachment":[{"href":"https:\/\/www.diamantrad.com\/en-GB\/wp-json\/wp\/v2\/media?parent=63122"}],"curies":[{"name":"wp","href":"https:\/\/api.w.org\/{rel}","templated":true}]}}