{"id":63406,"date":"2025-06-05T11:04:11","date_gmt":"2025-06-05T09:04:11","guid":{"rendered":"https:\/\/www.diamantrad.com\/?page_id=63406"},"modified":"2025-06-05T11:04:11","modified_gmt":"2025-06-05T09:04:11","slug":"warranty","status":"publish","type":"page","link":"https:\/\/www.diamantrad.com\/fr-FR\/warranty\/","title":{"rendered":"Garantie"},"content":{"rendered":"<div class=\"lazyblock-nncontainer-1sg3im wp-block-lazyblock-nncontainer\"><div class=\"section-secondary\">\r\n  <div class=\"container\" id=\"container-1sg3im\">\r\n    <div class=\"row\">\r\n      <div class=\"col py-4 py-lg-5\">\r\n        <div class=\"lazyblock-inner-blocks\">\n<div class=\"lazyblock-cover-text-ZtHcJA wp-block-lazyblock-cover-text\"><div class=\"covertext container py-5 d-flex flex-column colorscheme-light justify-content-center\" id=\"covertext-ZtHcJA\">\r\n  <div class=\"lazyblock-inner-blocks\">\n\n<h2 class=\"wp-block-heading\">Garantie<\/h2>\n\n<\/div>\r\n<\/div><\/div>\n<\/div>\r\n      <\/div>\r\n    <\/div>\r\n  <\/div>\r\n<\/div><\/div>\n\n<div class=\"lazyblock-nncontainer-1ccgYs wp-block-lazyblock-nncontainer\"><div class=\"section-standard\">\r\n  <div class=\"container\" id=\"container-1ccgYs\">\r\n    <div class=\"row\">\r\n      <div class=\"col py-4 py-lg-5\">\r\n        <div class=\"lazyblock-inner-blocks\">\n\n<p>Nous proposons une garantie \u00e0 vie \u00e0 partir de la date d\u2019achat pour les d\u00e9fauts mat\u00e9riels et de fabrication rencontr\u00e9s sur tous les cadres et fourches rigides Diamant. Pour tous les composants d\u2019origine, \u00e0 l\u2019exception des fourches t\u00e9lescopiques, Diamant propose une garantie de deux ans (ou la dur\u00e9e de garantie obligatoire) \u00e0 partir de la date d\u2019achat. Les fourches t\u00e9lescopiques sont soumises aux conditions de garantie de leurs fabricants. Pour la peinture et les stickers, nous proposons une garantie de deux ans.<\/p>\n\n\n\n<p>La garantie se limite express\u00e9ment \u00e0 la r\u00e9paration ou au remplacement de tout cadre, fourche ou composant d\u00e9fectueux. L\u2019accord d\u2019une r\u00e9paration, d\u2019un remplacement ou d\u2019un \u00e9change du produit \u00e0 titre gratuit ou \u00e0 prix r\u00e9duit est \u00e9mis \u00e0 la seule discr\u00e9tion de Diamant. La garantie s\u2019applique exclusivement \u00e0 l\u2019acheteur initial du v\u00e9lo et n\u2019est pas transf\u00e9rable pour les v\u00e9los Diamant achet\u00e9s avant juillet&nbsp;2019. Pour les v\u00e9los achet\u00e9s apr\u00e8s juillet&nbsp;2019, si le v\u00e9lo est revendu dans les trois premi\u00e8res ann\u00e9es apr\u00e8s l\u2019achat, nous proposons au nouveau propri\u00e9taire jusqu\u2019\u00e0 3&nbsp;ans de garantie \u00e0 partir de la date de l\u2019achat initial.<\/p>\n\n\n\n<p>Le contrat d\u2019achat est d\u00e9fini entre l\u2019acheteur et le revendeur. La garantie de Diamant intervient en compl\u00e9ment de la garantie revendeur obligatoire. Les r\u00e9clamations de garantie \u00e0 l\u2019intention de Diamant peuvent uniquement \u00eatre \u00e9mises aupr\u00e8s d\u2019un revendeur Diamant agr\u00e9\u00e9. Un justificatif de l\u2019achat initial est requis (facture ou autre document de vente dat\u00e9 et identifiant le v\u00e9lo Diamant par son num\u00e9ro de cadre).<\/p>\n\n\n\n<p>Pour en savoir plus sur le traitement des conditions de garantie, consultez notre <a href=\"\/fr-FR\/?page_id=63364\" title=\"\">FAQ<\/a>.<\/p>\n\n\n\n<p>La garantie exclut les dommages caus\u00e9s par l\u2019usure du v\u00e9lo en conditions d\u2019usage normal et les d\u00e9fauts, dysfonctionnements ou pannes r\u00e9sultant d\u2019un usage inadapt\u00e9 ou n\u00e9gligent, d\u2019une maintenance ou d\u2019un assemblage inad\u00e9quat, ainsi que de l\u2019installation de composants tiers. Diamant ne peut \u00eatre tenu responsable des dommages r\u00e9sultant d\u2019accidents ou d\u2019une manipulation inappropri\u00e9e. La garantie ne couvre pas les frais de main-d\u2019\u0153uvre inclus dans la r\u00e9paration ou le remplacement de composants. L\u2019usager assume le risque de blessure personnelle et de dommages mat\u00e9riels si le v\u00e9lo est utilis\u00e9 \u00e0 tout moment pour effectuer des cascades, rouler dans la boue ou r\u00e9aliser d\u2019autres activit\u00e9s similaires, non consid\u00e9r\u00e9es comme de l\u2019usage normal. Les dommages r\u00e9sultant de telles activit\u00e9s sont express\u00e9ment exclus des conditions de garantie.<\/p>\n\n\n\n<p>Ces conditions de garantie ne s\u2019appliquent pas aux v\u00e9los achet\u00e9s avant\u00a02012. Pour les v\u00e9los achet\u00e9s avant\u00a02012, notre service client se tient \u00e0 votre disposition via le <a href=\"\/fr-FR\/?page_id=63391\" title=\"\">formulaire de contact<\/a>. <a href=\"\/fr-FR\/?page_id=63156\" title=\"\">Le revendeur<\/a> peut \u00e9galement appliquer les conditions de garantie adapt\u00e9es.<\/p>\n\n\n\n<p>Cette garantie accorde aux clients des droits sp\u00e9cifiques, qui peuvent varier selon le pays d\u2019application. Les droits de garantie obligatoire des clients ne sont pas affect\u00e9s par cette garantie.<\/p>\n\n\n\n<p>Les informations d\u00e9taill\u00e9es sur nos produits, caract\u00e9ristiques techniques, mod\u00e8les, dimensions, performances et poids, sont fournies \u00e0 titre indicatif et non contraignantes, et ne constituent aucunement une assurance ni une offre contractuelle. Par ailleurs, les r\u00e9clamations envers Diamant pour tous dommages r\u00e9sultant d\u2019actes ill\u00e9gaux sont exclues dans la mesure autoris\u00e9e par la loi.<\/p>\n\n\n\n<p>Toutes les photos, illustrations, couleurs, valeurs de poids et caract\u00e9ristiques techniques sont bas\u00e9es sur les informations disponibles au moment de la publication. Diamant se r\u00e9serve le droit d\u2019apporter, \u00e0 tout moment et sans pr\u00e9avis, des modifications aux coloris, aux mat\u00e9riaux, \u00e0 l\u2019\u00e9quipement, aux caract\u00e9ristiques techniques et aux mod\u00e8les pr\u00e9sent\u00e9s. Les \u00e9ventuelles variations de nuance par rapport aux coloris pr\u00e9sent\u00e9s sont dues \u00e0 des facteurs techniques. Il se peut que les illustrations pr\u00e9sentent un \u00e9quipement indisponible \u00e0 la date de la consultation. Certains mod\u00e8les sont repr\u00e9sent\u00e9s avec des composants en option.<\/p>\n\n<\/div>\r\n      <\/div>\r\n    <\/div>\r\n  <\/div>\r\n<\/div><\/div>","protected":false},"excerpt":{"rendered":"","protected":false},"author":3,"featured_media":0,"parent":0,"menu_order":0,"comment_status":"closed","ping_status":"closed","template":"","meta":{"_acf_changed":false,"slim_seo":{"title":"Garantie Diamant - Plus de 40 ans pour les primo-acc\u00e9dants","description":"Garantie \u00e0 vie sur le cadre et la fourche. Renseignez-vous sur les conditions de garantie des motos Diamant. Fiable, transparent et \u00e9quitable. D\u00e9couvrez-en plus maintenant."},"footnotes":""},"class_list":["post-63406","page","type-page","status-publish","hentry"],"acf":[],"_links":{"self":[{"href":"https:\/\/www.diamantrad.com\/en-GB\/wp-json\/wp\/v2\/pages\/63406","targetHints":{"allow":["GET"]}}],"collection":[{"href":"https:\/\/www.diamantrad.com\/en-GB\/wp-json\/wp\/v2\/pages"}],"about":[{"href":"https:\/\/www.diamantrad.com\/en-GB\/wp-json\/wp\/v2\/types\/page"}],"author":[{"embeddable":true,"href":"https:\/\/www.diamantrad.com\/en-GB\/wp-json\/wp\/v2\/users\/3"}],"replies":[{"embeddable":true,"href":"https:\/\/www.diamantrad.com\/en-GB\/wp-json\/wp\/v2\/comments?post=63406"}],"version-history":[{"count":5,"href":"https:\/\/www.diamantrad.com\/en-GB\/wp-json\/wp\/v2\/pages\/63406\/revisions"}],"predecessor-version":[{"id":63490,"href":"https:\/\/www.diamantrad.com\/en-GB\/wp-json\/wp\/v2\/pages\/63406\/revisions\/63490"}],"wp:attachment":[{"href":"https:\/\/www.diamantrad.com\/en-GB\/wp-json\/wp\/v2\/media?parent=63406"}],"curies":[{"name":"wp","href":"https:\/\/api.w.org\/{rel}","templated":true}]}}