{"id":63442,"date":"2025-06-05T15:00:00","date_gmt":"2025-06-05T13:00:00","guid":{"rendered":"https:\/\/www.diamantrad.com\/?page_id=63442"},"modified":"2025-12-06T21:15:08","modified_gmt":"2025-12-06T20:15:08","slug":"manuals","status":"publish","type":"page","link":"https:\/\/www.diamantrad.com\/fr-FR\/manuals\/","title":{"rendered":"Manuals"},"content":{"rendered":"<div class=\"lazyblock-nncontainer-Z2rVcnO wp-block-lazyblock-nncontainer\"><div class=\"section-secondary\">\r\n  <div class=\"container\" id=\"container-Z2rVcnO\">\r\n    <div class=\"row\">\r\n      <div class=\"col py-4 py-lg-5\">\r\n        <div class=\"lazyblock-inner-blocks\">\n<div class=\"lazyblock-cover-text-2t1jAG wp-block-lazyblock-cover-text\"><div class=\"covertext container py-5 d-flex flex-column colorscheme-light justify-content-center\" id=\"covertext-2t1jAG\">\r\n  <div class=\"lazyblock-inner-blocks\">\n\n<h2 class=\"wp-block-heading\">Manuels<\/h2>\n\n<\/div>\r\n<\/div><\/div>\n<\/div>\r\n      <\/div>\r\n    <\/div>\r\n  <\/div>\r\n<\/div><\/div>\n\n<div class=\"lazyblock-nncontainer-29kcwo wp-block-lazyblock-nncontainer\"><div class=\"section-standard\">\r\n  <div class=\"container\" id=\"container-29kcwo\">\r\n    <div class=\"row\">\r\n      <div class=\"col py-4 py-lg-5\">\r\n        <div class=\"lazyblock-inner-blocks\">\n\n<p>Nos manuels contiennent des informations importantes sur nos v\u00e9los, notamment concernant le montage, les mesures de s\u00e9curit\u00e9 et les types d\u2019usages couverts par la garantie. Veuillez enregistrer une copie de votre manuel sur votre appareil et vous familiariser avec votre v\u00e9lo.<\/p>\n\n\n\n<p>Vous avez besoin du manuel correspondant \u00e0 l\u2019ann\u00e9e de construction du v\u00e9lo. L\u2019ann\u00e9e de construction peut \u00eatre diff\u00e9rente de celle de l\u2019achat. En cas d\u2019incertitude, veuillez contacter notre service client. <a href=\"\/fr-FR\/?page_id=63391\" title=\"Contact\">Notre service<\/a> sera en mesure d\u2019identifier l\u2019ann\u00e9e de construction de votre v\u00e9lo \u00e0 partir de son num\u00e9ro de s\u00e9rie. Le num\u00e9ro de s\u00e9rie du v\u00e9lo se trouve sur une \u00e9tiquette appos\u00e9e sur le tube diagonal. Il commence par \u00ab&nbsp;WTU&nbsp;\u00bb.<\/p>\n\n\n\n<div class=\"wp-block-cover is-light pb-5\"><img data-dominant-color=\"757885\" data-has-transparency=\"false\" style=\"--dominant-color: #757885;\" loading=\"lazy\" decoding=\"async\" width=\"1024\" height=\"427\" sizes=\"auto, (max-width: 1024px) 100vw, 1024px\" class=\"wp-block-cover__image-background wp-image-28335 size-large not-transparent\" alt=\"Header radregistrierung wtu nummer\" src=\"https:\/\/www.diamantrad.com\/wp-content\/uploads\/2023\/06\/Header_Radregistrierung_WTU-Nummer-1024x427.jpg\" data-object-fit=\"cover\" srcset=\"https:\/\/www.diamantrad.com\/wp-content\/uploads\/2023\/06\/Header_Radregistrierung_WTU-Nummer-1024x427.jpg 1024w, https:\/\/www.diamantrad.com\/wp-content\/uploads\/2023\/06\/Header_Radregistrierung_WTU-Nummer-300x125.jpg 300w, https:\/\/www.diamantrad.com\/wp-content\/uploads\/2023\/06\/Header_Radregistrierung_WTU-Nummer-768x320.jpg 768w, https:\/\/www.diamantrad.com\/wp-content\/uploads\/2023\/06\/Header_Radregistrierung_WTU-Nummer-1536x640.jpg 1536w, https:\/\/www.diamantrad.com\/wp-content\/uploads\/2023\/06\/Header_Radregistrierung_WTU-Nummer.avif 1920w\" \/><span aria-hidden=\"true\" class=\"wp-block-cover__background has-background-dim\" style=\"background-color:#867f79\"><\/span><div class=\"wp-block-cover__inner-container is-layout-constrained wp-block-cover-is-layout-constrained\">\n<p class=\"has-text-align-center has-large-font-size\"><\/p>\n<\/div><\/div>\n\n\n\n<p><\/p>\n\n\n<div class=\"lazyblock-accordion-o5lBy wp-block-lazyblock-accordion\"><div id=\"accordion-o5lBy\" class=\"accordion accordion-flush mb-5\">  \r\n    <div class=\"accordion-item\">\r\n      <h2 class=\"mb-0 accordion-header\" id=\"heading-o5lBy-0\">\r\n        <button class=\"accordion-button collapsed\" type=\"button\" data-bs-toggle=\"collapse\" data-bs-target=\"#collapse-o5lBy-0\" aria-expanded=\"false\" aria-controls=\"collapse-o5lBy-0\">\r\n          Guide de l\u2019utilisateur et manuel du propri\u00e9taire (2025)\r\n        <\/button>\r\n      <\/h2>\r\n      <div id=\"collapse-o5lBy-0\" class=\"accordion-collapse collapse\" aria-labelledby=\"heading-o5lBy-0\" data-bs-parent=\"#accordion-o5lBy\">\r\n        <div class=\"accordion-body\"><p>Ce manuel contient des informations importantes concernant votre v\u00e9lo, sa pr\u00e9paration, les mesures de s\u00e9curit\u00e9 \u00e0 prendre et les usages couverts par la garantie.<\/p>\n<p>&nbsp;<\/p>\n<p><a href=\"https:\/\/www.diamantrad.com\/wp-content\/uploads\/2025\/09\/DIAMANT_2026_ORIGINALE_INSTRUKTIONER_DA_online.pdf\">Diamant Owner&#8217;s manual Dansk<\/a><a href=\"https:\/\/www.diamantrad.com\/wp-content\/uploads\/2025\/01\/DIAMANT_2025_ORIGINALBETRIEBSANLEITUNG_DE_DE_online.pdf\"><br \/><\/a><a href=\"https:\/\/www.diamantrad.com\/wp-content\/uploads\/2025\/09\/DIAMANT_2026_ORIGINALBETRIEBSANLEITUNG_DE_online.pdf\">Diamant Owner&#8217;s manual Deutsch<\/a><a href=\"https:\/\/www.diamantrad.com\/wp-content\/uploads\/2025\/01\/DIAMANT_2025_ORIGINALBETRIEBSANLEITUNG_DE_DE_online.pdf\"><br \/><\/a><a href=\"https:\/\/www.diamantrad.com\/wp-content\/uploads\/2025\/09\/DIAMANT_2026_OWNERS_MANUAL_EN_online.pdf\">Diamant Owner&#8217;s manual English<\/a><a href=\"https:\/\/www.diamantrad.com\/wp-content\/uploads\/2025\/01\/DIAMANT_2025_ORIGINALBETRIEBSANLEITUNG_DE_DE_online.pdf\"><br \/><\/a><a href=\"https:\/\/www.diamantrad.com\/wp-content\/uploads\/2025\/09\/DIAMANT_2026_MANUEL_DU_PROPRIETAIRE_FR_online.pdf\">Diamant Owner&#8217;s manual Francais<\/a><a href=\"https:\/\/www.diamantrad.com\/wp-content\/uploads\/2025\/01\/DIAMANT_2025_ORIGINALBETRIEBSANLEITUNG_DE_DE_online.pdf\"><br \/><\/a><a href=\"https:\/\/www.diamantrad.com\/wp-content\/uploads\/2025\/09\/DIAMANT_2026_MANUAL_UTENTE_IT_online.pdf\">Diamant Owner&#8217;s manual Italiano<\/a><br \/><a href=\"https:\/\/www.diamantrad.com\/wp-content\/uploads\/2025\/09\/DIAMANT_2026_BEDIENINGSHANDLEIDING_NL_online-1.pdf\">Diamant Owner&#8217;s manual Nederlands<\/a><a href=\"https:\/\/www.diamantrad.com\/wp-content\/uploads\/2025\/01\/DIAMANT_2025_ORIGINALBETRIEBSANLEITUNG_DE_DE_online.pdf\"><br \/><\/a><a href=\"https:\/\/www.diamantrad.com\/wp-content\/uploads\/2025\/09\/DIAMANT_2026_INSTRUKCJA-OBSLUGI_PL_online.pdf\">Diamant Owner&#8217;s manual Polski<\/a><a href=\"https:\/\/www.diamantrad.com\/wp-content\/uploads\/2025\/01\/DIAMANT_2025_ORIGINALBETRIEBSANLEITUNG_DE_DE_online.pdf\"><br \/><\/a><a href=\"https:\/\/www.diamantrad.com\/wp-content\/uploads\/2025\/09\/DIAMANT_2026_OMISTAJAN_KAeSIKIRJA_FI_online.pdf\">Diamant Owner&#8217;s manual Suomi<\/a><br \/><a href=\"https:\/\/www.diamantrad.com\/wp-content\/uploads\/2025\/09\/DIAMANT_2026_CYKELHANDBOK_SV_online-1.pdf\">Diamant Owner&#8217;s manual Sverige<\/a><\/p><\/div>\r\n      <\/div>\r\n    <\/div>\r\n    <div class=\"accordion-item\">\r\n      <h2 class=\"mb-0 accordion-header\" id=\"heading-o5lBy-1\">\r\n        <button class=\"accordion-button collapsed\" type=\"button\" data-bs-toggle=\"collapse\" data-bs-target=\"#collapse-o5lBy-1\" aria-expanded=\"false\" aria-controls=\"collapse-o5lBy-1\">\r\n          Guide de l\u2019utilisateur et manuel du propri\u00e9taire (2024)\r\n        <\/button>\r\n      <\/h2>\r\n      <div id=\"collapse-o5lBy-1\" class=\"accordion-collapse collapse\" aria-labelledby=\"heading-o5lBy-1\" data-bs-parent=\"#accordion-o5lBy\">\r\n        <div class=\"accordion-body\"><p>Ce manuel contient des informations importantes concernant votre v\u00e9lo, sa pr\u00e9paration, les mesures de s\u00e9curit\u00e9 \u00e0 prendre et les usages couverts par la garantie.<\/p>\n<p><a href=\"https:\/\/www.diamantrad.com\/wp-content\/uploads\/2024\/01\/DIAMANT_2024_ORIGINALBETRIEBSANLEITUNG_DE_DE_online.pdf\" target=\"_blank\" rel=\"noreferrer noopener\" aria-label=\"Opens external link in a new tab\">Diamant Owner&#8217;s manual Deutsch<\/a><br \/><a href=\"https:\/\/www.diamantrad.com\/wp-content\/uploads\/2024\/01\/DIAMANT_2024_MANUEL_DU_PROPRIETAIRE_FR-FR._online.pdf\" target=\"_blank\" rel=\"noreferrer noopener\" aria-label=\"Opens external link in a new tab\">Diamant Owner&#8217;s manual Francais<\/a><br \/><a href=\"https:\/\/www.diamantrad.com\/wp-content\/uploads\/2024\/01\/DIAMANT_2024_MANUAL_UTENTE_IT-IT_online.pdf\">Diamant Owner&#8217;s manual Italiano<\/a><br \/><a href=\"https:\/\/www.diamantrad.com\/wp-content\/uploads\/2024\/01\/DIAMANT_2024_INSTRUKCJA_OBSLUGI_PL_PL_online.pdf\" target=\"_blank\" rel=\"noreferrer noopener\" aria-label=\"Opens external link in a new tab\">Diamant Owner&#8217;s manual Polski<\/a><br \/><a href=\"https:\/\/www.diamantrad.com\/wp-content\/uploads\/2024\/01\/DIAMANT_2024_Owners_Manual_EN_EN_online.pdf\" target=\"_blank\" rel=\"noreferrer noopener\" aria-label=\"Opens external link in a new tab\">Diamant Owner&#8217;s manual English<\/a><\/p><\/div>\r\n      <\/div>\r\n    <\/div>\r\n    <div class=\"accordion-item\">\r\n      <h2 class=\"mb-0 accordion-header\" id=\"heading-o5lBy-2\">\r\n        <button class=\"accordion-button collapsed\" type=\"button\" data-bs-toggle=\"collapse\" data-bs-target=\"#collapse-o5lBy-2\" aria-expanded=\"false\" aria-controls=\"collapse-o5lBy-2\">\r\n          Guide de l\u2019utilisateur et manuel du propri\u00e9taire (2023)\r\n        <\/button>\r\n      <\/h2>\r\n      <div id=\"collapse-o5lBy-2\" class=\"accordion-collapse collapse\" aria-labelledby=\"heading-o5lBy-2\" data-bs-parent=\"#accordion-o5lBy\">\r\n        <div class=\"accordion-body\"><p>Ce manuel contient des informations importantes concernant votre v\u00e9lo, sa pr\u00e9paration, les mesures de s\u00e9curit\u00e9 \u00e0 prendre et les usages couverts par la garantie.<\/p>\n<p><a href=\"https:\/\/www.diamantrad.com\/wp-content\/uploads\/2023\/02\/DIAMANT_2023_ORIGINALBETRIEBSANLEITUNG_DE_REV4_online.pdf\" target=\"_blank\" rel=\"noreferrer noopener\" aria-label=\"Opens external link in a new tab\">Diamant Owner&#8217;s manual Deutsch<\/a><br \/><a href=\"https:\/\/www.diamantrad.com\/wp-content\/uploads\/2023\/02\/DIAMANT_2023_MANUEL_DU_PROPRIETAIRE_FR_REV4_online.pdf\" target=\"_blank\" rel=\"noreferrer noopener\" aria-label=\"Opens external link in a new tab\">Diamant Owner&#8217;s manual Francais<\/a><br \/><a href=\"https:\/\/www.diamantrad.com\/wp-content\/uploads\/2021\/11\/DIAMANT_2020_2021_MANUAL_UTENTE_IT_REV3_online.pdf\">Diamant Owner&#8217;s manual Italiano<\/a><br \/><a href=\"https:\/\/www.diamantrad.com\/wp-content\/uploads\/2021\/11\/DIAMANT_2020_2021_INSTRUKCJA-OBSLUGI_PL_REV3_online.pdf\" target=\"_blank\" rel=\"noreferrer noopener\" aria-label=\"Opens external link in a new tab\">Diamant Owner&#8217;s manual Polski<\/a><br \/><a href=\"https:\/\/www.diamantrad.com\/wp-content\/uploads\/2023\/02\/DIAMANT_2023_OWNERS_MANUAL_EN_REV4_online.pdf\" target=\"_blank\" rel=\"noreferrer noopener\" aria-label=\"Opens external link in a new tab\">Diamant Owner&#8217;s manual English<\/a><\/p><\/div>\r\n      <\/div>\r\n    <\/div>\r\n    <div class=\"accordion-item\">\r\n      <h2 class=\"mb-0 accordion-header\" id=\"heading-o5lBy-3\">\r\n        <button class=\"accordion-button collapsed\" type=\"button\" data-bs-toggle=\"collapse\" data-bs-target=\"#collapse-o5lBy-3\" aria-expanded=\"false\" aria-controls=\"collapse-o5lBy-3\">\r\n          Syst\u00e8mes Bosch : Guide de d\u00e9marrage rapide pour VAE (2023 et plus jeunes)\r\n        <\/button>\r\n      <\/h2>\r\n      <div id=\"collapse-o5lBy-3\" class=\"accordion-collapse collapse\" aria-labelledby=\"heading-o5lBy-3\" data-bs-parent=\"#accordion-o5lBy\">\r\n        <div class=\"accordion-body\"><p>Pour les VAE \u00e9quip\u00e9s d\u2019un moteur Bosch, veuillez aussi consulter le Guide de d\u00e9marrage rapide officiel du moteur.<\/p>\n<p>&nbsp;<\/p>\n<p><a href=\"https:\/\/www.diamantrad.com\/wp-content\/uploads\/2025\/09\/Bosch_QSG_LEDRemotePurion200_5315838-5315839_DA-DK_2023-06-14.pdf\">Bosch Systems E-Bike Quick Start Guide &#8211; LED Remote &amp; Purion 200 &#8211; DA<\/a><br \/><a href=\"https:\/\/www.diamantrad.com\/wp-content\/uploads\/2025\/09\/QSG_LEDRem_Kiox300-500_Int100_5315840-5315841_DA.pdf\">Bosch Systems E-Bike Quick Start Guide &#8211; LED Remote &amp; Kiox 300-500 &amp; Intuvia 100 &#8211; DA<\/a><\/p>\n<p><a href=\"https:\/\/www.diamantrad.com\/wp-content\/uploads\/2025\/10\/Bosch_QSG_LEDRemotePurion200_5315838-5315839_DE-DE_2023-06-13.pdf\">Bosch Systems E-Bike Quick Start Guide &#8211; LED Remote &amp; Purion 200 &#8211; DE<\/a><br \/><a href=\"https:\/\/www.diamantrad.com\/wp-content\/uploads\/2025\/10\/Bosch_QSG_LEDRemoteKiox300Kiox500Intuvia100_5315840-5315841_DE-DE_2023-06-13.pdf\">Bosch Systems E-Bike Quick Start Guide &#8211; LED Remote &amp; Kiox 300-500 &amp; Intuvia 100 &#8211; DE<\/a><\/p>\n<p><a href=\"https:\/\/www.diamantrad.com\/wp-content\/uploads\/2025\/10\/Bosch_QSG_LEDRemotePurion200_5315838-5315839_EN-GB_2023-06-13.pdf\">Bosch Systems E-Bike Quick Start Guide &#8211; LED Remote &amp; Purion 200 &#8211; EN<\/a><br \/><a href=\"https:\/\/www.diamantrad.com\/wp-content\/uploads\/2025\/10\/Bosch_QSG_LEDRemoteKiox300Kiox500Intuvia100_5315840-5315841_EN-GB_2023-06-13.pdf\">Bosch Systems E-Bike Quick Start Guide &#8211; LED Remote &amp; Kiox 300-500 &amp; Intuvia 100 &#8211; EN<\/a><\/p>\n<p><a href=\"https:\/\/www.diamantrad.com\/wp-content\/uploads\/2025\/09\/Bosch_QSG_LEDRemotePurion200_5315838-5315839_FI-FI_2023-06-13.pdf\">Bosch Systems E-Bike Quick Start Guide &#8211; LED Remote &amp; Purion 200 &#8211; FI<\/a><br \/><a href=\"https:\/\/www.diamantrad.com\/wp-content\/uploads\/2025\/09\/QSG_LEDRem_Kiox300-500_Int100_5315840-5315841_FI.pdf\">Bosch Systems E-Bike Quick Start Guide &#8211; LED Remote &amp; Kiox 300-500 &amp; Intuvia 100 &#8211; FI<\/a><\/p>\n<p><a href=\"https:\/\/www.diamantrad.com\/wp-content\/uploads\/2025\/10\/Bosch_QSG_LEDRemotePurion200_5315838-5315839_FR-FR_2023-06-13.pdf\">Bosch Systems E-Bike Quick Start Guide &#8211; LED Remote &amp; Purion 200 &#8211; FR<\/a><br \/><a href=\"https:\/\/www.diamantrad.com\/wp-content\/uploads\/2025\/10\/Bosch_QSG_LEDRemoteKiox300Kiox500Intuvia100_5315840-5315841_FR-FR_2023-06-13.pdf\">Bosch Systems E-Bike Quick Start Guide &#8211; LED Remote &amp; Kiox 300-500 &amp; Intuvia 100 &#8211; FR<\/a><\/p>\n<p><a href=\"https:\/\/www.diamantrad.com\/wp-content\/uploads\/2025\/10\/Bosch_QSG_LEDRemotePurion200_5315838-5315839_IT-IT_2023-06-13.pdf\">Bosch Systems E-Bike Quick Start Guide &#8211; LED Remote &amp; Purion 200 &#8211; IT<\/a><br \/><a href=\"https:\/\/www.diamantrad.com\/wp-content\/uploads\/2025\/10\/Bosch_QSG_LEDRemoteKiox300Kiox500Intuvia100_5315840-5315841_IT-IT_2023-06-13.pdf\">Bosch Systems E-Bike Quick Start Guide &#8211; LED Remote &amp; Kiox 300-500 &amp; Intuvia 100 &#8211; IT<\/a><\/p>\n<p><a href=\"https:\/\/www.diamantrad.com\/wp-content\/uploads\/2025\/10\/Bosch_QSG_LEDRemotePurion200_5315838-5315839_NL-BE_2023-06-13.pdf\">Bosch Systems E-Bike Quick Start Guide &#8211; LED Remote &amp; Purion 200 &#8211; NL<\/a><br \/><a href=\"https:\/\/www.diamantrad.com\/wp-content\/uploads\/2025\/10\/Bosch_QSG_LEDRemoteKiox300Kiox500Intuvia100_5315840-5315841_NL-BE_2023-06-13.pdf\">Bosch Systems E-Bike Quick Start Guide &#8211; LED Remote &amp; Kiox 300-500 &amp; Intuvia 100 &#8211; NL<\/a><\/p>\n<p><a href=\"https:\/\/www.diamantrad.com\/wp-content\/uploads\/2025\/10\/Bosch_QSG_LEDRemotePurion200_5315838-5315839_PL-PL_2023-06-13.pdf\">Bosch Systems E-Bike Quick Start Guide &#8211; LED Remote &amp; Purion 200 &#8211; PL<\/a><br \/><a href=\"https:\/\/www.diamantrad.com\/wp-content\/uploads\/2025\/10\/Bosch_QSG_LEDRemoteKiox300Kiox500Intuvia100_5315840-5315841_PL-PL_2023-06-13.pdf\">Bosch Systems E-Bike Quick Start Guide &#8211; LED Remote &amp; Kiox 300-500 &amp; Intuvia 100 &#8211; PL<\/a><\/p>\n<p><a href=\"https:\/\/www.diamantrad.com\/wp-content\/uploads\/2025\/09\/Bosch_QSG_LEDRemotePurion200_5315838-5315839_SV-SE_2023-06-14.pdf\">Bosch Systems E-Bike Quick Start Guide &#8211; LED Remote &amp; Purion 200 &#8211; SE<\/a><br \/><a href=\"https:\/\/www.diamantrad.com\/wp-content\/uploads\/2025\/09\/QSG_LEDRem_Kiox300-500_Int100_5315840-5315841_SV.pdf\">Bosch Systems E-Bike Quick Start Guide &#8211; LED Remote &amp; Kiox 300-500 &amp; Intuvia 100 &#8211; SE<\/a><\/p><\/div>\r\n      <\/div>\r\n    <\/div>\r\n    <div class=\"accordion-item\">\r\n      <h2 class=\"mb-0 accordion-header\" id=\"heading-o5lBy-4\">\r\n        <button class=\"accordion-button collapsed\" type=\"button\" data-bs-toggle=\"collapse\" data-bs-target=\"#collapse-o5lBy-4\" aria-expanded=\"false\" aria-controls=\"collapse-o5lBy-4\">\r\n          Syst\u00e8mes Bosch: guide de l&#8217;utilisateur et manuel du propri\u00e9taire (2025)\r\n        <\/button>\r\n      <\/h2>\r\n      <div id=\"collapse-o5lBy-4\" class=\"accordion-collapse collapse\" aria-labelledby=\"heading-o5lBy-4\" data-bs-parent=\"#accordion-o5lBy\">\r\n        <div class=\"accordion-body\"><p>Ce manuel explique de mani\u00e8re exhaustive l&#8217;ensemble du syst\u00e8me Bosch Smart pour votre v\u00e9lo \u00e9lectrique Diamant.<\/p>\n<p><a href=\"https:\/\/www.diamantrad.com\/wp-content\/uploads\/2025\/09\/DT26_Bosch_The_Smart_System_DA_25-45kmh_Rev1_Sept_2025_online_small.pdf\">Bosch &#8211; The Smart System &#8211; 25 &amp; 45 km\/h &#8211; Comprehensive Manual &#8211; DA<\/a><br \/><a href=\"https:\/\/www.diamantrad.com\/wp-content\/uploads\/2025\/09\/DT26_Bosch_The_Smart_System_DE_25_45kmh_Rev1_Sept_2025_online_small.pdf\">Bosch &#8211; The Smart System &#8211; 25 &amp; 45 km\/h &#8211; Comprehensive Manual &#8211; DE<\/a><br \/><a href=\"https:\/\/www.diamantrad.com\/wp-content\/uploads\/2025\/09\/DT26_Bosch_The_Smart_System_EN_25_45kmh_Rev1_Sept_2025_online_small.pdf\">Bosch &#8211; The Smart System &#8211; 25 &amp; 45 km\/h &#8211; Comprehensive Manual &#8211; EN<\/a><br \/><a href=\"https:\/\/www.diamantrad.com\/wp-content\/uploads\/2025\/09\/DT26_Bosch_The_Smart_System_FI_25-45kmh_Rev1_Sept_2025_online_small.pdf\">Bosch &#8211; The Smart System &#8211; 25 &amp; 45 km\/h &#8211; Comprehensive Manual &#8211; FI<\/a><br \/><a href=\"https:\/\/www.diamantrad.com\/wp-content\/uploads\/2025\/09\/DT26_Bosch_The_Smart_System_FR_25_45kmh_Rev1_Sept_2025_online_small.pdf\">Bosch &#8211; The Smart System &#8211; 25 &amp; 45 km\/h &#8211; Comprehensive Manual &#8211; FR<\/a><br \/><a href=\"https:\/\/www.diamantrad.com\/wp-content\/uploads\/2025\/09\/DT26_Bosch_The_Smart_System_IT_25-45kmh_Rev1_Sept-2025_online_small.pdf\">Bosch &#8211; The Smart System &#8211; 25 &amp; 45 km\/h &#8211; Comprehensive Manual &#8211; IT<\/a><br \/><a href=\"https:\/\/www.diamantrad.com\/wp-content\/uploads\/2025\/09\/DT26_Bosch_The_Smart_System_NL_25_45kmh_Rev1_Sept_2025_online_small.pdf\">Bosch &#8211; The Smart System &#8211; 25 &amp; 45 km\/h &#8211; Comprehensive Manual &#8211; NL<\/a><br \/><a href=\"https:\/\/www.diamantrad.com\/wp-content\/uploads\/2025\/09\/DT26_Bosch_The_Smart_System_PL_25-45kmh_Rev1_Sept_2025_online_small.pdf\">Bosch &#8211; The Smart System &#8211; 25 &amp; 45 km\/h &#8211; Comprehensive Manual &#8211; PL<\/a><br \/><a href=\"https:\/\/www.diamantrad.com\/wp-content\/uploads\/2025\/09\/DT26_Bosch_The_Smart_System_SV_25-45kmh_Rev1_Sept-2025_online_small.pdf\">Bosch &#8211; The Smart System &#8211; 25 &amp; 45 km\/h &#8211; Comprehensive Manual &#8211; SV<\/a><\/p><\/div>\r\n      <\/div>\r\n    <\/div>\r\n<\/div><\/div>\n\n\n<h2 class=\"wp-block-heading\">Manuels d&#8217;entretien (\u00e0 partir de l&#8217;ann\u00e9e mod\u00e8le 2025)<\/h2>\n\n\n\n<p>Ces manuels contiennent des vues \u00e9clat\u00e9es, les sp\u00e9cifications, les instructions, les r\u00e9f\u00e9rences des pi\u00e8ces et des conseils d&#8217;entretien utiles destin\u00e9s aux centres de service agr\u00e9\u00e9s. Ils ne couvrent pas tous les composants, mais uniquement ceux pour lesquels des instructions sp\u00e9cifiques au mod\u00e8le sont requises.<\/p>\n\n\n<div class=\"lazyblock-accordion-Z2G54c wp-block-lazyblock-accordion\"><div id=\"accordion-Z2G54c\" class=\"accordion accordion-flush mb-5\">  \r\n    <div class=\"accordion-item\">\r\n      <h2 class=\"mb-0 accordion-header\" id=\"heading-Z2G54c-0\">\r\n        <button class=\"accordion-button collapsed\" type=\"button\" data-bs-toggle=\"collapse\" data-bs-target=\"#collapse-Z2G54c-0\" aria-expanded=\"false\" aria-controls=\"collapse-Z2G54c-0\">\r\n          Diamant Mahon &amp; Nhoma\r\n        <\/button>\r\n      <\/h2>\r\n      <div id=\"collapse-Z2G54c-0\" class=\"accordion-collapse collapse\" aria-labelledby=\"heading-Z2G54c-0\" data-bs-parent=\"#accordion-Z2G54c\">\r\n        <div class=\"accordion-body\"><p><a href=\"https:\/\/www.diamantrad.com\/wp-content\/uploads\/2025\/12\/Mahon-Nhoma_2025_ServiceManual_DE-DE_2025-4-25.pdf\">Diamant Mahon &amp; Nhoma &#8211; Service Manual &#8211; DE<\/a><br \/><a href=\"https:\/\/www.diamantrad.com\/wp-content\/uploads\/2025\/12\/Mahon-Nhoma_2025_ServiceManual_EN-US_2025-4-25.pdf\">Diamant Mahon &amp; Nhoma &#8211; Service Manual &#8211; EN<\/a><br \/><a href=\"https:\/\/www.diamantrad.com\/wp-content\/uploads\/2025\/12\/Mahon-Nhoma_2025_ServiceManual_FR-FR_2025-4-25.pdf\">Diamant Mahon &amp; Nhoma &#8211; Service Manual &#8211; FR<\/a><br \/><a href=\"https:\/\/www.diamantrad.com\/wp-content\/uploads\/2025\/12\/Mahon-Nhoma_2025_ServiceManual_NL-NL_2025-4-25.pdf\">Diamant Mahon &amp; Nhoma &#8211; Service Manual &#8211; NL<\/a><br \/><a href=\"https:\/\/www.diamantrad.com\/wp-content\/uploads\/2025\/12\/Mahon-Nhoma_2025_ServiceManual_PL-PL_2025-4-25.pdf\">Diamant Mahon &amp; Nhoma &#8211; Service Manual &#8211; PL<\/a><\/p><\/div>\r\n      <\/div>\r\n    <\/div>\r\n    <div class=\"accordion-item\">\r\n      <h2 class=\"mb-0 accordion-header\" id=\"heading-Z2G54c-1\">\r\n        <button class=\"accordion-button collapsed\" type=\"button\" data-bs-toggle=\"collapse\" data-bs-target=\"#collapse-Z2G54c-1\" aria-expanded=\"false\" aria-controls=\"collapse-Z2G54c-1\">\r\n          Diamant Suvea\r\n        <\/button>\r\n      <\/h2>\r\n      <div id=\"collapse-Z2G54c-1\" class=\"accordion-collapse collapse\" aria-labelledby=\"heading-Z2G54c-1\" data-bs-parent=\"#accordion-Z2G54c\">\r\n        <div class=\"accordion-body\"><p><a href=\"https:\/\/www.diamantrad.com\/wp-content\/uploads\/2025\/12\/Suvea_2025_ServiceManual_DE-DE_2025-8-29.pdf\">Diamant Suvea &#8211; Service Manual &#8211; DE<\/a><br \/><a href=\"https:\/\/www.diamantrad.com\/wp-content\/uploads\/2025\/12\/Suvea_2025_ServiceManual_EN-GB_2025-8-29.pdf\">Diamant Suvea &#8211; Service Manual &#8211; EN<\/a><br \/><a href=\"https:\/\/www.diamantrad.com\/wp-content\/uploads\/2025\/12\/Suvea_2025_ServiceManual_FR-FR_2025-8-29.pdf\">Diamant Suvea &#8211; Service Manual &#8211; FR<\/a><br \/><a href=\"https:\/\/www.diamantrad.com\/wp-content\/uploads\/2025\/12\/Suvea_2025_ServiceManual_NL-NL_2025-8-29.pdf\">Diamant Suvea &#8211; Service Manual &#8211; NL<\/a><br \/><a href=\"https:\/\/www.diamantrad.com\/wp-content\/uploads\/2025\/12\/Suvea_2025_ServiceManual_PL-PL_2025-8-29.pdf\">Diamant Suvea &#8211; Service Manual &#8211; PL<\/a><\/p><\/div>\r\n      <\/div>\r\n    <\/div>\r\n    <div class=\"accordion-item\">\r\n      <h2 class=\"mb-0 accordion-header\" id=\"heading-Z2G54c-2\">\r\n        <button class=\"accordion-button collapsed\" type=\"button\" data-bs-toggle=\"collapse\" data-bs-target=\"#collapse-Z2G54c-2\" aria-expanded=\"false\" aria-controls=\"collapse-Z2G54c-2\">\r\n          Diamant Zing\r\n        <\/button>\r\n      <\/h2>\r\n      <div id=\"collapse-Z2G54c-2\" class=\"accordion-collapse collapse\" aria-labelledby=\"heading-Z2G54c-2\" data-bs-parent=\"#accordion-Z2G54c\">\r\n        <div class=\"accordion-body\"><p><a href=\"https:\/\/www.diamantrad.com\/wp-content\/uploads\/2025\/12\/ZingLightweight_Gen3_ServiceManual_DA-DK_2025-7-8.pdf\">Diamant Zing &#8211; Service Manual &#8211; DA<\/a><br \/><a href=\"https:\/\/www.diamantrad.com\/wp-content\/uploads\/2025\/12\/ZingLightweight_Gen3_ServiceManual_DE-DE_2025-7-8.pdf\">Diamant Zing &#8211; Service Manual &#8211; DE<\/a><br \/><a href=\"https:\/\/www.diamantrad.com\/wp-content\/uploads\/2025\/12\/ZingLightweight_Gen3_ServiceManual_EN-GB_2025-7-8.pdf\">Diamant Zing &#8211; Service Manual &#8211; EN<\/a><br \/><a href=\"https:\/\/www.diamantrad.com\/wp-content\/uploads\/2025\/12\/ZingLightweight_Gen3_ServiceManual_FI-FI_2025-7-8.pdf\">Diamant Zing &#8211; Service Manual &#8211; FI<\/a><br \/><a href=\"https:\/\/www.diamantrad.com\/wp-content\/uploads\/2025\/12\/ZingLightweight_Gen3_ServiceManual_FR-FR_2025-7-8.pdf\">Diamant Zing &#8211; Service Manual &#8211; FR<\/a><br \/><a href=\"https:\/\/www.diamantrad.com\/wp-content\/uploads\/2025\/12\/ZingLightweight_Gen3_ServiceManual_NL-NL_2025-7-8.pdf\">Diamant Zing &#8211; Service Manual &#8211; NL<\/a><br \/><a href=\"https:\/\/www.diamantrad.com\/wp-content\/uploads\/2025\/12\/ZingLightweight_Gen3_ServiceManual_PL-PL_2025-7-8.pdf\">Diamant Zing &#8211; Service Manual &#8211; PL<\/a><br \/><a href=\"https:\/\/www.diamantrad.com\/wp-content\/uploads\/2025\/12\/ZingLightweight_Gen3_ServiceManual_SV-SE_2025-7-8.pdf\">Diamant Zing &#8211; Service Manual &#8211; SE<\/a><\/p><\/div>\r\n      <\/div>\r\n    <\/div>\r\n<\/div><\/div>\n<\/div>\r\n      <\/div>\r\n    <\/div>\r\n  <\/div>\r\n<\/div><\/div>","protected":false},"excerpt":{"rendered":"","protected":false},"author":3,"featured_media":0,"parent":0,"menu_order":0,"comment_status":"closed","ping_status":"closed","template":"","meta":{"_acf_changed":false,"slim_seo":{"title":"Manuels et manuels d\u2019instructions de Diamant","description":"T\u00e9l\u00e9chargez d\u00e8s maintenant manuels et manuels pour votre v\u00e9lo Diamant dans de nombreuses langues, clairs, num\u00e9riques et toujours disponibles."},"footnotes":""},"class_list":["post-63442","page","type-page","status-publish","hentry"],"acf":[],"_links":{"self":[{"href":"https:\/\/www.diamantrad.com\/en-GB\/wp-json\/wp\/v2\/pages\/63442","targetHints":{"allow":["GET"]}}],"collection":[{"href":"https:\/\/www.diamantrad.com\/en-GB\/wp-json\/wp\/v2\/pages"}],"about":[{"href":"https:\/\/www.diamantrad.com\/en-GB\/wp-json\/wp\/v2\/types\/page"}],"author":[{"embeddable":true,"href":"https:\/\/www.diamantrad.com\/en-GB\/wp-json\/wp\/v2\/users\/3"}],"replies":[{"embeddable":true,"href":"https:\/\/www.diamantrad.com\/en-GB\/wp-json\/wp\/v2\/comments?post=63442"}],"version-history":[{"count":9,"href":"https:\/\/www.diamantrad.com\/en-GB\/wp-json\/wp\/v2\/pages\/63442\/revisions"}],"predecessor-version":[{"id":71134,"href":"https:\/\/www.diamantrad.com\/en-GB\/wp-json\/wp\/v2\/pages\/63442\/revisions\/71134"}],"wp:attachment":[{"href":"https:\/\/www.diamantrad.com\/en-GB\/wp-json\/wp\/v2\/media?parent=63442"}],"curies":[{"name":"wp","href":"https:\/\/api.w.org\/{rel}","templated":true}]}}