{"id":57027,"date":"2025-03-23T21:02:29","date_gmt":"2025-03-23T20:02:29","guid":{"rendered":"https:\/\/dev.diamantrad.com\/?page_id=57027"},"modified":"2025-03-24T13:13:37","modified_gmt":"2025-03-24T12:13:37","slug":"recalls","status":"publish","type":"page","link":"https:\/\/www.diamantrad.com\/fr-LU\/recalls\/","title":{"rendered":"Recalls"},"content":{"rendered":"<div class=\"lazyblock-nncontainer-ZFXb2U wp-block-lazyblock-nncontainer\"><div class=\"section-secondary\">\r\n  <div class=\"container\" id=\"container-ZFXb2U\">\r\n    <div class=\"row\">\r\n      <div class=\"col py-4 py-lg-5\">\r\n        <div class=\"lazyblock-inner-blocks\">\n<div class=\"lazyblock-cover-text-1SC9Gp wp-block-lazyblock-cover-text\"><div class=\"covertext container py-5 d-flex flex-column colorscheme-light justify-content-center\" id=\"covertext-1SC9Gp\">\r\n  <div class=\"lazyblock-inner-blocks\">\n\n<h2 class=\"wp-block-heading\">Rappels<\/h2>\n\n<\/div>\r\n<\/div><\/div>\n<\/div>\r\n      <\/div>\r\n    <\/div>\r\n  <\/div>\r\n<\/div><\/div>\n\n<div class=\"lazyblock-nncontainer-Z64T8B wp-block-lazyblock-nncontainer\"><div class=\"section-standard\">\r\n  <div class=\"container\" id=\"container-Z64T8B\">\r\n    <div class=\"row\">\r\n      <div class=\"col py-4 py-lg-5\">\r\n        <div class=\"lazyblock-inner-blocks\">\n\n<p>Nous documentons la qualit\u00e9 de nos v\u00e9los, parce que chez nous aussi, les erreurs peuvent arriver. Si nous d\u00e9couvrons des probl\u00e8mes de s\u00e9curit\u00e9 structurels, nous rappelons les mod\u00e8les affect\u00e9s en vue de leur r\u00e9paration ou de leur remplacement.<\/p>\n\n\n\n<p>Retrouvez ici la liste de tous les rappels. Si votre v\u00e9lo est concern\u00e9, veuillez contacter votre revendeur Diamant.<\/p>\n\n\n\n<h2 class=\"wp-block-heading\">2016<\/h2>\n\n\n\n<p><a href=\"https:\/\/www.diamantrad.com\/wp-content\/uploads\/2020\/07\/TK19_EU_Continental_Belt_Recall_Consumer_Notice_DE-DE.pdf\" title=\"TK19_EU_Continental_Belt_Recall_Consumer_Notice_DE-DE\">Avis de rappel aux consommateurs &#8211; Transmission \u00e0 courroie Continental 2016<\/a><\/p>\n\n<\/div>\r\n      <\/div>\r\n    <\/div>\r\n  <\/div>\r\n<\/div><\/div>","protected":false},"excerpt":{"rendered":"","protected":false},"author":3,"featured_media":0,"parent":0,"menu_order":0,"comment_status":"closed","ping_status":"closed","template":"","meta":{"_acf_changed":false,"slim_seo":{"title":"Rappels de v\u00e9los Diamant & Avis de s\u00e9curit\u00e9","description":"Aper\u00e7u des rappels actuels et des instructions de s\u00e9curit\u00e9 de Diamant. D\u00e9couvrez-en plus maintenant."},"footnotes":""},"class_list":["post-57027","page","type-page","status-publish","hentry"],"acf":[],"_links":{"self":[{"href":"https:\/\/www.diamantrad.com\/fr-LU\/wp-json\/wp\/v2\/pages\/57027","targetHints":{"allow":["GET"]}}],"collection":[{"href":"https:\/\/www.diamantrad.com\/fr-LU\/wp-json\/wp\/v2\/pages"}],"about":[{"href":"https:\/\/www.diamantrad.com\/fr-LU\/wp-json\/wp\/v2\/types\/page"}],"author":[{"embeddable":true,"href":"https:\/\/www.diamantrad.com\/fr-LU\/wp-json\/wp\/v2\/users\/3"}],"replies":[{"embeddable":true,"href":"https:\/\/www.diamantrad.com\/fr-LU\/wp-json\/wp\/v2\/comments?post=57027"}],"version-history":[{"count":0,"href":"https:\/\/www.diamantrad.com\/fr-LU\/wp-json\/wp\/v2\/pages\/57027\/revisions"}],"wp:attachment":[{"href":"https:\/\/www.diamantrad.com\/fr-LU\/wp-json\/wp\/v2\/media?parent=57027"}],"curies":[{"name":"wp","href":"https:\/\/api.w.org\/{rel}","templated":true}]}}