{"id":57077,"date":"2025-03-23T21:54:12","date_gmt":"2025-03-23T20:54:12","guid":{"rendered":"https:\/\/dev.diamantrad.com\/?page_id=57077"},"modified":"2025-03-24T12:58:42","modified_gmt":"2025-03-24T11:58:42","slug":"register-your-bike","status":"publish","type":"page","link":"https:\/\/www.diamantrad.com\/fr-LU\/register-your-bike\/","title":{"rendered":"Radregistrierung"},"content":{"rendered":"<div class=\"lazyblock-nncontainer-xSdON wp-block-lazyblock-nncontainer\"><div class=\"section-secondary\">\r\n  <div class=\"container\" id=\"container-xSdON\">\r\n    <div class=\"row\">\r\n      <div class=\"col py-4 py-lg-5\">\r\n        <div class=\"lazyblock-inner-blocks\">\n<div class=\"lazyblock-cover-text-OHNpf wp-block-lazyblock-cover-text\"><div class=\"covertext container py-5 d-flex flex-column colorscheme-light justify-content-center\" id=\"covertext-OHNpf\">\r\n  <div class=\"lazyblock-inner-blocks\">\n\n<h2 class=\"wp-block-heading\">Enregistrer ton v\u00e9lo<\/h2>\n\n<\/div>\r\n<\/div><\/div>\n<\/div>\r\n      <\/div>\r\n    <\/div>\r\n  <\/div>\r\n<\/div><\/div>\n\n<div class=\"lazyblock-nncontainer-Z1SJvY3 mb-1 wp-block-lazyblock-nncontainer\"><div class=\"section-standard\">\r\n  <div class=\"container\" id=\"container-Z1SJvY3\">\r\n    <div class=\"row\">\r\n      <div class=\"col py-4 py-lg-5\">\r\n        <div class=\"lazyblock-inner-blocks\">\n\n<p class=\"wp-block-paragraph\">Notre formulaire vous permet d\u2019enregistrer votre v\u00e9lo Diamant en quelques clics. Vos donn\u00e9es seront stock\u00e9es de mani\u00e8re automatique et s\u00e9curis\u00e9e dans notre syst\u00e8me. Vous recevrez un e-mail de confirmation \u00e0 l\u2019adresse renseign\u00e9e. Si vous ne le recevez pas, n\u2019oubliez pas de consulter vos spams. Si vous ne recevez aucun e-mail de confirmation, \u00e9crivez-nous via le formulaire de contact pour vous assurer que votre v\u00e9lo a bien \u00e9t\u00e9 enregistr\u00e9.<\/p>\n\n\n\n<h2 class=\"wp-block-heading\">Pourquoi enregistrer votre v\u00e9lo&nbsp;?<\/h2>\n\n\n\n<p class=\"wp-block-paragraph\">1. En enregistrant votre v\u00e9lo ou VAE, nous pourrons vous contacter directement en cas exceptionnel de <a href=\"https:\/\/www.diamantrad.com\/fr-LU\/recalls\/\" title=\"Recalls\">rappel<\/a>. Si vous nous avez aussi donn\u00e9 votre accord, nous vous enverrons des newsletters pour vous tenir au courant de l\u2019actualit\u00e9 pertinente pour votre v\u00e9lo.<\/p>\n\n\n\n<p class=\"wp-block-paragraph\">2. Si les forces de l\u2019ordre retrouvent des v\u00e9los vol\u00e9s, ils pourront v\u00e9rifier ceux qui appartiennent \u00e0 des propri\u00e9taires enregistr\u00e9s chez nous. Si vous avez enregistr\u00e9 votre v\u00e9lo, nous serons en mesure de leur fournir vos coordonn\u00e9es pour les aider \u00e0 vous restituer votre v\u00e9lo.<\/p>\n\n\n\n<p class=\"wp-block-paragraph\">3. Par ailleurs, nous utilisons vos donn\u00e9es comme un moyen rapide de v\u00e9rifier vos conditions de garantie une fois la p\u00e9riode de garantie obligatoire \u00e9coul\u00e9e. Notez cependant que vos conditions de garantie ne d\u00e9pendent pas de l\u2019enregistrement du v\u00e9lo&nbsp;; un justificatif d\u2019achat suffit.<\/p>\n\n\n\n<p class=\"wp-block-paragraph\">Veuillez remplir le formulaire et cliquer sur \u00ab&nbsp;Envoyer&nbsp;\u00bb. Les champs marqu\u00e9s d\u2019un ast\u00e9risque * sont obligatoires.<\/p>\n\n\n\n<p class=\"wp-block-paragraph\">Si le num\u00e9ro de cadre n\u2019est pas indiqu\u00e9 sur votre facture, vous pouvez le trouver sur l\u2019\u00e9tiquette appos\u00e9e sur le tube diagonal. Ce num\u00e9ro commence par \u00ab&nbsp;WTU&nbsp;\u00bb.<\/p>\n\n<\/div>\r\n      <\/div>\r\n    <\/div>\r\n  <\/div>\r\n<\/div><\/div>\n\n<div class=\"lazyblock-nncontainer-1HMRfS wp-block-lazyblock-nncontainer\"><div class=\"section-light\">\r\n  <div class=\"container\" id=\"container-1HMRfS\">\r\n    <div class=\"row\">\r\n      <div class=\"col py-4 py-lg-5\">\r\n        <div class=\"lazyblock-inner-blocks\">\n\n<div class=\"wp-block-contact-form-7-contact-form-selector\">\n<div class=\"wpcf7 no-js\" id=\"wpcf7-f56408-o1\" lang=\"de-DE\" dir=\"ltr\" data-wpcf7-id=\"56408\">\n<div class=\"screen-reader-response\"><p role=\"status\" aria-live=\"polite\" aria-atomic=\"true\"><\/p> <ul><\/ul><\/div>\n<form action=\"\/en-GB\/wp-json\/wp\/v2\/pages\/57077#wpcf7-f56408-o1\" method=\"post\" class=\"wpcf7-form init\" aria-label=\"Kontaktformular\" novalidate=\"novalidate\" data-status=\"init\">\n<fieldset class=\"hidden-fields-container\"><input type=\"hidden\" name=\"_wpcf7\" value=\"56408\" \/><input type=\"hidden\" name=\"_wpcf7_version\" value=\"6.1.5\" \/><input type=\"hidden\" name=\"_wpcf7_locale\" value=\"de_DE\" \/><input type=\"hidden\" name=\"_wpcf7_unit_tag\" value=\"wpcf7-f56408-o1\" \/><input type=\"hidden\" name=\"_wpcf7_container_post\" value=\"0\" \/><input type=\"hidden\" name=\"_wpcf7_posted_data_hash\" value=\"\" \/>\n<\/fieldset>\n<div class=\"row\">\n\t<div class=\"col-md-6\">\n\t\t<p><label for=\"your-name\" class=\"screen-reader-text\">Nom*<\/label><span class=\"wpcf7-form-control-wrap\" data-name=\"your-name\"><input size=\"40\" maxlength=\"400\" class=\"wpcf7-form-control wpcf7-text wpcf7-validates-as-required form-control\" id=\"your-name\" aria-required=\"true\" aria-invalid=\"false\" placeholder=\"Ton nom*\" value=\"\" type=\"text\" name=\"your-name\" \/><\/span>\n\t\t<\/p>\n\t<\/div>\n\t<div class=\"col-md-6\">\n\t\t<p><label for=\"your-email\" class=\"screen-reader-text\">Adresse e-mail*<\/label><span class=\"wpcf7-form-control-wrap\" data-name=\"your-email\"><input size=\"40\" maxlength=\"400\" class=\"wpcf7-form-control wpcf7-email wpcf7-validates-as-required wpcf7-text wpcf7-validates-as-email form-control\" id=\"your-email\" autocomplete=\"email\" aria-required=\"true\" aria-invalid=\"false\" placeholder=\"E-mail*\" value=\"\" type=\"email\" name=\"your-email\" \/><\/span>\n\t\t<\/p>\n\t<\/div>\n<\/div>\n<p><label for=\"your-subject\" class=\"screen-reader-text\">Objet*<\/label><span class=\"wpcf7-form-control-wrap\" data-name=\"your-subject\"><input size=\"40\" maxlength=\"400\" class=\"wpcf7-form-control wpcf7-text form-control\" id=\"your-subject\" aria-invalid=\"false\" placeholder=\"De quoi voulez-vous nous parler ?*\" value=\"\" type=\"text\" name=\"your-subject\" \/><\/span>\n<\/p>\n<p><label for=\"your-message\" class=\"screen-reader-text\">Votre message*<\/label><span class=\"wpcf7-form-control-wrap\" data-name=\"your-message\"><textarea cols=\"40\" rows=\"10\" maxlength=\"2000\" class=\"wpcf7-form-control wpcf7-textarea wpcf7-validates-as-required form-control\" id=\"your-message\" aria-required=\"true\" aria-invalid=\"false\" placeholder=\"Inser\u00e9z votre message*\" name=\"your-message\"><\/textarea><\/span>\n<\/p>\n<p class=\"text-end small mb-4\">Les champs marqu\u00e9s d'un * sont obligatoires.\n<\/p>\n<p><span class=\"wpcf7-form-control-wrap\" data-name=\"dsgvo\"><span class=\"wpcf7-form-control wpcf7-acceptance\"><span class=\"wpcf7-list-item\"><label><input type=\"checkbox\" name=\"dsgvo\" value=\"1\" id=\"dsgvo-accept\" aria-invalid=\"false\" \/><span class=\"wpcf7-list-item-label\"><label for=\"dsgvo-accept\">En envoyant ce formulaire, j\u2019accepte la d\u00e9claration sur la protection des donn\u00e9es. <\/label><\/span><\/label><\/span><\/span><\/span>\n<\/p>\n<p><input class=\"wpcf7-form-control wpcf7-submit has-spinner btn btn-primary\" type=\"submit\" value=\"Envoyer\" \/>\n<\/p><div class=\"wpcf7-response-output\" aria-hidden=\"true\"><\/div>\n<\/form>\n<\/div>\n<\/div>\n\n<\/div>\r\n      <\/div>\r\n    <\/div>\r\n  <\/div>\r\n<\/div><\/div>","protected":false},"excerpt":{"rendered":"","protected":false},"author":3,"featured_media":0,"parent":0,"menu_order":0,"comment_status":"closed","ping_status":"closed","template":"","meta":{"_acf_changed":false,"_crdt_document":"","slim_seo":{"title":"Nhoma \u2013 v\u00e9lo de gravel \u00e9quip\u00e9","description":"Le Diamant Nhoma est un v\u00e9lo Gravel \u00e9quip\u00e9 qui se concentre sur le quotidien et les voyages lointains. Avec \u00e9clairage \u25ba avec porte-bagages \u25ba avec garde-boue !"},"footnotes":""},"class_list":["post-57077","page","type-page","status-publish","hentry"],"acf":[],"_links":{"self":[{"href":"https:\/\/www.diamantrad.com\/en-GB\/wp-json\/wp\/v2\/pages\/57077","targetHints":{"allow":["GET"]}}],"collection":[{"href":"https:\/\/www.diamantrad.com\/en-GB\/wp-json\/wp\/v2\/pages"}],"about":[{"href":"https:\/\/www.diamantrad.com\/en-GB\/wp-json\/wp\/v2\/types\/page"}],"author":[{"embeddable":true,"href":"https:\/\/www.diamantrad.com\/en-GB\/wp-json\/wp\/v2\/users\/3"}],"replies":[{"embeddable":true,"href":"https:\/\/www.diamantrad.com\/en-GB\/wp-json\/wp\/v2\/comments?post=57077"}],"version-history":[{"count":0,"href":"https:\/\/www.diamantrad.com\/en-GB\/wp-json\/wp\/v2\/pages\/57077\/revisions"}],"wp:attachment":[{"href":"https:\/\/www.diamantrad.com\/en-GB\/wp-json\/wp\/v2\/media?parent=57077"}],"curies":[{"name":"wp","href":"https:\/\/api.w.org\/{rel}","templated":true}]}}