{"id":58372,"date":"2025-03-25T10:40:28","date_gmt":"2025-03-25T09:40:28","guid":{"rendered":"https:\/\/dev.diamantrad.com\/?page_id=58372"},"modified":"2025-03-25T10:40:29","modified_gmt":"2025-03-25T09:40:29","slug":"news","status":"publish","type":"page","link":"https:\/\/www.diamantrad.com\/fr-LU\/blog\/news\/","title":{"rendered":"News"},"content":{"rendered":"<div class=\"lazyblock-nncontainer-Z2bJS7k wp-block-lazyblock-nncontainer\"><div class=\"section-standard\">\r\n  <div class=\"container\" id=\"container-Z2bJS7k\">\r\n    <div class=\"row\">\r\n      <div class=\"col py-4 py-lg-5\">\r\n        <div class=\"lazyblock-inner-blocks\">\n                \r\n                <div class=\"blog-highlighted\">\r\n                    <div class=\"row g-5\">\r\n                        <div class=\"col-lg-6 mt-5\">\r\n                            <div class=\"entry-meta mb-4\">\r\n                                <div class=\"posted-on mb-2\">\r\n                                    <time datetime=\"2025-03-27T13:44:16+01:00\">27. Mar 2025<\/time>\r\n                                <\/div>\r\n                                <div class=\"post-categories\">\r\n                                    <a role=\"button\" href=\"\/fr-LU\/blog\/news\/\">News<\/a>                                <\/div>\r\n                            <\/div>\r\n                            <h2><a href=\"https:\/\/www.diamantrad.com\/fr-LU\/blog\/sustainability-with-low-impact-aluminum\/\">Aluminium \u00e0 faible impact\u202f: Diamant fait un grand pas pour le d\u00e9veloppement durable<\/a><\/h2>\r\n                            <p class=\"mb-0\">D\u00e9couvrez dans cet article comment Diamant et Trek r\u00e9duisent jusqu'\u00e0 70% les \u00e9missions dans la production de v\u00e9los gr\u00e2ce \u00e0 l'aluminium \u00e0 faible impact.<\/p>\r\n                        <\/div>\r\n                        <div class=\"col-lg-6 mt-4 mt-lg-5\">\r\n                            <a class=\"post-thumbnail\" href=\"https:\/\/www.diamantrad.com\/fr-LU\/blog\/sustainability-with-low-impact-aluminum\/\" tabindex=\"-1\">\r\n                                <figure class=\"mb-0\"><img loading=\"lazy\" decoding=\"async\" width=\"992\" height=\"662\" src=\"https:\/\/www.diamantrad.com\/wp-content\/uploads\/2024\/12\/DI_24_Zing_Trip_Lifestyle_67I4578_300dpi-1024x683.avif\" class=\"img-fluid wp-post-image\" alt=\"Aluminium \u00e0 faible impact\u202f: Diamant fait un grand pas pour le d\u00e9veloppement durable\" srcset=\"https:\/\/www.diamantrad.com\/wp-content\/uploads\/2024\/12\/DI_24_Zing_Trip_Lifestyle_67I4578_300dpi-1024x683.avif 1024w, https:\/\/www.diamantrad.com\/wp-content\/uploads\/2024\/12\/DI_24_Zing_Trip_Lifestyle_67I4578_300dpi-300x200.avif 300w, https:\/\/www.diamantrad.com\/wp-content\/uploads\/2024\/12\/DI_24_Zing_Trip_Lifestyle_67I4578_300dpi-768x512.avif 768w, https:\/\/www.diamantrad.com\/wp-content\/uploads\/2024\/12\/DI_24_Zing_Trip_Lifestyle_67I4578_300dpi-1536x1024.avif 1536w, https:\/\/www.diamantrad.com\/wp-content\/uploads\/2024\/12\/DI_24_Zing_Trip_Lifestyle_67I4578_300dpi-2048x1365.avif 2048w\" sizes=\"auto, (max-width: 992px) 100vw, 992px\" \/><\/figure>\r\n                            <\/a>\r\n                        <\/div>\r\n                    <\/div>\r\n                <\/div>\r\n\r\n                <hr \/>\r\n                <h3>Autres articles :<\/h3>\r\n                \r\n                <ul class=\"blog-filter mb-5\">\r\n                    <span>Filter<\/span>\r\n                    <li class=\"blog-filter-item blog-cat-all\">\r\n                        <a href=\"\/fr-LU\/blog\/\">Tous<\/a>\r\n                    <\/li>\r\n                    <li class=\"blog-filter-item blog-cat-guide-du-velo\"><a href=\"\/fr-LU\/blog\/guide-du-velo\/\">Guide du v\u00e9lo<\/a><\/li><li class=\"blog-filter-item blog-cat-guide-du-velo-electrique\"><a href=\"\/fr-LU\/blog\/guide-du-velo-electrique\/\">Guide du v\u00e9lo \u00e9lectrique<\/a><\/li><li class=\"blog-filter-item blog-cat-histoire\"><a href=\"\/fr-LU\/blog\/histoire\/\">Histoire<\/a><\/li><li class=\"blog-filter-item blog-cat-news active\"><a href=\"\/fr-LU\/blog\/news\/\">News<\/a><\/li><li class=\"blog-filter-item blog-cat-s-pedelec\"><a href=\"\/fr-LU\/blog\/s-pedelec\/\">S-Pedelec<\/a><\/li><li class=\"blog-filter-item blog-cat-stories\"><a href=\"\/fr-LU\/blog\/stories\/\">Stories<\/a><\/li><li class=\"blog-filter-item blog-cat-tech\"><a href=\"\/fr-LU\/blog\/tech\/\">Tech<\/a><\/li>                <\/ul>\r\n\r\n            <p class=\"alert alert-warning no-posts-message mt-4\">Aucun article disponible dans cette cat\u00e9gorie pour le moment.<\/p>\n\n<\/div>\r\n      <\/div>\r\n    <\/div>\r\n  <\/div>\r\n<\/div><\/div>","protected":false},"excerpt":{"rendered":"","protected":false},"author":10,"featured_media":0,"parent":57920,"menu_order":0,"comment_status":"closed","ping_status":"closed","template":"","meta":{"_acf_changed":false,"slim_seo":{"title":"La durabilit\u00e9 chez Diamant : l'aluminium \u00e0 faible impact","description":"D\u00e9couvrez dans cet article comment Diamant et Trek r\u00e9duisent jusqu'\u00e0 70% les \u00e9missions dans la production de v\u00e9los gr\u00e2ce \u00e0 l'aluminium \u00e0 faible impact."},"footnotes":""},"class_list":["post-58372","page","type-page","status-publish","hentry"],"acf":[],"_links":{"self":[{"href":"https:\/\/www.diamantrad.com\/fr-LU\/wp-json\/wp\/v2\/pages\/58372","targetHints":{"allow":["GET"]}}],"collection":[{"href":"https:\/\/www.diamantrad.com\/fr-LU\/wp-json\/wp\/v2\/pages"}],"about":[{"href":"https:\/\/www.diamantrad.com\/fr-LU\/wp-json\/wp\/v2\/types\/page"}],"author":[{"embeddable":true,"href":"https:\/\/www.diamantrad.com\/fr-LU\/wp-json\/wp\/v2\/users\/10"}],"replies":[{"embeddable":true,"href":"https:\/\/www.diamantrad.com\/fr-LU\/wp-json\/wp\/v2\/comments?post=58372"}],"version-history":[{"count":0,"href":"https:\/\/www.diamantrad.com\/fr-LU\/wp-json\/wp\/v2\/pages\/58372\/revisions"}],"up":[{"embeddable":true,"href":"https:\/\/www.diamantrad.com\/fr-LU\/wp-json\/wp\/v2\/pages\/57920"}],"wp:attachment":[{"href":"https:\/\/www.diamantrad.com\/fr-LU\/wp-json\/wp\/v2\/media?parent=58372"}],"curies":[{"name":"wp","href":"https:\/\/api.w.org\/{rel}","templated":true}]}}