{"id":58785,"date":"2025-03-25T15:22:46","date_gmt":"2025-03-25T14:22:46","guid":{"rendered":"https:\/\/dev.diamantrad.com\/?page_id=58785"},"modified":"2025-03-25T18:25:47","modified_gmt":"2025-03-25T17:25:47","slug":"tests-awards","status":"publish","type":"page","link":"https:\/\/www.diamantrad.com\/fr-LU\/tests-awards\/","title":{"rendered":"Tests &amp; Awards"},"content":{"rendered":"\n<div class=\"wp-block-cover is-light\"><video class=\"wp-block-cover__video-background intrinsic-ignore\" autoplay muted loop playsinline src=\"https:\/\/www.diamantrad.com\/wp-content\/uploads\/2025\/03\/diamant-testsawards.mp4\" data-object-fit=\"cover\"><\/video><span aria-hidden=\"true\" class=\"wp-block-cover__background has-background-dim\" style=\"background-color:#FFF\"><\/span><div class=\"wp-block-cover__inner-container is-layout-constrained wp-block-cover-is-layout-constrained\">\n<p class=\"has-text-align-center has-large-font-size\"><\/p>\n\n\n<div class=\"lazyblock-cover-text-19iqvX wp-block-lazyblock-cover-text\"><div class=\"covertext container py-5 d-flex flex-column colorscheme-light justify-content-center\" id=\"covertext-19iqvX\">\r\n  <div class=\"lazyblock-inner-blocks\">\n\n<h2 class=\"wp-block-heading\">Tests &amp; R\u00e9compenses<\/h2>\n\n\n\n<h3 class=\"wp-block-heading\">Quelle est la qualit\u00e9 des v\u00e9los Diamant ?<\/h3>\n\n<\/div>\r\n<\/div><\/div><\/div><\/div>\n\n\n<div class=\"lazyblock-nncontainer-1plOtb wp-block-lazyblock-nncontainer\"><div class=\"section-standard\">\r\n  <div class=\"container\" id=\"container-1plOtb\">\r\n    <div class=\"row\">\r\n      <div class=\"col py-4 py-lg-5\">\r\n        <div class=\"lazyblock-inner-blocks\">\n\n<p>Ci-dessous, nous regroupons les tests individuels et comparatifs des v\u00e9los Diamant \u00e0 partir de l\u2019ann\u00e9e mod\u00e8le 2025 qui sont toujours dans notre gamme \u00e0 votre pays, soit inchang\u00e9s, soit ajust\u00e9s de mani\u00e8re \u00e0 garantir la pertinence des r\u00e9sultats. Nous listons \u00e9galement les r\u00e9compenses re\u00e7ues par les mod\u00e8les Diamant ou par la marque Diamant. Plus bas, vous trouverez une d\u00e9claration de transparence expliquant comment nous participons aux tests, notre position sur les tests payants et comment nous s\u00e9lectionnons les v\u00e9los \u00e0 envoyer.<\/p>\n\n<\/div>\r\n      <\/div>\r\n    <\/div>\r\n  <\/div>\r\n<\/div><\/div>\n\n\n\n<div class=\"lazyblock-nncontainer-1xBmWs wp-block-lazyblock-nncontainer\"><div class=\"section-standard\">\r\n  <div class=\"container\" id=\"container-1xBmWs\">\r\n    <div class=\"row\">\r\n      <div class=\"col py-4 py-lg-5\">\r\n        <div class=\"lazyblock-inner-blocks\">\n\n<h2 class=\"wp-block-heading\"><strong>R\u00e9sultats des tests des v\u00e9los Diamant<\/strong><\/h2>\n\n\n\n<p><em>Si le tableau ne s&#8217;affiche pas, vous devez confirmer le chargement du contenu \u00e0 nouveau.<\/em><\/p>\n\n\n\n <div class=\"brlbs-cmpnt-container brlbs-cmpnt-content-blocker brlbs-cmpnt-with-individual-styles\" data-borlabs-cookie-content-blocker-id=\"default\" data-borlabs-cookie-content=\"PGlmcmFtZSB0aXRsZT0iUsOpc3VsdGF0cyBkZXMgdGVzdHMgcG91ciBEaWFtYW50IiBhcmlhLWxhYmVsPSJUYWJsZWF1IiBpZD0iZGF0YXdyYXBwZXItY2hhcnQtdTcyUDYiIHNyYz0iaHR0cHM6Ly9kYXRhd3JhcHBlci5kd2Nkbi5uZXQvdTcyUDYvMS8iIHNjcm9sbGluZz0ibm8iIGZyYW1lYm9yZGVyPSIwIiBzdHlsZT0id2lkdGg6IDA7IG1pbi13aWR0aDogMTAwJSAhaW1wb3J0YW50OyBib3JkZXI6IG5vbmU7IiBoZWlnaHQ9IjIxNSIgZGF0YS1leHRlcm5hbD0iMSI+PC9pZnJhbWU+\"><div class=\"brlbs-cmpnt-cb-preset-a\"> <p class=\"brlbs-cmpnt-cb-description\">You are currently viewing a placeholder content from <strong>Default<\/strong>. To access the actual content, click the button below. Please note that doing so will share data with third-party providers.<\/p> <div class=\"brlbs-cmpnt-cb-buttons\"> <a class=\"brlbs-cmpnt-cb-btn\" href=\"#\" data-borlabs-cookie-unblock role=\"button\">Unblock content<\/a> <a class=\"brlbs-cmpnt-cb-btn\" href=\"#\" data-borlabs-cookie-accept-service role=\"button\" style=\"display: none\">Accept required service and unblock content<\/a> <\/div> <a class=\"brlbs-cmpnt-cb-provider-toggle\" href=\"#\" data-borlabs-cookie-show-provider-information role=\"button\">More Information<\/a> <\/div><\/div><script type=\"text\/javascript\">!function(){\"use strict\";window.addEventListener(\"message\",(function(a){if(void 0!==a.data[\"datawrapper-height\"]){var e=document.querySelectorAll(\"iframe\");for(var t in a.data[\"datawrapper-height\"])for(var r,i=0;r=e[i];i++)if(r.contentWindow===a.source){var d=a.data[\"datawrapper-height\"][t]+\"px\";r.style.height=d}}}))}();\n<\/script>\n\n<\/div>\r\n      <\/div>\r\n    <\/div>\r\n  <\/div>\r\n<\/div><\/div>\n\n<div class=\"lazyblock-nncontainer-Z1xrgtx wp-block-lazyblock-nncontainer\"><div class=\"section-standard\">\r\n  <div class=\"container\" id=\"container-Z1xrgtx\">\r\n    <div class=\"row\">\r\n      <div class=\"col py-4 py-lg-5\">\r\n        <div class=\"lazyblock-inner-blocks\">\n\n<h2 class=\"wp-block-heading\"><strong>R\u00e9compenses pour Diamant<\/strong><\/h2>\n\n\n\n<p><em>Si le tableau ne s&#8217;affiche pas, vous devez confirmer le chargement du contenu \u00e0 nouveau.<\/em><\/p>\n\n\n\n <div class=\"brlbs-cmpnt-container brlbs-cmpnt-content-blocker brlbs-cmpnt-with-individual-styles\" data-borlabs-cookie-content-blocker-id=\"default\" data-borlabs-cookie-content=\"PGlmcmFtZSB0aXRsZT0iUsOpY29tcGVuc2VzIHBvdXIgRGlhbWFudCIgYXJpYS1sYWJlbD0iVGFibGUiIGlkPSJkYXRhd3JhcHBlci1jaGFydC1KVWtCdCIgc3JjPSJodHRwczovL2RhdGF3cmFwcGVyLmR3Y2RuLm5ldC9KVWtCdC80LyIgc2Nyb2xsaW5nPSJubyIgZnJhbWVib3JkZXI9IjAiIHN0eWxlPSJ3aWR0aDogMDsgbWluLXdpZHRoOiAxMDAlICFpbXBvcnRhbnQ7IGJvcmRlcjogbm9uZTsiIGhlaWdodD0iMTM2MyIgZGF0YS1leHRlcm5hbD0iMSI+PC9pZnJhbWU+\"><div class=\"brlbs-cmpnt-cb-preset-a\"> <p class=\"brlbs-cmpnt-cb-description\">You are currently viewing a placeholder content from <strong>Default<\/strong>. To access the actual content, click the button below. Please note that doing so will share data with third-party providers.<\/p> <div class=\"brlbs-cmpnt-cb-buttons\"> <a class=\"brlbs-cmpnt-cb-btn\" href=\"#\" data-borlabs-cookie-unblock role=\"button\">Unblock content<\/a> <a class=\"brlbs-cmpnt-cb-btn\" href=\"#\" data-borlabs-cookie-accept-service role=\"button\" style=\"display: none\">Accept required service and unblock content<\/a> <\/div> <a class=\"brlbs-cmpnt-cb-provider-toggle\" href=\"#\" data-borlabs-cookie-show-provider-information role=\"button\">More Information<\/a> <\/div><\/div><script type=\"text\/javascript\">!function(){\"use strict\";window.addEventListener(\"message\",(function(a){if(void 0!==a.data[\"datawrapper-height\"]){var e=document.querySelectorAll(\"iframe\");for(var t in a.data[\"datawrapper-height\"])for(var r,i=0;r=e[i];i++)if(r.contentWindow===a.source){var d=a.data[\"datawrapper-height\"][t]+\"px\";r.style.height=d}}}))}();\n<\/script>\n\n<\/div>\r\n      <\/div>\r\n    <\/div>\r\n  <\/div>\r\n<\/div><\/div>\n\n<div class=\"lazyblock-nncontainer-Z1KjLJq wp-block-lazyblock-nncontainer\"><div class=\"section-standard\">\r\n  <div class=\"container\" id=\"container-Z1KjLJq\">\r\n    <div class=\"row\">\r\n      <div class=\"col py-4 py-lg-5\">\r\n        <div class=\"lazyblock-inner-blocks\">\n\n<h2 class=\"wp-block-heading\"><strong>D\u00e9claration de transparence<\/strong><\/h2>\n\n\n\n<p>La meilleure exp\u00e9rience est la v\u00f4tre. Votre nouveau v\u00e9lo doit vous procurer du plaisir. C&#8217;est pourquoi aucun test ne vaut votre propre essai. Toutefois, les tests professionnels peuvent vous aider \u00e0 faire un premier choix et \u00e0 vous orienter.<\/p>\n\n\n\n<p>Diamant participe r\u00e9guli\u00e8rement aux tests des magazines sp\u00e9cialis\u00e9s. Pour assurer un bon d\u00e9roulement, nous avons \u00e9tabli certaines r\u00e8gles. Nous attachons une grande importance \u00e0 la transparence et partageons donc ces r\u00e8gles avec vous.<\/p>\n\n\n\n<h3 class=\"wp-block-heading\"><strong>Priorit\u00e9 aux nouveaux mod\u00e8les et aux versions Pro<\/strong><\/h3>\n\n\n\n<p>Notre objectif est que chaque nouvelle s\u00e9rie de mod\u00e8les participe \u00e0 au moins un test comparatif la premi\u00e8re ann\u00e9e. La deuxi\u00e8me ann\u00e9e, nous nous concentrons sur les tests individuels. La troisi\u00e8me ann\u00e9e, un mod\u00e8le n&#8217;est test\u00e9 que dans des cas exceptionnels. Nous ne savons pas \u00e0 l&#8217;avance quels concurrents soumettent \u00e9galement des v\u00e9los pour des tests comparatifs. Lorsque cela est possible, nous envoyons la version la mieux \u00e9quip\u00e9e du v\u00e9lo \u00e0 tester.<\/p>\n\n\n\n<h3 class=\"wp-block-heading\"><strong>Nous payons les frais de laboratoire<\/strong><\/h3>\n\n\n\n<p>Certains magazines effectuent des tests en laboratoire en collaboration avec des instituts externes comme DEKRA \u00e0 Stuttgart ou Velotech \u00e0 Schweinfurt. Dans certains cas, nous prenons en charge les frais de laboratoire. Nous payons \u00e9galement parfois des droits de licence pour reproduire des labels de test. Nous sommes tr\u00e8s critiques \u00e0 ce sujet, car cela compromet l&#8217;ind\u00e9pendance per\u00e7ue des r\u00e9sultats. Nous nous assurons donc de participer uniquement \u00e0 des tests m\u00e9thodologiquement rigoureux et men\u00e9s par des experts comp\u00e9tents. Dans notre r\u00e9capitulatif des tests, nous marquons ceux pour lesquels un paiement a \u00e9t\u00e9 effectu\u00e9.<\/p>\n\n\n\n<h3 class=\"wp-block-heading\"><strong>Nous envoyons des v\u00e9los dans leur configuration standard<\/strong><\/h3>\n\n\n\n<p>La Stiftung Warentest ach\u00e8te ses v\u00e9los sur le march\u00e9 libre pour \u00e9viter que les fabricants n\u2019envoient des mod\u00e8les sp\u00e9cialement pr\u00e9par\u00e9s. Diamant soumet toujours des v\u00e9los dans leur configuration standard et les fait v\u00e9rifier par un revendeur avant la livraison. Les v\u00e9los destin\u00e9s aux photos sont produits sur la m\u00eame cha\u00eene que ceux destin\u00e9s \u00e0 la vente.<\/p>\n\n\n\n<h3 class=\"wp-block-heading\"><strong>Nous r\u00e9utilisons les v\u00e9los de test<\/strong><\/h3>\n\n\n\n<p>De nombreux v\u00e9los sont utilis\u00e9s pour plusieurs tests, mais aucun v\u00e9lo ne participe \u00e0 deux tests en laboratoire si ces tests incluent des essais de durabilit\u00e9. Si un test pr\u00e9c\u00e9dent a laiss\u00e9 des marques, nous en informons les testeurs suivants.<\/p>\n\n\n\n<h3 class=\"wp-block-heading\"><strong>Les v\u00e9los de test sont toujours des v\u00e9los de pr\u00eat<\/strong><\/h3>\n\n\n\n<p>Les tests pour lesquels nous fournissons un v\u00e9lo se font toujours sur la base d&#8217;un pr\u00eat. Les v\u00e9los restent notre propri\u00e9t\u00e9 et nous les r\u00e9cup\u00e9rons apr\u00e8s le test.<\/p>\n\n<\/div>\r\n      <\/div>\r\n    <\/div>\r\n  <\/div>\r\n<\/div><\/div>","protected":false},"excerpt":{"rendered":"","protected":false},"author":3,"featured_media":0,"parent":0,"menu_order":0,"comment_status":"closed","ping_status":"closed","template":"","meta":{"_acf_changed":false,"slim_seo":{"title":"Tests & R\u00e9compenses - Diamant Bikes test\u00e9s et r\u00e9compens\u00e9s","description":"Trouvez des tests et des avis pour le portefeuille actuel de Diamant Bikes. Regarde comment Diamant se compare aux autres motos. D\u00e9couvrez comment nous nous d\u00e9marquer avec de meilleures motos."},"footnotes":""},"class_list":["post-58785","page","type-page","status-publish","hentry"],"acf":[],"_links":{"self":[{"href":"https:\/\/www.diamantrad.com\/en-GB\/wp-json\/wp\/v2\/pages\/58785","targetHints":{"allow":["GET"]}}],"collection":[{"href":"https:\/\/www.diamantrad.com\/en-GB\/wp-json\/wp\/v2\/pages"}],"about":[{"href":"https:\/\/www.diamantrad.com\/en-GB\/wp-json\/wp\/v2\/types\/page"}],"author":[{"embeddable":true,"href":"https:\/\/www.diamantrad.com\/en-GB\/wp-json\/wp\/v2\/users\/3"}],"replies":[{"embeddable":true,"href":"https:\/\/www.diamantrad.com\/en-GB\/wp-json\/wp\/v2\/comments?post=58785"}],"version-history":[{"count":2,"href":"https:\/\/www.diamantrad.com\/en-GB\/wp-json\/wp\/v2\/pages\/58785\/revisions"}],"predecessor-version":[{"id":59350,"href":"https:\/\/www.diamantrad.com\/en-GB\/wp-json\/wp\/v2\/pages\/58785\/revisions\/59350"}],"wp:attachment":[{"href":"https:\/\/www.diamantrad.com\/en-GB\/wp-json\/wp\/v2\/media?parent=58785"}],"curies":[{"name":"wp","href":"https:\/\/api.w.org\/{rel}","templated":true}]}}