{"id":59459,"date":"2025-03-25T23:05:20","date_gmt":"2025-03-25T22:05:20","guid":{"rendered":"https:\/\/dev.diamantrad.com\/?page_id=59459"},"modified":"2025-03-25T23:05:21","modified_gmt":"2025-03-25T22:05:21","slug":"ethics-reporting","status":"publish","type":"page","link":"https:\/\/www.diamantrad.com\/fr-LU\/ethics-reporting\/","title":{"rendered":"Ethics Reporting"},"content":{"rendered":"<div class=\"lazyblock-nncontainer-Z1YDRUo wp-block-lazyblock-nncontainer\"><div class=\"section-secondary\">\r\n  <div class=\"container\" id=\"container-Z1YDRUo\">\r\n    <div class=\"row\">\r\n      <div class=\"col py-4 py-lg-5\">\r\n        <div class=\"lazyblock-inner-blocks\">\n<div class=\"lazyblock-cover-text-ZCrmIz wp-block-lazyblock-cover-text\"><div class=\"covertext container py-5 d-flex flex-column colorscheme-light justify-content-center\" id=\"covertext-ZCrmIz\">\r\n  <div class=\"lazyblock-inner-blocks\">\n\n<h2 class=\"wp-block-heading\">Signalez une infraction \u00e0 l\u2019\u00e9thique\u00a0!<\/h2>\n\n<\/div>\r\n<\/div><\/div>\n<\/div>\r\n      <\/div>\r\n    <\/div>\r\n  <\/div>\r\n<\/div><\/div>\n\n<div class=\"lazyblock-nncontainer-Z15rYiC wp-block-lazyblock-nncontainer\"><div class=\"section-standard\">\r\n  <div class=\"container\" id=\"container-Z15rYiC\">\r\n    <div class=\"row\">\r\n      <div class=\"col py-4 py-lg-5\">\r\n        <div class=\"lazyblock-inner-blocks\">\n\n<p>Le syst\u00e8me d&#8217;alerte \/ proc\u00e9dure de plainte Diamant sert \u00e0 signaler les violations de nos principes d&#8217;entreprise et des lois en vigueur (notamment la loi sur la protection des lanceurs d&#8217;alerte, la loi sur le devoir de vigilance de la cha\u00eene d&#8217;approvisionnement, etc.), que nous nous sommes engag\u00e9s \u00e0 respecter par le biais du code de conduite Diamant et de la d\u00e9claration de principe sur le respect des droits de l&#8217;homme.<\/p>\n\n\n\n<p>Afin de pouvoir r\u00e9agir de mani\u00e8re appropri\u00e9e aux violations, nous devons les d\u00e9tecter le plus t\u00f4t possible. Les informations sur des violations (imminentes) peuvent nous \u00eatre signal\u00e9es par e-mail : <a href=\"mailto:ethics@diamantrad.com\">ethics@diamantrad.com<\/a><\/p>\n\n\n\n<p>Votre signalement nous aide &#8211; ce n&#8217;est qu&#8217;ainsi que nous pouvons r\u00e9agir \u00e0 temps aux violations. C&#8217;est important pour que nous puissions limiter autant que possible les dommages pour notre entreprise, nos collaborateurs et nos partenaires commerciaux.<\/p>\n\n\n\n<p>Les informations re\u00e7ues sont trait\u00e9es de mani\u00e8re strictement confidentielle par un membre d\u00e9fini du service Legal &amp; Compliance.<\/p>\n\n\n\n<p>Outre le syst\u00e8me interne de Diamant, il est \u00e9galement possible d\u2019envoyer des signalements \u00e0 des organismes externes, comme le centre de signalement du gouvernement f\u00e9d\u00e9ral, l\u2019\u00c9tat f\u00e9d\u00e9ral ou les autorit\u00e9s locales.<\/p>\n\n\n\n<p>Merci de votre soutien.<\/p>\n\n<\/div>\r\n      <\/div>\r\n    <\/div>\r\n  <\/div>\r\n<\/div><\/div>","protected":false},"excerpt":{"rendered":"","protected":false},"author":3,"featured_media":0,"parent":0,"menu_order":0,"comment_status":"closed","ping_status":"closed","template":"","meta":{"_acf_changed":false,"slim_seo":{"title":"Rapport d\u2019\u00e9thique - Les lanceurs d\u2019alerte rendent compte \u00e0 Diamant","description":"En savoir plus sur le syst\u00e8me de lanceurs d\u2019alerte de Diamant. Apprenez comment signaler les violations des politiques et lois de l\u2019entreprise."},"footnotes":""},"class_list":["post-59459","page","type-page","status-publish","hentry"],"acf":[],"_links":{"self":[{"href":"https:\/\/www.diamantrad.com\/fr-LU\/wp-json\/wp\/v2\/pages\/59459","targetHints":{"allow":["GET"]}}],"collection":[{"href":"https:\/\/www.diamantrad.com\/fr-LU\/wp-json\/wp\/v2\/pages"}],"about":[{"href":"https:\/\/www.diamantrad.com\/fr-LU\/wp-json\/wp\/v2\/types\/page"}],"author":[{"embeddable":true,"href":"https:\/\/www.diamantrad.com\/fr-LU\/wp-json\/wp\/v2\/users\/3"}],"replies":[{"embeddable":true,"href":"https:\/\/www.diamantrad.com\/fr-LU\/wp-json\/wp\/v2\/comments?post=59459"}],"version-history":[{"count":1,"href":"https:\/\/www.diamantrad.com\/fr-LU\/wp-json\/wp\/v2\/pages\/59459\/revisions"}],"predecessor-version":[{"id":59460,"href":"https:\/\/www.diamantrad.com\/fr-LU\/wp-json\/wp\/v2\/pages\/59459\/revisions\/59460"}],"wp:attachment":[{"href":"https:\/\/www.diamantrad.com\/fr-LU\/wp-json\/wp\/v2\/media?parent=59459"}],"curies":[{"name":"wp","href":"https:\/\/api.w.org\/{rel}","templated":true}]}}