{"id":57617,"date":"2025-03-24T11:33:26","date_gmt":"2025-03-24T10:33:26","guid":{"rendered":"https:\/\/dev.diamantrad.com\/?page_id=57617"},"modified":"2025-05-21T08:49:30","modified_gmt":"2025-05-21T06:49:30","slug":"about-us","status":"publish","type":"page","link":"https:\/\/www.diamantrad.com\/nl-NL\/about-us\/","title":{"rendered":"About us"},"content":{"rendered":"\n<div class=\"wp-block-cover is-light\"><img data-dominant-color=\"75807f\" data-has-transparency=\"false\" style=\"--dominant-color: #75807f;\" loading=\"lazy\" decoding=\"async\" width=\"1661\" height=\"932\" sizes=\"auto, (max-width: 1661px) 100vw, 1661px\" class=\"wp-block-cover__image-background wp-image-57524 size-full not-transparent\" alt=\"About us hero house of diamant\" src=\"https:\/\/www.diamantrad.com\/wp-content\/uploads\/2025\/03\/about-us-hero-house-of-diamant-png.avif\" data-object-fit=\"cover\" srcset=\"https:\/\/www.diamantrad.com\/wp-content\/uploads\/2025\/03\/about-us-hero-house-of-diamant-png.avif 1661w, https:\/\/www.diamantrad.com\/wp-content\/uploads\/2025\/03\/about-us-hero-house-of-diamant-300x168.avif 300w, https:\/\/www.diamantrad.com\/wp-content\/uploads\/2025\/03\/about-us-hero-house-of-diamant-1024x575.avif 1024w, https:\/\/www.diamantrad.com\/wp-content\/uploads\/2025\/03\/about-us-hero-house-of-diamant-768x431.avif 768w, https:\/\/www.diamantrad.com\/wp-content\/uploads\/2025\/03\/about-us-hero-house-of-diamant-1536x862.avif 1536w\" \/><span aria-hidden=\"true\" class=\"wp-block-cover__background has-background-dim\" style=\"background-color:#848687\"><\/span><div class=\"wp-block-cover__inner-container is-layout-constrained wp-block-cover-is-layout-constrained\"><div class=\"lazyblock-cover-text-2nxoOO wp-block-lazyblock-cover-text\"><div class=\"covertext container py-5 d-flex flex-column colorscheme-light justify-content-center\" id=\"covertext-2nxoOO\">\r\n  <div class=\"lazyblock-inner-blocks\">\n\n<h2 class=\"wp-block-heading\">Diamant<\/h2>\n\n\n\n<h3 class=\"wp-block-heading\">Beweging is ons vaste punt<\/h3>\n\n<\/div>\r\n<\/div><\/div><\/div><\/div>\n\n\n<div class=\"lazyblock-nncontainer-11zmep wp-block-lazyblock-nncontainer\"><div class=\"section-standard\">\r\n  <div class=\"container\" id=\"container-11zmep\">\r\n    <div class=\"row\">\r\n      <div class=\"col py-4 py-lg-5\">\r\n        <div class=\"lazyblock-inner-blocks\">\n<div class=\"wp-bootstrap-blocks-row row\">\n\t\n\n<div class=\"col-12 col-md-6\">\n\t\t\t\n\n<h2 class=\"wp-block-heading has-text-align-right\">Bewegt seit 1885<\/h2>\n\n\t<\/div>\n\n\n\n<div class=\"col-12 col-md-6\">\n\t\t\t\n\n<p>Ons bedrijf werd opgericht in 1885. We zijn de oudste fietsenfabrikant van Duitsland. Diamant is bovendien het enige grote fietsmerk uit Oost-Duitsland. Met onze fietsen kunnen mensen verder rijden en meer bereiken. Meer mobiliteit. Meer plaatsen. Meer activiteit. Meer gevoel. Meer kwaliteit. Meer vrijheid.<\/p>\n\n\n\n<p>Beweging is ons anker. De tijd houdt ons in beweging, maar wij houden de tijd en de mensen in beweging. Mensen in beweging brengen &#8211; dat is opwinding cre\u00ebren. Dingen in beweging zetten &#8211; dat is verandering cre\u00ebren. Gedachten in beweging houden &#8211; dat is begeleiding cre\u00ebren.<\/p>\n\n\n\n<p>En hoe zit het met jou? Ga fietsen. Kom in beweging. Wees het gezicht van menselijke verandering. Wees iemands juweel. Voor zulke mensen bouwen wij onze fietsen. Gewoon hele goede fietsen met onze unieke mix van functionaliteit, verfijning, erfgoed en vooruitgang. En weet je: daar zijn we behoorlijk goed in. Niet overtuigd? Stel ons op de proef!<\/p>\n\n\n\n<div class=\"wp-block-buttons is-content-justification-left is-layout-flex wp-container-core-buttons-is-layout-fdcfc74e wp-block-buttons-is-layout-flex\">\n<div class=\"wp-block-button mb-1\"><a role=\"button\" class=\"wp-block-button__link wp-element-button\" href=\"https:\/\/www.diamantrad.com\/nl-NL\/why-diamant\/\">Waarom een fiets van Diamant<\/a><\/div>\n<\/div>\n\n\t<\/div>\n\n<\/div>\n\n<\/div>\r\n      <\/div>\r\n    <\/div>\r\n  <\/div>\r\n<\/div><\/div>\n\n\n<div class=\"wp-block-cover is-light\"><img data-dominant-color=\"b97f80\" data-has-transparency=\"false\" style=\"--dominant-color: #b97f80;\" loading=\"lazy\" decoding=\"async\" width=\"1620\" height=\"1080\" sizes=\"auto, (max-width: 1620px) 100vw, 1620px\" class=\"wp-block-cover__image-background wp-image-36273 size-full not-transparent\" alt=\"\" src=\"https:\/\/www.diamantrad.com\/wp-content\/uploads\/2025\/02\/aa41f2bf84a7f0e232bd45f9b6a7da38.avif\" data-object-fit=\"cover\" srcset=\"https:\/\/www.diamantrad.com\/wp-content\/uploads\/2025\/02\/aa41f2bf84a7f0e232bd45f9b6a7da38.avif 1620w, https:\/\/www.diamantrad.com\/wp-content\/uploads\/2025\/02\/aa41f2bf84a7f0e232bd45f9b6a7da38-300x200.avif 300w, https:\/\/www.diamantrad.com\/wp-content\/uploads\/2025\/02\/aa41f2bf84a7f0e232bd45f9b6a7da38-1024x683.avif 1024w, https:\/\/www.diamantrad.com\/wp-content\/uploads\/2025\/02\/aa41f2bf84a7f0e232bd45f9b6a7da38-768x512.avif 768w, https:\/\/www.diamantrad.com\/wp-content\/uploads\/2025\/02\/aa41f2bf84a7f0e232bd45f9b6a7da38-1536x1024.avif 1536w\" \/><span aria-hidden=\"true\" class=\"wp-block-cover__background has-background-dim-0 has-background-dim\" style=\"background-color:#c2c1c2\"><\/span><div class=\"wp-block-cover__inner-container is-layout-constrained wp-block-cover-is-layout-constrained\">\n<p class=\"has-text-align-center has-large-font-size\"><\/p>\n<\/div><\/div>\n\n\n<div class=\"lazyblock-nncontainer-GWka wp-block-lazyblock-nncontainer\"><div class=\"section-standard\">\r\n  <div class=\"container\" id=\"container-GWka\">\r\n    <div class=\"row\">\r\n      <div class=\"col py-4 py-lg-5\">\r\n        <div class=\"lazyblock-inner-blocks\">\n\n<h2 class=\"wp-block-heading\">Heartmade in Hartmannsdorf<\/h2>\n\n\n\n<p>Wij zijn meer dan 400 hele normale, nuchtere mensen. Maar we zijn allemaal gepassioneerd om jouw Diamant te laten schitteren terwijl jij rijdt.<\/p>\n\n\n\n<p>Dit zijn wij. Meer dan 400 hele normale, hele nuchtere, hele eerlijke mensen die werken in een klein dorpje op een steenworp afstand van Chemnitz. Sommige mensen werken al meer dan 40 jaar bij ons. Sommigen werken hier maar kort. De waarheid is dat we niet allemaal gepassioneerde fietsers zijn. Maar we willen allemaal dat jij verliefd wordt op de Diamant waarop je rijdt. Dat geeft ons voldoening, vreugde en trots. En wist je dit al over ons? Chemnitz was aan het begin van de 20e eeuw het epicentrum van de Duitse fietsindustrie. Van al die bedrijven is alleen Diamant overgebleven. Wij vertegenwoordigen en ontwikkelen het erfgoed van onze geliefde thuisbasis. Dus ook al is het op sommige dagen een gewone baan, wij identificeren ons met wat we doen en onze fietsen zijn de ambassadeurs van wie we zijn. Zo maken we die subtiele maar betekenisvolle stap van &#8216;handgemaakt&#8217; naar &#8216;hartgemaakt&#8217;.<\/p>\n\n<\/div>\r\n      <\/div>\r\n    <\/div>\r\n  <\/div>\r\n<\/div><\/div>\n\n\n<div class=\"wp-block-cover is-light\"><img data-dominant-color=\"797c88\" data-has-transparency=\"false\" loading=\"lazy\" decoding=\"async\" width=\"2560\" height=\"1707\" sizes=\"auto, (max-width: 2560px) 100vw, 2560px\" class=\"wp-block-cover__image-background wp-image-55530 size-full not-transparent\" alt=\"\" src=\"https:\/\/www.diamantrad.com\/wp-content\/uploads\/2025\/03\/diamant-about-us-heartmade-in-hartmansdorf-scaled.avif\" style=\"--dominant-color: #797c88; object-position:52% 0%\" data-object-fit=\"cover\" data-object-position=\"52% 0%\" srcset=\"https:\/\/www.diamantrad.com\/wp-content\/uploads\/2025\/03\/diamant-about-us-heartmade-in-hartmansdorf-scaled.avif 2560w, https:\/\/www.diamantrad.com\/wp-content\/uploads\/2025\/03\/diamant-about-us-heartmade-in-hartmansdorf-300x200.avif 300w, https:\/\/www.diamantrad.com\/wp-content\/uploads\/2025\/03\/diamant-about-us-heartmade-in-hartmansdorf-1024x683.avif 1024w, https:\/\/www.diamantrad.com\/wp-content\/uploads\/2025\/03\/diamant-about-us-heartmade-in-hartmansdorf-768x512.avif 768w, https:\/\/www.diamantrad.com\/wp-content\/uploads\/2025\/03\/diamant-about-us-heartmade-in-hartmansdorf-1536x1024.avif 1536w, https:\/\/www.diamantrad.com\/wp-content\/uploads\/2025\/03\/diamant-about-us-heartmade-in-hartmansdorf-2048x1365.avif 2048w\" \/><span aria-hidden=\"true\" class=\"wp-block-cover__background has-background-dim-0 has-background-dim\"><\/span><div class=\"wp-block-cover__inner-container is-layout-constrained wp-block-cover-is-layout-constrained\">\n<p class=\"has-text-align-center has-large-font-size\"><\/p>\n<\/div><\/div>\n\n\n<div class=\"lazyblock-nncontainer-20KPQK wp-block-lazyblock-nncontainer\"><div class=\"section-standard\">\r\n  <div class=\"container\" id=\"container-20KPQK\">\r\n    <div class=\"row\">\r\n      <div class=\"col py-4 py-lg-5\">\r\n        <div class=\"lazyblock-inner-blocks\">\n\n<h2 class=\"wp-block-heading\">Met Duitse precisie. Voor menselijke warmte.<\/h2>\n\n\n\n<p>Kwaliteit, technologie, techniek &#8211; wij belichamen deze Duitse waarden. Maar we voegen er onze menselijke warmte en empathie aan toe, zodat ze hun doel bereiken: mensen in beweging brengen die dingen in beweging brengen.<\/p>\n\n\n\n<p>\u2018Made in Germany\u2019 staat voor kwaliteit, expertise en uitmuntendheid in techniek en technologie. Natuurlijk wil Diamant deze waarden ook uitstralen. Toch is voortbewegen voor ons veel meer dan een kil, technisch concept. Fietsen is voor mensen &#8211; en mensen hebben dromen. Ze willen zwaktes, ziektes of een gebrek aan zelfvertrouwen overwinnen. Ze willen vrijheid ervaren en hun doelen bereiken. Specificaties en functies moeten daarom meer zijn dan een doel op zich. Ze hebben een functionele reden: mensen aanzetten tot beweging.<\/p>\n\n<\/div>\r\n      <\/div>\r\n    <\/div>\r\n  <\/div>\r\n<\/div><\/div>\n\n\n<div class=\"wp-block-cover is-light\"><img data-dominant-color=\"95807d\" data-has-transparency=\"false\" loading=\"lazy\" decoding=\"async\" width=\"1620\" height=\"1080\" sizes=\"auto, (max-width: 1620px) 100vw, 1620px\" class=\"wp-block-cover__image-background wp-image-55680 size-full not-transparent\" alt=\"\" src=\"https:\/\/www.diamantrad.com\/wp-content\/uploads\/2025\/03\/diamant-about-us-felix.avif\" style=\"--dominant-color: #95807d; object-position:50% 86%\" data-object-fit=\"cover\" data-object-position=\"50% 86%\" srcset=\"https:\/\/www.diamantrad.com\/wp-content\/uploads\/2025\/03\/diamant-about-us-felix.avif 1620w, https:\/\/www.diamantrad.com\/wp-content\/uploads\/2025\/03\/diamant-about-us-felix-300x200.avif 300w, https:\/\/www.diamantrad.com\/wp-content\/uploads\/2025\/03\/diamant-about-us-felix-1024x683.avif 1024w, https:\/\/www.diamantrad.com\/wp-content\/uploads\/2025\/03\/diamant-about-us-felix-768x512.avif 768w, https:\/\/www.diamantrad.com\/wp-content\/uploads\/2025\/03\/diamant-about-us-felix-1536x1024.avif 1536w\" \/><span aria-hidden=\"true\" class=\"wp-block-cover__background has-background-dim-0 has-background-dim\" style=\"background-color:#a3a5a4\"><\/span><div class=\"wp-block-cover__inner-container is-layout-constrained wp-block-cover-is-layout-constrained\">\n<p class=\"has-text-align-center has-large-font-size\"><\/p>\n<\/div><\/div>\n\n\n<div class=\"lazyblock-nncontainer-E8J4g wp-block-lazyblock-nncontainer\"><div class=\"section-standard\">\r\n  <div class=\"container\" id=\"container-E8J4g\">\r\n    <div class=\"row\">\r\n      <div class=\"col py-4 py-lg-5\">\r\n        <div class=\"lazyblock-inner-blocks\">\n\n<h2 class=\"wp-block-heading\">Wij zijn het coole gezicht van het andere Duitsland<\/h2>\n\n\n\n<p>Wij zijn Oost-Duitsers. Onze biografie is een lang verhaal over de zoektocht naar vrijheid. We kunnen de wereld niet veranderen. Maar we kunnen jouw wereld wel comfortabeler maken. En dat hoeft bepaald niet saai te zijn.<\/p>\n\n\n\n<p>Ons verhaal gaat verder dan leeftijd en prestaties. Wij zijn Oost-Duitsers. En daarom weerspiegelt ons DNA de eeuwige menselijke zoektocht naar vrijheid en een beter leven in een wereld vol beperkingen. We bouwden fietsen om onze vrijheid te vergroten terwijl we werden beperkt door de Berlijnse muur.<\/p>\n\n\n\n<p>Onze muren zijn niet langer fysiek, maar we proberen nog steeds om beperkingen en grenzen te doorbreken. Door een ander perspectief te kiezen. Door vooroordelen te doorbreken. Door ons allemaal weer in beweging te brengen. En jij. Nee, we kunnen de wereld niet veranderen. Maar we kunnen jouw wereld wel comfortabeler maken. En dat hoeft bepaald niet saai te zijn.<\/p>\n\n<\/div>\r\n      <\/div>\r\n    <\/div>\r\n  <\/div>\r\n<\/div><\/div>\n\n\n<div class=\"wp-block-cover is-light\"><img data-dominant-color=\"8b7986\" data-has-transparency=\"false\" loading=\"lazy\" decoding=\"async\" width=\"1024\" height=\"683\" sizes=\"auto, (max-width: 1024px) 100vw, 1024px\" class=\"wp-block-cover__image-background wp-image-55546 size-large not-transparent\" alt=\"\" src=\"https:\/\/www.diamantrad.com\/wp-content\/uploads\/2025\/03\/DI_25_Mahon_Lifestyle_67I0858_72dpi-1024x683.avif\" style=\"--dominant-color: #8b7986; object-position:81% 62%\" data-object-fit=\"cover\" data-object-position=\"81% 62%\" srcset=\"https:\/\/www.diamantrad.com\/wp-content\/uploads\/2025\/03\/DI_25_Mahon_Lifestyle_67I0858_72dpi-1024x683.avif 1024w, https:\/\/www.diamantrad.com\/wp-content\/uploads\/2025\/03\/DI_25_Mahon_Lifestyle_67I0858_72dpi-300x200.avif 300w, https:\/\/www.diamantrad.com\/wp-content\/uploads\/2025\/03\/DI_25_Mahon_Lifestyle_67I0858_72dpi-768x512.avif 768w, https:\/\/www.diamantrad.com\/wp-content\/uploads\/2025\/03\/DI_25_Mahon_Lifestyle_67I0858_72dpi-1536x1024.avif 1536w, https:\/\/www.diamantrad.com\/wp-content\/uploads\/2025\/03\/DI_25_Mahon_Lifestyle_67I0858_72dpi.avif 1587w\" \/><span aria-hidden=\"true\" class=\"wp-block-cover__background has-background-dim-0 has-background-dim\" style=\"background-color:#978e83\"><\/span><div class=\"wp-block-cover__inner-container is-layout-constrained wp-block-cover-is-layout-constrained\">\n<p class=\"has-text-align-center has-large-font-size\"><\/p>\n<\/div><\/div>\n\n\n<div class=\"lazyblock-nncontainer-1VeDjm wp-block-lazyblock-nncontainer\"><div class=\"section-standard\">\r\n  <div class=\"container\" id=\"container-1VeDjm\">\r\n    <div class=\"row\">\r\n      <div class=\"col py-4 py-lg-5\">\r\n        <div class=\"lazyblock-inner-blocks\">\n\n<h2 class=\"wp-block-heading\">Een merk met erfgoed, geen erfgoed van een merk<\/h2>\n\n\n\n<p>We zijn oud. Maar het heeft geen waarde om oud te zijn als dat alles is wat je hebt. We hebben ook een moderne historie want we zijn altijd modern geweest.<\/p>\n\n\n\n<p>Wij hebben de moderne fietsketting met dubbele rollers uitgevonden. De eerste Duitse wielrenners die de gele trui droegen en wereldkampioen werden, reden op een Diamant. En in het begin van de jaren \u201890 brachten wij ook de tweede moderne e-bike in serieproductie op de markt. Maar erfgoed is statisch. Vandaag is er een nieuwe beweging nodig. En we zijn veel meer dan het zoveelste oude fietsenmerk met een koffer vol oude anekdotes. Toen ons verleden nog ons heden was, gingen we de uitdagingen van toen aan. We zijn net zo jong als dat we oud zijn. En ontwikkeling is ons erfgoed. We durven nog steeds onze eigen regels te breken.<\/p>\n\n\n\n<p>We zijn meer dan het erfgoed van een merk. We zijn een merk met een erfgoed.<\/p>\n\n\n\n<div class=\"wp-block-buttons is-content-justification-left is-layout-flex wp-container-core-buttons-is-layout-fdcfc74e wp-block-buttons-is-layout-flex\">\n<div class=\"wp-block-button\"><a role=\"button\" class=\"wp-block-button__link wp-element-button\" href=\"https:\/\/www.diamantrad.com\/nl-NL\/history\/\">Onze geschiedenis in detail<\/a><\/div>\n<\/div>\n\n<\/div>\r\n      <\/div>\r\n    <\/div>\r\n  <\/div>\r\n<\/div><\/div>","protected":false},"excerpt":{"rendered":"","protected":false},"author":3,"featured_media":0,"parent":0,"menu_order":0,"comment_status":"closed","ping_status":"closed","template":"","meta":{"_acf_changed":false,"slim_seo":{"title":"Diamant - Heartmade in Hartmannsdorf - Het Duitse cultmerk","description":"Ontdek de moderne, nuchtere kant van het oudste fietsmerk van Duitsland. Beweging staat centraal. Vrijheid is ons doel."},"footnotes":""},"class_list":["post-57617","page","type-page","status-publish","hentry"],"acf":[],"_links":{"self":[{"href":"https:\/\/www.diamantrad.com\/nl-NL\/wp-json\/wp\/v2\/pages\/57617","targetHints":{"allow":["GET"]}}],"collection":[{"href":"https:\/\/www.diamantrad.com\/nl-NL\/wp-json\/wp\/v2\/pages"}],"about":[{"href":"https:\/\/www.diamantrad.com\/nl-NL\/wp-json\/wp\/v2\/types\/page"}],"author":[{"embeddable":true,"href":"https:\/\/www.diamantrad.com\/nl-NL\/wp-json\/wp\/v2\/users\/3"}],"replies":[{"embeddable":true,"href":"https:\/\/www.diamantrad.com\/nl-NL\/wp-json\/wp\/v2\/comments?post=57617"}],"version-history":[{"count":3,"href":"https:\/\/www.diamantrad.com\/nl-NL\/wp-json\/wp\/v2\/pages\/57617\/revisions"}],"predecessor-version":[{"id":62887,"href":"https:\/\/www.diamantrad.com\/nl-NL\/wp-json\/wp\/v2\/pages\/57617\/revisions\/62887"}],"wp:attachment":[{"href":"https:\/\/www.diamantrad.com\/nl-NL\/wp-json\/wp\/v2\/media?parent=57617"}],"curies":[{"name":"wp","href":"https:\/\/api.w.org\/{rel}","templated":true}]}}