{"id":56525,"date":"2025-03-21T08:57:10","date_gmt":"2025-03-21T07:57:10","guid":{"rendered":"https:\/\/dev.diamantrad.com\/?page_id=56525"},"modified":"2025-03-24T13:02:54","modified_gmt":"2025-03-24T12:02:54","slug":"contact","status":"publish","type":"page","link":"https:\/\/www.diamantrad.com\/pl-PL\/contact\/","title":{"rendered":"Contact"},"content":{"rendered":"<div class=\"lazyblock-nncontainer-1gwyBM wp-block-lazyblock-nncontainer\"><div class=\"section-secondary\">\r\n  <div class=\"container\" id=\"container-1gwyBM\">\r\n    <div class=\"row\">\r\n      <div class=\"col py-4 py-lg-5\">\r\n        <div class=\"lazyblock-inner-blocks\">\n<div class=\"lazyblock-cover-text-Z18ok0o wp-block-lazyblock-cover-text\"><div class=\"covertext container py-5 d-flex flex-column colorscheme-light justify-content-center\" id=\"covertext-Z18ok0o\">\r\n  <div class=\"lazyblock-inner-blocks\">\n\n<h2 class=\"wp-block-heading\">Skontaktuj si\u0119 z nami<\/h2>\n\n<\/div>\r\n<\/div><\/div>\n<\/div>\r\n      <\/div>\r\n    <\/div>\r\n  <\/div>\r\n<\/div><\/div>\n\n<div class=\"lazyblock-nncontainer-Z11Ymq5 wp-block-lazyblock-nncontainer\"><div class=\"section-standard\">\r\n  <div class=\"container\" id=\"container-Z11Ymq5\">\r\n    <div class=\"row\">\r\n      <div class=\"col py-4 py-lg-5\">\r\n        <div class=\"lazyblock-inner-blocks\">\n\n<p>Je\u017celi potrzebujesz naszego wsparcia, jeste\u015bmy do dyspozycji. Odpowied\u017a mo\u017cna r\u00f3wnie\u017c znale\u017a\u0107 w sekcji <a href=\"https:\/\/www.diamantrad.com\/pl-PL\/faq\/\" title=\"\">FAQ<\/a>. W przeciwnym wypadku: Zazwyczaj odpowiadamy w\u00a0ci\u0105gu 48 godzin. W okresach \u015bwi\u0105tecznych i w szczycie sezonu na odpowied\u017a mo\u017cemy potrzebowa\u0107 jednego lub dw\u00f3ch dni wi\u0119cej. Prosimy r\u00f3wnie\u017c o sprawdzanie folderu ze spamem, gdzie czasem trafiaj\u0105 nasze wiadomo\u015bci.<\/p>\n\n\n\n<p>Uwaga: Dost\u0119pno\u015b\u0107 rower\u00f3w pokazujemy bezpo\u015brednio na stronach produkt\u00f3w \u2013 pod warunkiem, \u017ce mamy dost\u0119p do takich danych dla konkretnej lokalizacji. Nasz dzia\u0142 obs\u0142ugi klienta nie dysponuje \u017cadnymi innymi danymi poza tymi, kt\u00f3re udost\u0119pniamy publicznie.<\/p>\n\n<\/div>\r\n      <\/div>\r\n    <\/div>\r\n  <\/div>\r\n<\/div><\/div>\n\n<div class=\"lazyblock-nncontainer-Z6cFBi wp-block-lazyblock-nncontainer\"><div class=\"section-light\">\r\n  <div class=\"container\" id=\"container-Z6cFBi\">\r\n    <div class=\"row\">\r\n      <div class=\"col py-5 py-lg-6\">\r\n        <div class=\"lazyblock-inner-blocks\">\n\n<div class=\"wp-block-contact-form-7-contact-form-selector\">\n<div class=\"wpcf7 no-js\" id=\"wpcf7-f56410-o1\" lang=\"de-DE\" dir=\"ltr\" data-wpcf7-id=\"56410\">\n<div class=\"screen-reader-response\"><p role=\"status\" aria-live=\"polite\" aria-atomic=\"true\"><\/p> <ul><\/ul><\/div>\n<form action=\"\/en-GB\/wp-json\/wp\/v2\/pages\/56525#wpcf7-f56410-o1\" method=\"post\" class=\"wpcf7-form init\" aria-label=\"Kontaktformular\" novalidate=\"novalidate\" data-status=\"init\">\n<fieldset class=\"hidden-fields-container\"><input type=\"hidden\" name=\"_wpcf7\" value=\"56410\" \/><input type=\"hidden\" name=\"_wpcf7_version\" value=\"6.1.5\" \/><input type=\"hidden\" name=\"_wpcf7_locale\" value=\"de_DE\" \/><input type=\"hidden\" name=\"_wpcf7_unit_tag\" value=\"wpcf7-f56410-o1\" \/><input type=\"hidden\" name=\"_wpcf7_container_post\" value=\"0\" \/><input type=\"hidden\" name=\"_wpcf7_posted_data_hash\" value=\"\" \/>\n<\/fieldset>\n<div class=\"row\">\n\t<div class=\"col-md-6\">\n\t\t<p><label for=\"your-name\" class=\"screen-reader-text\">Imi\u0119 i nazwisko*<\/label><span class=\"wpcf7-form-control-wrap\" data-name=\"your-name\"><input size=\"40\" maxlength=\"400\" class=\"wpcf7-form-control wpcf7-text wpcf7-validates-as-required form-control\" id=\"your-name\" aria-required=\"true\" aria-invalid=\"false\" placeholder=\"Twoje imi\u0119 i nazwisko*\" value=\"\" type=\"text\" name=\"your-name\" \/><\/span>\n\t\t<\/p>\n\t<\/div>\n\t<div class=\"col-md-6\">\n\t\t<p><label for=\"your-email\" class=\"screen-reader-text\">E-mail*<\/label><span class=\"wpcf7-form-control-wrap\" data-name=\"your-email\"><input size=\"40\" maxlength=\"400\" class=\"wpcf7-form-control wpcf7-email wpcf7-validates-as-required wpcf7-text wpcf7-validates-as-email form-control\" id=\"your-email\" autocomplete=\"email\" aria-required=\"true\" aria-invalid=\"false\" placeholder=\"Tw\u00f3j adres e-mail*\" value=\"\" type=\"email\" name=\"your-email\" \/><\/span>\n\t\t<\/p>\n\t<\/div>\n<\/div>\n<p><label for=\"your-subject\" class=\"screen-reader-text\">Temat<\/label><span class=\"wpcf7-form-control-wrap\" data-name=\"your-subject\"><input size=\"40\" maxlength=\"400\" class=\"wpcf7-form-control wpcf7-text form-control\" id=\"your-subject\" aria-invalid=\"false\" placeholder=\"Czego dotyczy Twoja wiadomo\u015b\u0107?\" value=\"\" type=\"text\" name=\"your-subject\" \/><\/span>\n<\/p>\n<p><label for=\"your-message\" class=\"screen-reader-text\">Wiadomo\u015b\u0107*<\/label><span class=\"wpcf7-form-control-wrap\" data-name=\"your-message\"><textarea cols=\"40\" rows=\"10\" maxlength=\"2000\" class=\"wpcf7-form-control wpcf7-textarea wpcf7-validates-as-required form-control\" id=\"your-message\" aria-required=\"true\" aria-invalid=\"false\" placeholder=\"Twoja wiadomo\u015b\u0107*\" name=\"your-message\"><\/textarea><\/span>\n<\/p>\n<p class=\"text-end small mb-4\">Pola oznaczone * s\u0105 obowi\u0105zkowe.\n<\/p>\n<p><span class=\"wpcf7-form-control-wrap\" data-name=\"dsgvo\"><span class=\"wpcf7-form-control wpcf7-acceptance\"><span class=\"wpcf7-list-item\"><label><input type=\"checkbox\" name=\"dsgvo\" value=\"1\" id=\"dsgvo-accept\" aria-invalid=\"false\" \/><span class=\"wpcf7-list-item-label\"><label for=\"dsgvo-accept\">Przesy\u0142aj\u0105c swoj\u0105 wiadomo\u015b\u0107, akceptuj\u0119 wytyczne dotycz\u0105ce poufno\u015bci danych.<\/label><\/span><\/label><\/span><\/span><\/span>\n<\/p>\n<p><input class=\"wpcf7-form-control wpcf7-submit has-spinner btn btn-primary\" type=\"submit\" value=\"Prze\u015blij\" \/>\n<\/p><div class=\"wpcf7-response-output\" aria-hidden=\"true\"><\/div>\n<\/form>\n<\/div>\n<\/div>\n\n<\/div>\r\n      <\/div>\r\n    <\/div>\r\n  <\/div>\r\n<\/div><\/div>","protected":false},"excerpt":{"rendered":"","protected":false},"author":3,"featured_media":0,"parent":0,"menu_order":0,"comment_status":"closed","ping_status":"closed","template":"","meta":{"_acf_changed":false,"slim_seo":{"title":"Kontakt - Pytania dotycz\u0105ce rower\u00f3w Diamant i serwisu?","description":"Skontaktuj si\u0119 z zespo\u0142em obs\u0142ugi klienta Diamant, aby uzyska\u0107 porady, wsparcie lub opini\u0119. Ch\u0119tnie Ci pomo\u017cemy. Skontaktuj si\u0119 z nami ju\u017c teraz."},"footnotes":""},"class_list":["post-56525","page","type-page","status-publish","hentry"],"acf":[],"_links":{"self":[{"href":"https:\/\/www.diamantrad.com\/en-GB\/wp-json\/wp\/v2\/pages\/56525","targetHints":{"allow":["GET"]}}],"collection":[{"href":"https:\/\/www.diamantrad.com\/en-GB\/wp-json\/wp\/v2\/pages"}],"about":[{"href":"https:\/\/www.diamantrad.com\/en-GB\/wp-json\/wp\/v2\/types\/page"}],"author":[{"embeddable":true,"href":"https:\/\/www.diamantrad.com\/en-GB\/wp-json\/wp\/v2\/users\/3"}],"replies":[{"embeddable":true,"href":"https:\/\/www.diamantrad.com\/en-GB\/wp-json\/wp\/v2\/comments?post=56525"}],"version-history":[{"count":0,"href":"https:\/\/www.diamantrad.com\/en-GB\/wp-json\/wp\/v2\/pages\/56525\/revisions"}],"wp:attachment":[{"href":"https:\/\/www.diamantrad.com\/en-GB\/wp-json\/wp\/v2\/media?parent=56525"}],"curies":[{"name":"wp","href":"https:\/\/api.w.org\/{rel}","templated":true}]}}