{"id":56527,"date":"2025-03-21T09:05:30","date_gmt":"2025-03-21T08:05:30","guid":{"rendered":"https:\/\/dev.diamantrad.com\/?page_id=56527"},"modified":"2026-05-01T08:58:20","modified_gmt":"2026-05-01T06:58:20","slug":"startseite","status":"publish","type":"page","link":"https:\/\/www.diamantrad.com\/pl-PL\/startseite\/","title":{"rendered":"Startseite"},"content":{"rendered":"\n<div class=\"wp-block-cover is-light\"><video class=\"wp-block-cover__video-background intrinsic-ignore\" autoplay muted loop playsinline src=\"https:\/\/www.diamantrad.com\/wp-content\/uploads\/2026\/04\/16x9_141_Teaser_ohneTypo.mp4\" data-object-fit=\"cover\"><\/video><span aria-hidden=\"true\" class=\"wp-block-cover__background has-color-primary-hover-background-color has-background-dim-20 has-background-dim\"><\/span><div class=\"wp-block-cover__inner-container is-layout-constrained wp-block-cover-is-layout-constrained\"><div class=\"lazyblock-cover-text-Z19LHef wp-block-lazyblock-cover-text\"><div class=\"covertext container py-5 d-flex flex-column colorscheme-light justify-content-center\" id=\"covertext-Z19LHef\">\r\n  <div class=\"lazyblock-inner-blocks\">\n\n<h2 class=\"wp-block-heading\">Diamant 141<\/h2>\n\n\n\n<div class=\"wp-block-buttons is-layout-flex wp-block-buttons-is-layout-flex\">\n<div class=\"wp-block-button\"><a role=\"button\" class=\"wp-block-button__link wp-element-button\" href=\"https:\/\/www.diamantrad.com\/pl-PL\/141-energy-that-carries-on\/\">Odkryj teraz<\/a><\/div>\n<\/div>\n\n<\/div>\r\n<\/div><\/div><\/div><\/div>\n\n\n<div class=\"lazyblock-nncontainer-ZtAog9 wp-block-lazyblock-nncontainer\"><div class=\"section-standard\">\r\n  <div class=\"container\" id=\"container-ZtAog9\">\r\n    <div class=\"row\">\r\n      <div class=\"col py-5 py-lg-6\">\r\n        <div class=\"lazyblock-inner-blocks\">\n<div class=\"wp-bootstrap-blocks-row row gx-5\">\n\t\n\n<div class=\"col-12 col-md-6\">\n\t\t\t\n\n<h2 class=\"wp-block-heading has-text-align-right\">Nasz ruch to czas wolny i czas wolno\u015bci<\/h2>\n\n\t<\/div>\n\n\n\n<div class=\"col-12 col-md-6\">\n\t\t\t\n\n<p>Jeste\u015bmy najstarszym niemieckim producentem rower\u00f3w. Do dzi\u015b ka\u017cdy Diamant jest montowany w naszym domu w Hartmannsdorf. Po prostu budujemy naprawd\u0119 dobre rowery. Tam, gdzie wiesz, \u017ce s\u0105 tego warte. Tak m\u00f3wi\u0105 ludzie, kt\u00f3rzy na nich je\u017cd\u017c\u0105. Specjalizujemy si\u0119 w rowerach, kt\u00f3re nadal s\u0105 rowerami i rowerach elektrycznych, kt\u00f3re elektryzuj\u0105 bez nadmiernego obci\u0105\u017cania. Inaczej m\u00f3wi\u0105c: interesuj\u0105 nas rowery, bo daj\u0105 ci wolno\u015b\u0107. W ten spos\u00f3b najlepiej porusza\u0107 si\u0119 po \u015bwiecie &#8211; na rowerze.<\/p>\n\n\t<\/div>\n\n<\/div>\n\n\n\n<!-- TrustBox widget - Micro Combo --> <div class=\"trustpilot-widget\" data-locale=\"pl-PL\" data-template-id=\"5419b6ffb0d04a076446a9af\" data-businessunit-id=\"5fbbd12169124d000198e8fa\" data-style-height=\"20px\" data-style-width=\"100%\">   <a href=\"https:\/\/pl.trustpilot.com\/review\/diamantrad.com\" target=\"_blank\" rel=\"noopener\" aria-label=\"Opens external link in a new tab\">Trustpilot<\/a> <\/div> <!-- End TrustBox widget -->\n\n<\/div>\r\n      <\/div>\r\n    <\/div>\r\n  <\/div>\r\n<\/div><\/div>\n\n<div class=\"lazyblock-nncontainer-1db9NA wp-block-lazyblock-nncontainer\"><div class=\"section-light\">\r\n  <div class=\"container\" id=\"container-1db9NA\">\r\n    <div class=\"row\">\r\n      <div class=\"col py-4 py-lg-5\">\r\n        <div class=\"lazyblock-inner-blocks\">\n<div class=\"wp-bootstrap-blocks-row row\">\n\t\n\n<div class=\"col-12 col-md-6\">\n\t\t\t\n\n<figure class=\"wp-block-image size-full\"><img loading=\"lazy\" decoding=\"async\" width=\"1440\" height=\"1080\" sizes=\"auto, (max-width: 1440px) 100vw, 1440px\" src=\"https:\/\/www.diamantrad.com\/wp-content\/uploads\/2025\/07\/Suvea-Bikeansicht-3.gif\" alt=\"Suvea Red Dot Award\" class=\"wp-image-64727\"\/><\/figure>\n\n\t<\/div>\n\n\n\n<div class=\"col-12 col-md-6\">\n\t\t\t\n\n<h2 class=\"wp-block-heading\">Na sprytnym rowerze je\u017adzi si\u0119 lepiej<\/h2>\n\n\n\n<p>Suvea to nowoczesny e-SUV z mn\u00f3stwem inteligentnych technologii. Opcjonalnie z Accessory Bar.<\/p>\n\n\n\n<div class=\"wp-block-buttons is-layout-flex wp-block-buttons-is-layout-flex\">\n<div class=\"wp-block-button\"><a role=\"button\" class=\"wp-block-button__link wp-element-button\" href=\"https:\/\/www.diamantrad.com\/pl-PL\/bikes\/suvea-e-suv-hardtail\/\" target=\"_blank\" rel=\"noreferrer noopener\" aria-label=\"Opens external link in a new tab\">Zobacz Suvea<\/a><\/div>\n<\/div>\n\n\n\n\t<\/div>\n\n<\/div>\n\n<\/div>\r\n      <\/div>\r\n    <\/div>\r\n  <\/div>\r\n<\/div><\/div>\n\n<div class=\"lazyblock-nncontainer-241VHr wp-block-lazyblock-nncontainer\"><div class=\"section-standard\">\r\n  <div class=\"container\" id=\"container-241VHr\">\r\n    <div class=\"row\">\r\n      <div class=\"col py-5 py-lg-6 spaltentausch\">\r\n        <div class=\"lazyblock-inner-blocks\">\n<div class=\"wp-bootstrap-blocks-row row gx-5\">\n\t\n\n<div class=\"col-12 col-md-6\">\n\t\t\t\n\n<h2 class=\"wp-block-heading has-text-align-right\">Je\u017ad\u017a stylowo.<br>Ruszaj w tras\u0119.<br>Poznaj \u015bwiat.<\/h2>\n\n\n\n<p class=\"has-text-align-right\">Mahon to platforma rowerowa dla ka\u017cdego, kto szuka roweru bez silnika.<\/p>\n\n\n\n<div class=\"wp-block-buttons is-content-justification-right is-layout-flex wp-container-core-buttons-is-layout-765c4724 wp-block-buttons-is-layout-flex\">\n<div class=\"wp-block-button\"><a role=\"button\" class=\"wp-block-button__link has-text-align-right wp-element-button\" href=\"https:\/\/www.diamantrad.com\/pl-PL\/bikes\/mahon-acoustic-suv\/\" target=\"_blank\" rel=\"noreferrer noopener\" aria-label=\"Opens external link in a new tab\">Zobacz Mahon<\/a><\/div>\n<\/div>\n\n\n\n\t<\/div>\n\n\n\n<div class=\"col-12 col-md-6\">\n\t\t\t\n\n<figure class=\"wp-block-image size-large\"><img decoding=\"async\" src=\"https:\/\/media.trekbikes.com\/image\/upload\/MahonStylePlusMS-25-49637-B-Primary\" alt=\"\"\/><\/figure>\n\n\t<\/div>\n\n<\/div>\n\n<\/div>\r\n      <\/div>\r\n    <\/div>\r\n  <\/div>\r\n<\/div><\/div>\n\n\n<div class=\"wp-block-cover is-light\"><img data-dominant-color=\"918983\" data-has-transparency=\"true\" decoding=\"async\" sizes=\"(max-width: 2560px) 100vw, 2560px\" class=\"wp-block-cover__image-background wp-image-74390 size-full has-transparency\" alt=\"Nhoma Plus Hero New\" src=\"https:\/\/www.diamantrad.com\/wp-content\/uploads\/2026\/03\/Nhoma-Plus-Hero-New-png.avif\" style=\"--dominant-color: #918983; object-position:50% 42%\" data-object-fit=\"cover\" data-object-position=\"50% 42%\"\/><span aria-hidden=\"true\" class=\"wp-block-cover__background has-color-primary-hover-background-color has-background-dim-20 has-background-dim\"><\/span><div class=\"wp-block-cover__inner-container is-layout-constrained wp-block-cover-is-layout-constrained\"><div class=\"lazyblock-cover-text-Z2mibGN wp-block-lazyblock-cover-text\"><div class=\"covertext container py-5 d-flex flex-column colorscheme-light justify-content-center\" id=\"covertext-Z2mibGN\">\r\n  <div class=\"lazyblock-inner-blocks\">\n\n<h2 class=\"wp-block-heading\">Gravel = Nhoma<\/h2>\n\n\n\n<h4 class=\"wp-block-heading\">Teraz dost\u0119pne w wersjach Plus i Pro<\/h4>\n\n\n\n<div class=\"wp-block-buttons is-layout-flex wp-block-buttons-is-layout-flex\">\n<div class=\"wp-block-button\"><a role=\"button\" class=\"wp-block-button__link wp-element-button\" href=\"https:\/\/www.diamantrad.com\/pl-PL\/bikes\/nhoma-equipped-gravel-bike\/\">Odkryj rowery<\/a><\/div>\n<\/div>\n\n<\/div>\r\n<\/div><\/div><\/div><\/div>\n\n\n<div class=\"lazyblock-nncontainer-Z1OHLyn wp-block-lazyblock-nncontainer\"><div class=\"section-light\">\r\n  <div class=\"container\" id=\"container-Z1OHLyn\">\r\n    <div class=\"row\">\r\n      <div class=\"col py-4 py-lg-5\">\r\n        <div class=\"lazyblock-inner-blocks\">\n<div class=\"wp-bootstrap-blocks-row row\">\n\t\n\n<div class=\"col-12 col-md-6\">\n\t\t\t\n\n<figure class=\"wp-block-image size-large\"><img decoding=\"async\" src=\"https:\/\/media.trekbikes.com\/image\/upload\/ZingTripPlusMS800wh-25-48277-A-Primary\" alt=\"\"\/><\/figure>\n\n\t<\/div>\n\n\n\n<div class=\"col-12 col-md-6\">\n\t\t\t\n\n<h2 class=\"wp-block-heading\">Lekko\u015b\u0107 i wydajno\u015b\u0107 w przyjaznej cenie<\/h2>\n\n\n\n<p>\u017baden inny trekkingowy rower elektryczny z silnikiem CX nie jest tak lekki i przyst\u0119pny cenowo jak Zing Gen 3.<\/p>\n\n\n\n<div class=\"wp-block-buttons is-layout-flex wp-block-buttons-is-layout-flex\">\n<div class=\"wp-block-button\"><a role=\"button\" class=\"wp-block-button__link wp-element-button\" href=\"https:\/\/www.diamantrad.com\/pl-PL\/bikes\/zing-full-power-light-e-bike\/\" target=\"_blank\" rel=\"noreferrer noopener\" aria-label=\"Opens external link in a new tab\">Zobacz Zing<\/a><\/div>\n<\/div>\n\n\n\n\t<\/div>\n\n<\/div>\n\n<\/div>\r\n      <\/div>\r\n    <\/div>\r\n  <\/div>\r\n<\/div><\/div>\n\n<div class=\"lazyblock-nncontainer-1aDRBb wp-block-lazyblock-nncontainer\"><div class=\"section-standard\">\r\n  <div class=\"container\" id=\"container-1aDRBb\">\r\n    <div class=\"row\">\r\n      <div class=\"col py-4 py-lg-5 spaltentausch\">\r\n        <div class=\"lazyblock-inner-blocks\">\n<div class=\"wp-bootstrap-blocks-row row\">\n\t\n\n<div class=\"col-12 col-md-6\">\n\t\t\t\n\n<h2 class=\"wp-block-heading has-text-align-right\">Wolno\u015b\u0107 na dw\u00f3ch ko\u0142ach<\/h2>\n\n\n\n<p class=\"has-text-align-right\">Modele Nhoma to w pe\u0142ni wyposa\u017cone rowery gravel.<\/p>\n\n\n\n<div class=\"wp-block-buttons is-content-justification-right is-layout-flex wp-container-core-buttons-is-layout-765c4724 wp-block-buttons-is-layout-flex\">\n<div class=\"wp-block-button\"><a role=\"button\" class=\"wp-block-button__link wp-element-button\" href=\"https:\/\/www.diamantrad.com\/pl-PL\/bikes\/nhoma-equipped-gravel-bike\/\" target=\"_blank\" rel=\"noreferrer noopener\" aria-label=\"Opens external link in a new tab\">Zobacz Nhoma<\/a><\/div>\n<\/div>\n\n\n\n\t<\/div>\n\n\n\n<div class=\"col-12 col-md-6\">\n\t\t\t\n\n<figure class=\"wp-block-image size-large\"><img decoding=\"async\" src=\"https:\/\/media.trekbikes.com\/image\/upload\/NhomaSO-25-49648-A-Primary\" alt=\"\"\/><\/figure>\n\n\t<\/div>\n\n<\/div>\n\n<\/div>\r\n      <\/div>\r\n    <\/div>\r\n  <\/div>\r\n<\/div><\/div>\n\n<div class=\"lazyblock-nncontainer-Z206L26 wp-block-lazyblock-nncontainer\"><div class=\"section-light\">\r\n  <div class=\"container\" id=\"container-Z206L26\">\r\n    <div class=\"row\">\r\n      <div class=\"col py-5 py-lg-6\">\r\n        <div class=\"lazyblock-inner-blocks\">\n<div class=\"wp-bootstrap-blocks-row row mb-0 gx-5\">\n\t\n\n<div class=\"col-12 col-md-3\">\n\t\t\t\n<div class=\"wp-block-image mb-3\">\n<figure class=\"aligncenter size-full is-resized\"><img loading=\"lazy\" decoding=\"async\" width=\"117\" height=\"117\" sizes=\"auto, (max-width: 117px) 100vw, 117px\" src=\"https:\/\/www.diamantrad.com\/wp-content\/uploads\/2025\/02\/icon-handgefertigt.svg\" alt=\"Icon Handgefertigt\" class=\"wp-image-36204\" style=\"object-fit:cover;width:100px;height:100px\"\/><\/figure>\n<\/div>\n\n\n<h3 class=\"wp-block-heading has-text-align-center\">Zmontowany w Niemczech<\/h3>\n\n\n\n<p class=\"has-text-align-center\">Kupujesz rower, kt\u00f3ry zosta\u0142 zmontowany w naszej g\u0142\u00f3wnej fabryce w Hartmannsdorf.<\/p>\n\n\t<\/div>\n\n\n\n<div class=\"col-12 col-md-3\">\n\t\t\t\n<div class=\"wp-block-image mb-3\">\n<figure class=\"aligncenter size-full is-resized\"><img loading=\"lazy\" decoding=\"async\" width=\"117\" height=\"117\" sizes=\"auto, (max-width: 117px) 100vw, 117px\" src=\"https:\/\/www.diamantrad.com\/wp-content\/uploads\/2025\/02\/icon-design.svg\" alt=\"Icon Design\" class=\"wp-image-36214\" style=\"object-fit:cover;width:100px;height:100px\"\/><\/figure>\n<\/div>\n\n\n<h3 class=\"wp-block-heading has-text-align-center\">Doskona\u0142o\u015b\u0107 projektu<\/h3>\n\n\n\n<p class=\"has-text-align-center\">Projektujemy nasze rowery z dba\u0142o\u015bci\u0105 o szczeg\u00f3\u0142y. Tw\u00f3j rower zdoby\u0142 nagrody za wzornictwo.<\/p>\n\n\t<\/div>\n\n\n\n<div class=\"col-12 col-md-3\">\n\t\t\t\n<div class=\"wp-block-image mb-3\">\n<figure class=\"aligncenter size-full is-resized\"><img loading=\"lazy\" decoding=\"async\" width=\"117\" height=\"117\" sizes=\"auto, (max-width: 117px) 100vw, 117px\" src=\"https:\/\/www.diamantrad.com\/wp-content\/uploads\/2025\/02\/icon-haendler.svg\" alt=\"Icon Haendler\" class=\"wp-image-36224\" style=\"object-fit:cover;width:100px;height:100px\"\/><\/figure>\n<\/div>\n\n\n<h3 class=\"wp-block-heading has-text-align-center\">Dobrzy dealerzy<\/h3>\n\n\n\n<p class=\"has-text-align-center\">Przy zakupie otrzymujesz spersonalizowan\u0105 porad\u0119. Je\u015bli co\u015b p\u00f3jdzie nie tak, do\u015bwiadczeni mechanicy naprawi\u0105 rower.<\/p>\n\n\t<\/div>\n\n\n\n<div class=\"col-12 col-md-3\">\n\t\t\t\n<div class=\"wp-block-image mb-3\">\n<figure class=\"aligncenter size-full is-resized\"><img loading=\"lazy\" decoding=\"async\" width=\"117\" height=\"133\" sizes=\"auto, (max-width: 117px) 100vw, 117px\" src=\"https:\/\/www.diamantrad.com\/wp-content\/uploads\/2025\/02\/icon-garantie.svg\" alt=\"Icon Garantie\" class=\"wp-image-36234\" style=\"object-fit:cover;width:100px;height:100px\"\/><\/figure>\n<\/div>\n\n\n<h3 class=\"wp-block-heading has-text-align-center\">Ponad 40 lat gwarancji<\/h3>\n\n\n\n<p class=\"has-text-align-center\">Twoja rama powinna przetrwa\u0107 ca\u0142e \u017cycie &#8211; tak jak diament. \u017byczymy d\u0142ugiego \u017cycia.<\/p>\n\n\t<\/div>\n\n<\/div>\n\n<\/div>\r\n      <\/div>\r\n    <\/div>\r\n  <\/div>\r\n<\/div><\/div>\n\n\n<div class=\"wp-block-cover\"><img data-dominant-color=\"6b7a82\" data-has-transparency=\"false\" loading=\"lazy\" decoding=\"async\" width=\"1920\" height=\"1280\" sizes=\"auto, (max-width: 1920px) 100vw, 1920px\" class=\"wp-block-cover__image-background wp-image-55769 size-full not-transparent\" alt=\"Di 25 suvea lifestyle detail img 6520new\" src=\"https:\/\/www.diamantrad.com\/wp-content\/uploads\/2025\/03\/DI_25_Suvea_Lifestyle_Detail_IMG_6520new-png.avif\" style=\"--dominant-color: #6b7a82; object-position:69% 61%\" data-object-fit=\"cover\" data-object-position=\"69% 61%\" srcset=\"https:\/\/www.diamantrad.com\/wp-content\/uploads\/2025\/03\/DI_25_Suvea_Lifestyle_Detail_IMG_6520new-png.avif 1920w, https:\/\/www.diamantrad.com\/wp-content\/uploads\/2025\/03\/DI_25_Suvea_Lifestyle_Detail_IMG_6520new-300x200.avif 300w, https:\/\/www.diamantrad.com\/wp-content\/uploads\/2025\/03\/DI_25_Suvea_Lifestyle_Detail_IMG_6520new-1024x683.avif 1024w, https:\/\/www.diamantrad.com\/wp-content\/uploads\/2025\/03\/DI_25_Suvea_Lifestyle_Detail_IMG_6520new-768x512.avif 768w, https:\/\/www.diamantrad.com\/wp-content\/uploads\/2025\/03\/DI_25_Suvea_Lifestyle_Detail_IMG_6520new-1536x1024.avif 1536w\" \/><span aria-hidden=\"true\" class=\"wp-block-cover__background has-background-dim-0 has-background-dim\"><\/span><div class=\"wp-block-cover__inner-container is-layout-constrained wp-block-cover-is-layout-constrained\"><div class=\"lazyblock-cover-text-ZtuexN wp-block-lazyblock-cover-text\"><div class=\"covertext container py-5 d-flex flex-column colorscheme-light justify-content-center\" id=\"covertext-ZtuexN\">\r\n  <div class=\"lazyblock-inner-blocks\">\n\n<h3 class=\"wp-block-heading has-text-align-left\">Wi\u0119cej mocy, wi\u0119kszy zasi\u0119g!<\/h3>\n\n\n\n<h5 class=\"wp-block-heading has-text-align-left\">Odkryj wszystko, co musisz wiedzie\u0107 o akumulatorach do rower\u00f3w elektrycznych &#8211; od w\u0142a\u015bciwej piel\u0119gnacji po maksymaln\u0105 wydajno\u015b\u0107.<\/h5>\n\n\n\n<div class=\"wp-block-buttons is-content-justification-left is-layout-flex wp-container-core-buttons-is-layout-fdcfc74e wp-block-buttons-is-layout-flex\">\n<div class=\"wp-block-button\"><a role=\"button\" class=\"wp-block-button__link wp-element-button\" href=\"https:\/\/www.diamantrad.com\/pl-PL\/blog\/e-bike-battery-faq\/\" target=\"_blank\" rel=\"noreferrer noopener\" aria-label=\"Opens external link in a new tab\">Dowiedz si\u0119 wi\u0119cej<\/a><\/div>\n<\/div>\n\n<\/div>\r\n<\/div><\/div><\/div><\/div>\n\n\n\n<div class=\"wp-block-cover is-light\"><video class=\"wp-block-cover__video-background intrinsic-ignore\" autoplay muted loop playsinline src=\"https:\/\/www.diamantrad.com\/wp-content\/uploads\/2026\/02\/diamant-historic-trailer-1020px-compressed.mp4\" data-object-fit=\"cover\"><\/video><span aria-hidden=\"true\" class=\"wp-block-cover__background has-background-dim-0 has-background-dim\"><\/span><div class=\"wp-block-cover__inner-container is-layout-constrained wp-block-cover-is-layout-constrained\"><div class=\"lazyblock-cover-text-t0wqw wp-block-lazyblock-cover-text\"><div class=\"covertext container py-5 d-flex flex-column colorscheme-light justify-content-center\" id=\"covertext-t0wqw\">\r\n  <div class=\"lazyblock-inner-blocks\">\n\n<h3 class=\"wp-block-heading has-text-align-left\">Najstarszy niemiecki producent rower\u00f3w<\/h3>\n\n\n\n<p class=\"has-text-align-left h5\">Legendarny, ulubiony rower<br>od pokole\u0144<\/p>\n\n\n\n<div class=\"wp-block-buttons is-content-justification-left is-layout-flex wp-container-core-buttons-is-layout-fdcfc74e wp-block-buttons-is-layout-flex\">\n<div class=\"wp-block-button\"><a role=\"button\" class=\"wp-block-button__link wp-element-button\" href=\"https:\/\/www.diamantrad.com\/pl-PL\/history\/\" target=\"_blank\" rel=\"noreferrer noopener\" aria-label=\"Opens external link in a new tab\">Dowiedz si\u0119 wi\u0119cej<\/a><\/div>\n<\/div>\n\n<\/div>\r\n<\/div><\/div><\/div><\/div>\n\n\n","protected":false},"excerpt":{"rendered":"<p>Naprawd\u0119 dobry rower miejski, turystyczny i przygodowy! \u2713 Do\u017cywotnia gwarancja \u2713 Doskona\u0142y design \u2713 R\u0119czna produkcja w Hartmannsdorf.<\/p>\n","protected":false},"author":8,"featured_media":55901,"parent":0,"menu_order":0,"comment_status":"closed","ping_status":"closed","template":"","meta":{"_acf_changed":false,"slim_seo":{"title":"Diamantrad - Rowery elektryczne i rowery klasy premium","description":"Naprawd\u0119 dobry rower miejski, turystyczny i przygodowy! \u2713 Do\u017cywotnia gwarancja \u2713 Doskona\u0142y design \u2713 R\u0119czna produkcja w Hartmannsdorf."},"footnotes":""},"class_list":["post-56527","page","type-page","status-publish","has-post-thumbnail","hentry"],"acf":[],"_links":{"self":[{"href":"https:\/\/www.diamantrad.com\/en-GB\/wp-json\/wp\/v2\/pages\/56527","targetHints":{"allow":["GET"]}}],"collection":[{"href":"https:\/\/www.diamantrad.com\/en-GB\/wp-json\/wp\/v2\/pages"}],"about":[{"href":"https:\/\/www.diamantrad.com\/en-GB\/wp-json\/wp\/v2\/types\/page"}],"author":[{"embeddable":true,"href":"https:\/\/www.diamantrad.com\/en-GB\/wp-json\/wp\/v2\/users\/8"}],"replies":[{"embeddable":true,"href":"https:\/\/www.diamantrad.com\/en-GB\/wp-json\/wp\/v2\/comments?post=56527"}],"version-history":[{"count":45,"href":"https:\/\/www.diamantrad.com\/en-GB\/wp-json\/wp\/v2\/pages\/56527\/revisions"}],"predecessor-version":[{"id":75706,"href":"https:\/\/www.diamantrad.com\/en-GB\/wp-json\/wp\/v2\/pages\/56527\/revisions\/75706"}],"wp:featuredmedia":[{"embeddable":true,"href":"https:\/\/www.diamantrad.com\/en-GB\/wp-json\/wp\/v2\/media\/55901"}],"wp:attachment":[{"href":"https:\/\/www.diamantrad.com\/en-GB\/wp-json\/wp\/v2\/media?parent=56527"}],"curies":[{"name":"wp","href":"https:\/\/api.w.org\/{rel}","templated":true}]}}