{"id":56969,"date":"2025-03-23T10:01:35","date_gmt":"2025-03-23T09:01:35","guid":{"rendered":"https:\/\/dev.diamantrad.com\/?page_id=56969"},"modified":"2025-10-29T16:30:37","modified_gmt":"2025-10-29T15:30:37","slug":"imprint","status":"publish","type":"page","link":"https:\/\/www.diamantrad.com\/pl-PL\/imprint\/","title":{"rendered":"Impressum"},"content":{"rendered":"<div class=\"lazyblock-nncontainer-Z2g4qQs wp-block-lazyblock-nncontainer\"><div class=\"section-secondary\">\r\n  <div class=\"container\" id=\"container-Z2g4qQs\">\r\n    <div class=\"row\">\r\n      <div class=\"col py-4 py-lg-5\">\r\n        <div class=\"lazyblock-inner-blocks\">\n<div class=\"lazyblock-cover-text-Z1rH0gv wp-block-lazyblock-cover-text\"><div class=\"covertext container py-5 d-flex flex-column colorscheme-light justify-content-center\" id=\"covertext-Z1rH0gv\">\r\n  <div class=\"lazyblock-inner-blocks\">\n\n<h2 class=\"wp-block-heading\">Imprint<\/h2>\n\n<\/div>\r\n<\/div><\/div>\n<\/div>\r\n      <\/div>\r\n    <\/div>\r\n  <\/div>\r\n<\/div><\/div>\n\n<div class=\"lazyblock-nncontainer-Z2c1cdc wp-block-lazyblock-nncontainer\"><div class=\"section-standard\">\r\n  <div class=\"container\" id=\"container-Z2c1cdc\">\r\n    <div class=\"row\">\r\n      <div class=\"col py-4 py-lg-5\">\r\n        <div class=\"lazyblock-inner-blocks\">\n\n<p><strong>Diamant Fahrradwerke GmbH<\/strong><br>Sch\u00f6naicher Stra\u00dfe 1<br>09232 Hartmannsdorf<br>Niemcy<\/p>\n\n\n\n<p>Kontakt dla dostawc\u00f3w (Niemiecki i angielski): +49 3722 405 621<br>Kontakt dla sprzedawc\u00f3w: +48 221 049 698 (via Trek Bikes)<br>Kontakt dla klient\u00f3w: Prosz\u0119 skorzysta\u0107 z&nbsp;<a href=\"https:\/\/www.diamantrad.com\/pl-PL\/contact\/\" title=\"\"><\/a><a href=\"https:\/\/www.diamantrad.com\/pl-PL\/contact\/\" title=\"\">formularza kontaktowego<\/a><br>E-Mail:&nbsp;<a href=\"mailto:info@diamantrad.com\">info@diamantrad.com<\/a><\/p>\n\n\n\n<p>Dyrektor zarz\u0105dzaj\u0105cy: John Schuster<br>Rejestr handlowy: Handelsregister des Amtsgerichts Chemnitz, HRB 6093<br>VAT-ID: DE111665530<\/p>\n\n\n\n<p>Numer identyfikacji podatkowej: 222\/107\/00432<\/p>\n\n\n\n<p>Inspektor ochrony danych osobowych: Phillip Herold<br>Kontakt w sprawach zwi\u0105zanych z ochron\u0105 danych:&nbsp;<a href=\"mailto:GDPR@trekbikes.com\">GDPR@trekbikes.com<\/a><\/p>\n\n\n\n<p>Organ nadzoruj\u0105cy: Der S\u00e4chsische Datenschutzbeauftragte, Kontor am Landtag, Devrientstra\u00dfe 1, 01067 Dresden, Niemcy<\/p>\n\n\n\n<p>Cel dzia\u0142alno\u015bci gospodarczej: Handel, produkcja i dystrybucja rower\u00f3w, rower\u00f3w z nap\u0119dem elektrycznym, cz\u0119\u015bci zamiennych do rower\u00f3w i akcesori\u00f3w rowerowych<\/p>\n\n\n\n<p>Data za\u0142o\u017cenia firmy \u201eGebr\u00fcder Nevoigt, Reichenbrand \/ Chemnitz\u201d: 1 stycze\u0144 1885<br>Data za\u0142o\u017cenia Diamant Fahrradwerke GmbH jako ostatecznego nast\u0119pcy prawnego: 31.10.1991<\/p>\n\n\n\n<h3 class=\"wp-block-heading\">Warunki korzystania\/Zastrze\u017cenie<\/h3>\n\n\n\n<p>1. Korzystanie ze strony internetowej Diamant Fahrradwerke GmbH podlega nast\u0119puj\u0105cym warunkom, kt\u00f3re s\u0105 wi\u0105\u017c\u0105ce dla u\u017cytkownika i Diamant Fahrradwerke GmbH jako dostawcy us\u0142ug po uzyskaniu dost\u0119pu do strony internetowej lub dowolnej jej cz\u0119\u015bci. Strona internetowa zawiera wszelkiego rodzaju dane i informacje, kt\u00f3re s\u0105 chronione znakiem towarowym i\/lub prawami autorskimi na rzecz Diamant Fahrradwerke GmbH lub, w indywidualnych przypadkach, na rzecz os\u00f3b trzecich. Z tego wzgl\u0119du nie wolno pobiera\u0107, powiela\u0107 ani rozpowszechnia\u0107 ca\u0142o\u015bci ani fragment\u00f3w tej strony internetowej. Technicznie wymagane powielanie w celu przegl\u0105dania jest dozwolone, o ile dzia\u0142ania te nie s\u0105 podejmowane w celach komercyjnych, podobnie jak trwa\u0142e powielanie na u\u017cytek osobisty.<\/p>\n\n\n\n<p>2. &nbsp;Dozwolone jest umieszczanie linku do tej strony internetowej, o ile s\u0142u\u017cy on wy\u0142\u0105cznie do cel\u00f3w referencyjnych. Diamant Fahrradwerke GmbH zastrzega sobie prawo do odwo\u0142ania tego zezwolenia. Umieszczanie tej strony w ramce jest niedozwolone.<\/p>\n\n\n\n<p>3. Diamant Fahrradwerke GmbH nie udziela \u017cadnej gwarancji co do dok\u0142adno\u015bci i kompletno\u015bci informacji zamieszczonych na stronie internetowej. Dotyczy to w szczeg\u00f3lno\u015bci specyfikacji naszych rower\u00f3w, a tak\u017ce kolor\u00f3w i cen, kt\u00f3re mog\u0105 zosta\u0107 zmienione w dowolnym momencie i bez wcze\u015bniejszego powiadomienia. Odsy\u0142acze i linki do stron internetowych os\u00f3b trzecich nie oznaczaj\u0105, \u017ce Diamant Fahrradwerke GmbH popiera tre\u015bci znajduj\u0105ce si\u0119 za odsy\u0142aczem lub linkiem. Diamant Fahrradwerke GmbH nie ponosi \u017cadnej odpowiedzialno\u015bci za dane i informacje zawarte na stronach internetowych os\u00f3b trzecich. Diamant Fahrradwerke GmbH nie ma wp\u0142ywu na tre\u015bci za linkiem. Z tego powodu Diamant Fahrradwerke GmbH nie ponosi odpowiedzialno\u015bci za tre\u015bci niezgodne z prawem, niepoprawne lub niekompletne, ani za szkody spowodowane wykorzystaniem tre\u015bci za linkiem.<\/p>\n\n<\/div>\r\n      <\/div>\r\n    <\/div>\r\n  <\/div>\r\n<\/div><\/div>","protected":false},"excerpt":{"rendered":"","protected":false},"author":3,"featured_media":0,"parent":0,"menu_order":0,"comment_status":"closed","ping_status":"closed","template":"","meta":{"_acf_changed":false,"slim_seo":{"title":"Imprint - Diamantrad.com","description":"Strona internetowa imprint diamond wheel. Wszystkie informacje prawne, kontroler i kontakt na pierwszy rzut oka."},"footnotes":""},"class_list":["post-56969","page","type-page","status-publish","hentry"],"acf":[],"_links":{"self":[{"href":"https:\/\/www.diamantrad.com\/pl-PL\/wp-json\/wp\/v2\/pages\/56969","targetHints":{"allow":["GET"]}}],"collection":[{"href":"https:\/\/www.diamantrad.com\/pl-PL\/wp-json\/wp\/v2\/pages"}],"about":[{"href":"https:\/\/www.diamantrad.com\/pl-PL\/wp-json\/wp\/v2\/types\/page"}],"author":[{"embeddable":true,"href":"https:\/\/www.diamantrad.com\/pl-PL\/wp-json\/wp\/v2\/users\/3"}],"replies":[{"embeddable":true,"href":"https:\/\/www.diamantrad.com\/pl-PL\/wp-json\/wp\/v2\/comments?post=56969"}],"version-history":[{"count":1,"href":"https:\/\/www.diamantrad.com\/pl-PL\/wp-json\/wp\/v2\/pages\/56969\/revisions"}],"predecessor-version":[{"id":69759,"href":"https:\/\/www.diamantrad.com\/pl-PL\/wp-json\/wp\/v2\/pages\/56969\/revisions\/69759"}],"wp:attachment":[{"href":"https:\/\/www.diamantrad.com\/pl-PL\/wp-json\/wp\/v2\/media?parent=56969"}],"curies":[{"name":"wp","href":"https:\/\/api.w.org\/{rel}","templated":true}]}}