{"id":57010,"date":"2025-03-23T19:34:33","date_gmt":"2025-03-23T18:34:33","guid":{"rendered":"https:\/\/dev.diamantrad.com\/?page_id=57010"},"modified":"2025-03-24T12:54:47","modified_gmt":"2025-03-24T11:54:47","slug":"warranty","status":"publish","type":"page","link":"https:\/\/www.diamantrad.com\/pl-PL\/warranty\/","title":{"rendered":"Garantie"},"content":{"rendered":"<div class=\"lazyblock-nncontainer-1sg3im wp-block-lazyblock-nncontainer\"><div class=\"section-secondary\">\r\n  <div class=\"container\" id=\"container-1sg3im\">\r\n    <div class=\"row\">\r\n      <div class=\"col py-4 py-lg-5\">\r\n        <div class=\"lazyblock-inner-blocks\">\n<div class=\"lazyblock-cover-text-ZtHcJA wp-block-lazyblock-cover-text\"><div class=\"covertext container py-5 d-flex flex-column colorscheme-light justify-content-center\" id=\"covertext-ZtHcJA\">\r\n  <div class=\"lazyblock-inner-blocks\">\n\n<h2 class=\"wp-block-heading\">Gwarancja i r\u0119kojmia<\/h2>\n\n<\/div>\r\n<\/div><\/div>\n<\/div>\r\n      <\/div>\r\n    <\/div>\r\n  <\/div>\r\n<\/div><\/div>\n\n<div class=\"lazyblock-nncontainer-1ccgYs wp-block-lazyblock-nncontainer\"><div class=\"section-standard\">\r\n  <div class=\"container\" id=\"container-1ccgYs\">\r\n    <div class=\"row\">\r\n      <div class=\"col py-4 py-lg-5\">\r\n        <div class=\"lazyblock-inner-blocks\">\n\n<p>Na wszystkie ramy i widelce sztywne Diamant udzielamy do\u017cywotniej gwarancji od daty zakupu, obejmuj\u0105cej wady materia\u0142owe i wykonawcze. Na wszystkie oryginalne cz\u0119\u015bci z wyj\u0105tkiem widelca amortyzowanego, firma Diamant udziela dwuletniej gwarancji (lub odpowiedniego ustawowego okresu gwarancyjnego) od daty zakupu. Widelce amortyzowane podlegaj\u0105 warunkom gwarancji producent\u00f3w. Na lakier i naklejki obowi\u0105zuje dwuletnia gwarancja.<\/p>\n\n\n\n<p>Gwarancja wyra\u017anie ogranicza si\u0119 do naprawy lub wymiany uszkodzonej ramy, widelca lub cz\u0119\u015bci. Decyzja, czy zaoferowana zostanie naprawa, wymiana czy zamiana produktu, bezp\u0142atnie lub ze zni\u017ck\u0105, le\u017cy wy\u0142\u0105cznie w gestii Diamant. Gwarancja przys\u0142uguje wy\u0142\u0105cznie pierwotnemu nabywcy i nie podlega przeniesieniu w przypadku rower\u00f3w Diamant zakupionych przed lipcem 2019 r. W przypadku rower\u00f3w zakupionych po lipcu 2019 r. i odsprzedanych w ci\u0105gu pierwszych trzech lat od zakupu, nowemu w\u0142a\u015bcicielowi oferujemy do 3 lat gwarancji na ram\u0119, licz\u0105c od pierwotnej daty zakupu.<\/p>\n\n\n\n<p>Umowa kupna zawierana jest mi\u0119dzy kupuj\u0105cym a sprzedawc\u0105. Gwarancja firmy Diamant uzupe\u0142nia ustawowe obowi\u0105zki gwarancyjne sprzedawcy. Roszczenia gwarancyjne wobec Diamant mo\u017cna zg\u0142asza\u0107 wy\u0142\u0105cznie za po\u015brednictwem autoryzowanego sprzedawcy Diamant. Wymagany jest dow\u00f3d pierwotnego zakupu (w formie faktury lub innego datowanego dokumentu sprzeda\u017cy, na kt\u00f3rym znajduje si\u0119 numer ramy roweru Diamant).<\/p>\n\n\n\n<p>Wi\u0119cej informacji na temat sposobu rozpatrywania przez nas roszcze\u0144 gwarancyjnych mo\u017cna znale\u017a\u0107 w <a href=\"https:\/\/www.diamantrad.com\/pl-PL\/faq\" title=\"\">sekcji FAQ<\/a>.<\/p>\n\n\n\n<p>Gwarancja nie obejmuje uszkodze\u0144 powsta\u0142ych w wyniku normalnego zu\u017cycia, wad, usterek lub awarii wynikaj\u0105cych z niew\u0142a\u015bciwego u\u017cytkowania, zaniedbania, nieprawid\u0142owego monta\u017cu lub konserwacji, a tak\u017ce monta\u017cu cz\u0119\u015bci innych producent\u00f3w. Diamant nie ponosi odpowiedzialno\u015bci za wypadki, szkody nast\u0119pcze oraz spowodowane niew\u0142a\u015bciwym u\u017cytkowaniem. Gwarancja nie obejmuje koszt\u00f3w robocizny zwi\u0105zanych z napraw\u0105 lub wymian\u0105 cz\u0119\u015bci. U\u017cytkownik bierze na siebie ryzyko obra\u017ce\u0144 cia\u0142a i uszkodzenia mienia w przypadku u\u017cycia roweru do akrobacji, jazdy w b\u0142ocie lub podobnych czynno\u015bci, kt\u00f3re nie s\u0105 uwa\u017cane za normalne u\u017cytkowanie. Uszkodzenia powsta\u0142e w wyniku takich dzia\u0142a\u0144 s\u0105 wyra\u017anie wy\u0142\u0105czone z gwarancji.<\/p>\n\n\n\n<p>Niniejsze warunki gwarancji nie maj\u0105 zastosowania do rower\u00f3w zakupionych przed 2012 rokiem. W przypadku rower\u00f3w zakupionych przed 2012 rokiem nasz dzia\u0142 obs\u0142ugi klienta mo\u017ce pom\u00f3c za po\u015brednictwem: <a href=\"https:\/\/www.diamantrad.com\/pl-PL\/contact\/\" title=\"Contact\">formularza kontaktowego<\/a> lub sprzedawcy, kt\u00f3ry mo\u017ce zastosowa\u0107 odpowiednie warunki gwarancji.<\/p>\n\n\n\n<p>Niniejsza gwarancja przyznaje klientom okre\u015blone prawa, kt\u00f3re mog\u0105 si\u0119 r\u00f3\u017cni\u0107 w zale\u017cno\u015bci od kraju. Niniejsza gwarancja nie narusza ustawowych praw klient\u00f3w.<\/p>\n\n\n\n<p>Informacje zawarte w szczeg\u00f3\u0142ach naszych produkt\u00f3w, a mianowicie dotycz\u0105ce specyfikacji, modeli, wymiar\u00f3w, osi\u0105g\u00f3w i mas rower\u00f3w, s\u0105 przybli\u017cone i niewi\u0105\u017c\u0105ce, oraz nie stanowi\u0105 zapewnie\u0144 umownych ani ofert. Ponadto, roszczenia odszkodowawcze z tytu\u0142u czyn\u00f3w bezprawnych przeciwko Diamant s\u0105 wy\u0142\u0105czone w zakresie dozwolonym przez prawo. Wszystkie zdj\u0119cia, ilustracje, kolory, masa i specyfikacje s\u0105 oparte na najbardziej aktualnych informacjach produkcyjnych w momencie pierwszej publikacji. Diamant zastrzega sobie prawo do dokonywania zmian kolor\u00f3w, materia\u0142\u00f3w, sprz\u0119tu, danych technicznych i modeli w dowolnym czasie i bez powiadomienia. Odchylenia od wy\u015bwietlanych kolor\u00f3w wynikaj\u0105 z kwestii technicznych. Ilustracje mog\u0105 przedstawia\u0107 sprz\u0119t niedost\u0119pny. Niekt\u00f3re modele s\u0105 przedstawiane z wyposa\u017ceniem opcjonalnym.<\/p>\n\n<\/div>\r\n      <\/div>\r\n    <\/div>\r\n  <\/div>\r\n<\/div><\/div>","protected":false},"excerpt":{"rendered":"","protected":false},"author":3,"featured_media":0,"parent":0,"menu_order":0,"comment_status":"closed","ping_status":"closed","template":"","meta":{"_acf_changed":false,"slim_seo":{"title":"Gwarancja Diamant \u2013 ponad 40 lat dla os\u00f3b kupuj\u0105cych po raz pierwszy","description":"Do\u017cywotnia gwarancja na ram\u0119 i widelec. Dowiedz si\u0119 o warunkach gwarancji na rowery Diamant. Niezawodny, przejrzysty i sprawiedliwy. Dowiedz si\u0119 wi\u0119cej ju\u017c teraz."},"footnotes":""},"class_list":["post-57010","page","type-page","status-publish","hentry"],"acf":[],"_links":{"self":[{"href":"https:\/\/www.diamantrad.com\/en-GB\/wp-json\/wp\/v2\/pages\/57010","targetHints":{"allow":["GET"]}}],"collection":[{"href":"https:\/\/www.diamantrad.com\/en-GB\/wp-json\/wp\/v2\/pages"}],"about":[{"href":"https:\/\/www.diamantrad.com\/en-GB\/wp-json\/wp\/v2\/types\/page"}],"author":[{"embeddable":true,"href":"https:\/\/www.diamantrad.com\/en-GB\/wp-json\/wp\/v2\/users\/3"}],"replies":[{"embeddable":true,"href":"https:\/\/www.diamantrad.com\/en-GB\/wp-json\/wp\/v2\/comments?post=57010"}],"version-history":[{"count":0,"href":"https:\/\/www.diamantrad.com\/en-GB\/wp-json\/wp\/v2\/pages\/57010\/revisions"}],"wp:attachment":[{"href":"https:\/\/www.diamantrad.com\/en-GB\/wp-json\/wp\/v2\/media?parent=57010"}],"curies":[{"name":"wp","href":"https:\/\/api.w.org\/{rel}","templated":true}]}}