{"id":57031,"date":"2025-03-23T21:06:31","date_gmt":"2025-03-23T20:06:31","guid":{"rendered":"https:\/\/dev.diamantrad.com\/?page_id=57031"},"modified":"2025-03-24T13:13:46","modified_gmt":"2025-03-24T12:13:46","slug":"recalls","status":"publish","type":"page","link":"https:\/\/www.diamantrad.com\/pl-PL\/recalls\/","title":{"rendered":"Recalls"},"content":{"rendered":"<div class=\"lazyblock-nncontainer-ZFXb2U wp-block-lazyblock-nncontainer\"><div class=\"section-secondary\">\r\n  <div class=\"container\" id=\"container-ZFXb2U\">\r\n    <div class=\"row\">\r\n      <div class=\"col py-4 py-lg-5\">\r\n        <div class=\"lazyblock-inner-blocks\">\n<div class=\"lazyblock-cover-text-1SC9Gp wp-block-lazyblock-cover-text\"><div class=\"covertext container py-5 d-flex flex-column colorscheme-light justify-content-center\" id=\"covertext-1SC9Gp\">\r\n  <div class=\"lazyblock-inner-blocks\">\n\n<h2 class=\"wp-block-heading\">Produkty wycofane<\/h2>\n\n<\/div>\r\n<\/div><\/div>\n<\/div>\r\n      <\/div>\r\n    <\/div>\r\n  <\/div>\r\n<\/div><\/div>\n\n<div class=\"lazyblock-nncontainer-Z64T8B wp-block-lazyblock-nncontainer\"><div class=\"section-standard\">\r\n  <div class=\"container\" id=\"container-Z64T8B\">\r\n    <div class=\"row\">\r\n      <div class=\"col py-4 py-lg-5\">\r\n        <div class=\"lazyblock-inner-blocks\">\n\n<p>Dokumentujemy jako\u015b\u0107 naszych rower\u00f3w, bo i nam zdarzaj\u0105 si\u0119 b\u0142\u0119dy. W przypadku odkrycia problem\u00f3w z bezpiecze\u0144stwem, wycofujemy wadliwe modele w celu naprawy i\/lub wymiany.<\/p>\n\n\n\n<p>Wszystkie akcje wycofywania produkt\u00f3w mo\u017cna znale\u017a\u0107 tutaj. Je\u015bli problem dotyczy Twojego roweru, skontaktuj si\u0119 ze sprzedawc\u0105 marki Diamant.<\/p>\n\n\n\n<h2 class=\"wp-block-heading\">2016<\/h2>\n\n\n\n<p><a href=\"https:\/\/www.diamantrad.com\/wp-content\/uploads\/2020\/07\/TK19_EU_Continental_Belt_Recall_Consumer_Notice_DE-DE.pdf\" title=\"TK19_EU_Continental_Belt_Recall_Consumer_Notice_DE-DE\">Powiadomienie dla konsument\u00f3w o wycofaniu produkt\u00f3w \u2013 nap\u0119d pasowy Continental 2016<\/a><\/p>\n\n<\/div>\r\n      <\/div>\r\n    <\/div>\r\n  <\/div>\r\n<\/div><\/div>","protected":false},"excerpt":{"rendered":"","protected":false},"author":3,"featured_media":0,"parent":0,"menu_order":0,"comment_status":"closed","ping_status":"closed","template":"","meta":{"_acf_changed":false,"slim_seo":{"title":"Serwisy serwisowe Diamant i powiadomienia o bezpiecze\u0144stwie","description":"Przegl\u0105d aktualnych akcji akcjonacyjnych oraz instrukcji bezpiecze\u0144stwa od Diamant. Dowiedz si\u0119 wi\u0119cej ju\u017c teraz."},"footnotes":""},"class_list":["post-57031","page","type-page","status-publish","hentry"],"acf":[],"_links":{"self":[{"href":"https:\/\/www.diamantrad.com\/en-GB\/wp-json\/wp\/v2\/pages\/57031","targetHints":{"allow":["GET"]}}],"collection":[{"href":"https:\/\/www.diamantrad.com\/en-GB\/wp-json\/wp\/v2\/pages"}],"about":[{"href":"https:\/\/www.diamantrad.com\/en-GB\/wp-json\/wp\/v2\/types\/page"}],"author":[{"embeddable":true,"href":"https:\/\/www.diamantrad.com\/en-GB\/wp-json\/wp\/v2\/users\/3"}],"replies":[{"embeddable":true,"href":"https:\/\/www.diamantrad.com\/en-GB\/wp-json\/wp\/v2\/comments?post=57031"}],"version-history":[{"count":0,"href":"https:\/\/www.diamantrad.com\/en-GB\/wp-json\/wp\/v2\/pages\/57031\/revisions"}],"wp:attachment":[{"href":"https:\/\/www.diamantrad.com\/en-GB\/wp-json\/wp\/v2\/media?parent=57031"}],"curies":[{"name":"wp","href":"https:\/\/api.w.org\/{rel}","templated":true}]}}