{"id":57069,"date":"2025-03-23T21:45:10","date_gmt":"2025-03-23T20:45:10","guid":{"rendered":"https:\/\/dev.diamantrad.com\/?page_id=57069"},"modified":"2025-03-31T15:59:40","modified_gmt":"2025-03-31T13:59:40","slug":"store-finder","status":"publish","type":"page","link":"https:\/\/www.diamantrad.com\/pl-PL\/store-finder\/","title":{"rendered":"Store Finder"},"content":{"rendered":"\n<!-- LOCALLY.COM WIDGET EMBED CODE -->\n<div id=\"lcly-button-0\"\n   >\n  <a id=\"lcly-link-0\" href=\"https:\/\/brands.locally.com\" target=\"_blank\">\n    Gesch\u00e4ftsuche by Locally\n  <\/a>\n<\/div>\n<script id=\"lcly-script-0\" async><\/script>\n<script id=\"lcly-config-0\">\n  var lcly_config_0 = {\n    \"company_name\": \"Diamant\",\n    \"company_id\": \"164925\",\n    \"inline\": \"1\",\n    \"lang\": \"pl-pl\",\n    \"no_link\": \"1\"\n  };\n  var lcly_query_0 = Object.keys(lcly_config_0)\n  .reduce(function(a,k){a.push(encodeURIComponent(k) + '=' \n  + encodeURIComponent(lcly_config_0[k]));return a},[]).join('&');\n  var lcly_endpoint_0 = 'https:\/\/diamant.locally.com\/stores\/map.js?' + lcly_query_0;\n  document.getElementById('lcly-script-0').src = lcly_endpoint_0;\n<\/script>\n\n\n\n\n<div class=\"lazyblock-nncontainer-Z1dYpTQ wp-block-lazyblock-nncontainer\"><div class=\"section-standard\">\r\n  <div class=\"container\" id=\"container-Z1dYpTQ\">\r\n    <div class=\"row\">\r\n      <div class=\"col py-4 py-lg-5\">\r\n        <div class=\"lazyblock-inner-blocks\">\n\n<p>Kt\u00f3ry sklep rowerowy w Twojej okolicy wsp\u00f3\u0142pracuje z mark\u0105 Diamant? Gdzie znajdziesz wymarzony rower Diamant gotowy do wyjechania ze sklepu? Ch\u0119tni sprzedawcy prezentuj\u0105 sw\u00f3j asortyment bezpo\u015brednio w naszej wyszukiwarce sklep\u00f3w \u2013 bezpo\u015brednio w narz\u0119dziu mo\u017cna nawet zarezerwowa\u0107 rower lub dokona\u0107 zakupu online. Diamant wsp\u00f3\u0142pracuje z ponad 500 do\u015bwiadczonymi partnerami w wielu krajach Europy. Mark\u0119 Diamant mo\u017cna znale\u017a\u0107 nie tylko na li\u015bcie najwi\u0119kszych sieci rowerowych, ale r\u00f3wnie\u017c w wielu niezale\u017cnych, lokalnych sklepach rowerowych. Mo\u017cna w nich skorzysta\u0107 z dowolnej us\u0142ugi. Szkolimy partner\u00f3w, aby oferowali mo\u017cliwie najlepsze, zindywidualizowane porady rowerowe.<\/p>\n\n<\/div>\r\n      <\/div>\r\n    <\/div>\r\n  <\/div>\r\n<\/div><\/div>","protected":false},"excerpt":{"rendered":"<p>Gesch\u00e4ftsuche by Locally<\/p>\n","protected":false},"author":3,"featured_media":0,"parent":0,"menu_order":0,"comment_status":"closed","ping_status":"closed","template":"","meta":{"_acf_changed":false,"slim_seo":{"title":"Znajd\u017a dealera \u2013 sklepy rowerowe z Diamant w Twojej okolicy","description":"Znajd\u017a sklep z Diamantami w swojej okolicy. Zam\u00f3w si\u0119 na jazd\u0119 testow\u0105. Wypr\u00f3buj nasze rowery, zdob\u0105d\u017a informacje, dokonaj zakupu."},"footnotes":""},"class_list":["post-57069","page","type-page","status-publish","hentry"],"acf":[],"_links":{"self":[{"href":"https:\/\/www.diamantrad.com\/pl-PL\/wp-json\/wp\/v2\/pages\/57069","targetHints":{"allow":["GET"]}}],"collection":[{"href":"https:\/\/www.diamantrad.com\/pl-PL\/wp-json\/wp\/v2\/pages"}],"about":[{"href":"https:\/\/www.diamantrad.com\/pl-PL\/wp-json\/wp\/v2\/types\/page"}],"author":[{"embeddable":true,"href":"https:\/\/www.diamantrad.com\/pl-PL\/wp-json\/wp\/v2\/users\/3"}],"replies":[{"embeddable":true,"href":"https:\/\/www.diamantrad.com\/pl-PL\/wp-json\/wp\/v2\/comments?post=57069"}],"version-history":[{"count":4,"href":"https:\/\/www.diamantrad.com\/pl-PL\/wp-json\/wp\/v2\/pages\/57069\/revisions"}],"predecessor-version":[{"id":61144,"href":"https:\/\/www.diamantrad.com\/pl-PL\/wp-json\/wp\/v2\/pages\/57069\/revisions\/61144"}],"wp:attachment":[{"href":"https:\/\/www.diamantrad.com\/pl-PL\/wp-json\/wp\/v2\/media?parent=57069"}],"curies":[{"name":"wp","href":"https:\/\/api.w.org\/{rel}","templated":true}]}}