{"id":57081,"date":"2025-03-23T21:58:21","date_gmt":"2025-03-23T20:58:21","guid":{"rendered":"https:\/\/dev.diamantrad.com\/?page_id=57081"},"modified":"2025-03-24T12:59:11","modified_gmt":"2025-03-24T11:59:11","slug":"register-your-bike","status":"publish","type":"page","link":"https:\/\/www.diamantrad.com\/pl-PL\/register-your-bike\/","title":{"rendered":"Radregistrierung"},"content":{"rendered":"<div class=\"lazyblock-nncontainer-xSdON wp-block-lazyblock-nncontainer\"><div class=\"section-secondary\">\r\n  <div class=\"container\" id=\"container-xSdON\">\r\n    <div class=\"row\">\r\n      <div class=\"col py-4 py-lg-5\">\r\n        <div class=\"lazyblock-inner-blocks\">\n<div class=\"lazyblock-cover-text-OHNpf wp-block-lazyblock-cover-text\"><div class=\"covertext container py-5 d-flex flex-column colorscheme-light justify-content-center\" id=\"covertext-OHNpf\">\r\n  <div class=\"lazyblock-inner-blocks\">\n\n<h2 class=\"wp-block-heading\">Zarejestruj sw\u00f3j rower<\/h2>\n\n<\/div>\r\n<\/div><\/div>\n<\/div>\r\n      <\/div>\r\n    <\/div>\r\n  <\/div>\r\n<\/div><\/div>\n\n<div class=\"lazyblock-nncontainer-Z1SJvY3 mb-1 wp-block-lazyblock-nncontainer\"><div class=\"section-standard\">\r\n  <div class=\"container\" id=\"container-Z1SJvY3\">\r\n    <div class=\"row\">\r\n      <div class=\"col py-4 py-lg-5\">\r\n        <div class=\"lazyblock-inner-blocks\">\n\n<p>Za pomoc\u0105 formularza na tej stronie internetowej mo\u017cna szybko i \u0142atwo zarejestrowa\u0107 rower Diamant. Dane zostan\u0105 automatycznie i bezpiecznie wprowadzone do naszego systemu. Na podany adres otrzymasz wiadomo\u015b\u0107 e-mail z potwierdzeniem. Je\u015bli nie otrzymasz wiadomo\u015bci, sprawd\u017a tak\u017ce folder ze spamem. Je\u015bli nie otrzymasz wiadomo\u015bci e-mail z potwierdzeniem, mo\u017cesz skorzysta\u0107 z formularza kontaktowego, aby sprawdzi\u0107, czy rower zosta\u0142 prawid\u0142owo zarejestrowany.<\/p>\n\n\n\n<h2 class=\"wp-block-heading\">Korzy\u015bci z rejestracji roweru:<\/h2>\n\n\n\n<p>1. Zarejestrowanie zwyk\u0142ego lub elektrycznego roweru umo\u017cliwia bezpo\u015bredni kontakt w rzadkich przypadkach <a href=\"https:\/\/www.diamantrad.com\/pl-PL\/recalls\/\" title=\"Recalls\">wycofania<\/a>. Je\u015bli wyrazisz zgod\u0119 na otrzymywanie newslettera, b\u0119dziemy Ci\u0119 informowa\u0107 o nowo\u015bciach szczeg\u00f3lnie istotnych dla Twojego roweru.<\/p>\n\n\n\n<p>2. Gdy policja odzyska skradzione rowery, mo\u017ce skontaktowa\u0107 si\u0119 z nami w celu ustalenia zarejestrowanych w\u0142a\u015bcicieli odzyskanych rower\u00f3w. Je\u015bli rower jest zarejestrowany, mo\u017cemy udost\u0119pni\u0107 policji Tw\u00f3j adres w celu u\u0142atwienia odzyskania.<\/p>\n\n\n\n<p>3. Ponadto wykorzystujemy zarejestrowane dane jako szybki spos\u00f3b weryfikacji roszcze\u0144 gwarancyjnych po up\u0142ywie ustawowego okresu gwarancji. Roszczenia gwarancyjne nie s\u0105 uzale\u017cnione od zarejestrowania roweru. W tym celu wystarczy dow\u00f3d zakupu.<\/p>\n\n\n\n<p>Wype\u0142nij formularz i kliknij \u201eSubmit\u201d (Prze\u015blij). Pola oznaczone symbolem * s\u0105 obowi\u0105zkowe.<\/p>\n\n\n\n<p>W przypadku nie znalezienia na dowodzie zakupu: Numer ramy mo\u017cna znale\u017a\u0107 na naklejce umieszczonej na rurze dolnej. Numer ten zaczyna si\u0119 od WTU.<\/p>\n\n<\/div>\r\n      <\/div>\r\n    <\/div>\r\n  <\/div>\r\n<\/div><\/div>\n\n<div class=\"lazyblock-nncontainer-1HMRfS wp-block-lazyblock-nncontainer\"><div class=\"section-light\">\r\n  <div class=\"container\" id=\"container-1HMRfS\">\r\n    <div class=\"row\">\r\n      <div class=\"col py-4 py-lg-5\">\r\n        <div class=\"lazyblock-inner-blocks\">\n\n<div class=\"wp-block-contact-form-7-contact-form-selector\">\n<div class=\"wpcf7 no-js\" id=\"wpcf7-f56405-o1\" lang=\"de-DE\" dir=\"ltr\" data-wpcf7-id=\"56405\">\n<div class=\"screen-reader-response\"><p role=\"status\" aria-live=\"polite\" aria-atomic=\"true\"><\/p> <ul><\/ul><\/div>\n<form action=\"\/en-GB\/wp-json\/wp\/v2\/pages\/57081#wpcf7-f56405-o1\" method=\"post\" class=\"wpcf7-form init\" aria-label=\"Kontaktformular\" novalidate=\"novalidate\" data-status=\"init\">\n<fieldset class=\"hidden-fields-container\"><input type=\"hidden\" name=\"_wpcf7\" value=\"56405\" \/><input type=\"hidden\" name=\"_wpcf7_version\" value=\"6.1.5\" \/><input type=\"hidden\" name=\"_wpcf7_locale\" value=\"de_DE\" \/><input type=\"hidden\" name=\"_wpcf7_unit_tag\" value=\"wpcf7-f56405-o1\" \/><input type=\"hidden\" name=\"_wpcf7_container_post\" value=\"0\" \/><input type=\"hidden\" name=\"_wpcf7_posted_data_hash\" value=\"\" \/>\n<\/fieldset>\n<div class=\"row\">\n\t<div class=\"col\">\n\t\t<h3>Dane osobowe\n\t\t<\/h3>\n\t\t<div class=\"row mb-5\">\n\t\t\t<div class=\"col-md-6\">\n\t\t\t\t<p><label for=\"firstname\" class=\"screen-reader-text\">Imi\u0119*<\/label><span class=\"wpcf7-form-control-wrap\" data-name=\"firstname\"><input size=\"40\" maxlength=\"400\" class=\"wpcf7-form-control wpcf7-text wpcf7-validates-as-required form-control\" aria-required=\"true\" aria-invalid=\"false\" placeholder=\"Imi\u0119*\" value=\"\" type=\"text\" name=\"firstname\" \/><\/span>\n\t\t\t\t<\/p>\n\t\t\t<\/div>\n\t\t\t<div class=\"col-md-6\">\n\t\t\t\t<p><label for=\"lastname\" class=\"screen-reader-text\">Nazwisko*<\/label><span class=\"wpcf7-form-control-wrap\" data-name=\"lastname\"><input size=\"40\" maxlength=\"400\" class=\"wpcf7-form-control wpcf7-text wpcf7-validates-as-required form-control\" aria-required=\"true\" aria-invalid=\"false\" placeholder=\"Nazwisko*\" value=\"\" type=\"text\" name=\"lastname\" \/><\/span>\n\t\t\t\t<\/p>\n\t\t\t<\/div>\n\t\t\t<div class=\"col-md-6\">\n\t\t\t\t<p><label for=\"street\" class=\"screen-reader-text\">Ulica i nr<\/label><span class=\"wpcf7-form-control-wrap\" data-name=\"street\"><input size=\"40\" maxlength=\"400\" class=\"wpcf7-form-control wpcf7-text form-control\" aria-invalid=\"false\" placeholder=\"Ulica i nr\" value=\"\" type=\"text\" name=\"street\" \/><\/span>\n\t\t\t\t<\/p>\n\t\t\t<\/div>\n\t\t\t<div class=\"col-md-6\">\n\t\t\t\t<p><label for=\"location\" class=\"screen-reader-text\">Kod pocztowy i miejscowo\u015b\u0107<\/label><span class=\"wpcf7-form-control-wrap\" data-name=\"location\"><input size=\"40\" maxlength=\"400\" class=\"wpcf7-form-control wpcf7-text form-control\" aria-invalid=\"false\" placeholder=\"Kod pocztowy i miejscowo\u015b\u0107\" value=\"\" type=\"text\" name=\"location\" \/><\/span>\n\t\t\t\t<\/p>\n\t\t\t<\/div>\n\t\t\t<div class=\"col-md-6\">\n\t\t\t\t<p><label for=\"your-email\" class=\"screen-reader-text\">E-mail*<\/label><span class=\"wpcf7-form-control-wrap\" data-name=\"your-email\"><input size=\"40\" maxlength=\"400\" class=\"wpcf7-form-control wpcf7-email wpcf7-validates-as-required wpcf7-text wpcf7-validates-as-email form-control\" aria-required=\"true\" aria-invalid=\"false\" placeholder=\"E-mail\" value=\"\" type=\"email\" name=\"your-email\" \/><\/span>\n\t\t\t\t<\/p>\n\t\t\t<\/div>\n\t\t\t<div class=\"col-md-6\">\n\t\t\t\t<p><label for=\"phone\" class=\"screen-reader-text\">Numer telefonu*<\/label><span class=\"wpcf7-form-control-wrap\" data-name=\"phone\"><input size=\"40\" maxlength=\"400\" class=\"wpcf7-form-control wpcf7-text wpcf7-validates-as-required form-control\" aria-required=\"true\" aria-invalid=\"false\" placeholder=\"Numer telefonu\" value=\"\" type=\"text\" name=\"phone\" \/><\/span>\n\t\t\t\t<\/p>\n\t\t\t<\/div>\n\t\t<\/div>\n\t\t<h3>Dane roweru\n\t\t<\/h3>\n\t\t<div class=\"row mb-5\">\n\t\t\t<div class=\"col-md-6\">\n\t\t\t\t<p><label for=\"bike\" class=\"screen-reader-text\">Model roweru*<\/label><span class=\"wpcf7-form-control-wrap\" data-name=\"bike\"><input size=\"40\" maxlength=\"400\" class=\"wpcf7-form-control wpcf7-text wpcf7-validates-as-required form-control\" aria-required=\"true\" aria-invalid=\"false\" placeholder=\"Model roweru*\" value=\"\" type=\"text\" name=\"bike\" \/><\/span>\n\t\t\t\t<\/p>\n\t\t\t<\/div>\n\t\t\t<div class=\"col-md-6\">\n\t\t\t\t<p><label for=\"serialnumber\" class=\"screen-reader-text\">Numer ramy (naklejka WTU)*<\/label><span class=\"wpcf7-form-control-wrap\" data-name=\"serialnumber\"><input size=\"40\" maxlength=\"400\" class=\"wpcf7-form-control wpcf7-text wpcf7-validates-as-required form-control\" aria-required=\"true\" aria-invalid=\"false\" placeholder=\"Numer ramy (naklejka WTU)*\" value=\"\" type=\"text\" name=\"serialnumber\" \/><\/span>\n\t\t\t\t<\/p>\n\t\t\t<\/div>\n\t\t\t<div class=\"col-md-6\">\n\t\t\t\t<p><label for=\"store\" class=\"screen-reader-text\">Sklep*<\/label><span class=\"wpcf7-form-control-wrap\" data-name=\"store\"><input size=\"40\" maxlength=\"400\" class=\"wpcf7-form-control wpcf7-text wpcf7-validates-as-required form-control\" aria-required=\"true\" aria-invalid=\"false\" placeholder=\"Sklep*\" value=\"\" type=\"text\" name=\"store\" \/><\/span>\n\t\t\t\t<\/p>\n\t\t\t<\/div>\n\t\t\t<div class=\"col-md-6\">\n\t\t\t\t<p><label for=\"purchasedate\" class=\"screen-reader-text\">Data zakupu*<\/label><span class=\"wpcf7-form-control-wrap\" data-name=\"purchasedate\"><input class=\"wpcf7-form-control wpcf7-date wpcf7-validates-as-required wpcf7-validates-as-date form-control\" aria-required=\"true\" aria-invalid=\"false\" placeholder=\"Data zakupu\" value=\"\" type=\"date\" name=\"purchasedate\" \/><\/span>\n\t\t\t\t<\/p>\n\t\t\t<\/div>\n\t\t<\/div>\n\t\t<h3>Prywatno\u015b\u0107 danych i newsletter\n\t\t<\/h3>\n\t\t<div class=\"row\">\n\t\t\t<div class=\"col\">\n\t\t\t\t<p><span class=\"wpcf7-form-control-wrap\" data-name=\"newsletter\"><span class=\"wpcf7-form-control wpcf7-checkbox wpcf7-exclusive-checkbox form-check\"><span class=\"wpcf7-list-item first last\"><label><input type=\"checkbox\" name=\"newsletter\" value=\"Chc\u0119 otrzymywa\u0107 informacje o nowo\u015bciach, produktach i historiach zwi\u0105zanych z Diamant.\" \/><span class=\"wpcf7-list-item-label\">Chc\u0119 otrzymywa\u0107 informacje o nowo\u015bciach, produktach i historiach zwi\u0105zanych z Diamant.<\/span><\/label><\/span><\/span><\/span><br \/>\n<span class=\"wpcf7-form-control-wrap\" data-name=\"dsgvo\"><span class=\"wpcf7-form-control wpcf7-acceptance\"><span class=\"wpcf7-list-item\"><label><input type=\"checkbox\" name=\"dsgvo\" value=\"1\" id=\"dsgvo-accept\" aria-invalid=\"false\" \/><span class=\"wpcf7-list-item-label\"><label for=\"dsgvo-accept\">Przesy\u0142aj\u0105c ten formularz, akceptuj\u0119 zasady ochrony danych.<\/label><\/span><\/label><\/span><\/span><\/span>\n\t\t\t\t<\/p>\n\t\t\t\t<p><input class=\"wpcf7-form-control wpcf7-submit has-spinner btn-block btn btn-primary data-trustpilot\" type=\"submit\" value=\"Prze\u015blij\" \/>\n\t\t\t\t<\/p>\n\t\t\t<\/div>\n\t\t<\/div>\n\t<\/div>\n<\/div><div class=\"wpcf7-response-output\" aria-hidden=\"true\"><\/div>\n<\/form>\n<\/div>\n<\/div>\n\n<\/div>\r\n      <\/div>\r\n    <\/div>\r\n  <\/div>\r\n<\/div><\/div>","protected":false},"excerpt":{"rendered":"","protected":false},"author":3,"featured_media":0,"parent":0,"menu_order":0,"comment_status":"closed","ping_status":"closed","template":"","meta":{"_acf_changed":false,"slim_seo":{"title":"Nhoma \u2013 wyposa\u017cony rower szutrowy","description":"Diamant Nhoma to wyposa\u017cony rower szutrowy przeznaczony do codziennej jazdy i dalekich podr\u00f3\u017cy. Ze \u015bwiat\u0142ami \u25ba z baga\u017cnikiem \u25ba z b\u0142otnikami!"},"footnotes":""},"class_list":["post-57081","page","type-page","status-publish","hentry"],"acf":[],"_links":{"self":[{"href":"https:\/\/www.diamantrad.com\/en-GB\/wp-json\/wp\/v2\/pages\/57081","targetHints":{"allow":["GET"]}}],"collection":[{"href":"https:\/\/www.diamantrad.com\/en-GB\/wp-json\/wp\/v2\/pages"}],"about":[{"href":"https:\/\/www.diamantrad.com\/en-GB\/wp-json\/wp\/v2\/types\/page"}],"author":[{"embeddable":true,"href":"https:\/\/www.diamantrad.com\/en-GB\/wp-json\/wp\/v2\/users\/3"}],"replies":[{"embeddable":true,"href":"https:\/\/www.diamantrad.com\/en-GB\/wp-json\/wp\/v2\/comments?post=57081"}],"version-history":[{"count":0,"href":"https:\/\/www.diamantrad.com\/en-GB\/wp-json\/wp\/v2\/pages\/57081\/revisions"}],"wp:attachment":[{"href":"https:\/\/www.diamantrad.com\/en-GB\/wp-json\/wp\/v2\/media?parent=57081"}],"curies":[{"name":"wp","href":"https:\/\/api.w.org\/{rel}","templated":true}]}}