{"id":57622,"date":"2025-03-24T11:37:37","date_gmt":"2025-03-24T10:37:37","guid":{"rendered":"https:\/\/dev.diamantrad.com\/?page_id=57622"},"modified":"2025-03-26T07:28:03","modified_gmt":"2025-03-26T06:28:03","slug":"about-us","status":"publish","type":"page","link":"https:\/\/www.diamantrad.com\/pl-PL\/about-us\/","title":{"rendered":"About us"},"content":{"rendered":"\n<div class=\"wp-block-cover is-light\"><img data-dominant-color=\"75807f\" data-has-transparency=\"false\" style=\"--dominant-color: #75807f;\" loading=\"lazy\" decoding=\"async\" width=\"1661\" height=\"932\" sizes=\"auto, (max-width: 1661px) 100vw, 1661px\" class=\"wp-block-cover__image-background wp-image-57524 size-full not-transparent\" alt=\"About us hero house of diamant\" src=\"https:\/\/www.diamantrad.com\/wp-content\/uploads\/2025\/03\/about-us-hero-house-of-diamant-png.avif\" data-object-fit=\"cover\" srcset=\"https:\/\/www.diamantrad.com\/wp-content\/uploads\/2025\/03\/about-us-hero-house-of-diamant-png.avif 1661w, https:\/\/www.diamantrad.com\/wp-content\/uploads\/2025\/03\/about-us-hero-house-of-diamant-300x168.avif 300w, https:\/\/www.diamantrad.com\/wp-content\/uploads\/2025\/03\/about-us-hero-house-of-diamant-1024x575.avif 1024w, https:\/\/www.diamantrad.com\/wp-content\/uploads\/2025\/03\/about-us-hero-house-of-diamant-768x431.avif 768w, https:\/\/www.diamantrad.com\/wp-content\/uploads\/2025\/03\/about-us-hero-house-of-diamant-1536x862.avif 1536w\" \/><span aria-hidden=\"true\" class=\"wp-block-cover__background has-background-dim\" style=\"background-color:#848687\"><\/span><div class=\"wp-block-cover__inner-container is-layout-constrained wp-block-cover-is-layout-constrained\"><div class=\"lazyblock-cover-text-2nxoOO wp-block-lazyblock-cover-text\"><div class=\"covertext container py-5 d-flex flex-column colorscheme-light justify-content-center\" id=\"covertext-2nxoOO\">\r\n  <div class=\"lazyblock-inner-blocks\">\n\n<h2 class=\"wp-block-heading\">Diamant<\/h2>\n\n\n\n<h3 class=\"wp-block-heading\">Ruch jest naszym punktem sta\u0142ym<\/h3>\n\n<\/div>\r\n<\/div><\/div><\/div><\/div>\n\n\n<div class=\"lazyblock-nncontainer-11zmep wp-block-lazyblock-nncontainer\"><div class=\"section-standard\">\r\n  <div class=\"container\" id=\"container-11zmep\">\r\n    <div class=\"row\">\r\n      <div class=\"col py-4 py-lg-5\">\r\n        <div class=\"lazyblock-inner-blocks\">\n<div class=\"wp-bootstrap-blocks-row row\">\n\t\n\n<div class=\"col-12 col-md-6\">\n\t\t\t\n\n<h2 class=\"wp-block-heading has-text-align-right\">Bewegt seit 1885<\/h2>\n\n\t<\/div>\n\n\n\n<div class=\"col-12 col-md-6\">\n\t\t\t\n\n<p>Nasza firma powsta\u0142a w 1885 roku. Jeste\u015bmy najstarszym niemieckim producentem rower\u00f3w. Diamant jest tak\u017ce jedyn\u0105 du\u017c\u0105 mark\u0105 rowerow\u0105 z Niemiec Wschodnich. Dzi\u0119ki naszym rowerom ludzie mog\u0105 si\u0119ga\u0107 dalej i osi\u0105ga\u0107 wi\u0119cej. Wi\u0119cej mobilno\u015bci. Wi\u0119cej miejsc. Wi\u0119cej aktywno\u015bci. Wi\u0119cej wra\u017ce\u0144. Wi\u0119cej jako\u015bci. Wi\u0119ksza swoboda.<\/p>\n\n\n\n<p>Nasz\u0105 sta\u0142\u0105 jest zmiana. Czasy nas zmieniaj\u0105, ale r\u00f3wnie\u017c my zmieniamy czasy i ludzi. Poruszanie ludzi to tworzenie emocji. Poruszanie rzeczy to tworzenie zmian. Poruszanie my\u015bli to tworzenie koncepcji.<\/p>\n\n\n\n<p>A co z Tob\u0105? Id\u017a na rower. Rusz si\u0119! B\u0105d\u017a dla kogo\u015b zmian\u0105. B\u0105d\u017a dla kogo\u015b jak kamie\u0144 szlachetny. Po to w\u0142a\u015bnie budujemy nasze rowery. Po prostu bardzo dobre rowery, kt\u00f3re stanowi\u0105 unikalne po\u0142\u0105czenie funkcjonalno\u015bci, wyrafinowania, tradycji i post\u0119pu. Serio: Jeste\u015bmy w tym ca\u0142kiem dobrzy. Nie przekona\u0142o Ci\u0119 to jeszcze? Wypr\u00f3buj nas!<\/p>\n\n\n\n<div class=\"wp-block-buttons is-content-justification-left is-layout-flex wp-container-core-buttons-is-layout-fdcfc74e wp-block-buttons-is-layout-flex\">\n<div class=\"wp-block-button mb-1\"><a role=\"button\" class=\"wp-block-button__link wp-element-button\" href=\"https:\/\/www.diamantrad.com\/pl-PL\/why-diamant\/\">Dlaczego warto je\u017adzi\u0107 Diamantem<\/a><\/div>\n<\/div>\n\n\t<\/div>\n\n<\/div>\n\n<\/div>\r\n      <\/div>\r\n    <\/div>\r\n  <\/div>\r\n<\/div><\/div>\n\n\n<div class=\"wp-block-cover is-light\"><img data-dominant-color=\"b97f80\" data-has-transparency=\"false\" style=\"--dominant-color: #b97f80;\" loading=\"lazy\" decoding=\"async\" width=\"1620\" height=\"1080\" sizes=\"auto, (max-width: 1620px) 100vw, 1620px\" class=\"wp-block-cover__image-background wp-image-36273 size-full not-transparent\" alt=\"\" src=\"https:\/\/www.diamantrad.com\/wp-content\/uploads\/2025\/02\/aa41f2bf84a7f0e232bd45f9b6a7da38.avif\" data-object-fit=\"cover\" srcset=\"https:\/\/www.diamantrad.com\/wp-content\/uploads\/2025\/02\/aa41f2bf84a7f0e232bd45f9b6a7da38.avif 1620w, https:\/\/www.diamantrad.com\/wp-content\/uploads\/2025\/02\/aa41f2bf84a7f0e232bd45f9b6a7da38-300x200.avif 300w, https:\/\/www.diamantrad.com\/wp-content\/uploads\/2025\/02\/aa41f2bf84a7f0e232bd45f9b6a7da38-1024x683.avif 1024w, https:\/\/www.diamantrad.com\/wp-content\/uploads\/2025\/02\/aa41f2bf84a7f0e232bd45f9b6a7da38-768x512.avif 768w, https:\/\/www.diamantrad.com\/wp-content\/uploads\/2025\/02\/aa41f2bf84a7f0e232bd45f9b6a7da38-1536x1024.avif 1536w\" \/><span aria-hidden=\"true\" class=\"wp-block-cover__background has-background-dim-0 has-background-dim\" style=\"background-color:#c2c1c2\"><\/span><div class=\"wp-block-cover__inner-container is-layout-constrained wp-block-cover-is-layout-constrained\">\n<p class=\"has-text-align-center has-large-font-size\"><\/p>\n<\/div><\/div>\n\n\n<div class=\"lazyblock-nncontainer-GWka wp-block-lazyblock-nncontainer\"><div class=\"section-standard\">\r\n  <div class=\"container\" id=\"container-GWka\">\r\n    <div class=\"row\">\r\n      <div class=\"col py-4 py-lg-5\">\r\n        <div class=\"lazyblock-inner-blocks\">\n\n<h2 class=\"wp-block-heading\">Heartmade in Hartmannsdorf<\/h2>\n\n\n\n<p>Nasz zesp\u00f3\u0142 tworzy ponad 400 bardzo normalnych ludzi, kt\u00f3rzy twardo st\u0105paj\u0105 po ziemi. Wszyscy dok\u0142adamy stara\u0144, aby ka\u017cdy Diamant b\u0142yszcza\u0142 podczas jazdy.<\/p>\n\n\n\n<p>To w\u0142a\u015bnie my. Ponad 400 zwyk\u0142ych, bardzo praktycznych i uczciwych ludzi, kt\u00f3rzy pracuj\u0105 w ma\u0142ej wiosce rzut beretem od Chemnitz. Niekt\u00f3rzy pracuj\u0105 z nami ponad 40 lat. Niekt\u00f3rzy s\u0105 tu tylko na kr\u00f3tko. Prawd\u0119 m\u00f3wi\u0105c, nie wszyscy z nas s\u0105 zapalonymi rowerzystami. Ale wszystkim nam zale\u017cy, aby rozkochiwa\u0107 ludzi w rowerach Diamant. To daje nam satysfakcj\u0119, rado\u015b\u0107 i dum\u0119. Czy wiesz, \u017ce\u2026? Na pocz\u0105tku XX wieku Chemnitz by\u0142o centrum niemieckiej bran\u017cy rowerowej. Ze wszystkich marek pozosta\u0142a tylko marka Diamant. Reprezentujemy i rozwijamy dziedzictwo ukochanego miejsca pochodzenia. Nawet je\u015bli w niekt\u00f3re dni jest to tylko praca: Uto\u017csamiamy si\u0119 z tym, co robimy, a nasze rowery s\u0105 tego dowodem. Staramy si\u0119 przekracza\u0107 subteln\u0105 granic\u0119 mi\u0119dzy r\u0119cznym wykonaniem, a tworzeniem z sercem.<\/p>\n\n<\/div>\r\n      <\/div>\r\n    <\/div>\r\n  <\/div>\r\n<\/div><\/div>\n\n\n<div class=\"wp-block-cover is-light\"><img data-dominant-color=\"797c88\" data-has-transparency=\"false\" loading=\"lazy\" decoding=\"async\" width=\"2560\" height=\"1707\" sizes=\"auto, (max-width: 2560px) 100vw, 2560px\" class=\"wp-block-cover__image-background wp-image-55530 size-full not-transparent\" alt=\"\" src=\"https:\/\/www.diamantrad.com\/wp-content\/uploads\/2025\/03\/diamant-about-us-heartmade-in-hartmansdorf-scaled.avif\" style=\"--dominant-color: #797c88; object-position:52% 0%\" data-object-fit=\"cover\" data-object-position=\"52% 0%\" srcset=\"https:\/\/www.diamantrad.com\/wp-content\/uploads\/2025\/03\/diamant-about-us-heartmade-in-hartmansdorf-scaled.avif 2560w, https:\/\/www.diamantrad.com\/wp-content\/uploads\/2025\/03\/diamant-about-us-heartmade-in-hartmansdorf-300x200.avif 300w, https:\/\/www.diamantrad.com\/wp-content\/uploads\/2025\/03\/diamant-about-us-heartmade-in-hartmansdorf-1024x683.avif 1024w, https:\/\/www.diamantrad.com\/wp-content\/uploads\/2025\/03\/diamant-about-us-heartmade-in-hartmansdorf-768x512.avif 768w, https:\/\/www.diamantrad.com\/wp-content\/uploads\/2025\/03\/diamant-about-us-heartmade-in-hartmansdorf-1536x1024.avif 1536w, https:\/\/www.diamantrad.com\/wp-content\/uploads\/2025\/03\/diamant-about-us-heartmade-in-hartmansdorf-2048x1365.avif 2048w\" \/><span aria-hidden=\"true\" class=\"wp-block-cover__background has-background-dim-0 has-background-dim\"><\/span><div class=\"wp-block-cover__inner-container is-layout-constrained wp-block-cover-is-layout-constrained\">\n<p class=\"has-text-align-center has-large-font-size\"><\/p>\n<\/div><\/div>\n\n\n<div class=\"lazyblock-nncontainer-20KPQK wp-block-lazyblock-nncontainer\"><div class=\"section-standard\">\r\n  <div class=\"container\" id=\"container-20KPQK\">\r\n    <div class=\"row\">\r\n      <div class=\"col py-4 py-lg-5\">\r\n        <div class=\"lazyblock-inner-blocks\">\n\n<h2 class=\"wp-block-heading\">Niemieccy i ludzcy<\/h2>\n\n\n\n<p>Uciele\u015bniamy trzy niemieckie warto\u015bci: jako\u015b\u0107, technologi\u0119 i in\u017cynieri\u0119. Jednak dodajemy r\u00f3wnie\u017c odrobin\u0119 ludzkiego ciep\u0142a i empatii, aby wype\u0142nia\u0107 nasz\u0105 misj\u0119: porusza\u0107 ludzi, kt\u00f3rzy poruszaj\u0105 rzeczy.<\/p>\n\n\n\n<p>\u201eWyprodukowano w Niemczech\u201d oznacza jako\u015b\u0107 i specjalistyczn\u0105 wiedz\u0119 oraz doskona\u0142o\u015b\u0107 w in\u017cynierii i technologii. Oczywi\u015bcie, misj\u0105 marki Diamant jest r\u00f3wnie\u017c wprowadzanie tych warto\u015bci w \u017cycie. Jednak dla nas ruch jest czym\u015b znacznie wi\u0119cej ni\u017c tylko zimnym, technicznym poj\u0119ciem. Rowery s\u0105 dla ludzi, a ludzie maj\u0105 marzenia. Chc\u0105 przezwyci\u0119\u017ca\u0107 s\u0142abo\u015bci, choroby i brak pewno\u015bci siebie. Chc\u0105 do\u015bwiadcza\u0107 wolno\u015bci i osi\u0105ga\u0107 cele. Specyfikacje i funkcje musz\u0105 zatem by\u0107 czym\u015b wi\u0119cej ni\u017c tylko celem samym w sobie. Misj\u0105 jest porusza\u0107 ludzi, kt\u00f3rzy zmieniaj\u0105 \u015bwiat.<\/p>\n\n<\/div>\r\n      <\/div>\r\n    <\/div>\r\n  <\/div>\r\n<\/div><\/div>\n\n\n<div class=\"wp-block-cover is-light\"><img data-dominant-color=\"95807d\" data-has-transparency=\"false\" loading=\"lazy\" decoding=\"async\" width=\"1620\" height=\"1080\" sizes=\"auto, (max-width: 1620px) 100vw, 1620px\" class=\"wp-block-cover__image-background wp-image-55680 size-full not-transparent\" alt=\"\" src=\"https:\/\/www.diamantrad.com\/wp-content\/uploads\/2025\/03\/diamant-about-us-felix.avif\" style=\"--dominant-color: #95807d; object-position:50% 86%\" data-object-fit=\"cover\" data-object-position=\"50% 86%\" srcset=\"https:\/\/www.diamantrad.com\/wp-content\/uploads\/2025\/03\/diamant-about-us-felix.avif 1620w, https:\/\/www.diamantrad.com\/wp-content\/uploads\/2025\/03\/diamant-about-us-felix-300x200.avif 300w, https:\/\/www.diamantrad.com\/wp-content\/uploads\/2025\/03\/diamant-about-us-felix-1024x683.avif 1024w, https:\/\/www.diamantrad.com\/wp-content\/uploads\/2025\/03\/diamant-about-us-felix-768x512.avif 768w, https:\/\/www.diamantrad.com\/wp-content\/uploads\/2025\/03\/diamant-about-us-felix-1536x1024.avif 1536w\" \/><span aria-hidden=\"true\" class=\"wp-block-cover__background has-background-dim-0 has-background-dim\" style=\"background-color:#a3a5a4\"><\/span><div class=\"wp-block-cover__inner-container is-layout-constrained wp-block-cover-is-layout-constrained\">\n<p class=\"has-text-align-center has-large-font-size\"><\/p>\n<\/div><\/div>\n\n\n<div class=\"lazyblock-nncontainer-E8J4g wp-block-lazyblock-nncontainer\"><div class=\"section-standard\">\r\n  <div class=\"container\" id=\"container-E8J4g\">\r\n    <div class=\"row\">\r\n      <div class=\"col py-4 py-lg-5\">\r\n        <div class=\"lazyblock-inner-blocks\">\n\n<h2 class=\"wp-block-heading\">Uosobienie tych nieco innych Niemiec<\/h2>\n\n\n\n<p>Jeste\u015bmy ze wschodnich Niemiec. Nasza biografia to d\u0142uga opowie\u015b\u0107 o poszukiwaniu wolno\u015bci. Nie zmienimy \u015bwiata. Ale mo\u017cemy zapewni\u0107 wi\u0119kszy komfort \u017cycia. I nie musi to oznacza\u0107 nudy.<\/p>\n\n\n\n<p>Nasza historia wykracza poza wiek i osi\u0105gni\u0119cia. Jeste\u015bmy ze wschodnich Niemiec. Dlatego te\u017c nasze DNA odzwierciedla odwieczne ludzkie d\u0105\u017cenie do wolno\u015bci i lepszego \u017cycia w \u015bwiecie pe\u0142nym ogranicze\u0144. Tworzyli\u015bmy rowery, aby zwi\u0119ksza\u0107 swobod\u0119, gdy ogranicza\u0142 nas Mur.<\/p>\n\n\n\n<p>Nasze mury nie s\u0105 ju\u017c fizyczne, ale nadal jeste\u015bmy tu, aby je burzy\u0107 i przekracza\u0107 granice. Aby patrze\u0107 z innej perspektywy. Aby prze\u0142amywa\u0107 uprzedzenia. Aby dalej nap\u0119dza\u0107. R\u00f3wnie\u017c Ciebie. Niestety nie mo\u017cemy zmieni\u0107 \u015bwiata. Ale mo\u017cemy zapewni\u0107 wi\u0119kszy komfort \u017cycia. I wcale nie musi to oznacza\u0107 nudy.<\/p>\n\n<\/div>\r\n      <\/div>\r\n    <\/div>\r\n  <\/div>\r\n<\/div><\/div>\n\n\n<div class=\"wp-block-cover is-light\"><img data-dominant-color=\"8b7986\" data-has-transparency=\"false\" loading=\"lazy\" decoding=\"async\" width=\"1024\" height=\"683\" sizes=\"auto, (max-width: 1024px) 100vw, 1024px\" class=\"wp-block-cover__image-background wp-image-55546 size-large not-transparent\" alt=\"\" src=\"https:\/\/www.diamantrad.com\/wp-content\/uploads\/2025\/03\/DI_25_Mahon_Lifestyle_67I0858_72dpi-1024x683.avif\" style=\"--dominant-color: #8b7986; object-position:81% 62%\" data-object-fit=\"cover\" data-object-position=\"81% 62%\" srcset=\"https:\/\/www.diamantrad.com\/wp-content\/uploads\/2025\/03\/DI_25_Mahon_Lifestyle_67I0858_72dpi-1024x683.avif 1024w, https:\/\/www.diamantrad.com\/wp-content\/uploads\/2025\/03\/DI_25_Mahon_Lifestyle_67I0858_72dpi-300x200.avif 300w, https:\/\/www.diamantrad.com\/wp-content\/uploads\/2025\/03\/DI_25_Mahon_Lifestyle_67I0858_72dpi-768x512.avif 768w, https:\/\/www.diamantrad.com\/wp-content\/uploads\/2025\/03\/DI_25_Mahon_Lifestyle_67I0858_72dpi-1536x1024.avif 1536w, https:\/\/www.diamantrad.com\/wp-content\/uploads\/2025\/03\/DI_25_Mahon_Lifestyle_67I0858_72dpi.avif 1587w\" \/><span aria-hidden=\"true\" class=\"wp-block-cover__background has-background-dim-0 has-background-dim\" style=\"background-color:#978e83\"><\/span><div class=\"wp-block-cover__inner-container is-layout-constrained wp-block-cover-is-layout-constrained\">\n<p class=\"has-text-align-center has-large-font-size\"><\/p>\n<\/div><\/div>\n\n\n<div class=\"lazyblock-nncontainer-1VeDjm wp-block-lazyblock-nncontainer\"><div class=\"section-standard\">\r\n  <div class=\"container\" id=\"container-1VeDjm\">\r\n    <div class=\"row\">\r\n      <div class=\"col py-4 py-lg-5\">\r\n        <div class=\"lazyblock-inner-blocks\">\n\n<h2 class=\"wp-block-heading\">Marka z histori\u0105, a nie historia marki<\/h2>\n\n\n\n<p>Jeste\u015bmy mark\u0105 z tradycjami. Jednak sama tradycja nie wystarczy. Dzi\u015b mamy histori\u0119, bo zawsze byli\u015bmy nowocze\u015bni.<\/p>\n\n\n\n<p>Wynale\u017ali\u015bmy nowoczesny \u0142a\u0144cuch rowerowy z podw\u00f3jnymi rolkami. Pierwsi niemieccy kolarze, kt\u00f3rzy zak\u0142adali \u017c\u00f3\u0142t\u0105 koszulk\u0119 i zostawali Mistrzami \u015awiata, je\u017adzili na rowerach Diamant. To r\u00f3wnie\u017c my na pocz\u0105tku lat 90. wprowadzili\u015bmy do seryjnej produkcji drugi nowoczesny rower elektryczny. Jednak dziedzictwo jest czym\u015b statycznym. Dzi\u015b podejmujemy nowe wyzwania. Jeste\u015bmy czym\u015b o wiele wi\u0119cej ni\u017c tylko kolejn\u0105 historyczn\u0105 mark\u0105 z teczk\u0105 pe\u0142n\u0105 starych anegdot. Gdy nasza przesz\u0142o\u015b\u0107 by\u0142a tera\u017aniejszo\u015bci\u0105, postanowili\u015bmy stawi\u0107 czo\u0142a wyzwaniom tamtych czas\u00f3w. Jeste\u015bmy tak m\u0142odzi, jak starzy. Rozw\u00f3j to nasza tradycja. Nadal o\u015bmielamy si\u0119 \u0142ama\u0107 w\u0142asne konwencje.<\/p>\n\n\n\n<p>Czym\u015b wi\u0119cej ni\u017c tylko dziedzictwem marki. Jeste\u015bmy mark\u0105 z histori\u0105.<\/p>\n\n\n\n<div class=\"wp-block-buttons is-content-justification-left is-layout-flex wp-container-core-buttons-is-layout-fdcfc74e wp-block-buttons-is-layout-flex\">\n<div class=\"wp-block-button\"><a role=\"button\" class=\"wp-block-button__link wp-element-button\" href=\"https:\/\/www.diamantrad.com\/pl-PL\/history\/\">Nasza historia w szczeg\u00f3\u0142ach<\/a><\/div>\n<\/div>\n\n<\/div>\r\n      <\/div>\r\n    <\/div>\r\n  <\/div>\r\n<\/div><\/div>","protected":false},"excerpt":{"rendered":"","protected":false},"author":3,"featured_media":0,"parent":0,"menu_order":0,"comment_status":"closed","ping_status":"closed","template":"","meta":{"_acf_changed":false,"slim_seo":{"title":"Diamant - Heartmade in Hartmannsdorf - Niemiecku rowery","description":"Odkryj nowoczesn\u0105, praktyczn\u0105 stron\u0119 najstarszej niemieckiej marki rowerowej. Ruch to nasz priorytet. Wolno\u015b\u0107 to nasz cel."},"footnotes":""},"class_list":["post-57622","page","type-page","status-publish","hentry"],"acf":[],"_links":{"self":[{"href":"https:\/\/www.diamantrad.com\/en-GB\/wp-json\/wp\/v2\/pages\/57622","targetHints":{"allow":["GET"]}}],"collection":[{"href":"https:\/\/www.diamantrad.com\/en-GB\/wp-json\/wp\/v2\/pages"}],"about":[{"href":"https:\/\/www.diamantrad.com\/en-GB\/wp-json\/wp\/v2\/types\/page"}],"author":[{"embeddable":true,"href":"https:\/\/www.diamantrad.com\/en-GB\/wp-json\/wp\/v2\/users\/3"}],"replies":[{"embeddable":true,"href":"https:\/\/www.diamantrad.com\/en-GB\/wp-json\/wp\/v2\/comments?post=57622"}],"version-history":[{"count":1,"href":"https:\/\/www.diamantrad.com\/en-GB\/wp-json\/wp\/v2\/pages\/57622\/revisions"}],"predecessor-version":[{"id":59481,"href":"https:\/\/www.diamantrad.com\/en-GB\/wp-json\/wp\/v2\/pages\/57622\/revisions\/59481"}],"wp:attachment":[{"href":"https:\/\/www.diamantrad.com\/en-GB\/wp-json\/wp\/v2\/media?parent=57622"}],"curies":[{"name":"wp","href":"https:\/\/api.w.org\/{rel}","templated":true}]}}