{"id":57928,"date":"2025-03-24T16:17:27","date_gmt":"2025-03-24T15:17:27","guid":{"rendered":"https:\/\/dev.diamantrad.com\/?page_id=57928"},"modified":"2025-03-24T16:17:27","modified_gmt":"2025-03-24T15:17:27","slug":"blog","status":"publish","type":"page","link":"https:\/\/www.diamantrad.com\/pl-PL\/blog\/","title":{"rendered":"Blog"},"content":{"rendered":"<div class=\"lazyblock-nncontainer-Z2bJS7k wp-block-lazyblock-nncontainer\"><div class=\"section-standard\">\r\n  <div class=\"container\" id=\"container-Z2bJS7k\">\r\n    <div class=\"row\">\r\n      <div class=\"col py-4 py-lg-5\">\r\n        <div class=\"lazyblock-inner-blocks\">\n                \r\n                <div class=\"blog-highlighted\">\r\n                    <div class=\"row g-5\">\r\n                        <div class=\"col-lg-6 mt-5\">\r\n                            <div class=\"entry-meta mb-4\">\r\n                                <div class=\"posted-on mb-2\">\r\n                                    <time datetime=\"2026-01-28T11:06:54+01:00\">2026-01-28<\/time>\r\n                                <\/div>\r\n                                <div class=\"post-categories\">\r\n                                    <a role=\"button\" href=\"\/pl-PL\/blog\/poradnik-e-rowerowy\/\">Poradnik e-rowerowy<\/a><a role=\"button\" href=\"\/pl-PL\/blog\/s-pedelec\/\">S-Pedelec<\/a>                                <\/div>\r\n                            <\/div>\r\n                            <h2><a href=\"https:\/\/www.diamantrad.com\/pl-PL\/blog\/bosch-speed-pedelec\/\">Polska: Silnik centralny czy w tylnej pia\u015bcie? Pojedynek dla Twojego S-pedeleca<\/a><\/h2>\r\n                            <p class=\"mb-0\">Dlaczego nowy silnik Bosch 100 Nm w modelu Suvea Speed przewy\u017csza silniki w pia\u015bcie? Por\u00f3wnanie nap\u0119d\u00f3w dla wymagaj\u0105cych u\u017cytkownik\u00f3w w Polsce.<\/p>\r\n                        <\/div>\r\n                        <div class=\"col-lg-6 mt-4 mt-lg-5\">\r\n                            <a class=\"post-thumbnail\" href=\"https:\/\/www.diamantrad.com\/pl-PL\/blog\/bosch-speed-pedelec\/\" tabindex=\"-1\">\r\n                                <figure class=\"mb-0\"><img loading=\"lazy\" decoding=\"async\" width=\"992\" height=\"662\" src=\"https:\/\/www.diamantrad.com\/wp-content\/uploads\/2026\/01\/DI_26_Suvea_Speed_Lifestyle_67I9620_72dpi-1024x683.avif\" class=\"img-fluid wp-post-image\" alt=\"Polska: Silnik centralny czy w tylnej pia\u015bcie? Pojedynek dla Twojego S-pedeleca\" srcset=\"https:\/\/www.diamantrad.com\/wp-content\/uploads\/2026\/01\/DI_26_Suvea_Speed_Lifestyle_67I9620_72dpi-1024x683.avif 1024w, https:\/\/www.diamantrad.com\/wp-content\/uploads\/2026\/01\/DI_26_Suvea_Speed_Lifestyle_67I9620_72dpi-300x200.avif 300w, https:\/\/www.diamantrad.com\/wp-content\/uploads\/2026\/01\/DI_26_Suvea_Speed_Lifestyle_67I9620_72dpi-768x512.avif 768w, https:\/\/www.diamantrad.com\/wp-content\/uploads\/2026\/01\/DI_26_Suvea_Speed_Lifestyle_67I9620_72dpi-1536x1024.avif 1536w, https:\/\/www.diamantrad.com\/wp-content\/uploads\/2026\/01\/DI_26_Suvea_Speed_Lifestyle_67I9620_72dpi.avif 1701w\" sizes=\"auto, (max-width: 992px) 100vw, 992px\" \/><\/figure>\r\n                            <\/a>\r\n                        <\/div>\r\n                    <\/div>\r\n                <\/div>\r\n\r\n                <hr \/>\r\n                <h3>Wi\u0119cej wpis\u00f3w:<\/h3>\r\n                \r\n                <ul class=\"blog-filter mb-5\">\r\n                    <span>Filter<\/span>\r\n                    <li class=\"blog-filter-item blog-cat-all\">\r\n                        <a href=\"\/pl-PL\/blog\/\">Wszystkie<\/a>\r\n                    <\/li>\r\n                    <li class=\"blog-filter-item blog-cat-historia\"><a href=\"\/pl-PL\/blog\/historia\/\">Historia<\/a><\/li><li class=\"blog-filter-item blog-cat-news\"><a href=\"\/pl-PL\/blog\/news\/\">News<\/a><\/li><li class=\"blog-filter-item blog-cat-poradnik-e-rowerowy\"><a href=\"\/pl-PL\/blog\/poradnik-e-rowerowy\/\">Poradnik e-rowerowy<\/a><\/li><li class=\"blog-filter-item blog-cat-poradnik-rowerowy\"><a href=\"\/pl-PL\/blog\/poradnik-rowerowy\/\">Poradnik rowerowy<\/a><\/li><li class=\"blog-filter-item blog-cat-s-pedelec\"><a href=\"\/pl-PL\/blog\/s-pedelec\/\">S-Pedelec<\/a><\/li><li class=\"blog-filter-item blog-cat-stories\"><a href=\"\/pl-PL\/blog\/stories\/\">Stories<\/a><\/li><li class=\"blog-filter-item blog-cat-tech\"><a href=\"\/pl-PL\/blog\/tech\/\">Tech<\/a><\/li>                <\/ul>\r\n\r\n                    <ul class=\"blog-loop\">\r\n                            <li class=\"blog-loop-item mb-0\">\r\n                    <a class=\"post-thumbnail\" href=\"https:\/\/www.diamantrad.com\/pl-PL\/blog\/speed-pedelec-regulations\/\" tabindex=\"-1\">\r\n                        <figure class=\"mb-3\"><img loading=\"lazy\" decoding=\"async\" width=\"992\" height=\"605\" src=\"https:\/\/www.diamantrad.com\/wp-content\/uploads\/2026\/01\/DI_26_Suvea_Speed_Lifestyle_67I4959_72dpi-1024x625.avif\" class=\"img-fluid wp-post-image\" alt=\"Bezpiecznie i zgodnie z prawem: Przewodnik po codzienno\u015bci z S-pedelecem w Polsce\" srcset=\"https:\/\/www.diamantrad.com\/wp-content\/uploads\/2026\/01\/DI_26_Suvea_Speed_Lifestyle_67I4959_72dpi-1024x625.avif 1024w, https:\/\/www.diamantrad.com\/wp-content\/uploads\/2026\/01\/DI_26_Suvea_Speed_Lifestyle_67I4959_72dpi-300x183.avif 300w, https:\/\/www.diamantrad.com\/wp-content\/uploads\/2026\/01\/DI_26_Suvea_Speed_Lifestyle_67I4959_72dpi-768x469.avif 768w, https:\/\/www.diamantrad.com\/wp-content\/uploads\/2026\/01\/DI_26_Suvea_Speed_Lifestyle_67I4959_72dpi-1536x937.avif 1536w, https:\/\/www.diamantrad.com\/wp-content\/uploads\/2026\/01\/DI_26_Suvea_Speed_Lifestyle_67I4959_72dpi.avif 1701w\" sizes=\"auto, (max-width: 992px) 100vw, 992px\" \/><\/figure>\r\n                    <\/a>\r\n                    <div class=\"blog-loop-content\">\r\n                        <div class=\"entry-meta mb-3\">\r\n                            <div class=\"posted-on mb-2\">\r\n                                <time datetime=\"2026-01-28T09:29:45+01:00\">2026-01-28<\/time>\r\n                            <\/div>\r\n                            <div class=\"post-categories\">\r\n                                <a role=\"button\" href=\"\/pl-PL\/blog\/e-bike-ratgeber\/\">E-Bike Ratgeber<\/a>                            <\/div>\r\n                        <\/div>\r\n                        <h4><a href=\"https:\/\/www.diamantrad.com\/pl-PL\/blog\/speed-pedelec-regulations\/\">Bezpiecznie i zgodnie z prawem: Przewodnik po codzienno\u015bci z S-pedelecem w Polsce<\/a><\/h4>\r\n                    <\/div>\r\n                <\/li>\r\n                            <li class=\"blog-loop-item mb-0\">\r\n                    <a class=\"post-thumbnail\" href=\"https:\/\/www.diamantrad.com\/pl-PL\/blog\/s-pedelec-registration-guide\/\" tabindex=\"-1\">\r\n                        <figure class=\"mb-3\"><img loading=\"lazy\" decoding=\"async\" width=\"992\" height=\"662\" src=\"https:\/\/www.diamantrad.com\/wp-content\/uploads\/2026\/01\/DI_26_Suvea_Speed_Lifestyle_67I3803_72dpi-1024x683.avif\" class=\"img-fluid wp-post-image\" alt=\"Rejestracja i uprawnienia: Tw\u00f3j przewodnik po \u015bwiecie S-pedelec w Polsce\" srcset=\"https:\/\/www.diamantrad.com\/wp-content\/uploads\/2026\/01\/DI_26_Suvea_Speed_Lifestyle_67I3803_72dpi-1024x683.avif 1024w, https:\/\/www.diamantrad.com\/wp-content\/uploads\/2026\/01\/DI_26_Suvea_Speed_Lifestyle_67I3803_72dpi-300x200.avif 300w, https:\/\/www.diamantrad.com\/wp-content\/uploads\/2026\/01\/DI_26_Suvea_Speed_Lifestyle_67I3803_72dpi-768x512.avif 768w, https:\/\/www.diamantrad.com\/wp-content\/uploads\/2026\/01\/DI_26_Suvea_Speed_Lifestyle_67I3803_72dpi-1536x1024.avif 1536w, https:\/\/www.diamantrad.com\/wp-content\/uploads\/2026\/01\/DI_26_Suvea_Speed_Lifestyle_67I3803_72dpi.avif 1701w\" sizes=\"auto, (max-width: 992px) 100vw, 992px\" \/><\/figure>\r\n                    <\/a>\r\n                    <div class=\"blog-loop-content\">\r\n                        <div class=\"entry-meta mb-3\">\r\n                            <div class=\"posted-on mb-2\">\r\n                                <time datetime=\"2026-01-27T09:49:38+01:00\">2026-01-27<\/time>\r\n                            <\/div>\r\n                            <div class=\"post-categories\">\r\n                                <a role=\"button\" href=\"\/pl-PL\/blog\/e-bike-ratgeber\/\">E-Bike Ratgeber<\/a>                            <\/div>\r\n                        <\/div>\r\n                        <h4><a href=\"https:\/\/www.diamantrad.com\/pl-PL\/blog\/s-pedelec-registration-guide\/\">Rejestracja i uprawnienia: Tw\u00f3j przewodnik po \u015bwiecie S-pedelec w Polsce<\/a><\/h4>\r\n                    <\/div>\r\n                <\/li>\r\n                            <li class=\"blog-loop-item mb-0\">\r\n                    <a class=\"post-thumbnail\" href=\"https:\/\/www.diamantrad.com\/pl-PL\/blog\/sustainability-with-low-impact-aluminum\/\" tabindex=\"-1\">\r\n                        <figure class=\"mb-3\"><img loading=\"lazy\" decoding=\"async\" width=\"992\" height=\"662\" src=\"https:\/\/www.diamantrad.com\/wp-content\/uploads\/2024\/12\/DI_24_Zing_Trip_Lifestyle_67I4578_300dpi-1024x683.avif\" class=\"img-fluid not-transparent wp-post-image\" alt=\"Diamant a zr\u00f3wnowa\u017cony rozw\u00f3j: du\u017cy post\u0119p dzi\u0119ki niskoemisyjnemu aluminium\u00a0\" srcset=\"https:\/\/www.diamantrad.com\/wp-content\/uploads\/2024\/12\/DI_24_Zing_Trip_Lifestyle_67I4578_300dpi-1024x683.avif 1024w, https:\/\/www.diamantrad.com\/wp-content\/uploads\/2024\/12\/DI_24_Zing_Trip_Lifestyle_67I4578_300dpi-300x200.avif 300w, https:\/\/www.diamantrad.com\/wp-content\/uploads\/2024\/12\/DI_24_Zing_Trip_Lifestyle_67I4578_300dpi-768x512.avif 768w, https:\/\/www.diamantrad.com\/wp-content\/uploads\/2024\/12\/DI_24_Zing_Trip_Lifestyle_67I4578_300dpi-1536x1024.avif 1536w, https:\/\/www.diamantrad.com\/wp-content\/uploads\/2024\/12\/DI_24_Zing_Trip_Lifestyle_67I4578_300dpi-2048x1365.avif 2048w\" sizes=\"auto, (max-width: 992px) 100vw, 992px\" data-has-transparency=\"false\" data-dominant-color=\"b47a81\" style=\"--dominant-color: #b47a81;\" \/><\/figure>\r\n                    <\/a>\r\n                    <div class=\"blog-loop-content\">\r\n                        <div class=\"entry-meta mb-3\">\r\n                            <div class=\"posted-on mb-2\">\r\n                                <time datetime=\"2025-03-27T13:53:15+01:00\">2025-03-27<\/time>\r\n                            <\/div>\r\n                            <div class=\"post-categories\">\r\n                                <a role=\"button\" href=\"\/pl-PL\/blog\/news\/\">News<\/a>                            <\/div>\r\n                        <\/div>\r\n                        <h4><a href=\"https:\/\/www.diamantrad.com\/pl-PL\/blog\/sustainability-with-low-impact-aluminum\/\">Diamant a zr\u00f3wnowa\u017cony rozw\u00f3j: du\u017cy post\u0119p dzi\u0119ki niskoemisyjnemu aluminium\u00a0<\/a><\/h4>\r\n                    <\/div>\r\n                <\/li>\r\n                            <li class=\"blog-loop-item mb-0\">\r\n                    <a class=\"post-thumbnail\" href=\"https:\/\/www.diamantrad.com\/pl-PL\/blog\/e-bike-battery-manufacturing-and-sustainability\/\" tabindex=\"-1\">\r\n                        <figure class=\"mb-3\"><img loading=\"lazy\" decoding=\"async\" width=\"992\" height=\"662\" src=\"https:\/\/www.diamantrad.com\/wp-content\/uploads\/2022\/11\/22DIA_Life_OpalTRA_300dpi_67I9619-1024x683.avif\" class=\"img-fluid wp-post-image\" alt=\"Produkcja akumulatora do roweru elektrycznego: na ile jest zgodna z zasadami zr\u00f3wnowa\u017conego rozwoju?\u00a0\" srcset=\"https:\/\/www.diamantrad.com\/wp-content\/uploads\/2022\/11\/22DIA_Life_OpalTRA_300dpi_67I9619-1024x683.avif 1024w, https:\/\/www.diamantrad.com\/wp-content\/uploads\/2022\/11\/22DIA_Life_OpalTRA_300dpi_67I9619-300x200.avif 300w, https:\/\/www.diamantrad.com\/wp-content\/uploads\/2022\/11\/22DIA_Life_OpalTRA_300dpi_67I9619-768x512.avif 768w, https:\/\/www.diamantrad.com\/wp-content\/uploads\/2022\/11\/22DIA_Life_OpalTRA_300dpi_67I9619-1536x1024.avif 1536w, https:\/\/www.diamantrad.com\/wp-content\/uploads\/2022\/11\/22DIA_Life_OpalTRA_300dpi_67I9619-2048x1365.avif 2048w\" sizes=\"auto, (max-width: 992px) 100vw, 992px\" \/><\/figure>\r\n                    <\/a>\r\n                    <div class=\"blog-loop-content\">\r\n                        <div class=\"entry-meta mb-3\">\r\n                            <div class=\"posted-on mb-2\">\r\n                                <time datetime=\"2025-03-26T08:40:05+01:00\">2025-03-26<\/time>\r\n                            <\/div>\r\n                            <div class=\"post-categories\">\r\n                                <a role=\"button\" href=\"\/pl-PL\/blog\/poradnik-e-rowerowy\/\">Poradnik e-rowerowy<\/a>                            <\/div>\r\n                        <\/div>\r\n                        <h4><a href=\"https:\/\/www.diamantrad.com\/pl-PL\/blog\/e-bike-battery-manufacturing-and-sustainability\/\">Produkcja akumulatora do roweru elektrycznego: na ile jest zgodna z zasadami zr\u00f3wnowa\u017conego rozwoju?\u00a0<\/a><\/h4>\r\n                    <\/div>\r\n                <\/li>\r\n                            <li class=\"blog-loop-item mb-0\">\r\n                    <a class=\"post-thumbnail\" href=\"https:\/\/www.diamantrad.com\/pl-PL\/blog\/e-bike-battery-service-life\/\" tabindex=\"-1\">\r\n                        <figure class=\"mb-3\"><img loading=\"lazy\" decoding=\"async\" width=\"992\" height=\"662\" src=\"https:\/\/www.diamantrad.com\/wp-content\/uploads\/2022\/10\/Diamant_Zing_MID_300dpi_67I2692-1-1024x683.avif\" class=\"img-fluid wp-post-image\" alt=\"\u017bywotno\u015b\u0107 akumulatora roweru elektrycznego: jak d\u0142ugo wytrzyma w codziennym u\u017cyciu?\u00a0\" srcset=\"https:\/\/www.diamantrad.com\/wp-content\/uploads\/2022\/10\/Diamant_Zing_MID_300dpi_67I2692-1-1024x683.avif 1024w, https:\/\/www.diamantrad.com\/wp-content\/uploads\/2022\/10\/Diamant_Zing_MID_300dpi_67I2692-1-300x200.avif 300w, https:\/\/www.diamantrad.com\/wp-content\/uploads\/2022\/10\/Diamant_Zing_MID_300dpi_67I2692-1-768x512.avif 768w, https:\/\/www.diamantrad.com\/wp-content\/uploads\/2022\/10\/Diamant_Zing_MID_300dpi_67I2692-1-1536x1024.avif 1536w, https:\/\/www.diamantrad.com\/wp-content\/uploads\/2022\/10\/Diamant_Zing_MID_300dpi_67I2692-1-2048x1365.avif 2048w\" sizes=\"auto, (max-width: 992px) 100vw, 992px\" \/><\/figure>\r\n                    <\/a>\r\n                    <div class=\"blog-loop-content\">\r\n                        <div class=\"entry-meta mb-3\">\r\n                            <div class=\"posted-on mb-2\">\r\n                                <time datetime=\"2025-03-26T08:24:57+01:00\">2025-03-26<\/time>\r\n                            <\/div>\r\n                            <div class=\"post-categories\">\r\n                                <a role=\"button\" href=\"\/pl-PL\/blog\/poradnik-e-rowerowy\/\">Poradnik e-rowerowy<\/a>                            <\/div>\r\n                        <\/div>\r\n                        <h4><a href=\"https:\/\/www.diamantrad.com\/pl-PL\/blog\/e-bike-battery-service-life\/\">\u017bywotno\u015b\u0107 akumulatora roweru elektrycznego: jak d\u0142ugo wytrzyma w codziennym u\u017cyciu?\u00a0<\/a><\/h4>\r\n                    <\/div>\r\n                <\/li>\r\n                            <li class=\"blog-loop-item mb-0\">\r\n                    <a class=\"post-thumbnail\" href=\"https:\/\/www.diamantrad.com\/pl-PL\/blog\/e-bike-battery-charge\/\" tabindex=\"-1\">\r\n                        <figure class=\"mb-3\"><img loading=\"lazy\" decoding=\"async\" width=\"992\" height=\"662\" src=\"https:\/\/www.diamantrad.com\/wp-content\/uploads\/2022\/10\/23DIA_Life_365_300dpi_Z2A1648-1024x683.avif\" class=\"img-fluid wp-post-image\" alt=\"\u0141adowanie akumulatora roweru elektrycznego: dzi\u0119ki nam zrobisz to dobrze\u00a0\" srcset=\"https:\/\/www.diamantrad.com\/wp-content\/uploads\/2022\/10\/23DIA_Life_365_300dpi_Z2A1648-1024x683.avif 1024w, https:\/\/www.diamantrad.com\/wp-content\/uploads\/2022\/10\/23DIA_Life_365_300dpi_Z2A1648-300x200.avif 300w, https:\/\/www.diamantrad.com\/wp-content\/uploads\/2022\/10\/23DIA_Life_365_300dpi_Z2A1648-768x512.avif 768w, https:\/\/www.diamantrad.com\/wp-content\/uploads\/2022\/10\/23DIA_Life_365_300dpi_Z2A1648-1536x1024.avif 1536w, https:\/\/www.diamantrad.com\/wp-content\/uploads\/2022\/10\/23DIA_Life_365_300dpi_Z2A1648-2048x1366.avif 2048w\" sizes=\"auto, (max-width: 992px) 100vw, 992px\" \/><\/figure>\r\n                    <\/a>\r\n                    <div class=\"blog-loop-content\">\r\n                        <div class=\"entry-meta mb-3\">\r\n                            <div class=\"posted-on mb-2\">\r\n                                <time datetime=\"2025-03-26T07:53:18+01:00\">2025-03-26<\/time>\r\n                            <\/div>\r\n                            <div class=\"post-categories\">\r\n                                <a role=\"button\" href=\"\/pl-PL\/blog\/poradnik-e-rowerowy\/\">Poradnik e-rowerowy<\/a>                            <\/div>\r\n                        <\/div>\r\n                        <h4><a href=\"https:\/\/www.diamantrad.com\/pl-PL\/blog\/e-bike-battery-charge\/\">\u0141adowanie akumulatora roweru elektrycznego: dzi\u0119ki nam zrobisz to dobrze\u00a0<\/a><\/h4>\r\n                    <\/div>\r\n                <\/li>\r\n                            <li class=\"blog-loop-item mb-0\">\r\n                    <a class=\"post-thumbnail\" href=\"https:\/\/www.diamantrad.com\/pl-PL\/blog\/e-bike-battery-care\/\" tabindex=\"-1\">\r\n                        <figure class=\"mb-3\"><img loading=\"lazy\" decoding=\"async\" width=\"992\" height=\"662\" src=\"https:\/\/www.diamantrad.com\/wp-content\/uploads\/2022\/10\/DI_24_Zing_Trip_Lifestyle_67I0184_300dpi-1024x683.avif\" class=\"img-fluid wp-post-image\" alt=\"Odpowiednie przechowywanie i konserwacja akumulatora roweru elektrycznego\u00a0\" srcset=\"https:\/\/www.diamantrad.com\/wp-content\/uploads\/2022\/10\/DI_24_Zing_Trip_Lifestyle_67I0184_300dpi-1024x683.avif 1024w, https:\/\/www.diamantrad.com\/wp-content\/uploads\/2022\/10\/DI_24_Zing_Trip_Lifestyle_67I0184_300dpi-300x200.avif 300w, https:\/\/www.diamantrad.com\/wp-content\/uploads\/2022\/10\/DI_24_Zing_Trip_Lifestyle_67I0184_300dpi-768x512.avif 768w, https:\/\/www.diamantrad.com\/wp-content\/uploads\/2022\/10\/DI_24_Zing_Trip_Lifestyle_67I0184_300dpi-1536x1024.avif 1536w, https:\/\/www.diamantrad.com\/wp-content\/uploads\/2022\/10\/DI_24_Zing_Trip_Lifestyle_67I0184_300dpi-2048x1365.avif 2048w\" sizes=\"auto, (max-width: 992px) 100vw, 992px\" \/><\/figure>\r\n                    <\/a>\r\n                    <div class=\"blog-loop-content\">\r\n                        <div class=\"entry-meta mb-3\">\r\n                            <div class=\"posted-on mb-2\">\r\n                                <time datetime=\"2025-03-25T21:22:35+01:00\">2025-03-25<\/time>\r\n                            <\/div>\r\n                            <div class=\"post-categories\">\r\n                                <a role=\"button\" href=\"\/pl-PL\/blog\/poradnik-e-rowerowy\/\">Poradnik e-rowerowy<\/a>                            <\/div>\r\n                        <\/div>\r\n                        <h4><a href=\"https:\/\/www.diamantrad.com\/pl-PL\/blog\/e-bike-battery-care\/\">Odpowiednie przechowywanie i konserwacja akumulatora roweru elektrycznego\u00a0<\/a><\/h4>\r\n                    <\/div>\r\n                <\/li>\r\n                            <li class=\"blog-loop-item mb-0\">\r\n                    <a class=\"post-thumbnail\" href=\"https:\/\/www.diamantrad.com\/pl-PL\/blog\/e-bike-battery-winter-care\/\" tabindex=\"-1\">\r\n                        <figure class=\"mb-3\"><img loading=\"lazy\" decoding=\"async\" width=\"992\" height=\"662\" src=\"https:\/\/www.diamantrad.com\/wp-content\/uploads\/2023\/12\/DI_25_Suvea_Lifestyle_67I6917_300dpi-1024x683.avif\" class=\"img-fluid wp-post-image\" alt=\"Zimowa konserwacja akumulatora w rowerze elektrycznym: optymalna moc mimo niskich temperatur\u00a0\" srcset=\"https:\/\/www.diamantrad.com\/wp-content\/uploads\/2023\/12\/DI_25_Suvea_Lifestyle_67I6917_300dpi-1024x683.avif 1024w, https:\/\/www.diamantrad.com\/wp-content\/uploads\/2023\/12\/DI_25_Suvea_Lifestyle_67I6917_300dpi-300x200.avif 300w, https:\/\/www.diamantrad.com\/wp-content\/uploads\/2023\/12\/DI_25_Suvea_Lifestyle_67I6917_300dpi-768x512.avif 768w, https:\/\/www.diamantrad.com\/wp-content\/uploads\/2023\/12\/DI_25_Suvea_Lifestyle_67I6917_300dpi-1536x1024.avif 1536w, https:\/\/www.diamantrad.com\/wp-content\/uploads\/2023\/12\/DI_25_Suvea_Lifestyle_67I6917_300dpi-2048x1365.avif 2048w\" sizes=\"auto, (max-width: 992px) 100vw, 992px\" \/><\/figure>\r\n                    <\/a>\r\n                    <div class=\"blog-loop-content\">\r\n                        <div class=\"entry-meta mb-3\">\r\n                            <div class=\"posted-on mb-2\">\r\n                                <time datetime=\"2025-03-25T20:54:18+01:00\">2025-03-25<\/time>\r\n                            <\/div>\r\n                            <div class=\"post-categories\">\r\n                                <a role=\"button\" href=\"\/pl-PL\/blog\/poradnik-e-rowerowy\/\">Poradnik e-rowerowy<\/a>                            <\/div>\r\n                        <\/div>\r\n                        <h4><a href=\"https:\/\/www.diamantrad.com\/pl-PL\/blog\/e-bike-battery-winter-care\/\">Zimowa konserwacja akumulatora w rowerze elektrycznym: optymalna moc mimo niskich temperatur\u00a0<\/a><\/h4>\r\n                    <\/div>\r\n                <\/li>\r\n                            <li class=\"blog-loop-item mb-0\">\r\n                    <a class=\"post-thumbnail\" href=\"https:\/\/www.diamantrad.com\/pl-PL\/blog\/e-bike-battery-safety\/\" tabindex=\"-1\">\r\n                        <figure class=\"mb-3\"><img loading=\"lazy\" decoding=\"async\" width=\"992\" height=\"662\" src=\"https:\/\/www.diamantrad.com\/wp-content\/uploads\/2022\/10\/DI_25_Suvea_Lifestyle_67I2961_300dpi-1024x683.avif\" class=\"img-fluid wp-post-image\" alt=\"Na ile bezpieczne s\u0105 akumulatory rowerowe?\u00a0\" srcset=\"https:\/\/www.diamantrad.com\/wp-content\/uploads\/2022\/10\/DI_25_Suvea_Lifestyle_67I2961_300dpi-1024x683.avif 1024w, https:\/\/www.diamantrad.com\/wp-content\/uploads\/2022\/10\/DI_25_Suvea_Lifestyle_67I2961_300dpi-300x200.avif 300w, https:\/\/www.diamantrad.com\/wp-content\/uploads\/2022\/10\/DI_25_Suvea_Lifestyle_67I2961_300dpi-768x512.avif 768w, https:\/\/www.diamantrad.com\/wp-content\/uploads\/2022\/10\/DI_25_Suvea_Lifestyle_67I2961_300dpi-1536x1024.avif 1536w, https:\/\/www.diamantrad.com\/wp-content\/uploads\/2022\/10\/DI_25_Suvea_Lifestyle_67I2961_300dpi-2048x1365.avif 2048w\" sizes=\"auto, (max-width: 992px) 100vw, 992px\" \/><\/figure>\r\n                    <\/a>\r\n                    <div class=\"blog-loop-content\">\r\n                        <div class=\"entry-meta mb-3\">\r\n                            <div class=\"posted-on mb-2\">\r\n                                <time datetime=\"2025-03-25T20:30:20+01:00\">2025-03-25<\/time>\r\n                            <\/div>\r\n                            <div class=\"post-categories\">\r\n                                <a role=\"button\" href=\"\/pl-PL\/blog\/poradnik-e-rowerowy\/\">Poradnik e-rowerowy<\/a>                            <\/div>\r\n                        <\/div>\r\n                        <h4><a href=\"https:\/\/www.diamantrad.com\/pl-PL\/blog\/e-bike-battery-safety\/\">Na ile bezpieczne s\u0105 akumulatory rowerowe?\u00a0<\/a><\/h4>\r\n                    <\/div>\r\n                <\/li>\r\n                    <\/ul>\r\n\r\n                    <div class=\"pagination justify-content-center mt-5\">\r\n                <span aria-current=\"page\" class=\"page-numbers current\">1<\/span>\n<a class=\"page-numbers\" href=\"https:\/\/www.diamantrad.com\/pl-PL\/wp-json\/wp\/v2\/pages\/57928\/page\/2\/\">2<\/a>\n<a class=\"next page-numbers\" href=\"https:\/\/www.diamantrad.com\/pl-PL\/wp-json\/wp\/v2\/pages\/57928\/page\/2\/\"><svg width=\"20\" height=\"32\" viewBox=\"0 0 20 32\" fill=\"none\" class=\"pagination-next\" xmlns=\"http:\/\/www.w3.org\/2000\/svg\"><path d=\"M2.81787 3L15.833 16.0151L3.01507 28.8331\" stroke=\"#362F2D\" stroke-width=\"5\" stroke-linecap=\"round\"\/><\/svg><\/a>            <\/div>\r\n        \n\n<\/div>\r\n      <\/div>\r\n    <\/div>\r\n  <\/div>\r\n<\/div><\/div>","protected":false},"excerpt":{"rendered":"<p>Wiedza rowerowa w pigu\u0142ce: odkryj przewodniki, porady dotycz\u0105ce napraw, wycieczki rowerowe i histori\u0119 na blogu Diamantrad. Dowiedz si\u0119 wi\u0119cej!<\/p>\n","protected":false},"author":8,"featured_media":57595,"parent":0,"menu_order":0,"comment_status":"closed","ping_status":"closed","template":"","meta":{"_acf_changed":false,"slim_seo":{"title":"Na ile bezpieczne s\u0105 akumulatory rowerowe?","description":"Informacje na temat bezpiecznego obchodzenia si\u0119 z akumulatorami do rower\u00f3w elektrycznych \u2713 Zalecenia i zalecenia \u2713 Wszystko na temat prawid\u0142owego obchodzenia si\u0119 z akumulatorami na blogu Diamant."},"footnotes":""},"class_list":["post-57928","page","type-page","status-publish","has-post-thumbnail","hentry"],"acf":[],"_links":{"self":[{"href":"https:\/\/www.diamantrad.com\/pl-PL\/wp-json\/wp\/v2\/pages\/57928","targetHints":{"allow":["GET"]}}],"collection":[{"href":"https:\/\/www.diamantrad.com\/pl-PL\/wp-json\/wp\/v2\/pages"}],"about":[{"href":"https:\/\/www.diamantrad.com\/pl-PL\/wp-json\/wp\/v2\/types\/page"}],"author":[{"embeddable":true,"href":"https:\/\/www.diamantrad.com\/pl-PL\/wp-json\/wp\/v2\/users\/8"}],"replies":[{"embeddable":true,"href":"https:\/\/www.diamantrad.com\/pl-PL\/wp-json\/wp\/v2\/comments?post=57928"}],"version-history":[{"count":0,"href":"https:\/\/www.diamantrad.com\/pl-PL\/wp-json\/wp\/v2\/pages\/57928\/revisions"}],"wp:featuredmedia":[{"embeddable":true,"href":"https:\/\/www.diamantrad.com\/pl-PL\/wp-json\/wp\/v2\/media\/57595"}],"wp:attachment":[{"href":"https:\/\/www.diamantrad.com\/pl-PL\/wp-json\/wp\/v2\/media?parent=57928"}],"curies":[{"name":"wp","href":"https:\/\/api.w.org\/{rel}","templated":true}]}}