{"id":58374,"date":"2025-03-25T10:40:33","date_gmt":"2025-03-25T09:40:33","guid":{"rendered":"https:\/\/dev.diamantrad.com\/?page_id=58374"},"modified":"2025-03-25T10:40:33","modified_gmt":"2025-03-25T09:40:33","slug":"news","status":"publish","type":"page","link":"https:\/\/www.diamantrad.com\/pl-PL\/blog\/news\/","title":{"rendered":"News"},"content":{"rendered":"<div class=\"lazyblock-nncontainer-Z2bJS7k wp-block-lazyblock-nncontainer\"><div class=\"section-standard\">\r\n  <div class=\"container\" id=\"container-Z2bJS7k\">\r\n    <div class=\"row\">\r\n      <div class=\"col py-4 py-lg-5\">\r\n        <div class=\"lazyblock-inner-blocks\">\n                \r\n                <div class=\"blog-highlighted\">\r\n                    <div class=\"row g-5\">\r\n                        <div class=\"col-lg-6 mt-5\">\r\n                            <div class=\"entry-meta mb-4\">\r\n                                <div class=\"posted-on mb-2\">\r\n                                    <time datetime=\"2025-03-27T13:53:15+01:00\">2025-03-27<\/time>\r\n                                <\/div>\r\n                                <div class=\"post-categories\">\r\n                                    <a role=\"button\" href=\"\/pl-PL\/blog\/news\/\">News<\/a>                                <\/div>\r\n                            <\/div>\r\n                            <h2><a href=\"https:\/\/www.diamantrad.com\/pl-PL\/blog\/sustainability-with-low-impact-aluminum\/\">Diamant a zr\u00f3wnowa\u017cony rozw\u00f3j: du\u017cy post\u0119p dzi\u0119ki niskoemisyjnemu aluminium\u00a0<\/a><\/h2>\r\n                            <p class=\"mb-0\">W tym artykule dowiesz si\u0119, w jaki spos\u00f3b Diamant i Trek wykorzystuj\u0105 aluminium o niskim wp\u0142ywie na \u015brodowisko, aby zmniejszy\u0107 emisje w produkcji rower\u00f3w nawet o 70%.<\/p>\r\n                        <\/div>\r\n                        <div class=\"col-lg-6 mt-4 mt-lg-5\">\r\n                            <a class=\"post-thumbnail\" href=\"https:\/\/www.diamantrad.com\/pl-PL\/blog\/sustainability-with-low-impact-aluminum\/\" tabindex=\"-1\">\r\n                                <figure class=\"mb-0\"><img loading=\"lazy\" decoding=\"async\" width=\"992\" height=\"662\" src=\"https:\/\/www.diamantrad.com\/wp-content\/uploads\/2024\/12\/DI_24_Zing_Trip_Lifestyle_67I4578_300dpi-1024x683.avif\" class=\"img-fluid not-transparent wp-post-image\" alt=\"Diamant a zr\u00f3wnowa\u017cony rozw\u00f3j: du\u017cy post\u0119p dzi\u0119ki niskoemisyjnemu aluminium\u00a0\" srcset=\"https:\/\/www.diamantrad.com\/wp-content\/uploads\/2024\/12\/DI_24_Zing_Trip_Lifestyle_67I4578_300dpi-1024x683.avif 1024w, https:\/\/www.diamantrad.com\/wp-content\/uploads\/2024\/12\/DI_24_Zing_Trip_Lifestyle_67I4578_300dpi-300x200.avif 300w, https:\/\/www.diamantrad.com\/wp-content\/uploads\/2024\/12\/DI_24_Zing_Trip_Lifestyle_67I4578_300dpi-768x512.avif 768w, https:\/\/www.diamantrad.com\/wp-content\/uploads\/2024\/12\/DI_24_Zing_Trip_Lifestyle_67I4578_300dpi-1536x1024.avif 1536w, https:\/\/www.diamantrad.com\/wp-content\/uploads\/2024\/12\/DI_24_Zing_Trip_Lifestyle_67I4578_300dpi-2048x1365.avif 2048w\" sizes=\"auto, (max-width: 992px) 100vw, 992px\" data-has-transparency=\"false\" data-dominant-color=\"b47a81\" style=\"--dominant-color: #b47a81;\" \/><\/figure>\r\n                            <\/a>\r\n                        <\/div>\r\n                    <\/div>\r\n                <\/div>\r\n\r\n                <hr \/>\r\n                <h3>Wi\u0119cej wpis\u00f3w:<\/h3>\r\n                \r\n                <ul class=\"blog-filter mb-5\">\r\n                    <span>Filter<\/span>\r\n                    <li class=\"blog-filter-item blog-cat-all\">\r\n                        <a href=\"\/pl-PL\/blog\/\">Wszystkie<\/a>\r\n                    <\/li>\r\n                    <li class=\"blog-filter-item blog-cat-historia\"><a href=\"\/pl-PL\/blog\/historia\/\">Historia<\/a><\/li><li class=\"blog-filter-item blog-cat-news active\"><a href=\"\/pl-PL\/blog\/news\/\">News<\/a><\/li><li class=\"blog-filter-item blog-cat-poradnik-e-rowerowy\"><a href=\"\/pl-PL\/blog\/poradnik-e-rowerowy\/\">Poradnik e-rowerowy<\/a><\/li><li class=\"blog-filter-item blog-cat-poradnik-rowerowy\"><a href=\"\/pl-PL\/blog\/poradnik-rowerowy\/\">Poradnik rowerowy<\/a><\/li><li class=\"blog-filter-item blog-cat-s-pedelec\"><a href=\"\/pl-PL\/blog\/s-pedelec\/\">S-Pedelec<\/a><\/li><li class=\"blog-filter-item blog-cat-stories\"><a href=\"\/pl-PL\/blog\/stories\/\">Stories<\/a><\/li><li class=\"blog-filter-item blog-cat-tech\"><a href=\"\/pl-PL\/blog\/tech\/\">Tech<\/a><\/li>                <\/ul>\r\n\r\n            <p class=\"alert alert-warning no-posts-message mt-4\">Brak wpis\u00f3w w tej kategorii.<\/p>\n\n<\/div>\r\n      <\/div>\r\n    <\/div>\r\n  <\/div>\r\n<\/div><\/div>","protected":false},"excerpt":{"rendered":"","protected":false},"author":10,"featured_media":0,"parent":57928,"menu_order":0,"comment_status":"closed","ping_status":"closed","template":"","meta":{"_acf_changed":false,"slim_seo":{"title":"Diamant a zr\u00f3wnowa\u017cony rozw\u00f3j: niskoemisyjne aluminium","description":"W tym artykule dowiesz si\u0119, w jaki spos\u00f3b Diamant i Trek wykorzystuj\u0105 aluminium o niskim wp\u0142ywie na \u015brodowisko, aby zmniejszy\u0107 emisje w produkcji rower\u00f3w nawet o 70%."},"footnotes":""},"class_list":["post-58374","page","type-page","status-publish","hentry"],"acf":[],"_links":{"self":[{"href":"https:\/\/www.diamantrad.com\/pl-PL\/wp-json\/wp\/v2\/pages\/58374","targetHints":{"allow":["GET"]}}],"collection":[{"href":"https:\/\/www.diamantrad.com\/pl-PL\/wp-json\/wp\/v2\/pages"}],"about":[{"href":"https:\/\/www.diamantrad.com\/pl-PL\/wp-json\/wp\/v2\/types\/page"}],"author":[{"embeddable":true,"href":"https:\/\/www.diamantrad.com\/pl-PL\/wp-json\/wp\/v2\/users\/10"}],"replies":[{"embeddable":true,"href":"https:\/\/www.diamantrad.com\/pl-PL\/wp-json\/wp\/v2\/comments?post=58374"}],"version-history":[{"count":0,"href":"https:\/\/www.diamantrad.com\/pl-PL\/wp-json\/wp\/v2\/pages\/58374\/revisions"}],"up":[{"embeddable":true,"href":"https:\/\/www.diamantrad.com\/pl-PL\/wp-json\/wp\/v2\/pages\/57928"}],"wp:attachment":[{"href":"https:\/\/www.diamantrad.com\/pl-PL\/wp-json\/wp\/v2\/media?parent=58374"}],"curies":[{"name":"wp","href":"https:\/\/api.w.org\/{rel}","templated":true}]}}