{"id":58419,"date":"2025-03-25T11:05:39","date_gmt":"2025-03-25T10:05:39","guid":{"rendered":"https:\/\/dev.diamantrad.com\/?page_id=58419"},"modified":"2025-03-25T11:05:40","modified_gmt":"2025-03-25T10:05:40","slug":"historia","status":"publish","type":"page","link":"https:\/\/www.diamantrad.com\/pl-PL\/blog\/historia\/","title":{"rendered":"Historia"},"content":{"rendered":"<div class=\"lazyblock-nncontainer-Z2bJS7k wp-block-lazyblock-nncontainer\"><div class=\"section-standard\">\r\n  <div class=\"container\" id=\"container-Z2bJS7k\">\r\n    <div class=\"row\">\r\n      <div class=\"col py-4 py-lg-5\">\r\n        <div class=\"lazyblock-inner-blocks\">\n                \r\n                <div class=\"blog-highlighted\">\r\n                    <div class=\"row g-5\">\r\n                        <div class=\"col-lg-6 mt-5\">\r\n                            <div class=\"entry-meta mb-4\">\r\n                                <div class=\"posted-on mb-2\">\r\n                                    <time datetime=\"2025-03-25T20:02:09+01:00\">2025-03-25<\/time>\r\n                                <\/div>\r\n                                <div class=\"post-categories\">\r\n                                    <a role=\"button\" href=\"\/pl-PL\/blog\/historia\/\">Historia<\/a>                                <\/div>\r\n                            <\/div>\r\n                            <h2><a href=\"https:\/\/www.diamantrad.com\/pl-PL\/blog\/the-legendary-diamant-167\/\">Legendarny Diamant 167<\/a><\/h2>\r\n                            <p class=\"mb-0\">Niegdy\u015b szosowy motocykl wy\u015bcigowy, dzi\u015b obiekt kultu i eksponat muzealny. Model Diamant 167 do dzi\u015b inspiruje wielu entuzjast\u00f3w rower\u00f3w.<\/p>\r\n                        <\/div>\r\n                        <div class=\"col-lg-6 mt-4 mt-lg-5\">\r\n                            <a class=\"post-thumbnail\" href=\"https:\/\/www.diamantrad.com\/pl-PL\/blog\/the-legendary-diamant-167\/\" tabindex=\"-1\">\r\n                                <figure class=\"mb-0\"><img loading=\"lazy\" decoding=\"async\" width=\"992\" height=\"662\" src=\"https:\/\/www.diamantrad.com\/wp-content\/uploads\/2023\/09\/Blog_Diamant167_Lenker_Taeve-Schur-1024x683.png\" class=\"img-fluid wp-post-image\" alt=\"Legendarny Diamant 167\" srcset=\"https:\/\/www.diamantrad.com\/wp-content\/uploads\/2023\/09\/Blog_Diamant167_Lenker_Taeve-Schur-1024x683.png 1024w, https:\/\/www.diamantrad.com\/wp-content\/uploads\/2023\/09\/Blog_Diamant167_Lenker_Taeve-Schur-300x200.png 300w, https:\/\/www.diamantrad.com\/wp-content\/uploads\/2023\/09\/Blog_Diamant167_Lenker_Taeve-Schur-768x512.png 768w, https:\/\/www.diamantrad.com\/wp-content\/uploads\/2023\/09\/Blog_Diamant167_Lenker_Taeve-Schur-1536x1024.png 1536w, https:\/\/www.diamantrad.com\/wp-content\/uploads\/2023\/09\/Blog_Diamant167_Lenker_Taeve-Schur.png 1728w\" sizes=\"auto, (max-width: 992px) 100vw, 992px\" \/><\/figure>\r\n                            <\/a>\r\n                        <\/div>\r\n                    <\/div>\r\n                <\/div>\r\n\r\n                <hr \/>\r\n                <h3>Wi\u0119cej wpis\u00f3w:<\/h3>\r\n                \r\n                <ul class=\"blog-filter mb-5\">\r\n                    <span>Filter<\/span>\r\n                    <li class=\"blog-filter-item blog-cat-all\">\r\n                        <a href=\"\/pl-PL\/blog\/\">Wszystkie<\/a>\r\n                    <\/li>\r\n                    <li class=\"blog-filter-item blog-cat-historia active\"><a href=\"\/pl-PL\/blog\/historia\/\">Historia<\/a><\/li><li class=\"blog-filter-item blog-cat-news\"><a href=\"\/pl-PL\/blog\/news\/\">News<\/a><\/li><li class=\"blog-filter-item blog-cat-poradnik-e-rowerowy\"><a href=\"\/pl-PL\/blog\/poradnik-e-rowerowy\/\">Poradnik e-rowerowy<\/a><\/li><li class=\"blog-filter-item blog-cat-poradnik-rowerowy\"><a href=\"\/pl-PL\/blog\/poradnik-rowerowy\/\">Poradnik rowerowy<\/a><\/li><li class=\"blog-filter-item blog-cat-s-pedelec\"><a href=\"\/pl-PL\/blog\/s-pedelec\/\">S-Pedelec<\/a><\/li><li class=\"blog-filter-item blog-cat-stories\"><a href=\"\/pl-PL\/blog\/stories\/\">Stories<\/a><\/li><li class=\"blog-filter-item blog-cat-tech\"><a href=\"\/pl-PL\/blog\/tech\/\">Tech<\/a><\/li>                <\/ul>\r\n\r\n                    <ul class=\"blog-loop\">\r\n                            <li class=\"blog-loop-item mb-0\">\r\n                    <a class=\"post-thumbnail\" href=\"https:\/\/www.diamantrad.com\/pl-PL\/blog\/road-bike-diamant-67\/\" tabindex=\"-1\">\r\n                        <figure class=\"mb-3\"><img loading=\"lazy\" decoding=\"async\" width=\"992\" height=\"610\" src=\"https:\/\/www.diamantrad.com\/wp-content\/uploads\/2023\/12\/Blog-Diamant-67-Studiobild-Sattelrohr-Emblem-1024x630.png\" class=\"img-fluid wp-post-image\" alt=\"Rower szosowy diamant 67 tak\u017ce model dla zawodowc\u00f3w\" srcset=\"https:\/\/www.diamantrad.com\/wp-content\/uploads\/2023\/12\/Blog-Diamant-67-Studiobild-Sattelrohr-Emblem-1024x630.png 1024w, https:\/\/www.diamantrad.com\/wp-content\/uploads\/2023\/12\/Blog-Diamant-67-Studiobild-Sattelrohr-Emblem-300x184.png 300w, https:\/\/www.diamantrad.com\/wp-content\/uploads\/2023\/12\/Blog-Diamant-67-Studiobild-Sattelrohr-Emblem-768x472.png 768w, https:\/\/www.diamantrad.com\/wp-content\/uploads\/2023\/12\/Blog-Diamant-67-Studiobild-Sattelrohr-Emblem.png 1106w\" sizes=\"auto, (max-width: 992px) 100vw, 992px\" \/><\/figure>\r\n                    <\/a>\r\n                    <div class=\"blog-loop-content\">\r\n                        <div class=\"entry-meta mb-3\">\r\n                            <div class=\"posted-on mb-2\">\r\n                                <time datetime=\"2025-03-25T16:06:25+01:00\">2025-03-25<\/time>\r\n                            <\/div>\r\n                            <div class=\"post-categories\">\r\n                                <a role=\"button\" href=\"\/pl-PL\/blog\/historia\/\">Historia<\/a>                            <\/div>\r\n                        <\/div>\r\n                        <h4><a href=\"https:\/\/www.diamantrad.com\/pl-PL\/blog\/road-bike-diamant-67\/\">Rower szosowy diamant 67 tak\u017ce model dla zawodowc\u00f3w<\/a><\/h4>\r\n                    <\/div>\r\n                <\/li>\r\n                            <li class=\"blog-loop-item mb-0\">\r\n                    <a class=\"post-thumbnail\" href=\"https:\/\/www.diamantrad.com\/pl-PL\/blog\/diamant-city-blitz-drugi-niemiecki-rower-elektryczny\/\" tabindex=\"-1\">\r\n                        <figure class=\"mb-3\"><img loading=\"lazy\" decoding=\"async\" width=\"879\" height=\"659\" src=\"https:\/\/www.diamantrad.com\/wp-content\/uploads\/2024\/01\/Diamant_City-Blitz_Akku_Blog.avif\" class=\"img-fluid wp-post-image\" alt=\"Diamant City Blitz: Drugi niemiecki rower elektryczny\" \/><\/figure>\r\n                    <\/a>\r\n                    <div class=\"blog-loop-content\">\r\n                        <div class=\"entry-meta mb-3\">\r\n                            <div class=\"posted-on mb-2\">\r\n                                <time datetime=\"2025-03-25T15:28:57+01:00\">2025-03-25<\/time>\r\n                            <\/div>\r\n                            <div class=\"post-categories\">\r\n                                <a role=\"button\" href=\"\/pl-PL\/blog\/historia\/\">Historia<\/a>                            <\/div>\r\n                        <\/div>\r\n                        <h4><a href=\"https:\/\/www.diamantrad.com\/pl-PL\/blog\/diamant-city-blitz-drugi-niemiecki-rower-elektryczny\/\">Diamant City Blitz: Drugi niemiecki rower elektryczny<\/a><\/h4>\r\n                    <\/div>\r\n                <\/li>\r\n                            <li class=\"blog-loop-item mb-0\">\r\n                    <a class=\"post-thumbnail\" href=\"https:\/\/www.diamantrad.com\/pl-PL\/blog\/diamant-tourensportrad\/\" tabindex=\"-1\">\r\n                        <figure class=\"mb-3\"><img loading=\"lazy\" decoding=\"async\" width=\"992\" height=\"744\" src=\"https:\/\/www.diamantrad.com\/wp-content\/uploads\/2023\/09\/Diamant-Tourensportrad-1024x768.avif\" class=\"img-fluid wp-post-image\" alt=\"Sportowy rower turystyczny z lat 60: Diamant 35 102 i 35 154\" srcset=\"https:\/\/www.diamantrad.com\/wp-content\/uploads\/2023\/09\/Diamant-Tourensportrad-1024x768.avif 1024w, https:\/\/www.diamantrad.com\/wp-content\/uploads\/2023\/09\/Diamant-Tourensportrad-300x225.avif 300w, https:\/\/www.diamantrad.com\/wp-content\/uploads\/2023\/09\/Diamant-Tourensportrad-768x576.avif 768w, https:\/\/www.diamantrad.com\/wp-content\/uploads\/2023\/09\/Diamant-Tourensportrad-1536x1152.avif 1536w, https:\/\/www.diamantrad.com\/wp-content\/uploads\/2023\/09\/Diamant-Tourensportrad-2048x1536.avif 2048w\" sizes=\"auto, (max-width: 992px) 100vw, 992px\" \/><\/figure>\r\n                    <\/a>\r\n                    <div class=\"blog-loop-content\">\r\n                        <div class=\"entry-meta mb-3\">\r\n                            <div class=\"posted-on mb-2\">\r\n                                <time datetime=\"2025-03-25T14:51:29+01:00\">2025-03-25<\/time>\r\n                            <\/div>\r\n                            <div class=\"post-categories\">\r\n                                <a role=\"button\" href=\"\/pl-PL\/blog\/historia\/\">Historia<\/a>                            <\/div>\r\n                        <\/div>\r\n                        <h4><a href=\"https:\/\/www.diamantrad.com\/pl-PL\/blog\/diamant-tourensportrad\/\">Sportowy rower turystyczny z lat 60: Diamant 35 102 i 35 154<\/a><\/h4>\r\n                    <\/div>\r\n                <\/li>\r\n                            <li class=\"blog-loop-item mb-0\">\r\n                    <a class=\"post-thumbnail\" href=\"https:\/\/www.diamantrad.com\/pl-PL\/blog\/diamant-handy-bike\/\" tabindex=\"-1\">\r\n                        <figure class=\"mb-3\"><img loading=\"lazy\" decoding=\"async\" width=\"992\" height=\"662\" src=\"https:\/\/www.diamantrad.com\/wp-content\/uploads\/2023\/11\/Diamant-Handy-Bike-Faltrad-1024x683.avif\" class=\"img-fluid wp-post-image\" alt=\"Diamant Handy Bike: Solidny 26-calowy rower sk\u0142adany\" srcset=\"https:\/\/www.diamantrad.com\/wp-content\/uploads\/2023\/11\/Diamant-Handy-Bike-Faltrad-1024x683.avif 1024w, https:\/\/www.diamantrad.com\/wp-content\/uploads\/2023\/11\/Diamant-Handy-Bike-Faltrad-300x200.avif 300w, https:\/\/www.diamantrad.com\/wp-content\/uploads\/2023\/11\/Diamant-Handy-Bike-Faltrad-768x512.avif 768w, https:\/\/www.diamantrad.com\/wp-content\/uploads\/2023\/11\/Diamant-Handy-Bike-Faltrad-1536x1024.avif 1536w, https:\/\/www.diamantrad.com\/wp-content\/uploads\/2023\/11\/Diamant-Handy-Bike-Faltrad-2048x1365.avif 2048w\" sizes=\"auto, (max-width: 992px) 100vw, 992px\" \/><\/figure>\r\n                    <\/a>\r\n                    <div class=\"blog-loop-content\">\r\n                        <div class=\"entry-meta mb-3\">\r\n                            <div class=\"posted-on mb-2\">\r\n                                <time datetime=\"2025-03-25T14:29:35+01:00\">2025-03-25<\/time>\r\n                            <\/div>\r\n                            <div class=\"post-categories\">\r\n                                <a role=\"button\" href=\"\/pl-PL\/blog\/historia\/\">Historia<\/a>                            <\/div>\r\n                        <\/div>\r\n                        <h4><a href=\"https:\/\/www.diamantrad.com\/pl-PL\/blog\/diamant-handy-bike\/\">Diamant Handy Bike: Solidny 26-calowy rower sk\u0142adany<\/a><\/h4>\r\n                    <\/div>\r\n                <\/li>\r\n                    <\/ul>\r\n\r\n                    <div class=\"pagination justify-content-center mt-5\">\r\n                            <\/div>\r\n        \n\n<\/div>\r\n      <\/div>\r\n    <\/div>\r\n  <\/div>\r\n<\/div><\/div>","protected":false},"excerpt":{"rendered":"","protected":false},"author":10,"featured_media":0,"parent":57928,"menu_order":0,"comment_status":"closed","ping_status":"closed","template":"","meta":{"_acf_changed":false,"slim_seo":{"title":"Diamant Handy Bike: Solidny 26-calowy rower sk\u0142adany","description":"W tym wpisie na blogu przyjrzymy si\u0119 erze rower\u00f3w sk\u0142adanych Diamant i szczeg\u00f3\u0142owo przedstawimy rower Diamant Handy Bike."},"footnotes":""},"class_list":["post-58419","page","type-page","status-publish","hentry"],"acf":[],"_links":{"self":[{"href":"https:\/\/www.diamantrad.com\/pl-PL\/wp-json\/wp\/v2\/pages\/58419","targetHints":{"allow":["GET"]}}],"collection":[{"href":"https:\/\/www.diamantrad.com\/pl-PL\/wp-json\/wp\/v2\/pages"}],"about":[{"href":"https:\/\/www.diamantrad.com\/pl-PL\/wp-json\/wp\/v2\/types\/page"}],"author":[{"embeddable":true,"href":"https:\/\/www.diamantrad.com\/pl-PL\/wp-json\/wp\/v2\/users\/10"}],"replies":[{"embeddable":true,"href":"https:\/\/www.diamantrad.com\/pl-PL\/wp-json\/wp\/v2\/comments?post=58419"}],"version-history":[{"count":1,"href":"https:\/\/www.diamantrad.com\/pl-PL\/wp-json\/wp\/v2\/pages\/58419\/revisions"}],"predecessor-version":[{"id":58433,"href":"https:\/\/www.diamantrad.com\/pl-PL\/wp-json\/wp\/v2\/pages\/58419\/revisions\/58433"}],"up":[{"embeddable":true,"href":"https:\/\/www.diamantrad.com\/pl-PL\/wp-json\/wp\/v2\/pages\/57928"}],"wp:attachment":[{"href":"https:\/\/www.diamantrad.com\/pl-PL\/wp-json\/wp\/v2\/media?parent=58419"}],"curies":[{"name":"wp","href":"https:\/\/api.w.org\/{rel}","templated":true}]}}