{"id":59344,"date":"2025-03-25T18:23:13","date_gmt":"2025-03-25T17:23:13","guid":{"rendered":"https:\/\/dev.diamantrad.com\/?page_id=59344"},"modified":"2025-03-25T23:23:09","modified_gmt":"2025-03-25T22:23:09","slug":"tests-awards","status":"publish","type":"page","link":"https:\/\/www.diamantrad.com\/pl-PL\/tests-awards\/","title":{"rendered":"Tests &amp; Awards"},"content":{"rendered":"\n<div class=\"wp-block-cover is-light\"><video class=\"wp-block-cover__video-background intrinsic-ignore\" autoplay muted loop playsinline src=\"https:\/\/www.diamantrad.com\/wp-content\/uploads\/2025\/03\/diamant-testsawards.mp4\" data-object-fit=\"cover\" preload=\"metadata\"><\/video><span aria-hidden=\"true\" class=\"wp-block-cover__background has-background-dim\" style=\"background-color:#FFF\"><\/span><div class=\"wp-block-cover__inner-container is-layout-constrained wp-block-cover-is-layout-constrained\">\n<p class=\"has-text-align-center has-large-font-size\"><\/p>\n\n\n<div class=\"lazyblock-cover-text-19iqvX wp-block-lazyblock-cover-text\"><div class=\"covertext container py-5 d-flex flex-column colorscheme-light justify-content-center\" id=\"covertext-19iqvX\">\r\n  <div class=\"lazyblock-inner-blocks\">\n\n<h2 class=\"wp-block-heading\"><strong>Testy i Nagrody<\/strong><\/h2>\n\n\n\n<h3 class=\"wp-block-heading\"><strong>Jak dobre s\u0105 rowery Diamant?<\/strong><\/h3>\n\n<\/div>\r\n<\/div><\/div><\/div><\/div>\n\n\n<div class=\"lazyblock-nncontainer-1plOtb wp-block-lazyblock-nncontainer\"><div class=\"section-standard\">\r\n  <div class=\"container\" id=\"container-1plOtb\">\r\n    <div class=\"row\">\r\n      <div class=\"col py-4 py-lg-5\">\r\n        <div class=\"lazyblock-inner-blocks\">\n\n<p>Poni\u017cej gromadzimy wyniki test\u00f3w indywidualnych i por\u00f3wnawczych rower\u00f3w Diamant od rocznika 2025, kt\u00f3re nadal znajduj\u0105 si\u0119 w naszej ofercie\u2014bez zmian lub z drobnymi modyfikacjami, aby testy nadal by\u0142y miarodajne. Wymieniamy r\u00f3wnie\u017c nagrody, kt\u00f3re otrzyma\u0142y modele Diamant lub marka Diamant jako ca\u0142o\u015b\u0107. Ni\u017cej znajdziesz o\u015bwiadczenie o przejrzysto\u015bci, w kt\u00f3rym wyja\u015bniamy, jak uczestniczymy w testach, jakie mamy stanowisko wobec p\u0142atnych test\u00f3w i jak decydujemy, kt\u00f3re rowery wysy\u0142amy do test\u00f3w.<\/p>\n\n<\/div>\r\n      <\/div>\r\n    <\/div>\r\n  <\/div>\r\n<\/div><\/div>\n\n\n\n<div class=\"lazyblock-nncontainer-1xBmWs wp-block-lazyblock-nncontainer\"><div class=\"section-standard\">\r\n  <div class=\"container\" id=\"container-1xBmWs\">\r\n    <div class=\"row\">\r\n      <div class=\"col py-4 py-lg-5\">\r\n        <div class=\"lazyblock-inner-blocks\">\n\n<h2 class=\"wp-block-heading\"><strong><strong><strong>Wyniki test\u00f3w rower\u00f3w Diamant<\/strong><\/strong><\/strong><\/h2>\n\n\n\n<p><em>Je\u015bli tabela si\u0119 nie wy\u015bwietla, mo\u017ce by\u0107 konieczne ponowne w\u0142\u0105czenie \u0142adowania tre\u015bci.<\/em><\/p>\n\n\n\n <div class=\"brlbs-cmpnt-container brlbs-cmpnt-content-blocker brlbs-cmpnt-with-individual-styles\" data-borlabs-cookie-content-blocker-id=\"default\" data-borlabs-cookie-content=\"PGlmcmFtZSB0aXRsZT0iV3luaWtpIHRlc3TDs3cgRGlhbWFudCIgYXJpYS1sYWJlbD0iVGFibGUiIGlkPSJkYXRhd3JhcHBlci1jaGFydC03cnFlTSIgc3JjPSJodHRwczovL2RhdGF3cmFwcGVyLmR3Y2RuLm5ldC83cnFlTS8zLyIgc2Nyb2xsaW5nPSJubyIgZnJhbWVib3JkZXI9IjAiIHN0eWxlPSJ3aWR0aDogMDsgbWluLXdpZHRoOiAxMDAlICFpbXBvcnRhbnQ7IGJvcmRlcjogbm9uZTsiIGhlaWdodD0iMjQ2IiBkYXRhLWV4dGVybmFsPSIxIj48L2lmcmFtZT4=\"><div class=\"brlbs-cmpnt-cb-preset-a\"> <p class=\"brlbs-cmpnt-cb-description\">Aktualnie wy\u015bwietlana jest tre\u015b\u0107 zast\u0119pcza z <strong>Domy\u015blne<\/strong>. Aby uzyska\u0107 dost\u0119p do rzeczywistej tre\u015bci, kliknij poni\u017cszy przycisk. Pami\u0119taj, \u017ce spowoduje to udost\u0119pnienie danych zewn\u0119trznym operatorom.<\/p> <div class=\"brlbs-cmpnt-cb-buttons\"> <a class=\"brlbs-cmpnt-cb-btn\" href=\"#\" data-borlabs-cookie-unblock role=\"button\">Odblokuj tre\u015b\u0107<\/a> <a class=\"brlbs-cmpnt-cb-btn\" href=\"#\" data-borlabs-cookie-accept-service role=\"button\" style=\"display: none\">Zaakceptuj wymagan\u0105 us\u0142ug\u0119 i odblokuj tre\u015bci<\/a> <\/div> <a class=\"brlbs-cmpnt-cb-provider-toggle\" href=\"#\" data-borlabs-cookie-show-provider-information role=\"button\">Wi\u0119cej informacji<\/a> <\/div><\/div><script type=\"text\/javascript\">!function(){\"use strict\";window.addEventListener(\"message\",(function(a){if(void 0!==a.data[\"datawrapper-height\"]){var e=document.querySelectorAll(\"iframe\");for(var t in a.data[\"datawrapper-height\"])for(var r,i=0;r=e[i];i++)if(r.contentWindow===a.source){var d=a.data[\"datawrapper-height\"][t]+\"px\";r.style.height=d}}}))}();\n<\/script>\n\n<\/div>\r\n      <\/div>\r\n    <\/div>\r\n  <\/div>\r\n<\/div><\/div>\n\n<div class=\"lazyblock-nncontainer-Z1xrgtx wp-block-lazyblock-nncontainer\"><div class=\"section-standard\">\r\n  <div class=\"container\" id=\"container-Z1xrgtx\">\r\n    <div class=\"row\">\r\n      <div class=\"col py-4 py-lg-5\">\r\n        <div class=\"lazyblock-inner-blocks\">\n\n<h2 class=\"wp-block-heading\"><strong><strong><strong>Nagrody dla Diamant<\/strong><\/strong><\/strong><\/h2>\n\n\n\n<p><em>Je\u015bli tabela si\u0119 nie wy\u015bwietla, mo\u017ce by\u0107 konieczne ponowne w\u0142\u0105czenie \u0142adowania tre\u015bci.<\/em><\/p>\n\n\n\n <div class=\"brlbs-cmpnt-container brlbs-cmpnt-content-blocker brlbs-cmpnt-with-individual-styles\" data-borlabs-cookie-content-blocker-id=\"default\" data-borlabs-cookie-content=\"PGlmcmFtZSB0aXRsZT0iTmFncm9keSBkbGEgRGlhbWFudCIgYXJpYS1sYWJlbD0iVGFibGUiIGlkPSJkYXRhd3JhcHBlci1jaGFydC1YNjFpZiIgc3JjPSJodHRwczovL2RhdGF3cmFwcGVyLmR3Y2RuLm5ldC9YNjFpZi8yLyIgc2Nyb2xsaW5nPSJubyIgZnJhbWVib3JkZXI9IjAiIHN0eWxlPSJ3aWR0aDogMDsgbWluLXdpZHRoOiAxMDAlICFpbXBvcnRhbnQ7IGJvcmRlcjogbm9uZTsiIGhlaWdodD0iMTUwMiIgZGF0YS1leHRlcm5hbD0iMSI+PC9pZnJhbWU+\"><div class=\"brlbs-cmpnt-cb-preset-a\"> <p class=\"brlbs-cmpnt-cb-description\">Aktualnie wy\u015bwietlana jest tre\u015b\u0107 zast\u0119pcza z <strong>Domy\u015blne<\/strong>. Aby uzyska\u0107 dost\u0119p do rzeczywistej tre\u015bci, kliknij poni\u017cszy przycisk. Pami\u0119taj, \u017ce spowoduje to udost\u0119pnienie danych zewn\u0119trznym operatorom.<\/p> <div class=\"brlbs-cmpnt-cb-buttons\"> <a class=\"brlbs-cmpnt-cb-btn\" href=\"#\" data-borlabs-cookie-unblock role=\"button\">Odblokuj tre\u015b\u0107<\/a> <a class=\"brlbs-cmpnt-cb-btn\" href=\"#\" data-borlabs-cookie-accept-service role=\"button\" style=\"display: none\">Zaakceptuj wymagan\u0105 us\u0142ug\u0119 i odblokuj tre\u015bci<\/a> <\/div> <a class=\"brlbs-cmpnt-cb-provider-toggle\" href=\"#\" data-borlabs-cookie-show-provider-information role=\"button\">Wi\u0119cej informacji<\/a> <\/div><\/div><script type=\"text\/javascript\">!function(){\"use strict\";window.addEventListener(\"message\",(function(a){if(void 0!==a.data[\"datawrapper-height\"]){var e=document.querySelectorAll(\"iframe\");for(var t in a.data[\"datawrapper-height\"])for(var r,i=0;r=e[i];i++)if(r.contentWindow===a.source){var d=a.data[\"datawrapper-height\"][t]+\"px\";r.style.height=d}}}))}();\n<\/script>\n\n<\/div>\r\n      <\/div>\r\n    <\/div>\r\n  <\/div>\r\n<\/div><\/div>\n\n<div class=\"lazyblock-nncontainer-Z1KjLJq wp-block-lazyblock-nncontainer\"><div class=\"section-standard\">\r\n  <div class=\"container\" id=\"container-Z1KjLJq\">\r\n    <div class=\"row\">\r\n      <div class=\"col py-4 py-lg-5\">\r\n        <div class=\"lazyblock-inner-blocks\">\n\n<h2 class=\"wp-block-heading\"><strong><strong><strong>O\u015bwiadczenie o przejrzysto\u015bci<\/strong><\/strong><\/strong><\/h2>\n\n\n\n<p>Najlepszym do\u015bwiadczeniem jest Twoje w\u0142asne. Tw\u00f3j nowy rower powinien sprawia\u0107 Ci rado\u015b\u0107. Dlatego \u017caden test nie zast\u0105pi Twojej w\u0142asnej jazdy pr\u00f3bnej. Profesjonalne testy mog\u0105 jednak pom\u00f3c w dokonaniu wyboru i stanowi\u0107 przydatn\u0105 wskaz\u00f3wk\u0119.<\/p>\n\n\n\n<p>Diamant regularnie bierze udzia\u0142 w testach przeprowadzanych przez magazyny bran\u017cowe. Opracowali\u015bmy wewn\u0119trzne zasady, aby testy przebiega\u0142y jak najsprawniej. Przejrzysto\u015b\u0107 jest dla nas wa\u017cna, dlatego dzielimy si\u0119 tymi zasadami z Tob\u0105.<\/p>\n\n\n\n<h3 class=\"wp-block-heading\"><strong><strong>Priorytet dla nowych modeli i wersji pro<\/strong><\/strong><\/h3>\n\n\n\n<p>Naszym celem jest, aby ka\u017cda nowa seria modeli w pierwszym roku wzi\u0119\u0142a udzia\u0142 w co najmniej jednym te\u015bcie por\u00f3wnawczym. W drugim roku skupiamy si\u0119 na testach indywidualnych. W trzecim roku wysy\u0142amy model do test\u00f3w tylko w wyj\u0105tkowych przypadkach. Nie wiemy z wyprzedzeniem, kt\u00f3re konkurencyjne marki r\u00f3wnie\u017c zg\u0142osz\u0105 swoje rowery do test\u00f3w por\u00f3wnawczych. Je\u015bli to mo\u017cliwe, wysy\u0142amy rower testowy w najlepszej dost\u0119pnej wersji wyposa\u017cenia.<\/p>\n\n\n\n<h3 class=\"wp-block-heading\"><strong><strong><strong>Pokrywamy koszty test\u00f3w laboratoryjnych<\/strong><\/strong><\/strong><\/h3>\n\n\n\n<p>Niekt\u00f3re magazyny bran\u017cowe przeprowadzaj\u0105 szczeg\u00f3\u0142owe testy laboratoryjne w zewn\u0119trznych instytutach, takich jak DEKRA w Stuttgarcie czy Velotech w Schweinfurcie. W niekt\u00f3rych przypadkach to my, jako producent, pokrywamy te koszty. Czasami p\u0142acimy r\u00f3wnie\u017c op\u0142aty licencyjne za wykorzystanie oznacze\u0144 testowych. Jeste\u015bmy do tego nastawieni krytycznie, poniewa\u017c mo\u017ce to wp\u0142yn\u0105\u0107 na postrzegan\u0105 niezale\u017cno\u015b\u0107 wynik\u00f3w test\u00f3w. Dlatego uczestniczymy wy\u0142\u0105cznie w metodologicznie rzetelnych testach przeprowadzanych przez kompetentnych ekspert\u00f3w. Ka\u017cdy test, w kt\u00f3rym dokonano p\u0142atno\u015bci, jest odpowiednio oznaczony w naszym podsumowaniu test\u00f3w.<\/p>\n\n\n\n<h3 class=\"wp-block-heading\"><strong><strong><strong>Wysy\u0142amy rowery w standardowej konfiguracji<\/strong><\/strong><\/strong><\/h3>\n\n\n\n<p>Stiftung Warentest kupuje swoje rowery na otwartym rynku, aby uniemo\u017cliwi\u0107 producentom wysy\u0142anie specjalnie przygotowanych modeli. Diamant zawsze wysy\u0142a rowery w standardowej konfiguracji do innych magazyn\u00f3w i przed dostaw\u0105 sprawdza ich funkcjonalno\u015b\u0107 u autoryzowanego sprzedawcy. Rowery u\u017cywane do zdj\u0119\u0107 s\u0105 produkowane na tej samej linii monta\u017cowej, co modele dost\u0119pne w sprzeda\u017cy.<\/p>\n\n\n\n<h3 class=\"wp-block-heading\"><strong><strong><strong>Ponownie wykorzystujemy rowery testowe<\/strong><\/strong><\/strong><\/h3>\n\n\n\n<p>Wiele rower\u00f3w jest u\u017cywanych w kilku testach, ale \u017caden rower nie bierze udzia\u0142u w dw\u00f3ch testach laboratoryjnych, je\u015bli oba obejmuj\u0105 badania trwa\u0142o\u015bci. Je\u015bli wcze\u015bniejsze testy pozostawi\u0142y \u015blady u\u017cytkowania, informujemy o tym kolejnych tester\u00f3w.<\/p>\n\n\n\n<h3 class=\"wp-block-heading\"><strong><strong><strong>Rowery testowe s\u0105 zawsze rowerami wypo\u017cyczonymi<\/strong><\/strong><\/strong><\/h3>\n\n\n\n<p>Testy, w kt\u00f3rych aktywnie udost\u0119pniamy rower, s\u0105 zawsze przeprowadzane na rowerach wypo\u017cyczonych. Rowery pozostaj\u0105 nasz\u0105 w\u0142asno\u015bci\u0105 i odbieramy je po zako\u0144czeniu test\u00f3w.<\/p>\n\n<\/div>\r\n      <\/div>\r\n    <\/div>\r\n  <\/div>\r\n<\/div><\/div>","protected":false},"excerpt":{"rendered":"","protected":false},"author":3,"featured_media":0,"parent":0,"menu_order":0,"comment_status":"closed","ping_status":"closed","template":"","meta":{"_acf_changed":false,"slim_seo":{"title":"Testy i nagrody - Rowery Diamant recenzowane i nagrodzone","description":"Znajd\u017a testy i recenzje aktualnego portfolio rower\u00f3w Diamant. Zobacz, jak Diamant wypada na tle innych motocykli. Dowiedz si\u0119, jak wyr\u00f3\u017cniamy si\u0119 dzi\u0119ki lepszym rowerom."},"footnotes":""},"class_list":["post-59344","page","type-page","status-publish","hentry"],"acf":[],"_links":{"self":[{"href":"https:\/\/www.diamantrad.com\/pl-PL\/wp-json\/wp\/v2\/pages\/59344","targetHints":{"allow":["GET"]}}],"collection":[{"href":"https:\/\/www.diamantrad.com\/pl-PL\/wp-json\/wp\/v2\/pages"}],"about":[{"href":"https:\/\/www.diamantrad.com\/pl-PL\/wp-json\/wp\/v2\/types\/page"}],"author":[{"embeddable":true,"href":"https:\/\/www.diamantrad.com\/pl-PL\/wp-json\/wp\/v2\/users\/3"}],"replies":[{"embeddable":true,"href":"https:\/\/www.diamantrad.com\/pl-PL\/wp-json\/wp\/v2\/comments?post=59344"}],"version-history":[{"count":2,"href":"https:\/\/www.diamantrad.com\/pl-PL\/wp-json\/wp\/v2\/pages\/59344\/revisions"}],"predecessor-version":[{"id":59479,"href":"https:\/\/www.diamantrad.com\/pl-PL\/wp-json\/wp\/v2\/pages\/59344\/revisions\/59479"}],"wp:attachment":[{"href":"https:\/\/www.diamantrad.com\/pl-PL\/wp-json\/wp\/v2\/media?parent=59344"}],"curies":[{"name":"wp","href":"https:\/\/api.w.org\/{rel}","templated":true}]}}