{"id":59446,"date":"2025-03-25T22:48:09","date_gmt":"2025-03-25T21:48:09","guid":{"rendered":"https:\/\/dev.diamantrad.com\/?page_id=59446"},"modified":"2025-12-06T21:10:07","modified_gmt":"2025-12-06T20:10:07","slug":"manuals","status":"publish","type":"page","link":"https:\/\/www.diamantrad.com\/pl-PL\/manuals\/","title":{"rendered":"Manuals"},"content":{"rendered":"<div class=\"lazyblock-nncontainer-Z2rVcnO wp-block-lazyblock-nncontainer\"><div class=\"section-secondary\">\r\n  <div class=\"container\" id=\"container-Z2rVcnO\">\r\n    <div class=\"row\">\r\n      <div class=\"col py-4 py-lg-5\">\r\n        <div class=\"lazyblock-inner-blocks\">\n<div class=\"lazyblock-cover-text-2t1jAG wp-block-lazyblock-cover-text\"><div class=\"covertext container py-5 d-flex flex-column colorscheme-light justify-content-center\" id=\"covertext-2t1jAG\">\r\n  <div class=\"lazyblock-inner-blocks\">\n\n<h2 class=\"wp-block-heading\">Instrukcje obs\u0142ugi<\/h2>\n\n<\/div>\r\n<\/div><\/div>\n<\/div>\r\n      <\/div>\r\n    <\/div>\r\n  <\/div>\r\n<\/div><\/div>\n\n<div class=\"lazyblock-nncontainer-29kcwo wp-block-lazyblock-nncontainer\"><div class=\"section-standard\">\r\n  <div class=\"container\" id=\"container-29kcwo\">\r\n    <div class=\"row\">\r\n      <div class=\"col py-4 py-lg-5\">\r\n        <div class=\"lazyblock-inner-blocks\">\n\n<p>Nasze instrukcje zawieraj\u0105 wa\u017cne informacje dotycz\u0105ce pocz\u0105tkowej konfiguracji roweru, \u015brodk\u00f3w bezpiecze\u0144stwa i rodzaj\u00f3w u\u017cytkowania obj\u0119tych gwarancj\u0105. Zapisz kopi\u0119 instrukcji na urz\u0105dzeniu i zapoznaj si\u0119 z rowerem.<\/p>\n\n\n\n<p>Potrzebna jest instrukcja obs\u0142ugi z roku produkcji danego roweru. Rok ten mo\u017ce by\u0107 inny od roku zakupu. Je\u015bli masz w\u0105tpliwo\u015bci, skontaktuj si\u0119 z naszym dzia\u0142em <a href=\"https:\/\/www.diamantrad.com\/pl-PL\/contact\/\" title=\"Contact\">obs\u0142ugi klienta<\/a>. Prawid\u0142owy rok produkcji roweru zostanie okre\u015blony na podstawie numeru seryjnego. Numer seryjny mo\u017cna znale\u017a\u0107 na naklejce na rurze dolnej. Zaczyna si\u0119 od WTU.<\/p>\n\n\n\n<div class=\"wp-block-cover is-light pb-5\"><img data-dominant-color=\"757885\" data-has-transparency=\"false\" style=\"--dominant-color: #757885;\" loading=\"lazy\" decoding=\"async\" width=\"1024\" height=\"427\" sizes=\"auto, (max-width: 1024px) 100vw, 1024px\" class=\"wp-block-cover__image-background wp-image-28335 size-large not-transparent\" alt=\"Header radregistrierung wtu nummer\" src=\"https:\/\/www.diamantrad.com\/wp-content\/uploads\/2023\/06\/Header_Radregistrierung_WTU-Nummer-1024x427.jpg\" data-object-fit=\"cover\" srcset=\"https:\/\/www.diamantrad.com\/wp-content\/uploads\/2023\/06\/Header_Radregistrierung_WTU-Nummer-1024x427.jpg 1024w, https:\/\/www.diamantrad.com\/wp-content\/uploads\/2023\/06\/Header_Radregistrierung_WTU-Nummer-300x125.jpg 300w, https:\/\/www.diamantrad.com\/wp-content\/uploads\/2023\/06\/Header_Radregistrierung_WTU-Nummer-768x320.jpg 768w, https:\/\/www.diamantrad.com\/wp-content\/uploads\/2023\/06\/Header_Radregistrierung_WTU-Nummer-1536x640.jpg 1536w, https:\/\/www.diamantrad.com\/wp-content\/uploads\/2023\/06\/Header_Radregistrierung_WTU-Nummer.avif 1920w\" \/><span aria-hidden=\"true\" class=\"wp-block-cover__background has-background-dim\" style=\"background-color:#867f79\"><\/span><div class=\"wp-block-cover__inner-container is-layout-constrained wp-block-cover-is-layout-constrained\">\n<p class=\"has-text-align-center has-large-font-size\"><\/p>\n<\/div><\/div>\n\n\n\n<p><\/p>\n\n\n<div class=\"lazyblock-accordion-o5lBy wp-block-lazyblock-accordion\"><div id=\"accordion-o5lBy\" class=\"accordion accordion-flush mb-5\">  \r\n    <div class=\"accordion-item\">\r\n      <h2 class=\"mb-0 accordion-header\" id=\"heading-o5lBy-0\">\r\n        <button class=\"accordion-button collapsed\" type=\"button\" data-bs-toggle=\"collapse\" data-bs-target=\"#collapse-o5lBy-0\" aria-expanded=\"false\" aria-controls=\"collapse-o5lBy-0\">\r\n          Instrukcja obs\u0142ugi i instrukcja obs\u0142ugi (2025)\r\n        <\/button>\r\n      <\/h2>\r\n      <div id=\"collapse-o5lBy-0\" class=\"accordion-collapse collapse\" aria-labelledby=\"heading-o5lBy-0\" data-bs-parent=\"#accordion-o5lBy\">\r\n        <div class=\"accordion-body\"><p>Ce manuel contient des informations importantes concernant votre v\u00e9lo, sa pr\u00e9paration, les mesures de s\u00e9curit\u00e9 \u00e0 prendre et les usages couverts par la garantie.<\/p>\n<p>&nbsp;<\/p>\n<p><a href=\"https:\/\/www.diamantrad.com\/wp-content\/uploads\/2025\/09\/DIAMANT_2026_ORIGINALE_INSTRUKTIONER_DA_online.pdf\">Diamant Owner&#8217;s manual Dansk<\/a><a href=\"https:\/\/www.diamantrad.com\/wp-content\/uploads\/2025\/01\/DIAMANT_2025_ORIGINALBETRIEBSANLEITUNG_DE_DE_online.pdf\"><br \/><\/a><a href=\"https:\/\/www.diamantrad.com\/wp-content\/uploads\/2025\/09\/DIAMANT_2026_ORIGINALBETRIEBSANLEITUNG_DE_online.pdf\">Diamant Owner&#8217;s manual Deutsch<\/a><a href=\"https:\/\/www.diamantrad.com\/wp-content\/uploads\/2025\/01\/DIAMANT_2025_ORIGINALBETRIEBSANLEITUNG_DE_DE_online.pdf\"><br \/><\/a><a href=\"https:\/\/www.diamantrad.com\/wp-content\/uploads\/2025\/09\/DIAMANT_2026_OWNERS_MANUAL_EN_online.pdf\">Diamant Owner&#8217;s manual English<\/a><a href=\"https:\/\/www.diamantrad.com\/wp-content\/uploads\/2025\/01\/DIAMANT_2025_ORIGINALBETRIEBSANLEITUNG_DE_DE_online.pdf\"><br \/><\/a><a href=\"https:\/\/www.diamantrad.com\/wp-content\/uploads\/2025\/09\/DIAMANT_2026_MANUEL_DU_PROPRIETAIRE_FR_online.pdf\">Diamant Owner&#8217;s manual Francais<\/a><a href=\"https:\/\/www.diamantrad.com\/wp-content\/uploads\/2025\/01\/DIAMANT_2025_ORIGINALBETRIEBSANLEITUNG_DE_DE_online.pdf\"><br \/><\/a><a href=\"https:\/\/www.diamantrad.com\/wp-content\/uploads\/2025\/09\/DIAMANT_2026_MANUAL_UTENTE_IT_online.pdf\">Diamant Owner&#8217;s manual Italiano<\/a><br \/><a href=\"https:\/\/www.diamantrad.com\/wp-content\/uploads\/2025\/09\/DIAMANT_2026_BEDIENINGSHANDLEIDING_NL_online-1.pdf\">Diamant Owner&#8217;s manual Nederlands<\/a><a href=\"https:\/\/www.diamantrad.com\/wp-content\/uploads\/2025\/01\/DIAMANT_2025_ORIGINALBETRIEBSANLEITUNG_DE_DE_online.pdf\"><br \/><\/a><a href=\"https:\/\/www.diamantrad.com\/wp-content\/uploads\/2025\/09\/DIAMANT_2026_INSTRUKCJA-OBSLUGI_PL_online.pdf\">Diamant Owner&#8217;s manual Polski<\/a><a href=\"https:\/\/www.diamantrad.com\/wp-content\/uploads\/2025\/01\/DIAMANT_2025_ORIGINALBETRIEBSANLEITUNG_DE_DE_online.pdf\"><br \/><\/a><a href=\"https:\/\/www.diamantrad.com\/wp-content\/uploads\/2025\/09\/DIAMANT_2026_OMISTAJAN_KAeSIKIRJA_FI_online.pdf\">Diamant Owner&#8217;s manual Suomi<\/a><br \/><a href=\"https:\/\/www.diamantrad.com\/wp-content\/uploads\/2025\/09\/DIAMANT_2026_CYKELHANDBOK_SV_online-1.pdf\">Diamant Owner&#8217;s manual Sverige<\/a><\/p><\/div>\r\n      <\/div>\r\n    <\/div>\r\n    <div class=\"accordion-item\">\r\n      <h2 class=\"mb-0 accordion-header\" id=\"heading-o5lBy-1\">\r\n        <button class=\"accordion-button collapsed\" type=\"button\" data-bs-toggle=\"collapse\" data-bs-target=\"#collapse-o5lBy-1\" aria-expanded=\"false\" aria-controls=\"collapse-o5lBy-1\">\r\n          Systemy Bosch \u2013 szybkie przewodniki po rowerach elektrycznych  (2023 i m\u0142odsi)\r\n        <\/button>\r\n      <\/h2>\r\n      <div id=\"collapse-o5lBy-1\" class=\"accordion-collapse collapse\" aria-labelledby=\"heading-o5lBy-1\" data-bs-parent=\"#accordion-o5lBy\">\r\n        <div class=\"accordion-body\"><p>W przypadku rower\u00f3w elektrycznych z silnikiem Bosch nale\u017cy zapozna\u0107 si\u0119 tak\u017ce z oficjalnym szybkim przewodnikiem.<\/p>\n<p>&nbsp;<\/p>\n<p><a href=\"https:\/\/www.diamantrad.com\/wp-content\/uploads\/2025\/09\/Bosch_QSG_LEDRemotePurion200_5315838-5315839_DA-DK_2023-06-14.pdf\">Bosch Systems E-Bike Quick Start Guide &#8211; LED Remote &amp; Purion 200 &#8211; DA<\/a><br \/><a href=\"https:\/\/www.diamantrad.com\/wp-content\/uploads\/2025\/09\/QSG_LEDRem_Kiox300-500_Int100_5315840-5315841_DA.pdf\">Bosch Systems E-Bike Quick Start Guide &#8211; LED Remote &amp; Kiox 300-500 &amp; Intuvia 100 &#8211; DA<\/a><\/p>\n<p><a href=\"https:\/\/www.diamantrad.com\/wp-content\/uploads\/2025\/10\/Bosch_QSG_LEDRemotePurion200_5315838-5315839_DE-DE_2023-06-13.pdf\">Bosch Systems E-Bike Quick Start Guide &#8211; LED Remote &amp; Purion 200 &#8211; DE<\/a><br \/><a href=\"https:\/\/www.diamantrad.com\/wp-content\/uploads\/2025\/10\/Bosch_QSG_LEDRemoteKiox300Kiox500Intuvia100_5315840-5315841_DE-DE_2023-06-13.pdf\">Bosch Systems E-Bike Quick Start Guide &#8211; LED Remote &amp; Kiox 300-500 &amp; Intuvia 100 &#8211; DE<\/a><\/p>\n<p><a href=\"https:\/\/www.diamantrad.com\/wp-content\/uploads\/2025\/10\/Bosch_QSG_LEDRemotePurion200_5315838-5315839_EN-GB_2023-06-13.pdf\">Bosch Systems E-Bike Quick Start Guide &#8211; LED Remote &amp; Purion 200 &#8211; EN<\/a><br \/><a href=\"https:\/\/www.diamantrad.com\/wp-content\/uploads\/2025\/10\/Bosch_QSG_LEDRemoteKiox300Kiox500Intuvia100_5315840-5315841_EN-GB_2023-06-13.pdf\">Bosch Systems E-Bike Quick Start Guide &#8211; LED Remote &amp; Kiox 300-500 &amp; Intuvia 100 &#8211; EN<\/a><\/p>\n<p><a href=\"https:\/\/www.diamantrad.com\/wp-content\/uploads\/2025\/09\/Bosch_QSG_LEDRemotePurion200_5315838-5315839_FI-FI_2023-06-13.pdf\">Bosch Systems E-Bike Quick Start Guide &#8211; LED Remote &amp; Purion 200 &#8211; FI<\/a><br \/><a href=\"https:\/\/www.diamantrad.com\/wp-content\/uploads\/2025\/09\/QSG_LEDRem_Kiox300-500_Int100_5315840-5315841_FI.pdf\">Bosch Systems E-Bike Quick Start Guide &#8211; LED Remote &amp; Kiox 300-500 &amp; Intuvia 100 &#8211; FI<\/a><\/p>\n<p><a href=\"https:\/\/www.diamantrad.com\/wp-content\/uploads\/2025\/10\/Bosch_QSG_LEDRemotePurion200_5315838-5315839_FR-FR_2023-06-13.pdf\">Bosch Systems E-Bike Quick Start Guide &#8211; LED Remote &amp; Purion 200 &#8211; FR<\/a><br \/><a href=\"https:\/\/www.diamantrad.com\/wp-content\/uploads\/2025\/10\/Bosch_QSG_LEDRemoteKiox300Kiox500Intuvia100_5315840-5315841_FR-FR_2023-06-13.pdf\">Bosch Systems E-Bike Quick Start Guide &#8211; LED Remote &amp; Kiox 300-500 &amp; Intuvia 100 &#8211; FR<\/a><\/p>\n<p><a href=\"https:\/\/www.diamantrad.com\/wp-content\/uploads\/2025\/10\/Bosch_QSG_LEDRemotePurion200_5315838-5315839_IT-IT_2023-06-13.pdf\">Bosch Systems E-Bike Quick Start Guide &#8211; LED Remote &amp; Purion 200 &#8211; IT<\/a><br \/><a href=\"https:\/\/www.diamantrad.com\/wp-content\/uploads\/2025\/10\/Bosch_QSG_LEDRemoteKiox300Kiox500Intuvia100_5315840-5315841_IT-IT_2023-06-13.pdf\">Bosch Systems E-Bike Quick Start Guide &#8211; LED Remote &amp; Kiox 300-500 &amp; Intuvia 100 &#8211; IT<\/a><\/p>\n<p><a href=\"https:\/\/www.diamantrad.com\/wp-content\/uploads\/2025\/10\/Bosch_QSG_LEDRemotePurion200_5315838-5315839_NL-BE_2023-06-13.pdf\">Bosch Systems E-Bike Quick Start Guide &#8211; LED Remote &amp; Purion 200 &#8211; NL<\/a><br \/><a href=\"https:\/\/www.diamantrad.com\/wp-content\/uploads\/2025\/10\/Bosch_QSG_LEDRemoteKiox300Kiox500Intuvia100_5315840-5315841_NL-BE_2023-06-13.pdf\">Bosch Systems E-Bike Quick Start Guide &#8211; LED Remote &amp; Kiox 300-500 &amp; Intuvia 100 &#8211; NL<\/a><\/p>\n<p><a href=\"https:\/\/www.diamantrad.com\/wp-content\/uploads\/2025\/10\/Bosch_QSG_LEDRemotePurion200_5315838-5315839_PL-PL_2023-06-13.pdf\">Bosch Systems E-Bike Quick Start Guide &#8211; LED Remote &amp; Purion 200 &#8211; PL<\/a><br \/><a href=\"https:\/\/www.diamantrad.com\/wp-content\/uploads\/2025\/10\/Bosch_QSG_LEDRemoteKiox300Kiox500Intuvia100_5315840-5315841_PL-PL_2023-06-13.pdf\">Bosch Systems E-Bike Quick Start Guide &#8211; LED Remote &amp; Kiox 300-500 &amp; Intuvia 100 &#8211; PL<\/a><\/p>\n<p><a href=\"https:\/\/www.diamantrad.com\/wp-content\/uploads\/2025\/09\/Bosch_QSG_LEDRemotePurion200_5315838-5315839_SV-SE_2023-06-14.pdf\">Bosch Systems E-Bike Quick Start Guide &#8211; LED Remote &amp; Purion 200 &#8211; SE<\/a><br \/><a href=\"https:\/\/www.diamantrad.com\/wp-content\/uploads\/2025\/09\/QSG_LEDRem_Kiox300-500_Int100_5315840-5315841_SV.pdf\">Bosch Systems E-Bike Quick Start Guide &#8211; LED Remote &amp; Kiox 300-500 &amp; Intuvia 100 &#8211; SE<\/a><\/p><\/div>\r\n      <\/div>\r\n    <\/div>\r\n    <div class=\"accordion-item\">\r\n      <h2 class=\"mb-0 accordion-header\" id=\"heading-o5lBy-2\">\r\n        <button class=\"accordion-button collapsed\" type=\"button\" data-bs-toggle=\"collapse\" data-bs-target=\"#collapse-o5lBy-2\" aria-expanded=\"false\" aria-controls=\"collapse-o5lBy-2\">\r\n          Systemy Bosch &#8211; Pe\u0142na instrukcja obs\u0142ugi (2025)\r\n        <\/button>\r\n      <\/h2>\r\n      <div id=\"collapse-o5lBy-2\" class=\"accordion-collapse collapse\" aria-labelledby=\"heading-o5lBy-2\" data-bs-parent=\"#accordion-o5lBy\">\r\n        <div class=\"accordion-body\"><p>W tej instrukcji znajdziesz szczeg\u00f3\u0142owe obja\u015bnienia ca\u0142ego systemu Bosch Smart przeznaczonego do roweru elektrycznego Diamant.<\/p>\n<p><a href=\"https:\/\/www.diamantrad.com\/wp-content\/uploads\/2025\/09\/DT26_Bosch_The_Smart_System_DA_25-45kmh_Rev1_Sept_2025_online_small.pdf\">Bosch &#8211; The Smart System &#8211; 25 &amp; 45 km\/h &#8211; Comprehensive Manual &#8211; DA<\/a><br \/><a href=\"https:\/\/www.diamantrad.com\/wp-content\/uploads\/2025\/09\/DT26_Bosch_The_Smart_System_DE_25_45kmh_Rev1_Sept_2025_online_small.pdf\">Bosch &#8211; The Smart System &#8211; 25 &amp; 45 km\/h &#8211; Comprehensive Manual &#8211; DE<\/a><br \/><a href=\"https:\/\/www.diamantrad.com\/wp-content\/uploads\/2025\/09\/DT26_Bosch_The_Smart_System_EN_25_45kmh_Rev1_Sept_2025_online_small.pdf\">Bosch &#8211; The Smart System &#8211; 25 &amp; 45 km\/h &#8211; Comprehensive Manual &#8211; EN<\/a><br \/><a href=\"https:\/\/www.diamantrad.com\/wp-content\/uploads\/2025\/09\/DT26_Bosch_The_Smart_System_FI_25-45kmh_Rev1_Sept_2025_online_small.pdf\">Bosch &#8211; The Smart System &#8211; 25 &amp; 45 km\/h &#8211; Comprehensive Manual &#8211; FI<\/a><br \/><a href=\"https:\/\/www.diamantrad.com\/wp-content\/uploads\/2025\/09\/DT26_Bosch_The_Smart_System_FR_25_45kmh_Rev1_Sept_2025_online_small.pdf\">Bosch &#8211; The Smart System &#8211; 25 &amp; 45 km\/h &#8211; Comprehensive Manual &#8211; FR<\/a><br \/><a href=\"https:\/\/www.diamantrad.com\/wp-content\/uploads\/2025\/09\/DT26_Bosch_The_Smart_System_IT_25-45kmh_Rev1_Sept-2025_online_small.pdf\">Bosch &#8211; The Smart System &#8211; 25 &amp; 45 km\/h &#8211; Comprehensive Manual &#8211; IT<\/a><br \/><a href=\"https:\/\/www.diamantrad.com\/wp-content\/uploads\/2025\/09\/DT26_Bosch_The_Smart_System_NL_25_45kmh_Rev1_Sept_2025_online_small.pdf\">Bosch &#8211; The Smart System &#8211; 25 &amp; 45 km\/h &#8211; Comprehensive Manual &#8211; NL<\/a><br \/><a href=\"https:\/\/www.diamantrad.com\/wp-content\/uploads\/2025\/09\/DT26_Bosch_The_Smart_System_PL_25-45kmh_Rev1_Sept_2025_online_small.pdf\">Bosch &#8211; The Smart System &#8211; 25 &amp; 45 km\/h &#8211; Comprehensive Manual &#8211; PL<\/a><br \/><a href=\"https:\/\/www.diamantrad.com\/wp-content\/uploads\/2025\/09\/DT26_Bosch_The_Smart_System_SV_25-45kmh_Rev1_Sept-2025_online_small.pdf\">Bosch &#8211; The Smart System &#8211; 25 &amp; 45 km\/h &#8211; Comprehensive Manual &#8211; SV<\/a><\/p><\/div>\r\n      <\/div>\r\n    <\/div>\r\n<\/div><\/div>\n\n\n<h2 class=\"wp-block-heading\">Instrukcje serwisowe dla dealer\u00f3w (od roku modelowego 2025)<\/h2>\n\n\n\n<p>Instrukcje te zawieraj\u0105 rysunki rozstrzelone, specyfikacje, instrukcje, numery cz\u0119\u015bci i przydatne wskaz\u00f3wki dotycz\u0105ce konserwacji dla autoryzowanych serwis\u00f3w. Nie obejmuj\u0105 one wszystkich podzespo\u0142\u00f3w, a jedynie te, dla kt\u00f3rych wymagane s\u0105 instrukcje dotycz\u0105ce konkretnego modelu.<\/p>\n\n\n<div class=\"lazyblock-accordion-Z2G54c wp-block-lazyblock-accordion\"><div id=\"accordion-Z2G54c\" class=\"accordion accordion-flush mb-5\">  \r\n    <div class=\"accordion-item\">\r\n      <h2 class=\"mb-0 accordion-header\" id=\"heading-Z2G54c-0\">\r\n        <button class=\"accordion-button collapsed\" type=\"button\" data-bs-toggle=\"collapse\" data-bs-target=\"#collapse-Z2G54c-0\" aria-expanded=\"false\" aria-controls=\"collapse-Z2G54c-0\">\r\n          Diamant Mahon &amp; Nhoma\r\n        <\/button>\r\n      <\/h2>\r\n      <div id=\"collapse-Z2G54c-0\" class=\"accordion-collapse collapse\" aria-labelledby=\"heading-Z2G54c-0\" data-bs-parent=\"#accordion-Z2G54c\">\r\n        <div class=\"accordion-body\"><p><a href=\"https:\/\/www.diamantrad.com\/wp-content\/uploads\/2025\/12\/Mahon-Nhoma_2025_ServiceManual_DE-DE_2025-4-25.pdf\">Diamant Mahon &amp; Nhoma &#8211; Service Manual &#8211; DE<\/a><br \/><a href=\"https:\/\/www.diamantrad.com\/wp-content\/uploads\/2025\/12\/Mahon-Nhoma_2025_ServiceManual_EN-US_2025-4-25.pdf\">Diamant Mahon &amp; Nhoma &#8211; Service Manual &#8211; EN<\/a><br \/><a href=\"https:\/\/www.diamantrad.com\/wp-content\/uploads\/2025\/12\/Mahon-Nhoma_2025_ServiceManual_FR-FR_2025-4-25.pdf\">Diamant Mahon &amp; Nhoma &#8211; Service Manual &#8211; FR<\/a><br \/><a href=\"https:\/\/www.diamantrad.com\/wp-content\/uploads\/2025\/12\/Mahon-Nhoma_2025_ServiceManual_NL-NL_2025-4-25.pdf\">Diamant Mahon &amp; Nhoma &#8211; Service Manual &#8211; NL<\/a><br \/><a href=\"https:\/\/www.diamantrad.com\/wp-content\/uploads\/2025\/12\/Mahon-Nhoma_2025_ServiceManual_PL-PL_2025-4-25.pdf\">Diamant Mahon &amp; Nhoma &#8211; Service Manual &#8211; PL<\/a><\/p><\/div>\r\n      <\/div>\r\n    <\/div>\r\n    <div class=\"accordion-item\">\r\n      <h2 class=\"mb-0 accordion-header\" id=\"heading-Z2G54c-1\">\r\n        <button class=\"accordion-button collapsed\" type=\"button\" data-bs-toggle=\"collapse\" data-bs-target=\"#collapse-Z2G54c-1\" aria-expanded=\"false\" aria-controls=\"collapse-Z2G54c-1\">\r\n          Diamant Suvea\r\n        <\/button>\r\n      <\/h2>\r\n      <div id=\"collapse-Z2G54c-1\" class=\"accordion-collapse collapse\" aria-labelledby=\"heading-Z2G54c-1\" data-bs-parent=\"#accordion-Z2G54c\">\r\n        <div class=\"accordion-body\"><p><a href=\"https:\/\/www.diamantrad.com\/wp-content\/uploads\/2025\/12\/Suvea_2025_ServiceManual_DE-DE_2025-8-29.pdf\">Diamant Suvea &#8211; Service Manual &#8211; DE<\/a><br \/><a href=\"https:\/\/www.diamantrad.com\/wp-content\/uploads\/2025\/12\/Suvea_2025_ServiceManual_EN-GB_2025-8-29.pdf\">Diamant Suvea &#8211; Service Manual &#8211; EN<\/a><br \/><a href=\"https:\/\/www.diamantrad.com\/wp-content\/uploads\/2025\/12\/Suvea_2025_ServiceManual_FR-FR_2025-8-29.pdf\">Diamant Suvea &#8211; Service Manual &#8211; FR<\/a><br \/><a href=\"https:\/\/www.diamantrad.com\/wp-content\/uploads\/2025\/12\/Suvea_2025_ServiceManual_NL-NL_2025-8-29.pdf\">Diamant Suvea &#8211; Service Manual &#8211; NL<\/a><br \/><a href=\"https:\/\/www.diamantrad.com\/wp-content\/uploads\/2025\/12\/Suvea_2025_ServiceManual_PL-PL_2025-8-29.pdf\">Diamant Suvea &#8211; Service Manual &#8211; PL<\/a><\/p><\/div>\r\n      <\/div>\r\n    <\/div>\r\n    <div class=\"accordion-item\">\r\n      <h2 class=\"mb-0 accordion-header\" id=\"heading-Z2G54c-2\">\r\n        <button class=\"accordion-button collapsed\" type=\"button\" data-bs-toggle=\"collapse\" data-bs-target=\"#collapse-Z2G54c-2\" aria-expanded=\"false\" aria-controls=\"collapse-Z2G54c-2\">\r\n          Diamant Zing\r\n        <\/button>\r\n      <\/h2>\r\n      <div id=\"collapse-Z2G54c-2\" class=\"accordion-collapse collapse\" aria-labelledby=\"heading-Z2G54c-2\" data-bs-parent=\"#accordion-Z2G54c\">\r\n        <div class=\"accordion-body\"><p><a href=\"https:\/\/www.diamantrad.com\/wp-content\/uploads\/2025\/12\/ZingLightweight_Gen3_ServiceManual_DA-DK_2025-7-8.pdf\">Diamant Zing &#8211; Service Manual &#8211; DA<\/a><br \/><a href=\"https:\/\/www.diamantrad.com\/wp-content\/uploads\/2025\/12\/ZingLightweight_Gen3_ServiceManual_DE-DE_2025-7-8.pdf\">Diamant Zing &#8211; Service Manual &#8211; DE<\/a><br \/><a href=\"https:\/\/www.diamantrad.com\/wp-content\/uploads\/2025\/12\/ZingLightweight_Gen3_ServiceManual_EN-GB_2025-7-8.pdf\">Diamant Zing &#8211; Service Manual &#8211; EN<\/a><br \/><a href=\"https:\/\/www.diamantrad.com\/wp-content\/uploads\/2025\/12\/ZingLightweight_Gen3_ServiceManual_FI-FI_2025-7-8.pdf\">Diamant Zing &#8211; Service Manual &#8211; FI<\/a><br \/><a href=\"https:\/\/www.diamantrad.com\/wp-content\/uploads\/2025\/12\/ZingLightweight_Gen3_ServiceManual_FR-FR_2025-7-8.pdf\">Diamant Zing &#8211; Service Manual &#8211; FR<\/a><br \/><a href=\"https:\/\/www.diamantrad.com\/wp-content\/uploads\/2025\/12\/ZingLightweight_Gen3_ServiceManual_NL-NL_2025-7-8.pdf\">Diamant Zing &#8211; Service Manual &#8211; NL<\/a><br \/><a href=\"https:\/\/www.diamantrad.com\/wp-content\/uploads\/2025\/12\/ZingLightweight_Gen3_ServiceManual_PL-PL_2025-7-8.pdf\">Diamant Zing &#8211; Service Manual &#8211; PL<\/a><br \/><a href=\"https:\/\/www.diamantrad.com\/wp-content\/uploads\/2025\/12\/ZingLightweight_Gen3_ServiceManual_SV-SE_2025-7-8.pdf\">Diamant Zing &#8211; Service Manual &#8211; SE<\/a><\/p><\/div>\r\n      <\/div>\r\n    <\/div>\r\n<\/div><\/div>\n<\/div>\r\n      <\/div>\r\n    <\/div>\r\n  <\/div>\r\n<\/div><\/div>","protected":false},"excerpt":{"rendered":"","protected":false},"author":3,"featured_media":0,"parent":0,"menu_order":0,"comment_status":"closed","ping_status":"closed","template":"","meta":{"_acf_changed":false,"slim_seo":{"title":"Instrukcje i instrukcje od Diamant","description":"Pobierz teraz instrukcje i instrukcje do swojego roweru Diamant w wielu j\u0119zykach, przejrzystych, cyfrowych i zawsze dost\u0119pnych."},"footnotes":""},"class_list":["post-59446","page","type-page","status-publish","hentry"],"acf":[],"_links":{"self":[{"href":"https:\/\/www.diamantrad.com\/en-GB\/wp-json\/wp\/v2\/pages\/59446","targetHints":{"allow":["GET"]}}],"collection":[{"href":"https:\/\/www.diamantrad.com\/en-GB\/wp-json\/wp\/v2\/pages"}],"about":[{"href":"https:\/\/www.diamantrad.com\/en-GB\/wp-json\/wp\/v2\/types\/page"}],"author":[{"embeddable":true,"href":"https:\/\/www.diamantrad.com\/en-GB\/wp-json\/wp\/v2\/users\/3"}],"replies":[{"embeddable":true,"href":"https:\/\/www.diamantrad.com\/en-GB\/wp-json\/wp\/v2\/comments?post=59446"}],"version-history":[{"count":7,"href":"https:\/\/www.diamantrad.com\/en-GB\/wp-json\/wp\/v2\/pages\/59446\/revisions"}],"predecessor-version":[{"id":71128,"href":"https:\/\/www.diamantrad.com\/en-GB\/wp-json\/wp\/v2\/pages\/59446\/revisions\/71128"}],"wp:attachment":[{"href":"https:\/\/www.diamantrad.com\/en-GB\/wp-json\/wp\/v2\/media?parent=59446"}],"curies":[{"name":"wp","href":"https:\/\/api.w.org\/{rel}","templated":true}]}}