{"id":59467,"date":"2025-03-25T23:09:14","date_gmt":"2025-03-25T22:09:14","guid":{"rendered":"https:\/\/dev.diamantrad.com\/?page_id=59467"},"modified":"2025-03-25T23:09:14","modified_gmt":"2025-03-25T22:09:14","slug":"ethics-reporting","status":"publish","type":"page","link":"https:\/\/www.diamantrad.com\/pl-PL\/ethics-reporting\/","title":{"rendered":"Ethics Reporting"},"content":{"rendered":"<div class=\"lazyblock-nncontainer-Z1YDRUo wp-block-lazyblock-nncontainer\"><div class=\"section-secondary\">\r\n  <div class=\"container\" id=\"container-Z1YDRUo\">\r\n    <div class=\"row\">\r\n      <div class=\"col py-4 py-lg-5\">\r\n        <div class=\"lazyblock-inner-blocks\">\n<div class=\"lazyblock-cover-text-ZCrmIz wp-block-lazyblock-cover-text\"><div class=\"covertext container py-5 d-flex flex-column colorscheme-light justify-content-center\" id=\"covertext-ZCrmIz\">\r\n  <div class=\"lazyblock-inner-blocks\">\n\n<h2 class=\"wp-block-heading\">Zg\u0142o\u015b naruszenie etyki!<\/h2>\n\n<\/div>\r\n<\/div><\/div>\n<\/div>\r\n      <\/div>\r\n    <\/div>\r\n  <\/div>\r\n<\/div><\/div>\n\n<div class=\"lazyblock-nncontainer-Z15rYiC wp-block-lazyblock-nncontainer\"><div class=\"section-standard\">\r\n  <div class=\"container\" id=\"container-Z15rYiC\">\r\n    <div class=\"row\">\r\n      <div class=\"col py-4 py-lg-5\">\r\n        <div class=\"lazyblock-inner-blocks\">\n\n<p>System sygnalizacyjny firmy Diamant \/ procedura sk\u0142adania skarg ma na celu zg\u0142aszanie narusze\u0144 naszych firmowych zasad i obowi\u0105zuj\u0105cych przepis\u00f3w (np. ustawy o ochronie sygnalist\u00f3w, ustawy o nale\u017cytej staranno\u015bci w \u0142a\u0144cuchu dostaw itp.), kt\u00f3rych zobowi\u0105zali\u015bmy si\u0119 przestrzega\u0107 poprzez Kodeks post\u0119powania firmy Diamant i O\u015bwiadczenie dotycz\u0105ce zasad przestrzegania praw cz\u0142owieka.<\/p>\n\n\n\n<p>Aby m\u00f3c odpowiednio reagowa\u0107 na naruszenia, musimy je rozpoznawa\u0107 jak najwcze\u015bniej. Informacje o (bezpo\u015brednich) naruszeniach mo\u017cna zg\u0142asza\u0107 poczt\u0105 elektroniczn\u0105 pod adresem:\u00a0<a href=\"mailto:ethics@diamantrad.com\" target=\"_blank\" rel=\"noopener\" title=\"\" aria-label=\"Opens external link in a new tab\">ethics@diamantrad.com<\/a><\/p>\n\n\n\n<p>Twoje informacje b\u0119d\u0105 dla nas pomocne \u2013 tylko w ten spos\u00f3b mo\u017cemy odpowiednio wcze\u015bnie reagowa\u0107 na naruszenia. Jest to wa\u017cne, aby\u015bmy mogli minimalizowa\u0107 szkody wyrz\u0105dzane naszej firmie, jak r\u00f3wnie\u017c pracownikom i partnerom biznesowym.<\/p>\n\n\n\n<p>Przychodz\u0105ce zg\u0142oszenia s\u0105 przetwarzane z zachowaniem \u015bcis\u0142ej poufno\u015bci przez wyznaczonego cz\u0142onka dzia\u0142u prawnego i zgodno\u015bci.<\/p>\n\n\n\n<p>Opr\u00f3cz wewn\u0119trznego systemu sygnalizacyjnego firmy Diamant mo\u017cliwe jest r\u00f3wnie\u017c przesy\u0142anie zg\u0142osze\u0144 do zewn\u0119trznych biur ds. sygnalizacji, w tym zewn\u0119trznego biura ds. sygnalizacji rz\u0105du federalnego, stan\u00f3w zwi\u0105zkowych i w\u0142adz lokalnych.<\/p>\n\n\n\n<p>Dzi\u0119kujemy za pomoc.<\/p>\n\n<\/div>\r\n      <\/div>\r\n    <\/div>\r\n  <\/div>\r\n<\/div><\/div>","protected":false},"excerpt":{"rendered":"","protected":false},"author":3,"featured_media":0,"parent":0,"menu_order":0,"comment_status":"closed","ping_status":"closed","template":"","meta":{"_acf_changed":false,"slim_seo":{"title":"Raport etyki \u2013 sygnali\u015bci zg\u0142aszaj\u0105 si\u0119 do Diamant","description":"Dowiedz si\u0119 wi\u0119cej o systemie sygnalist\u00f3w Diamant. Dowiedz si\u0119, jak zg\u0142asza\u0107 naruszenia polityk i przepis\u00f3w firmy."},"footnotes":""},"class_list":["post-59467","page","type-page","status-publish","hentry"],"acf":[],"_links":{"self":[{"href":"https:\/\/www.diamantrad.com\/pl-PL\/wp-json\/wp\/v2\/pages\/59467","targetHints":{"allow":["GET"]}}],"collection":[{"href":"https:\/\/www.diamantrad.com\/pl-PL\/wp-json\/wp\/v2\/pages"}],"about":[{"href":"https:\/\/www.diamantrad.com\/pl-PL\/wp-json\/wp\/v2\/types\/page"}],"author":[{"embeddable":true,"href":"https:\/\/www.diamantrad.com\/pl-PL\/wp-json\/wp\/v2\/users\/3"}],"replies":[{"embeddable":true,"href":"https:\/\/www.diamantrad.com\/pl-PL\/wp-json\/wp\/v2\/comments?post=59467"}],"version-history":[{"count":1,"href":"https:\/\/www.diamantrad.com\/pl-PL\/wp-json\/wp\/v2\/pages\/59467\/revisions"}],"predecessor-version":[{"id":59468,"href":"https:\/\/www.diamantrad.com\/pl-PL\/wp-json\/wp\/v2\/pages\/59467\/revisions\/59468"}],"wp:attachment":[{"href":"https:\/\/www.diamantrad.com\/pl-PL\/wp-json\/wp\/v2\/media?parent=59467"}],"curies":[{"name":"wp","href":"https:\/\/api.w.org\/{rel}","templated":true}]}}