{"id":59677,"date":"2025-03-26T11:28:55","date_gmt":"2025-03-26T10:28:55","guid":{"rendered":"https:\/\/dev.diamantrad.com\/?page_id=59677"},"modified":"2025-03-26T15:00:57","modified_gmt":"2025-03-26T14:00:57","slug":"newsletter","status":"publish","type":"page","link":"https:\/\/www.diamantrad.com\/pl-PL\/newsletter\/","title":{"rendered":"Newsletter"},"content":{"rendered":"<div class=\"lazyblock-nncontainer-ZlxAo3 wp-block-lazyblock-nncontainer\"><div class=\"section-secondary\">\r\n  <div class=\"container\" id=\"container-ZlxAo3\">\r\n    <div class=\"row\">\r\n      <div class=\"col py-4 py-lg-5\">\r\n        <div class=\"lazyblock-inner-blocks\">\n<div class=\"lazyblock-cover-text-Z1DbXpS wp-block-lazyblock-cover-text\"><div class=\"covertext container py-5 d-flex flex-column colorscheme-light justify-content-center\" id=\"covertext-Z1DbXpS\">\r\n  <div class=\"lazyblock-inner-blocks\">\n\n<h2 class=\"wp-block-heading\">Newsletter Diamant<\/h2>\n\n<\/div>\r\n<\/div><\/div>\n<\/div>\r\n      <\/div>\r\n    <\/div>\r\n  <\/div>\r\n<\/div><\/div>\n\n<div class=\"lazyblock-nncontainer-10yUyM wp-block-lazyblock-nncontainer\"><div class=\"section-standard\">\r\n  <div class=\"container\" id=\"container-10yUyM\">\r\n    <div class=\"row\">\r\n      <div class=\"col py-4 py-lg-5\">\r\n        <div class=\"lazyblock-inner-blocks\">\n\n<p>Oto, o czym jest nasz newsletter:<\/p>\n\n\n\n<ul class=\"wp-block-list\">\n<li>Przedstawiamy ci nowe rowery i ich mo\u017cliwo\u015bci.<\/li>\n\n\n\n<li>Nie przegapisz \u017cadnych ofert specjalnych ani promocji.<\/li>\n\n\n\n<li>Odkryj nowe historie i pomocne poradniki od naszych ekspert\u00f3w.<\/li>\n\n\n\n<li>B\u0105d\u017a na bie\u017c\u0105co z wydarzeniami Diamant \u2013 mo\u017ce nawet w twojej okolicy.<\/li>\n\n\n\n<li>Jako pierwszy dowiedz si\u0119 o ekscytuj\u0105cych konkursach.<\/li>\n<\/ul>\n\n\n\n<p>Nieustannie pracujemy nad tym, aby nasz newsletter by\u0142 jeszcze lepszy i ciekawszy. Twoja opinia jest zawsze mile widziana.<\/p>\n\n\n\n<p>A teraz\u2026 zapiszesz si\u0119? Bo\u2026 czemu nie?<\/p>\n\n<\/div>\r\n      <\/div>\r\n    <\/div>\r\n  <\/div>\r\n<\/div><\/div>","protected":false},"excerpt":{"rendered":"","protected":false},"author":3,"featured_media":0,"parent":0,"menu_order":0,"comment_status":"closed","ping_status":"closed","template":"","meta":{"_acf_changed":false,"slim_seo":{"title":"Biuletyn rowerowy od Diamant","description":"Biuletyn rowerowy Diamant & E-Bike \u25ba Wiadomo\u015bci, historie i oferty rowerowe od najwi\u0119kszego producenta rower\u00f3w we wszech\u015bwiecie. Zarejestruj si\u0119 teraz!"},"footnotes":""},"class_list":["post-59677","page","type-page","status-publish","hentry"],"acf":[],"_links":{"self":[{"href":"https:\/\/www.diamantrad.com\/en-GB\/wp-json\/wp\/v2\/pages\/59677","targetHints":{"allow":["GET"]}}],"collection":[{"href":"https:\/\/www.diamantrad.com\/en-GB\/wp-json\/wp\/v2\/pages"}],"about":[{"href":"https:\/\/www.diamantrad.com\/en-GB\/wp-json\/wp\/v2\/types\/page"}],"author":[{"embeddable":true,"href":"https:\/\/www.diamantrad.com\/en-GB\/wp-json\/wp\/v2\/users\/3"}],"replies":[{"embeddable":true,"href":"https:\/\/www.diamantrad.com\/en-GB\/wp-json\/wp\/v2\/comments?post=59677"}],"version-history":[{"count":2,"href":"https:\/\/www.diamantrad.com\/en-GB\/wp-json\/wp\/v2\/pages\/59677\/revisions"}],"predecessor-version":[{"id":60120,"href":"https:\/\/www.diamantrad.com\/en-GB\/wp-json\/wp\/v2\/pages\/59677\/revisions\/60120"}],"wp:attachment":[{"href":"https:\/\/www.diamantrad.com\/en-GB\/wp-json\/wp\/v2\/media?parent=59677"}],"curies":[{"name":"wp","href":"https:\/\/api.w.org\/{rel}","templated":true}]}}