{"id":65497,"date":"2025-07-31T13:32:06","date_gmt":"2025-07-31T11:32:06","guid":{"rendered":"https:\/\/www.diamantrad.com\/?page_id=65497"},"modified":"2025-07-31T13:32:07","modified_gmt":"2025-07-31T11:32:07","slug":"accessibility-declaration","status":"publish","type":"page","link":"https:\/\/www.diamantrad.com\/pl-PL\/accessibility-declaration\/","title":{"rendered":"Accessibility Declaration"},"content":{"rendered":"<div class=\"lazyblock-nncontainer-2ihDCF wp-block-lazyblock-nncontainer\"><div class=\"section-secondary\">\r\n  <div class=\"container\" id=\"container-2ihDCF\">\r\n    <div class=\"row\">\r\n      <div class=\"col py-4 py-lg-5\">\r\n        <div class=\"lazyblock-inner-blocks\">\n<div class=\"lazyblock-cover-text-1uAVHE wp-block-lazyblock-cover-text\"><div class=\"covertext container py-5 d-flex flex-column colorscheme-light justify-content-center\" id=\"covertext-1uAVHE\">\r\n  <div class=\"lazyblock-inner-blocks\">\n\n<h2 class=\"wp-block-heading\">O\u015bwiadczenie o dost\u0119pno\u015bci<\/h2>\n\n<\/div>\r\n<\/div><\/div>\n<\/div>\r\n      <\/div>\r\n    <\/div>\r\n  <\/div>\r\n<\/div><\/div>\n\n<div class=\"lazyblock-nncontainer-29EIGH pb-4 wp-block-lazyblock-nncontainer\"><div class=\"section-standard\">\r\n  <div class=\"container\" id=\"container-29EIGH\">\r\n    <div class=\"row\">\r\n      <div class=\"col py-4 py-lg-5\">\r\n        <div class=\"lazyblock-inner-blocks\">\n\n<p class=\"pb-4\"><strong>Status niniejszego o\u015bwiadczenia:<\/strong> 30.06.2025<br><strong>Dotyczy:<\/strong> Niniejsze o\u015bwiadczenie dotyczy strony internetowej dost\u0119pnej pod adresem www.diamantrad.com oraz jej funkcji.<\/p>\n\n\n\n<h2 class=\"wp-block-heading\">1. Zaanga\u017cowanie w dost\u0119pno\u015b\u0107<\/h2>\n\n\n\n<p>Zobowi\u0105zujemy si\u0119 do zapewnienia dost\u0119pno\u015bci naszej strony internetowej i us\u0142ug cyfrowych zgodnie z wymogami niemieckiej ustawy o poprawie dost\u0119pno\u015bci (BFSG) oraz normy europejskiej EN 301 549.<br>Naszym celem jest zapewnienie r\u00f3wnego dost\u0119pu do naszych us\u0142ug wszystkim osobom korzystaj\u0105cym z naszej strony internetowej \u2013 niezale\u017cnie od ich poziomu sprawno\u015bci. Powinny by\u0107 dost\u0119pne nast\u0119puj\u0105ce rozwi\u0105zania:<\/p>\n\n\n\n<ul class=\"wp-block-list\">\n<li>Powi\u0119kszanie do 400% oryginalnego rozmiaru bez ograniczania u\u017cyteczno\u015bci tre\u015bci, w tym zwi\u0119kszenie odst\u0119p\u00f3w.<\/li>\n\n\n\n<li>\u0141atwa i logiczna nawigacja (z widocznym zorientowaniem na klawiatur\u0119) za pomoc\u0105 samej klawiatury, bez myszy lub innego urz\u0105dzenia wskazuj\u0105cego.<\/li>\n\n\n\n<li>Dost\u0119p do wszystkich tre\u015bci na co najmniej dwa r\u00f3\u017cne sposoby (np. nawigacja, wyszukiwanie, mapa strony)<\/li>\n\n\n\n<li>Zrozumia\u0142e wskazanie celu ka\u017cdej strony poprzez zastosowanie znacz\u0105cych tytu\u0142\u00f3w<\/li>\n\n\n\n<li>Obs\u0142uga za pomoc\u0105 sterowania g\u0142osowego, trybu wysokiego kontrastu, smartfon\u00f3w lub innych urz\u0105dze\u0144 alternatywnych, niezale\u017cnie od orientacji ekranu.<\/li>\n\n\n\n<li>Rozpoznawanie nazwy, roli i stanu zintegrowanych wid\u017cet\u00f3w zewn\u0119trznych w dost\u0119pny spos\u00f3b<\/li>\n<\/ul>\n\n\n\n<h2 class=\"wp-block-heading\">2. Stan zgodno\u015bci<\/h2>\n\n\n\n<p>Witryna jest cz\u0119\u015bciowo zgodna z wymaganiami normy EN 301 549.<br>Podstaw\u0119 dla tej oceny stanowi\u0105:<\/p>\n\n\n\n<ul class=\"wp-block-list\">\n<li>Wewn\u0119trzna ocena oparta na kryteriach normy EN 301 549:2021<\/li>\n\n\n\n<li>Przegl\u0105d techniczny kluczowych funkcji wykonany w maju 2025 roku<\/li>\n<\/ul>\n\n\n\n<h2 class=\"wp-block-heading\">3. \u015arodki s\u0142u\u017c\u0105ce poprawie dost\u0119pno\u015bci<\/h2>\n\n\n\n<p>W celu uzyskania lepszej dost\u0119pno\u015bci podejmujemy r\u00f3\u017cne dzia\u0142ania:<\/p>\n\n\n\n<ul class=\"wp-block-list\">\n<li>Po ka\u017cdej aktualizacji strona internetowa musi zapewnia\u0107 dost\u0119pno\u015b\u0107 na poziomie nie gorszym ni\u017c poprzednia wersja.<\/li>\n\n\n\n<li>Regularnie oceniamy stan strony internetowej i reagujemy na nowe sytuacje oraz wymagania.<\/li>\n\n\n\n<li>Zapewniamy ci\u0105g\u0142e szkolenia wszystkich os\u00f3b zaanga\u017cowanych w tworzenie strony internetowej.<\/li>\n<\/ul>\n\n\n\n<h2 class=\"wp-block-heading\">4. Normy techniczne<\/h2>\n\n\n\n<p>Niniejsza strona internetowa zosta\u0142a opracowana z uwzgl\u0119dnieniem nast\u0119puj\u0105cych standard\u00f3w:<\/p>\n\n\n\n<ul class=\"wp-block-list\">\n<li>HTML5, role i punkty orientacyjne ARIA<\/li>\n\n\n\n<li>Kontrast kolorystyczny i inne \u015brodki ograniczaj\u0105ce bariery w dost\u0119pie zgodne z WCAG 2.1 AA<\/li>\n\n\n\n<li>Responsywny projekt strony z my\u015bl\u0105 o urz\u0105dzeniach mobilnych<\/li>\n\n\n\n<li>Zgodno\u015b\u0107 z czytnikami ekranu (przetestowano z NVDA i VoiceOver)<\/li>\n<\/ul>\n\n\n\n<p>Dost\u0119pno\u015b\u0107 definiowana jest na trzech poziomach: A, AA i AAA. Naszym celem jest osi\u0105gni\u0119cie poziomu AA i cz\u0119\u015bciowo odnie\u015bli\u015bmy sukces.<\/p>\n\n\n\n<h2 class=\"wp-block-heading\">5. Tre\u015bci niedost\u0119pne<\/h2>\n\n\n\n<p>Nast\u0119puj\u0105ce tre\u015bci i obszary nie s\u0105 obecnie w pe\u0142ni dost\u0119pne:<\/p>\n\n\n\n<ul class=\"wp-block-list\">\n<li>Starsze dokumenty PDF s\u0105 cz\u0119\u015bciowo niedost\u0119pne.<\/li>\n\n\n\n<li>Niekt\u00f3re obrazy i grafiki nie maj\u0105 odpowiedniego tekstu alternatywnego lub wystarczaj\u0105cego kontrastu.<\/li>\n\n\n\n<li>Nawigacja za pomoc\u0105 klawiatury jest ograniczona w niekt\u00f3rych obszarach (np. funkcje filtrowania).<\/li>\n\n\n\n<li>Nie wszystkie nag\u0142\u00f3wki s\u0105 w pe\u0142ni dost\u0119pne pod wzgl\u0119dem tre\u015bci \u2013 dotyczy to w szczeg\u00f3lno\u015bci nag\u0142\u00f3wk\u00f3w w blogu.<\/li>\n\n\n\n<li>Wiele tekst\u00f3w zawiera skomplikowane sformu\u0142owania, w tym sporadycznie gry s\u0142owne i ironi\u0119.<\/li>\n\n\n\n<li>Wbudowane filmy wideo najcz\u0119\u015bciej nie zawieraj\u0105 opis\u00f3w audio ani alternatywnych wersji w j\u0119zyku migowym.<\/li>\n\n\n\n<li>Nie wszystkie animowane grafiki mo\u017cna zatrzyma\u0107 lub ukry\u0107.<\/li>\n\n\n\n<li>Niekt\u00f3re tre\u015bci osadzone (np. odtwarzacz podcast\u00f3w) nie s\u0105 dost\u0119pne za pomoc\u0105 klawiatury.<\/li>\n\n\n\n<li>Niekt\u00f3re strony zawieraj\u0105 tre\u015bci wieloj\u0119zyczne, co mo\u017ce powodowa\u0107 problemy z czytnikami ekranu.<\/li>\n<\/ul>\n\n\n\n<p>Nieustannie pracujemy nad popraw\u0105 tych kwestii. W przypadku aktualizacji starszych tre\u015bci powoduj\u0105cych takie problemy, elementy za tym stoj\u0105ce zostan\u0105 udost\u0119pnione. Mo\u017cemy jednak odst\u0105pi\u0107 od tego obowi\u0105zku, je\u015bli wymaga\u0142oby to nieproporcjonalnego wysi\u0142ku \u2013 np. w przypadku starszych plik\u00f3w PDF lub film\u00f3w.<\/p>\n\n\n\n<h2 class=\"wp-block-heading\">6. Opinie i kontakt<\/h2>\n\n\n\n<p>Je\u015bli napotkasz jakiekolwiek przeszkody na naszej stronie internetowej lub potrzebujesz pomocy w uzyskaniu dost\u0119pu do tre\u015bci, skontaktuj si\u0119 z nami:<\/p>\n\n\n\n<p><strong>E-mail:<\/strong> info@diamantrad.com<br><strong>Telefon:<\/strong> +49 3722 4057<br><strong>Adres:<\/strong><br>Diamant Fahrradwerke GmbH<br>Sch\u00f6naicher Stra\u00dfe 1<br>09232 Hartmannsdorf<\/p>\n\n\n\n<p>Postaramy si\u0119 odpowiedzie\u0107 w ci\u0105gu 10 dni roboczych od otrzymania wiadomo\u015bci.<\/p>\n\n\n\n<h2 class=\"wp-block-heading\">7. Procedura egzekwowania<\/h2>\n\n\n\n<p>Dla sektora prywatnego (np. przedsi\u0119biorstw) organ egzekwuj\u0105cy przepisy BFSG jest obecnie powo\u0142ywany lub trwa jego organizacja przez organy nadzoru rynku niemieckich kraj\u00f3w zwi\u0105zkowych.<\/p>\n\n\n\n<p>Je\u015bli nie otrzymasz satysfakcjonuj\u0105cej odpowiedzi na swoje zapytanie dotycz\u0105ce dost\u0119pno\u015bci, mo\u017cesz skontaktowa\u0107 si\u0119 z w\u0142a\u015bciwym organem pa\u0144stwowym. W przypadku kraju zwi\u0105zkowego Saksonii mo\u017cesz skorzysta\u0107 z poni\u017cszego odno\u015bnika:<br><a href=\"https:\/\/www.durchsetzungsstelle.sachsen.de\">https:\/\/www.durchsetzungsstelle.sachsen.de<\/a><\/p>\n\n<\/div>\r\n      <\/div>\r\n    <\/div>\r\n  <\/div>\r\n<\/div><\/div>","protected":false},"excerpt":{"rendered":"","protected":false},"author":3,"featured_media":0,"parent":0,"menu_order":0,"comment_status":"closed","ping_status":"closed","template":"","meta":{"_acf_changed":false,"slim_seo":{"title":"O\u015bwiadczenie o dost\u0119pno\u015bci - Diamant rowery","description":"Stan i dzia\u0142ania maj\u0105ce na celu popraw\u0119 dost\u0119pno\u015bci strony internetowej Diamant dla os\u00f3b niepe\u0142nosprawnych"},"footnotes":""},"class_list":["post-65497","page","type-page","status-publish","hentry"],"acf":[],"_links":{"self":[{"href":"https:\/\/www.diamantrad.com\/pl-PL\/wp-json\/wp\/v2\/pages\/65497","targetHints":{"allow":["GET"]}}],"collection":[{"href":"https:\/\/www.diamantrad.com\/pl-PL\/wp-json\/wp\/v2\/pages"}],"about":[{"href":"https:\/\/www.diamantrad.com\/pl-PL\/wp-json\/wp\/v2\/types\/page"}],"author":[{"embeddable":true,"href":"https:\/\/www.diamantrad.com\/pl-PL\/wp-json\/wp\/v2\/users\/3"}],"replies":[{"embeddable":true,"href":"https:\/\/www.diamantrad.com\/pl-PL\/wp-json\/wp\/v2\/comments?post=65497"}],"version-history":[{"count":1,"href":"https:\/\/www.diamantrad.com\/pl-PL\/wp-json\/wp\/v2\/pages\/65497\/revisions"}],"predecessor-version":[{"id":65498,"href":"https:\/\/www.diamantrad.com\/pl-PL\/wp-json\/wp\/v2\/pages\/65497\/revisions\/65498"}],"wp:attachment":[{"href":"https:\/\/www.diamantrad.com\/pl-PL\/wp-json\/wp\/v2\/media?parent=65497"}],"curies":[{"name":"wp","href":"https:\/\/api.w.org\/{rel}","templated":true}]}}