{"id":66300,"date":"2025-08-20T12:07:15","date_gmt":"2025-08-20T10:07:15","guid":{"rendered":"https:\/\/www.diamantrad.com\/?page_id=66300"},"modified":"2025-08-20T12:07:15","modified_gmt":"2025-08-20T10:07:15","slug":"recalls","status":"publish","type":"page","link":"https:\/\/www.diamantrad.com\/sv-SE\/recalls\/","title":{"rendered":"Recalls"},"content":{"rendered":"<div class=\"lazyblock-nncontainer-ZFXb2U wp-block-lazyblock-nncontainer\"><div class=\"section-secondary\">\r\n  <div class=\"container\" id=\"container-ZFXb2U\">\r\n    <div class=\"row\">\r\n      <div class=\"col py-4 py-lg-5\">\r\n        <div class=\"lazyblock-inner-blocks\">\n<div class=\"lazyblock-cover-text-1SC9Gp wp-block-lazyblock-cover-text\"><div class=\"covertext container py-5 d-flex flex-column colorscheme-light justify-content-center\" id=\"covertext-1SC9Gp\">\r\n  <div class=\"lazyblock-inner-blocks\">\n\n<h2 class=\"wp-block-heading\"><strong>\u00c5terkallelse<\/strong><\/h2>\n\n<\/div>\r\n<\/div><\/div>\n<\/div>\r\n      <\/div>\r\n    <\/div>\r\n  <\/div>\r\n<\/div><\/div>\n\n<div class=\"lazyblock-nncontainer-Z64T8B wp-block-lazyblock-nncontainer\"><div class=\"section-standard\">\r\n  <div class=\"container\" id=\"container-Z64T8B\">\r\n    <div class=\"row\">\r\n      <div class=\"col py-4 py-lg-5\">\r\n        <div class=\"lazyblock-inner-blocks\">\n\n<p>Vi dokumenterar kvaliteten p\u00e5 v\u00e5ra cyklar, f\u00f6r misstag h\u00e4nder \u00e4ven oss. Om vi uppt\u00e4cker strukturella s\u00e4kerhetsproblem \u00e5terkallar vi de ber\u00f6rda modellerna f\u00f6r reparation och\/eller utbyte.<\/p>\n\n\n\n<p>Du hittar alla \u00e5terkallelser h\u00e4r. Om det g\u00e4ller en cykel du \u00e4ger, kontakta din Diamant-\u00e5terf\u00f6rs\u00e4ljare.<\/p>\n\n\n\n<h2 class=\"wp-block-heading\">2016<\/h2>\n\n\n\n<p><a href=\"https:\/\/www.diamantrad.com\/wp-content\/uploads\/2020\/07\/TK19_EU_Continental_Belt_Recall_Consumer_Notice_DE-DE.pdf\" title=\"TK19_EU_Continental_Belt_Recall_Consumer_Notice_DE-DE\">\u00c5terkallelsemeddelande f\u00f6r konsumenter \u2013 Continental remdrift 2016<\/a><\/p>\n\n<\/div>\r\n      <\/div>\r\n    <\/div>\r\n  <\/div>\r\n<\/div><\/div>","protected":false},"excerpt":{"rendered":"","protected":false},"author":3,"featured_media":0,"parent":0,"menu_order":0,"comment_status":"closed","ping_status":"closed","template":"","meta":{"_acf_changed":false,"slim_seo":{"title":"Diamant Bike \u00e5terkallelser och s\u00e4kerhetsmeddelanden","description":"\u00d6versikt \u00f6ver nuvarande \u00e5terkallelser och s\u00e4kerhetsinstruktioner fr\u00e5n Diamant. L\u00e4s mer nu."},"footnotes":""},"class_list":["post-66300","page","type-page","status-publish","hentry"],"acf":[],"_links":{"self":[{"href":"https:\/\/www.diamantrad.com\/en-GB\/wp-json\/wp\/v2\/pages\/66300","targetHints":{"allow":["GET"]}}],"collection":[{"href":"https:\/\/www.diamantrad.com\/en-GB\/wp-json\/wp\/v2\/pages"}],"about":[{"href":"https:\/\/www.diamantrad.com\/en-GB\/wp-json\/wp\/v2\/types\/page"}],"author":[{"embeddable":true,"href":"https:\/\/www.diamantrad.com\/en-GB\/wp-json\/wp\/v2\/users\/3"}],"replies":[{"embeddable":true,"href":"https:\/\/www.diamantrad.com\/en-GB\/wp-json\/wp\/v2\/comments?post=66300"}],"version-history":[{"count":1,"href":"https:\/\/www.diamantrad.com\/en-GB\/wp-json\/wp\/v2\/pages\/66300\/revisions"}],"predecessor-version":[{"id":66301,"href":"https:\/\/www.diamantrad.com\/en-GB\/wp-json\/wp\/v2\/pages\/66300\/revisions\/66301"}],"wp:attachment":[{"href":"https:\/\/www.diamantrad.com\/en-GB\/wp-json\/wp\/v2\/media?parent=66300"}],"curies":[{"name":"wp","href":"https:\/\/api.w.org\/{rel}","templated":true}]}}