{"id":66450,"date":"2025-08-21T10:06:05","date_gmt":"2025-08-21T08:06:05","guid":{"rendered":"https:\/\/www.diamantrad.com\/?page_id=66450"},"modified":"2025-10-29T16:30:49","modified_gmt":"2025-10-29T15:30:49","slug":"imprint","status":"publish","type":"page","link":"https:\/\/www.diamantrad.com\/sv-SE\/imprint\/","title":{"rendered":"Kontaktuppgifter"},"content":{"rendered":"<div class=\"lazyblock-nncontainer-Z2g4qQs wp-block-lazyblock-nncontainer\"><div class=\"section-secondary\">\r\n  <div class=\"container\" id=\"container-Z2g4qQs\">\r\n    <div class=\"row\">\r\n      <div class=\"col py-4 py-lg-5\">\r\n        <div class=\"lazyblock-inner-blocks\">\n<div class=\"lazyblock-cover-text-Z1rH0gv wp-block-lazyblock-cover-text\"><div class=\"covertext container py-5 d-flex flex-column colorscheme-light justify-content-center\" id=\"covertext-Z1rH0gv\">\r\n  <div class=\"lazyblock-inner-blocks\">\n\n<h2 class=\"wp-block-heading\">Kontaktuppgifter<\/h2>\n\n<\/div>\r\n<\/div><\/div>\n<\/div>\r\n      <\/div>\r\n    <\/div>\r\n  <\/div>\r\n<\/div><\/div>\n\n<div class=\"lazyblock-nncontainer-Z2c1cdc wp-block-lazyblock-nncontainer\"><div class=\"section-standard\">\r\n  <div class=\"container\" id=\"container-Z2c1cdc\">\r\n    <div class=\"row\">\r\n      <div class=\"col py-4 py-lg-5\">\r\n        <div class=\"lazyblock-inner-blocks\">\n\n<p><strong>Diamant Fahrradwerke GmbH<\/strong><br>Sch\u00f6naicher Stra\u00dfe 1<br>09232 Hartmannsdorf<br>Tyskland<\/p>\n\n\n\n<p>Kontakt f\u00f6r leverant\u00f6rer: 0049 3722 405 621<br>Kontakt f\u00f6r \u00e5terf\u00f6rs\u00e4ljare: <a href=\"mailto:nordic@trekbikes.com\">nordic@trekbikes.com<\/a><br>Kontakt f\u00f6r kunder: Anv\u00e4nd v\u00e5rt&nbsp;<a href=\"https:\/\/www.diamantrad.com\/sv-SE\/contact\/\" title=\"Contact\">kontaktformul\u00e4r<\/a><br>E-post:&nbsp;<a href=\"mailto:info@diamantrad.com\">info@diamantrad.com<\/a><\/p>\n\n\n\n<p>VD: John Schuster<br>F\u00f6retaget registrerat vid: Handelsgerichter des Amtsgerichts Chemnitz, HRB 6093<br>Momsregistreringsnummer: DE111665530<\/p>\n\n\n\n<p>Skatteregistreringsnummer: 222\/107\/00432<\/p>\n\n\n\n<p>Dataskyddsombud: Phillip Herold<br>Kontaktperson f\u00f6r dataskyddsfr\u00e5gor:&nbsp;<a href=\"mailto:GDPR@trekbikes.com\">GDPR@trekbikes.com<\/a><\/p>\n\n\n\n<p>Tillsynsmyndighet: Der S\u00e4chsische Datenschutzbeauftragte, Kontor am Landtag, Devrientstra\u00dfe 1, 01067 Dresden, Germany<\/p>\n\n\n\n<p>Syfte med kommersiell verksamhet: Handel med samt tillverkning och distribution av cyklar, cyklar med eldriven motorassistans, cykeldelar och cykeltillbeh\u00f6r.<\/p>\n\n\n\n<p>Datum f\u00f6r grundandet av \u201dGebr\u00fcder Nevoigt, Reichenbrand \/ Chemnitz\u201d: 1 januari 1885<br>Datum f\u00f6r grundandet av Diamant Fahrradwerke GmbH som juridisk eftertr\u00e4dare till Gebr\u00fcder Nevoigt: 31 oktober 1991<\/p>\n\n\n\n<h3 class=\"wp-block-heading\">Anv\u00e4ndarvillkor\/Ansvarsfriskrivning<\/h3>\n\n\n\n<p>1. Anv\u00e4ndningen av Diamant Fahrradwerke GmbH:s webbplats \u00e4r underkastad f\u00f6ljande villkor, som \u00e4r bindande f\u00f6r anv\u00e4ndaren och Diamant Fahrradwerke GmbH som tj\u00e4nsteleverant\u00f6r vid tilltr\u00e4de till webbplatsen eller n\u00e5gon del av webbplatsen. Webbplatsen inneh\u00e5ller data och information av alla slag som \u00e4r skyddade av varum\u00e4rkesr\u00e4tt och\/eller upphovsr\u00e4tt till f\u00f6rm\u00e5n f\u00f6r Diamant Fahrradwerke GmbH eller, i enskilda fall, till f\u00f6rm\u00e5n f\u00f6r tredje part. Det \u00e4r d\u00e4rf\u00f6r inte till\u00e5tet att ladda ner, reproducera och\/eller distribuera webbplatsen, varken helt eller delvis. Tekniskt n\u00f6dv\u00e4ndig reproduktion f\u00f6r att ta del av webbplatsen \u00e4r till\u00e5ten s\u00e5 l\u00e4nge dessa \u00e5tg\u00e4rder inte sker i ekonomiskt syfte, liksom permanent reproduktion f\u00f6r personligt bruk.<\/p>\n\n\n\n<p>2. &nbsp;&nbsp;Det \u00e4r till\u00e5tet att l\u00e4nka till denna webbplats s\u00e5 l\u00e4nge det endast \u00e4r i referenssyfte. Diamant Fahrradwerke GmbH f\u00f6rbeh\u00e5ller sig r\u00e4tten att \u00e5terkalla detta tillst\u00e5nd. Det \u00e4r inte till\u00e5tet att visa denna webbplats p\u00e5 en annan webbplats genom inb\u00e4ddning (s.k. \u201dframing\u201d).<\/p>\n\n\n\n<p>3. Ingen garanti ges f\u00f6r att informationen p\u00e5 webbplatsen \u00e4r korrekt och fullst\u00e4ndig. I synnerhet kan \u00e4ndringar av specifikationerna f\u00f6r v\u00e5ra cyklar, liksom f\u00e4rger och priser, ske n\u00e4r som helst utan f\u00f6reg\u00e5ende meddelande. H\u00e4nvisningar och l\u00e4nkar till tredje parts webbplatser inneb\u00e4r inte att Diamant Fahrradwerke GmbH st\u00f6der inneh\u00e5llet bakom h\u00e4nvisningen eller l\u00e4nken. Diamant Fahrradwerke GmbH ansvarar inte f\u00f6r inneh\u00e5llet p\u00e5 tredje parts webbplatser, s\u00e5som uppgifter och information som tillhandah\u00e5lls d\u00e4r. Diamant Fahrradwerke GmbH har inget inflytande p\u00e5 inneh\u00e5llet bakom l\u00e4nken. Diamant Fahrradwerke GmbH ansvarar d\u00e4rf\u00f6r inte f\u00f6r olagligt, felaktigt eller ofullst\u00e4ndigt inneh\u00e5ll eller f\u00f6r skador som orsakas av anv\u00e4ndning av inneh\u00e5llet bakom l\u00e4nken.<\/p>\n\n<\/div>\r\n      <\/div>\r\n    <\/div>\r\n  <\/div>\r\n<\/div><\/div>","protected":false},"excerpt":{"rendered":"","protected":false},"author":3,"featured_media":0,"parent":0,"menu_order":0,"comment_status":"closed","ping_status":"closed","template":"","meta":{"_acf_changed":false,"slim_seo":{"title":"Kontaktuppgifter \u00b0 Diamantrad","description":""},"footnotes":""},"class_list":["post-66450","page","type-page","status-publish","hentry"],"acf":[],"_links":{"self":[{"href":"https:\/\/www.diamantrad.com\/en-GB\/wp-json\/wp\/v2\/pages\/66450","targetHints":{"allow":["GET"]}}],"collection":[{"href":"https:\/\/www.diamantrad.com\/en-GB\/wp-json\/wp\/v2\/pages"}],"about":[{"href":"https:\/\/www.diamantrad.com\/en-GB\/wp-json\/wp\/v2\/types\/page"}],"author":[{"embeddable":true,"href":"https:\/\/www.diamantrad.com\/en-GB\/wp-json\/wp\/v2\/users\/3"}],"replies":[{"embeddable":true,"href":"https:\/\/www.diamantrad.com\/en-GB\/wp-json\/wp\/v2\/comments?post=66450"}],"version-history":[{"count":6,"href":"https:\/\/www.diamantrad.com\/en-GB\/wp-json\/wp\/v2\/pages\/66450\/revisions"}],"predecessor-version":[{"id":69760,"href":"https:\/\/www.diamantrad.com\/en-GB\/wp-json\/wp\/v2\/pages\/66450\/revisions\/69760"}],"wp:attachment":[{"href":"https:\/\/www.diamantrad.com\/en-GB\/wp-json\/wp\/v2\/media?parent=66450"}],"curies":[{"name":"wp","href":"https:\/\/api.w.org\/{rel}","templated":true}]}}