{"id":66466,"date":"2025-08-21T11:49:34","date_gmt":"2025-08-21T09:49:34","guid":{"rendered":"https:\/\/www.diamantrad.com\/?page_id=66466"},"modified":"2025-09-09T16:11:13","modified_gmt":"2025-09-09T14:11:13","slug":"warranty","status":"publish","type":"page","link":"https:\/\/www.diamantrad.com\/sv-SE\/warranty\/","title":{"rendered":"Garanti"},"content":{"rendered":"<div class=\"lazyblock-nncontainer-1sg3im wp-block-lazyblock-nncontainer\"><div class=\"section-secondary\">\r\n  <div class=\"container\" id=\"container-1sg3im\">\r\n    <div class=\"row\">\r\n      <div class=\"col py-4 py-lg-5\">\r\n        <div class=\"lazyblock-inner-blocks\">\n<div class=\"lazyblock-cover-text-ZtHcJA wp-block-lazyblock-cover-text\"><div class=\"covertext container py-5 d-flex flex-column colorscheme-light justify-content-center\" id=\"covertext-ZtHcJA\">\r\n  <div class=\"lazyblock-inner-blocks\">\n\n<h2 class=\"wp-block-heading\">Garanti<\/h2>\n\n<\/div>\r\n<\/div><\/div>\n<\/div>\r\n      <\/div>\r\n    <\/div>\r\n  <\/div>\r\n<\/div><\/div>\n\n<div class=\"lazyblock-nncontainer-ZqUuQF wp-block-lazyblock-nncontainer\"><div class=\"section-standard\">\r\n  <div class=\"container\" id=\"container-ZqUuQF\">\r\n    <div class=\"row\">\r\n      <div class=\"col py-4 py-lg-5\">\r\n        <div class=\"lazyblock-inner-blocks\">\n\n<p>Vi ger livstidsgaranti fr\u00e5n ink\u00f6psdatum p\u00e5 alla Diamant-ramar och stela gafflar g\u00e4llande tillverknings- och materialfel. F\u00f6r alla originaldelar, med undantag f\u00f6r d\u00e4mpade gafflar, erbjuder Diamant tv\u00e5 \u00e5rs garanti (eller respektive lagstadgad garantiperiod) fr\u00e5n ink\u00f6psdatum. D\u00e4mpade gafflar omfattas av respektive tillverkares garantivillkor. F\u00f6r lackering och dekaler g\u00e4ller tv\u00e5 \u00e5rs garanti.<\/p>\n\n\n\n<p>Garantin \u00e4r uttryckligen begr\u00e4nsad till reparation eller utbyte av en defekt ram, gaffel eller del. Om reparation, utbyte eller byte av produkten erbjuds kostnadsfritt eller med rabatt \u00e4r helt upp till Diamant. Garantin g\u00e4ller exklusivt f\u00f6r den ursprungliga k\u00f6paren och \u00e4r inte \u00f6verl\u00e5tbar f\u00f6r Diamant-cyklar som k\u00f6pts f\u00f6re juli 2019. F\u00f6r cyklar som k\u00f6pts efter juli 2019 och s\u00e4ljs vidare inom de f\u00f6rsta tre \u00e5ren erbjuder vi den nya \u00e4garen upp till 3 \u00e5rs garanti p\u00e5 ramen fr\u00e5n det ursprungliga k\u00f6pdatumet.<\/p>\n\n\n\n<p>K\u00f6peavtalet ing\u00e5s mellan k\u00f6paren och \u00e5terf\u00f6rs\u00e4ljaren. Diamants garanti kompletterar \u00e5terf\u00f6rs\u00e4ljarens lagstadgade garantif\u00f6rpliktelser. Garantianspr\u00e5k mot Diamant kan endast g\u00f6ras via en auktoriserad Diamant-\u00e5terf\u00f6rs\u00e4ljare. Bevis p\u00e5 det ursprungliga k\u00f6pet kr\u00e4vs (i form av en faktura eller annat daterat f\u00f6rs\u00e4ljningsdokument som identifierar Diamant-cykeln genom ramnummer).<\/p>\n\n\n\n<p>Mer information om hur vi hanterar garantianspr\u00e5k finns i v\u00e5r <a href=\"https:\/\/www.diamantrad.com\/sv-SE\/faq\/\" title=\"FAQ\">serviceavdelning<\/a>.<\/p>\n\n\n\n<p>Garantin omfattar inte skador som orsakats av normalt slitage, defekter, funktionsfel eller fel som uppst\u00e5r till f\u00f6ljd av felaktig anv\u00e4ndning, v\u00e5rdsl\u00f6shet, felaktig montering eller underh\u00e5ll, samt installation av delar fr\u00e5n tredje part. Diamant ansvarar inte f\u00f6r olycksfall, f\u00f6ljdskador eller skador som orsakats av felaktig hantering. Garantin t\u00e4cker inte arbetskostnader f\u00f6r reparation eller utbyte av delar. Anv\u00e4ndarna tar p\u00e5 sig risken f\u00f6r personskador och skador p\u00e5 egendom om cykeln anv\u00e4nds f\u00f6r stunts, lercykling eller liknande aktiviteter som inte anses vara normal anv\u00e4ndning. Skador som uppst\u00e5r till f\u00f6ljd av s\u00e5dan verksamhet \u00e4r uttryckligen undantagna fr\u00e5n garantin.<\/p>\n\n\n\n<p>Dessa garantivillkor g\u00e4ller inte f\u00f6r cyklar som k\u00f6pts f\u00f6re 2012. F\u00f6r cyklar som k\u00f6pts f\u00f6re 2012 kan v\u00e5rt kundtj\u00e4nstteam hj\u00e4lpa till via <a href=\"https:\/\/www.diamantrad.com\/sv-SE\/contact\/\" title=\"Contact\">kontaktformul\u00e4ret<\/a> eller <a href=\"https:\/\/www.diamantrad.com\/sv-SE\/store-finder\/\" title=\"Store Finder\">\u00e5terf\u00f6rs\u00e4ljaren<\/a> f\u00f6r att till\u00e4mpa r\u00e4tt garantivillkor.<\/p>\n\n\n\n<p>Denna garanti ger kunderna specifika r\u00e4ttigheter, som kan variera fr\u00e5n land till land. Kundens lagstadgade r\u00e4ttigheter p\u00e5verkas inte av denna garanti.<\/p>\n\n\n\n<p>Informationen i v\u00e5ra produktbeskrivningar \u2013 s\u00e4rskilt vad g\u00e4ller cyklarnas specifikationer, modeller, m\u00e5tt, prestanda och vikt f\u00f6r cyklarna \u2013 \u00e4r ungef\u00e4rliga och icke-bindande och utg\u00f6r inte avtalsm\u00e4ssiga utf\u00e4stelser eller erbjudanden. Vidare \u00e4r skadest\u00e5ndsanspr\u00e5k p\u00e5 grund av olagliga handlingar mot Diamant uteslutna i den utstr\u00e4ckning som lagen till\u00e5ter.<\/p>\n\n\n\n<p>Alla foton, illustrationer, f\u00e4rger, vikter och specifikationer baseras p\u00e5 den senaste tillg\u00e4ngliga produktinformationen vid det f\u00f6rsta publiceringstillf\u00e4llet. Diamant f\u00f6rbeh\u00e5ller sig r\u00e4tten att n\u00e4r som helst och utan f\u00f6reg\u00e5ende meddelande g\u00f6ra \u00e4ndringar i f\u00e4rger, material, utrustning, specifikationer och modeller. Avvikelser fr\u00e5n de visade f\u00e4rgerna beror p\u00e5 tekniska faktorer. Illustrationerna kan visa utrustning som inte finns tillg\u00e4nglig. Vissa modeller visas med tillvalsutrustning.<\/p>\n\n<\/div>\r\n      <\/div>\r\n    <\/div>\r\n  <\/div>\r\n<\/div><\/div>","protected":false},"excerpt":{"rendered":"","protected":false},"author":3,"featured_media":0,"parent":0,"menu_order":0,"comment_status":"closed","ping_status":"closed","template":"","meta":{"_acf_changed":false,"slim_seo":{"title":"Diamantgaranti \u2013 Mer \u00e4n 40 \u00e5r f\u00f6r f\u00f6rstag\u00e5ngsk\u00f6pare","description":"Livstidsgaranti p\u00e5 ram och gaffel. Ta reda p\u00e5 om garantivillkoren f\u00f6r Diamant-cyklar. P\u00e5litlig, transparent och r\u00e4ttvis. L\u00e4s mer nu."},"footnotes":""},"class_list":["post-66466","page","type-page","status-publish","hentry"],"acf":[],"_links":{"self":[{"href":"https:\/\/www.diamantrad.com\/sv-SE\/wp-json\/wp\/v2\/pages\/66466","targetHints":{"allow":["GET"]}}],"collection":[{"href":"https:\/\/www.diamantrad.com\/sv-SE\/wp-json\/wp\/v2\/pages"}],"about":[{"href":"https:\/\/www.diamantrad.com\/sv-SE\/wp-json\/wp\/v2\/types\/page"}],"author":[{"embeddable":true,"href":"https:\/\/www.diamantrad.com\/sv-SE\/wp-json\/wp\/v2\/users\/3"}],"replies":[{"embeddable":true,"href":"https:\/\/www.diamantrad.com\/sv-SE\/wp-json\/wp\/v2\/comments?post=66466"}],"version-history":[{"count":6,"href":"https:\/\/www.diamantrad.com\/sv-SE\/wp-json\/wp\/v2\/pages\/66466\/revisions"}],"predecessor-version":[{"id":68131,"href":"https:\/\/www.diamantrad.com\/sv-SE\/wp-json\/wp\/v2\/pages\/66466\/revisions\/68131"}],"wp:attachment":[{"href":"https:\/\/www.diamantrad.com\/sv-SE\/wp-json\/wp\/v2\/media?parent=66466"}],"curies":[{"name":"wp","href":"https:\/\/api.w.org\/{rel}","templated":true}]}}