{"id":66471,"date":"2025-08-21T11:52:18","date_gmt":"2025-08-21T09:52:18","guid":{"rendered":"https:\/\/www.diamantrad.com\/?page_id=66471"},"modified":"2025-08-21T11:52:18","modified_gmt":"2025-08-21T09:52:18","slug":"store-finder","status":"publish","type":"page","link":"https:\/\/www.diamantrad.com\/sv-SE\/store-finder\/","title":{"rendered":"Store Finder"},"content":{"rendered":"\n<!-- LOCALLY.COM WIDGET EMBED CODE -->\n<div id=\"lcly-button-0\"\n   >\n  <a id=\"lcly-link-0\" href=\"https:\/\/brands.locally.com\" target=\"_blank\">\n    Gesch\u00e4ftsuche by Locally\n  <\/a>\n<\/div>\n<script id=\"lcly-script-0\" async><\/script>\n<script id=\"lcly-config-0\">\n  var lcly_config_0 = {\n    \"company_name\": \"Diamant\",\n    \"company_id\": \"164925\",\n    \"inline\": \"1\",\n    \"lang\": \"sv-se\",\n    \"no_link\": \"1\"\n  };\n  var lcly_query_0 = Object.keys(lcly_config_0)\n  .reduce(function(a,k){a.push(encodeURIComponent(k) + '=' \n  + encodeURIComponent(lcly_config_0[k]));return a},[]).join('&');\n  var lcly_endpoint_0 = 'https:\/\/diamant.locally.com\/stores\/map.js?' + lcly_query_0;\n  document.getElementById('lcly-script-0').src = lcly_endpoint_0;\n<\/script>\n\n\n\n\n<div class=\"lazyblock-nncontainer-Z1dYpTQ wp-block-lazyblock-nncontainer\"><div class=\"section-standard\">\r\n  <div class=\"container\" id=\"container-Z1dYpTQ\">\r\n    <div class=\"row\">\r\n      <div class=\"col py-4 py-lg-5\">\r\n        <div class=\"lazyblock-inner-blocks\">\n\n<p>Vilken cykelbutik n\u00e4ra dig samarbetar med Diamant? Var hittar du din dr\u00f6mcykel fr\u00e5n Diamant, redo att rulla ut ur butiken redo f\u00f6r anv\u00e4ndning? Deltagande \u00e5terf\u00f6rs\u00e4ljare visar sitt lager direkt i v\u00e5r butikss\u00f6kare \u2013 du kan till och med reservera din cykel eller k\u00f6pa online direkt i detta verktyg.<\/p>\n\n\n\n<p>Diamant samarbetar med mer \u00e4n 500 erfarna partner i m\u00e5nga europeiska l\u00e4nder. Du hittar Diamant hos de st\u00f6rsta cykelkedjorna, men ocks\u00e5 i butikerna hos m\u00e5nga oberoende lokala cykelhandlare i ditt n\u00e4romr\u00e5de. Oavsett vilken service du f\u00f6redrar, s\u00e5 f\u00e5r du den. Vi utbildar v\u00e5ra samarbetspartner s\u00e5 att du f\u00e5r b\u00e4sta m\u00f6jliga personliga r\u00e5dgivning n\u00e4r du ska k\u00f6pa din n\u00e4sta cykel.<\/p>\n\n<\/div>\r\n      <\/div>\r\n    <\/div>\r\n  <\/div>\r\n<\/div><\/div>","protected":false},"excerpt":{"rendered":"<p>Gesch\u00e4ftsuche by Locally<\/p>\n","protected":false},"author":3,"featured_media":0,"parent":0,"menu_order":0,"comment_status":"closed","ping_status":"closed","template":"","meta":{"_acf_changed":false,"slim_seo":{"title":"Hitta en \u00e5terf\u00f6rs\u00e4ljare \u2013 cykelaff\u00e4rer med Diamant n\u00e4ra dig","description":"Hitta en diamantbutik i ditt omr\u00e5de. Boka en provtur. Prova v\u00e5ra cyklar, bli informerad, g\u00f6r ett k\u00f6p."},"footnotes":""},"class_list":["post-66471","page","type-page","status-publish","hentry"],"acf":[],"_links":{"self":[{"href":"https:\/\/www.diamantrad.com\/en-GB\/wp-json\/wp\/v2\/pages\/66471","targetHints":{"allow":["GET"]}}],"collection":[{"href":"https:\/\/www.diamantrad.com\/en-GB\/wp-json\/wp\/v2\/pages"}],"about":[{"href":"https:\/\/www.diamantrad.com\/en-GB\/wp-json\/wp\/v2\/types\/page"}],"author":[{"embeddable":true,"href":"https:\/\/www.diamantrad.com\/en-GB\/wp-json\/wp\/v2\/users\/3"}],"replies":[{"embeddable":true,"href":"https:\/\/www.diamantrad.com\/en-GB\/wp-json\/wp\/v2\/comments?post=66471"}],"version-history":[{"count":1,"href":"https:\/\/www.diamantrad.com\/en-GB\/wp-json\/wp\/v2\/pages\/66471\/revisions"}],"predecessor-version":[{"id":66472,"href":"https:\/\/www.diamantrad.com\/en-GB\/wp-json\/wp\/v2\/pages\/66471\/revisions\/66472"}],"wp:attachment":[{"href":"https:\/\/www.diamantrad.com\/en-GB\/wp-json\/wp\/v2\/media?parent=66471"}],"curies":[{"name":"wp","href":"https:\/\/api.w.org\/{rel}","templated":true}]}}