{"id":66476,"date":"2025-08-21T12:22:23","date_gmt":"2025-08-21T10:22:23","guid":{"rendered":"https:\/\/www.diamantrad.com\/?page_id=66476"},"modified":"2025-08-21T12:22:24","modified_gmt":"2025-08-21T10:22:24","slug":"ethics-reporting","status":"publish","type":"page","link":"https:\/\/www.diamantrad.com\/sv-SE\/ethics-reporting\/","title":{"rendered":"Ethics reporting"},"content":{"rendered":"<div class=\"lazyblock-nncontainer-J9YJH wp-block-lazyblock-nncontainer\"><div class=\"section-secondary\">\r\n  <div class=\"container\" id=\"container-J9YJH\">\r\n    <div class=\"row\">\r\n      <div class=\"col py-4 py-lg-5\">\r\n        <div class=\"lazyblock-inner-blocks\">\n<div class=\"lazyblock-cover-text-Z1TLuAQ wp-block-lazyblock-cover-text\"><div class=\"covertext container py-5 d-flex flex-column colorscheme-light justify-content-center\" id=\"covertext-Z1TLuAQ\">\r\n  <div class=\"lazyblock-inner-blocks\">\n\n<h2 class=\"wp-block-heading\">Rapportera oetiskt handlande!<\/h2>\n\n<\/div>\r\n<\/div><\/div>\n<\/div>\r\n      <\/div>\r\n    <\/div>\r\n  <\/div>\r\n<\/div><\/div>\n\n<div class=\"lazyblock-nncontainer-18alCl wp-block-lazyblock-nncontainer\"><div class=\"section-standard\">\r\n  <div class=\"container\" id=\"container-18alCl\">\r\n    <div class=\"row\">\r\n      <div class=\"col py-4 py-lg-5\">\r\n        <div class=\"lazyblock-inner-blocks\">\n\n<p>Diamantss visselbl\u00e5sarsystem\/klagom\u00e5lshantering \u00e4r avsedda f\u00f6r rapportering av \u00f6vertr\u00e4delser av v\u00e5rt f\u00f6retags principer och till\u00e4mpliga lagar (t.ex. Whistleblower Protection Act, Supply Chain Due Diligence Act etc.) som vi p\u00e5 Diamant har f\u00f6rbundit oss att f\u00f6lja genom Diamants uppf\u00f6randekod och Diamants policy f\u00f6r m\u00e4nskliga r\u00e4ttigheter.<\/p>\n\n\n\n<p>F\u00f6r att kunna reagera p\u00e5 \u00f6vertr\u00e4delser p\u00e5 l\u00e4mpligt s\u00e4tt m\u00e5ste vi uppt\u00e4cka dem s\u00e5 tidigt som m\u00f6jligt. Information om (n\u00e4ra f\u00f6rest\u00e5ende) \u00f6vertr\u00e4delser kan rapporteras till oss via e-post: <a href=\"mailto:ethics@diamantrad.com\">ethics@diamantrad.com<\/a><\/p>\n\n\n\n<p>Din information \u00e4r till hj\u00e4lp f\u00f6r oss \u2013 det \u00e4r det enda s\u00e4ttet f\u00f6r oss att reagera p\u00e5 \u00f6vertr\u00e4delser i ett tidigt skede. Detta \u00e4r viktigt f\u00f6r att vi ska kunna minimera skadliga f\u00f6ljder f\u00f6r v\u00e5rt f\u00f6retag och f\u00f6r v\u00e5ra anst\u00e4llda och aff\u00e4rspartners.<\/p>\n\n\n\n<p>Inskickade rapporter behandlas strikt konfidentiellt av en s\u00e4rskild medarbetare p\u00e5 avdelningen f\u00f6r juridik och regelefterlevnad.<\/p>\n\n\n\n<p>F\u00f6rutom Diamants interna visselbl\u00e5sarsystem finns \u00e4ven m\u00f6jlighet att l\u00e4mna rapporter till olika externa instanser, inklusive externa instanser inom din nationella eller regionala regering eller dina lokala myndigheter.<\/p>\n\n\n\n<p>Tack f\u00f6r din hj\u00e4lp.<\/p>\n\n<\/div>\r\n      <\/div>\r\n    <\/div>\r\n  <\/div>\r\n<\/div><\/div>","protected":false},"excerpt":{"rendered":"","protected":false},"author":3,"featured_media":0,"parent":0,"menu_order":0,"comment_status":"closed","ping_status":"closed","template":"","meta":{"_acf_changed":false,"slim_seo":{"title":"Etikrapport - Visselbl\u00e5sare rapporterar till Diamant","description":"L\u00e4s mer om Diamants visselbl\u00e5sarsystem. L\u00e4r dig hur du rapporterar \u00f6vertr\u00e4delser av f\u00f6retagets policyer och lagar."},"footnotes":""},"class_list":["post-66476","page","type-page","status-publish","hentry"],"acf":[],"_links":{"self":[{"href":"https:\/\/www.diamantrad.com\/en-GB\/wp-json\/wp\/v2\/pages\/66476","targetHints":{"allow":["GET"]}}],"collection":[{"href":"https:\/\/www.diamantrad.com\/en-GB\/wp-json\/wp\/v2\/pages"}],"about":[{"href":"https:\/\/www.diamantrad.com\/en-GB\/wp-json\/wp\/v2\/types\/page"}],"author":[{"embeddable":true,"href":"https:\/\/www.diamantrad.com\/en-GB\/wp-json\/wp\/v2\/users\/3"}],"replies":[{"embeddable":true,"href":"https:\/\/www.diamantrad.com\/en-GB\/wp-json\/wp\/v2\/comments?post=66476"}],"version-history":[{"count":1,"href":"https:\/\/www.diamantrad.com\/en-GB\/wp-json\/wp\/v2\/pages\/66476\/revisions"}],"predecessor-version":[{"id":66477,"href":"https:\/\/www.diamantrad.com\/en-GB\/wp-json\/wp\/v2\/pages\/66476\/revisions\/66477"}],"wp:attachment":[{"href":"https:\/\/www.diamantrad.com\/en-GB\/wp-json\/wp\/v2\/media?parent=66476"}],"curies":[{"name":"wp","href":"https:\/\/api.w.org\/{rel}","templated":true}]}}