{"id":66479,"date":"2025-08-21T15:14:15","date_gmt":"2025-08-21T13:14:15","guid":{"rendered":"https:\/\/www.diamantrad.com\/?page_id=66479"},"modified":"2025-09-09T16:11:18","modified_gmt":"2025-09-09T14:11:18","slug":"register-your-bike","status":"publish","type":"page","link":"https:\/\/www.diamantrad.com\/sv-SE\/register-your-bike\/","title":{"rendered":"Registrera din cykel"},"content":{"rendered":"<div class=\"lazyblock-nncontainer-xSdON wp-block-lazyblock-nncontainer\"><div class=\"section-secondary\">\r\n  <div class=\"container\" id=\"container-xSdON\">\r\n    <div class=\"row\">\r\n      <div class=\"col py-4 py-lg-5\">\r\n        <div class=\"lazyblock-inner-blocks\">\n<div class=\"lazyblock-cover-text-OHNpf wp-block-lazyblock-cover-text\"><div class=\"covertext container py-5 d-flex flex-column colorscheme-light justify-content-center\" id=\"covertext-OHNpf\">\r\n  <div class=\"lazyblock-inner-blocks\">\n\n<h2 class=\"wp-block-heading\">Registrera din cykel<\/h2>\n\n<\/div>\r\n<\/div><\/div>\n<\/div>\r\n      <\/div>\r\n    <\/div>\r\n  <\/div>\r\n<\/div><\/div>\n\n<div class=\"lazyblock-nncontainer-Z1SJvY3 mb-1 wp-block-lazyblock-nncontainer\"><div class=\"section-standard\">\r\n  <div class=\"container\" id=\"container-Z1SJvY3\">\r\n    <div class=\"row\">\r\n      <div class=\"col py-4 py-lg-5\">\r\n        <div class=\"lazyblock-inner-blocks\">\n\n<p>Med formul\u00e4ret p\u00e5 denna webbplats kan du snabbt och enkelt registrera din Diamant-cykel. Dina uppgifter registreras automatiskt och s\u00e4kert i v\u00e5rt system. Du kommer att f\u00e5 en bekr\u00e4ftelse via e-post till den adress du angav. Kontrollera \u00e4ven din skr\u00e4ppostmapp om du inte har f\u00e5tt bekr\u00e4ftelsen. Om du inte f\u00e5r n\u00e5gon bekr\u00e4ftelse via e-post kan du anv\u00e4nda kontaktformul\u00e4ret f\u00f6r att kontrollera med oss om din cykel har registrerats korrekt.<\/p>\n\n\n\n<h2 class=\"wp-block-heading\">Your benefits of registering your bike:<\/h2>\n\n\n\n<p>F\u00f6rdelarna med att registrera din cykel:<\/p>\n\n\n\n<p>1. Om du registrerar din cykel eller elcykel kan vi kontakta dig direkt om vi i undantagsfall skulle g\u00f6ra en <a href=\"https:\/\/www.diamantrad.com\/sv-SE\/recalls\/\" title=\"Recalls\">produkt\u00e5terkallelse<\/a>. Om du ocks\u00e5 ger oss ditt samtycke till att skicka nyhetsbrev kan vi h\u00e5lla dig informerad om nya funktioner som \u00e4r s\u00e4rskilt relevanta f\u00f6r din cykel.<\/p>\n\n\n\n<p>2. N\u00e4r polisen \u00e5terfinner stulna cyklar kan de kontakta oss f\u00f6r att f\u00e5 information om registrerade \u00e4gare till \u00e5terfunna cyklar. Om du har registrerat din cykel kan vi l\u00e4mna ut din adress till polisen s\u00e5 att de kan \u00e5terl\u00e4mna cykeln till dig.<\/p>\n\n\n\n<p>3. Dessutom anv\u00e4nder vi dina registrerade uppgifter som ett snabbt s\u00e4tt att verifiera dina garantianspr\u00e5k n\u00e4r den lagstadgade garantiperioden har l\u00f6pt ut. Din garanti \u00e4r dock inte beroende av att du registrerar din cykel; ditt ink\u00f6psbevis \u00e4r tillr\u00e4ckligt f\u00f6r detta.<\/p>\n\n\n\n<p>Fyll i formul\u00e4ret fullst\u00e4ndigt och klicka p\u00e5 \u201dSkicka\u201d. F\u00e4lt markerade med * \u00e4r obligatoriska.<\/p>\n\n\n\n<p>Om det inte st\u00e5r p\u00e5 kvittot: Du hittar ditt ramnummer p\u00e5 klisterm\u00e4rket p\u00e5 diagonalr\u00f6ret. Detta nummer b\u00f6rjar med WTU.<\/p>\n\n<\/div>\r\n      <\/div>\r\n    <\/div>\r\n  <\/div>\r\n<\/div><\/div>\n\n<div class=\"lazyblock-nncontainer-1HMRfS wp-block-lazyblock-nncontainer\"><div class=\"section-light\">\r\n  <div class=\"container\" id=\"container-1HMRfS\">\r\n    <div class=\"row\">\r\n      <div class=\"col py-4 py-lg-5\">\r\n        <div class=\"lazyblock-inner-blocks\">\n\n<div class=\"wp-block-contact-form-7-contact-form-selector\">\n<div class=\"wpcf7 no-js\" id=\"wpcf7-f66482-o1\" lang=\"de-DE\" dir=\"ltr\" data-wpcf7-id=\"66482\">\n<div class=\"screen-reader-response\"><p role=\"status\" aria-live=\"polite\" aria-atomic=\"true\"><\/p> <ul><\/ul><\/div>\n<form action=\"\/en-GB\/wp-json\/wp\/v2\/pages\/66479#wpcf7-f66482-o1\" method=\"post\" class=\"wpcf7-form init\" aria-label=\"Kontaktformular\" novalidate=\"novalidate\" data-status=\"init\">\n<fieldset class=\"hidden-fields-container\"><input type=\"hidden\" name=\"_wpcf7\" value=\"66482\" \/><input type=\"hidden\" name=\"_wpcf7_version\" value=\"6.1.5\" \/><input type=\"hidden\" name=\"_wpcf7_locale\" value=\"de_DE\" \/><input type=\"hidden\" name=\"_wpcf7_unit_tag\" value=\"wpcf7-f66482-o1\" \/><input type=\"hidden\" name=\"_wpcf7_container_post\" value=\"0\" \/><input type=\"hidden\" name=\"_wpcf7_posted_data_hash\" value=\"\" \/>\n<\/fieldset>\n<div class=\"row\">\n\t<div class=\"col\">\n\t\t<h3>Ber\u00e4tta om dig sj\u00e4lv\n\t\t<\/h3>\n\t\t<div class=\"row mb-5\">\n\t\t\t<div class=\"col-md-6\">\n\t\t\t\t<p><label for=\"firstname\" class=\"screen-reader-text\">First name*<\/label><span class=\"wpcf7-form-control-wrap\" data-name=\"firstname\"><input size=\"40\" maxlength=\"400\" class=\"wpcf7-form-control wpcf7-text wpcf7-validates-as-required form-control\" aria-required=\"true\" aria-invalid=\"false\" placeholder=\"F\u00f6rnamn*\" value=\"\" type=\"text\" name=\"firstname\" \/><\/span>\n\t\t\t\t<\/p>\n\t\t\t<\/div>\n\t\t\t<div class=\"col-md-6\">\n\t\t\t\t<p><label for=\"lastname\" class=\"screen-reader-text\">Last name*<\/label><span class=\"wpcf7-form-control-wrap\" data-name=\"lastname\"><input size=\"40\" maxlength=\"400\" class=\"wpcf7-form-control wpcf7-text wpcf7-validates-as-required form-control\" aria-required=\"true\" aria-invalid=\"false\" placeholder=\"Efternamn*\" value=\"\" type=\"text\" name=\"lastname\" \/><\/span>\n\t\t\t\t<\/p>\n\t\t\t<\/div>\n\t\t\t<div class=\"col-md-6\">\n\t\t\t\t<p><label for=\"street\" class=\"screen-reader-text\">Street & Nr.<\/label><span class=\"wpcf7-form-control-wrap\" data-name=\"street\"><input size=\"40\" maxlength=\"400\" class=\"wpcf7-form-control wpcf7-text form-control\" aria-invalid=\"false\" placeholder=\"Gata och nummer\" value=\"\" type=\"text\" name=\"street\" \/><\/span>\n\t\t\t\t<\/p>\n\t\t\t<\/div>\n\t\t\t<div class=\"col-md-6\">\n\t\t\t\t<p><label for=\"location\" class=\"screen-reader-text\">Postcode & Place<\/label><span class=\"wpcf7-form-control-wrap\" data-name=\"location\"><input size=\"40\" maxlength=\"400\" class=\"wpcf7-form-control wpcf7-text form-control\" aria-invalid=\"false\" placeholder=\"Postnummer och ort\" value=\"\" type=\"text\" name=\"location\" \/><\/span>\n\t\t\t\t<\/p>\n\t\t\t<\/div>\n\t\t\t<div class=\"col-md-6\">\n\t\t\t\t<p><label for=\"your-email\" class=\"screen-reader-text\">E-mail*<\/label><span class=\"wpcf7-form-control-wrap\" data-name=\"your-email\"><input size=\"40\" maxlength=\"400\" class=\"wpcf7-form-control wpcf7-email wpcf7-validates-as-required wpcf7-text wpcf7-validates-as-email form-control\" aria-required=\"true\" aria-invalid=\"false\" placeholder=\"E-post\" value=\"\" type=\"email\" name=\"your-email\" \/><\/span>\n\t\t\t\t<\/p>\n\t\t\t<\/div>\n\t\t\t<div class=\"col-md-6\">\n\t\t\t\t<p><label for=\"phone\" class=\"screen-reader-text\">Phone number*<\/label><span class=\"wpcf7-form-control-wrap\" data-name=\"phone\"><input size=\"40\" maxlength=\"400\" class=\"wpcf7-form-control wpcf7-text wpcf7-validates-as-required form-control\" aria-required=\"true\" aria-invalid=\"false\" placeholder=\"Telefonnummer\" value=\"\" type=\"text\" name=\"phone\" \/><\/span>\n\t\t\t\t<\/p>\n\t\t\t<\/div>\n\t\t<\/div>\n\t\t<h3>Ber\u00e4tta om din cykels\n\t\t<\/h3>\n\t\t<div class=\"row mb-5\">\n\t\t\t<div class=\"col-md-6\">\n\t\t\t\t<p><label for=\"bike\" class=\"screen-reader-text\">Model*<\/label><span class=\"wpcf7-form-control-wrap\" data-name=\"bike\"><input size=\"40\" maxlength=\"400\" class=\"wpcf7-form-control wpcf7-text wpcf7-validates-as-required form-control\" aria-required=\"true\" aria-invalid=\"false\" placeholder=\"Modell*\" value=\"\" type=\"text\" name=\"bike\" \/><\/span>\n\t\t\t\t<\/p>\n\t\t\t<\/div>\n\t\t\t<div class=\"col-md-6\">\n\t\t\t\t<p><label for=\"serialnumber\" class=\"screen-reader-text\">Frame number (WTU sticker)*<\/label><span class=\"wpcf7-form-control-wrap\" data-name=\"serialnumber\"><input size=\"40\" maxlength=\"400\" class=\"wpcf7-form-control wpcf7-text wpcf7-validates-as-required form-control\" aria-required=\"true\" aria-invalid=\"false\" placeholder=\"Ramnummer (WTU)*\" value=\"\" type=\"text\" name=\"serialnumber\" \/><\/span>\n\t\t\t\t<\/p>\n\t\t\t<\/div>\n\t\t\t<div class=\"col-md-6\">\n\t\t\t\t<p><label for=\"store\" class=\"screen-reader-text\">Store*<\/label><span class=\"wpcf7-form-control-wrap\" data-name=\"store\"><input size=\"40\" maxlength=\"400\" class=\"wpcf7-form-control wpcf7-text wpcf7-validates-as-required form-control\" aria-required=\"true\" aria-invalid=\"false\" placeholder=\"\u00c5terf\u00f6rs\u00e4ljare*\" value=\"\" type=\"text\" name=\"store\" \/><\/span>\n\t\t\t\t<\/p>\n\t\t\t<\/div>\n\t\t\t<div class=\"col-md-6\">\n\t\t\t\t<p><label for=\"purchasedate\" class=\"screen-reader-text\">Purchase date*<\/label><span class=\"wpcf7-form-control-wrap\" data-name=\"purchasedate\"><input class=\"wpcf7-form-control wpcf7-date wpcf7-validates-as-required wpcf7-validates-as-date form-control\" aria-required=\"true\" aria-invalid=\"false\" placeholder=\"Ink\u00f6psdatum\" value=\"\" type=\"date\" name=\"purchasedate\" \/><\/span>\n\t\t\t\t<\/p>\n\t\t\t<\/div>\n\t\t<\/div>\n\t\t<h3>Dataskydd och nyhetsbrev\n\t\t<\/h3>\n\t\t<div class=\"row\">\n\t\t\t<div class=\"col\">\n\t\t\t\t<p><span class=\"wpcf7-form-control-wrap\" data-name=\"newsletter\"><span class=\"wpcf7-form-control wpcf7-checkbox wpcf7-exclusive-checkbox form-check\"><span class=\"wpcf7-list-item first last\"><label><input type=\"checkbox\" name=\"newsletter\" value=\"Jag vill h\u00e5lla mig informerad om nyheter och nya produkter fr\u00e5n Diamant och ger d\u00e4rf\u00f6r mitt samtycke till att f\u00e5 e-post fr\u00e5n Diamant.\" \/><span class=\"wpcf7-list-item-label\">Jag vill h\u00e5lla mig informerad om nyheter och nya produkter fr\u00e5n Diamant och ger d\u00e4rf\u00f6r mitt samtycke till att f\u00e5 e-post fr\u00e5n Diamant.<\/span><\/label><\/span><\/span><\/span><br \/>\n<span class=\"wpcf7-form-control-wrap\" data-name=\"dsgvo\"><span class=\"wpcf7-form-control wpcf7-acceptance\"><span class=\"wpcf7-list-item\"><label><input type=\"checkbox\" name=\"dsgvo\" value=\"1\" id=\"dsgvo-accept\" aria-invalid=\"false\" \/><span class=\"wpcf7-list-item-label\"><label for=\"dsgvo-accept\">Genom att skicka detta formul\u00e4r godk\u00e4nner jag riktlinjerna f\u00f6r dataskydd. <\/label><\/span><\/label><\/span><\/span><\/span>\n\t\t\t\t<\/p>\n\t\t\t\t<p><input class=\"wpcf7-form-control wpcf7-submit has-spinner btn-block btn btn-primary data-trustpilot\" type=\"submit\" value=\"Skicka\" \/>\n\t\t\t\t<\/p>\n\t\t\t<\/div>\n\t\t<\/div>\n\t<\/div>\n<\/div><div class=\"wpcf7-response-output\" aria-hidden=\"true\"><\/div>\n<\/form>\n<\/div>\n<\/div>\n\n<\/div>\r\n      <\/div>\r\n    <\/div>\r\n  <\/div>\r\n<\/div><\/div>","protected":false},"excerpt":{"rendered":"","protected":false},"author":3,"featured_media":0,"parent":0,"menu_order":0,"comment_status":"closed","ping_status":"closed","template":"","meta":{"_acf_changed":false,"slim_seo":{"title":"Registrera din Diamant-cykel","description":"Registrera ditt diamanthjul nu. Skydda, hitta och s\u00e4kra garanti. Snabb registrering."},"footnotes":""},"class_list":["post-66479","page","type-page","status-publish","hentry"],"acf":[],"_links":{"self":[{"href":"https:\/\/www.diamantrad.com\/en-GB\/wp-json\/wp\/v2\/pages\/66479","targetHints":{"allow":["GET"]}}],"collection":[{"href":"https:\/\/www.diamantrad.com\/en-GB\/wp-json\/wp\/v2\/pages"}],"about":[{"href":"https:\/\/www.diamantrad.com\/en-GB\/wp-json\/wp\/v2\/types\/page"}],"author":[{"embeddable":true,"href":"https:\/\/www.diamantrad.com\/en-GB\/wp-json\/wp\/v2\/users\/3"}],"replies":[{"embeddable":true,"href":"https:\/\/www.diamantrad.com\/en-GB\/wp-json\/wp\/v2\/comments?post=66479"}],"version-history":[{"count":3,"href":"https:\/\/www.diamantrad.com\/en-GB\/wp-json\/wp\/v2\/pages\/66479\/revisions"}],"predecessor-version":[{"id":68132,"href":"https:\/\/www.diamantrad.com\/en-GB\/wp-json\/wp\/v2\/pages\/66479\/revisions\/68132"}],"wp:attachment":[{"href":"https:\/\/www.diamantrad.com\/en-GB\/wp-json\/wp\/v2\/media?parent=66479"}],"curies":[{"name":"wp","href":"https:\/\/api.w.org\/{rel}","templated":true}]}}