{"id":66510,"date":"2025-08-21T17:05:19","date_gmt":"2025-08-21T15:05:19","guid":{"rendered":"https:\/\/www.diamantrad.com\/?page_id=66510"},"modified":"2025-08-22T11:24:25","modified_gmt":"2025-08-22T09:24:25","slug":"about-us","status":"publish","type":"page","link":"https:\/\/www.diamantrad.com\/sv-SE\/about-us\/","title":{"rendered":"About us"},"content":{"rendered":"\n<div class=\"wp-block-cover is-light\"><img data-dominant-color=\"75807f\" data-has-transparency=\"false\" style=\"--dominant-color: #75807f;\" loading=\"lazy\" decoding=\"async\" width=\"1661\" height=\"932\" sizes=\"auto, (max-width: 1661px) 100vw, 1661px\" class=\"wp-block-cover__image-background wp-image-57524 size-full not-transparent\" alt=\"About us hero house of diamant\" src=\"https:\/\/www.diamantrad.com\/wp-content\/uploads\/2025\/03\/about-us-hero-house-of-diamant-png.avif\" data-object-fit=\"cover\" srcset=\"https:\/\/www.diamantrad.com\/wp-content\/uploads\/2025\/03\/about-us-hero-house-of-diamant-png.avif 1661w, https:\/\/www.diamantrad.com\/wp-content\/uploads\/2025\/03\/about-us-hero-house-of-diamant-300x168.avif 300w, https:\/\/www.diamantrad.com\/wp-content\/uploads\/2025\/03\/about-us-hero-house-of-diamant-1024x575.avif 1024w, https:\/\/www.diamantrad.com\/wp-content\/uploads\/2025\/03\/about-us-hero-house-of-diamant-768x431.avif 768w, https:\/\/www.diamantrad.com\/wp-content\/uploads\/2025\/03\/about-us-hero-house-of-diamant-1536x862.avif 1536w\" \/><span aria-hidden=\"true\" class=\"wp-block-cover__background has-background-dim\" style=\"background-color:#848687\"><\/span><div class=\"wp-block-cover__inner-container is-layout-constrained wp-block-cover-is-layout-constrained\"><div class=\"lazyblock-cover-text-2nxoOO wp-block-lazyblock-cover-text\"><div class=\"covertext container py-5 d-flex flex-column colorscheme-light justify-content-center\" id=\"covertext-2nxoOO\">\r\n  <div class=\"lazyblock-inner-blocks\">\n\n<h2 class=\"wp-block-heading\">Diamant<\/h2>\n\n\n\n<h3 class=\"wp-block-heading\">R\u00f6relse \u00e4r v\u00e5r fasta punkt<\/h3>\n\n<\/div>\r\n<\/div><\/div><\/div><\/div>\n\n\n<div class=\"lazyblock-nncontainer-11zmep wp-block-lazyblock-nncontainer\"><div class=\"section-standard\">\r\n  <div class=\"container\" id=\"container-11zmep\">\r\n    <div class=\"row\">\r\n      <div class=\"col py-4 py-lg-5\">\r\n        <div class=\"lazyblock-inner-blocks\">\n<div class=\"wp-bootstrap-blocks-row row\">\n\t\n\n<div class=\"col-12 col-md-6\">\n\t\t\t\n\n<h2 class=\"wp-block-heading has-text-align-right\">Bewegt seit 1885<\/h2>\n\n\t<\/div>\n\n\n\n<div class=\"col-12 col-md-6\">\n\t\t\t\n\n<p>V\u00e5rt f\u00f6retag grundades 1885. Vi \u00e4r Tysklands \u00e4ldsta cykeltillverkare. Diamant \u00e4r ocks\u00e5 det enda st\u00f6rre cykelm\u00e4rket fr\u00e5n \u00f6stra Tyskland. V\u00e5ra cyklar g\u00f6r det m\u00f6jligt f\u00f6r m\u00e4nniskor att n\u00e5 l\u00e4ngre och uppn\u00e5 mer. Mer r\u00f6rlighet. Fler platser. Mer aktivitet. Fler k\u00e4nslor. Mer kvalitet. St\u00f6rre frihet.<\/p>\n\n\n\n<p>R\u00f6relse \u00e4r v\u00e5r fasta punkt. Vi f\u00f6ljer med v\u00e5r tid, men vi p\u00e5verkar ocks\u00e5 tiden och m\u00e4nniskorna. Att p\u00e5verka m\u00e4nniskor \u2013 det \u00e4r att skapa sp\u00e4nning. Att p\u00e5verka saker \u2013 det \u00e4r att skapa f\u00f6r\u00e4ndring. Att p\u00e5verka tankar \u2013 det \u00e4r att skapa v\u00e4gledning.<\/p>\n\n\n\n<p>Och du d\u00e5? S\u00e4tt dig p\u00e5 cykeln. S\u00e4tt ig\u00e5ng! Du kan driva m\u00e4nsklig f\u00f6r\u00e4ndring. Du kan vara n\u00e5gons klenod. Det \u00e4r d\u00e4rf\u00f6r vi bygger v\u00e5ra cyklar. Helt enkelt mycket bra cyklar med v\u00e5r unika blandning av funktion, f\u00f6rfining, tradition och framsteg. Och f\u00f6r att sticka ut hakan: Vi \u00e4r ganska bra p\u00e5 det. Inte \u00f6vertygad? Testa oss!<\/p>\n\n\n\n<div class=\"wp-block-buttons is-content-justification-left is-layout-flex wp-container-core-buttons-is-layout-fdcfc74e wp-block-buttons-is-layout-flex\">\n<div class=\"wp-block-button mb-1\"><a role=\"button\" class=\"wp-block-button__link wp-element-button\" href=\"https:\/\/www.diamantrad.com\/sv-SE\/why-diamant\/\">Varf\u00f6r rida Diamant<\/a><\/div>\n<\/div>\n\n\t<\/div>\n\n<\/div>\n\n<\/div>\r\n      <\/div>\r\n    <\/div>\r\n  <\/div>\r\n<\/div><\/div>\n\n\n<div class=\"wp-block-cover is-light\"><img data-dominant-color=\"b97f80\" data-has-transparency=\"false\" style=\"--dominant-color: #b97f80;\" loading=\"lazy\" decoding=\"async\" width=\"1620\" height=\"1080\" sizes=\"auto, (max-width: 1620px) 100vw, 1620px\" class=\"wp-block-cover__image-background wp-image-36273 size-full not-transparent\" alt=\"\" src=\"https:\/\/www.diamantrad.com\/wp-content\/uploads\/2025\/02\/aa41f2bf84a7f0e232bd45f9b6a7da38.avif\" data-object-fit=\"cover\" srcset=\"https:\/\/www.diamantrad.com\/wp-content\/uploads\/2025\/02\/aa41f2bf84a7f0e232bd45f9b6a7da38.avif 1620w, https:\/\/www.diamantrad.com\/wp-content\/uploads\/2025\/02\/aa41f2bf84a7f0e232bd45f9b6a7da38-300x200.avif 300w, https:\/\/www.diamantrad.com\/wp-content\/uploads\/2025\/02\/aa41f2bf84a7f0e232bd45f9b6a7da38-1024x683.avif 1024w, https:\/\/www.diamantrad.com\/wp-content\/uploads\/2025\/02\/aa41f2bf84a7f0e232bd45f9b6a7da38-768x512.avif 768w, https:\/\/www.diamantrad.com\/wp-content\/uploads\/2025\/02\/aa41f2bf84a7f0e232bd45f9b6a7da38-1536x1024.avif 1536w\" \/><span aria-hidden=\"true\" class=\"wp-block-cover__background has-background-dim-0 has-background-dim\" style=\"background-color:#c2c1c2\"><\/span><div class=\"wp-block-cover__inner-container is-layout-constrained wp-block-cover-is-layout-constrained\">\n<p class=\"has-text-align-center has-large-font-size\"><\/p>\n<\/div><\/div>\n\n\n<div class=\"lazyblock-nncontainer-GWka wp-block-lazyblock-nncontainer\"><div class=\"section-standard\">\r\n  <div class=\"container\" id=\"container-GWka\">\r\n    <div class=\"row\">\r\n      <div class=\"col py-4 py-lg-5\">\r\n        <div class=\"lazyblock-inner-blocks\">\n\n<h2 class=\"wp-block-heading\">Heartmade in Hartmannsdorf<\/h2>\n\n\n\n<p>Vi \u00e4r \u00f6ver 400 v\u00e4ldigt normala, v\u00e4ldigt jordn\u00e4ra m\u00e4nniskor. Men vi brinner alla f\u00f6r att Diamant ska f\u00e5 dig att gl\u00e4nsa n\u00e4r du cyklar.<\/p>\n\n\n\n<p>S\u00e5dana \u00e4r vi. Mer \u00e4n 400 helt normala, v\u00e4ldigt jordn\u00e4ra och \u00e4rliga m\u00e4nniskor som arbetar i en liten by ett stenkast fr\u00e5n Chemnitz. Vissa har arbetat hos oss i \u00f6ver 40 \u00e5r. Vissa stannar bara en kort tid. Sanningen att s\u00e4ga \u00e4r vissa av oss inte passionerade cyklister. Men vi vill alla att du ska bli f\u00f6r\u00e4lskad i din Diamant. Det ger oss tillfredsst\u00e4llelse, gl\u00e4dje och stolthet. Och vet du? Chemnitz var centrum f\u00f6r den tyska cykelindustrin i b\u00f6rjan av 1900-talet. Nu \u00e4r det bara Diamant som finns kvar. Vi representerar och utvecklar arvet fr\u00e5n v\u00e5rt \u00e4lskade hem. Vissa dagar k\u00e4nns det bara som ett vanligt jobb. Men vi identifierar oss med det vi g\u00f6r, och v\u00e5ra cyklar \u00e4r ambassad\u00f6rer f\u00f6r vilka vi \u00e4r. Vi h\u00e5ller hantverket h\u00f6gt. Och det vi g\u00f6r kommer fr\u00e5n hj\u00e4rtat.<\/p>\n\n<\/div>\r\n      <\/div>\r\n    <\/div>\r\n  <\/div>\r\n<\/div><\/div>\n\n\n<div class=\"wp-block-cover is-light\"><img data-dominant-color=\"797c88\" data-has-transparency=\"false\" loading=\"lazy\" decoding=\"async\" width=\"2560\" height=\"1707\" sizes=\"auto, (max-width: 2560px) 100vw, 2560px\" class=\"wp-block-cover__image-background wp-image-55530 size-full not-transparent\" alt=\"\" src=\"https:\/\/www.diamantrad.com\/wp-content\/uploads\/2025\/03\/diamant-about-us-heartmade-in-hartmansdorf-scaled.avif\" style=\"--dominant-color: #797c88; object-position:52% 0%\" data-object-fit=\"cover\" data-object-position=\"52% 0%\" srcset=\"https:\/\/www.diamantrad.com\/wp-content\/uploads\/2025\/03\/diamant-about-us-heartmade-in-hartmansdorf-scaled.avif 2560w, https:\/\/www.diamantrad.com\/wp-content\/uploads\/2025\/03\/diamant-about-us-heartmade-in-hartmansdorf-300x200.avif 300w, https:\/\/www.diamantrad.com\/wp-content\/uploads\/2025\/03\/diamant-about-us-heartmade-in-hartmansdorf-1024x683.avif 1024w, https:\/\/www.diamantrad.com\/wp-content\/uploads\/2025\/03\/diamant-about-us-heartmade-in-hartmansdorf-768x512.avif 768w, https:\/\/www.diamantrad.com\/wp-content\/uploads\/2025\/03\/diamant-about-us-heartmade-in-hartmansdorf-1536x1024.avif 1536w, https:\/\/www.diamantrad.com\/wp-content\/uploads\/2025\/03\/diamant-about-us-heartmade-in-hartmansdorf-2048x1365.avif 2048w\" \/><span aria-hidden=\"true\" class=\"wp-block-cover__background has-background-dim-0 has-background-dim\"><\/span><div class=\"wp-block-cover__inner-container is-layout-constrained wp-block-cover-is-layout-constrained\">\n<p class=\"has-text-align-center has-large-font-size\"><\/p>\n<\/div><\/div>\n\n\n<div class=\"lazyblock-nncontainer-20KPQK wp-block-lazyblock-nncontainer\"><div class=\"section-standard\">\r\n  <div class=\"container\" id=\"container-20KPQK\">\r\n    <div class=\"row\">\r\n      <div class=\"col py-4 py-lg-5\">\r\n        <div class=\"lazyblock-inner-blocks\">\n\n<h2 class=\"wp-block-heading\">Vi \u00e4r tyskar, och m\u00e4nniskor<\/h2>\n\n\n\n<p>Kvalitet, teknik, ingenj\u00f6rskonst \u2013 vi f\u00f6rkroppsligar dessa tyska v\u00e4rderingar. Men vi l\u00e4gger till ett lager av m\u00e4nsklig v\u00e4rme och empati s\u00e5 att de uppfyller sitt syfte: att p\u00e5verka m\u00e4nniskor som p\u00e5verkar saker.<\/p>\n\n\n\n<p>\u201dMade in Germany\u201d st\u00e5r f\u00f6r kvalitet och expertis, och f\u00f6r framst\u00e5ende teknik och ingenj\u00f6rskonst. Naturligtvis vill Diamant ocks\u00e5 f\u00f6rkroppsliga dessa v\u00e4rden. Men f\u00f6r oss handlar det om mycket mer \u00e4n kalla, tekniska begrepp. Cyklar \u00e4r till f\u00f6r m\u00e4nniskor \u2013 och m\u00e4nniskor har dr\u00f6mmar. De vill \u00f6vervinna svagheter, sjukdomar eller bristande sj\u00e4lvf\u00f6rtroende. De vill uppleva frihet och uppn\u00e5 sina m\u00e5l. Specifikationer och funktioner m\u00e5ste d\u00e4rf\u00f6r vara mer \u00e4n bara m\u00e5l i sig sj\u00e4lva. De finns d\u00e4r av en anledning: att p\u00e5verka m\u00e4nniskor som p\u00e5verkar saker.<\/p>\n\n<\/div>\r\n      <\/div>\r\n    <\/div>\r\n  <\/div>\r\n<\/div><\/div>\n\n\n<div class=\"wp-block-cover is-light\"><img data-dominant-color=\"95807d\" data-has-transparency=\"false\" loading=\"lazy\" decoding=\"async\" width=\"1620\" height=\"1080\" sizes=\"auto, (max-width: 1620px) 100vw, 1620px\" class=\"wp-block-cover__image-background wp-image-55680 size-full not-transparent\" alt=\"\" src=\"https:\/\/www.diamantrad.com\/wp-content\/uploads\/2025\/03\/diamant-about-us-felix.avif\" style=\"--dominant-color: #95807d; object-position:50% 86%\" data-object-fit=\"cover\" data-object-position=\"50% 86%\" srcset=\"https:\/\/www.diamantrad.com\/wp-content\/uploads\/2025\/03\/diamant-about-us-felix.avif 1620w, https:\/\/www.diamantrad.com\/wp-content\/uploads\/2025\/03\/diamant-about-us-felix-300x200.avif 300w, https:\/\/www.diamantrad.com\/wp-content\/uploads\/2025\/03\/diamant-about-us-felix-1024x683.avif 1024w, https:\/\/www.diamantrad.com\/wp-content\/uploads\/2025\/03\/diamant-about-us-felix-768x512.avif 768w, https:\/\/www.diamantrad.com\/wp-content\/uploads\/2025\/03\/diamant-about-us-felix-1536x1024.avif 1536w\" \/><span aria-hidden=\"true\" class=\"wp-block-cover__background has-background-dim-0 has-background-dim\" style=\"background-color:#a3a5a4\"><\/span><div class=\"wp-block-cover__inner-container is-layout-constrained wp-block-cover-is-layout-constrained\">\n<p class=\"has-text-align-center has-large-font-size\"><\/p>\n<\/div><\/div>\n\n\n<div class=\"lazyblock-nncontainer-E8J4g wp-block-lazyblock-nncontainer\"><div class=\"section-standard\">\r\n  <div class=\"container\" id=\"container-E8J4g\">\r\n    <div class=\"row\">\r\n      <div class=\"col py-4 py-lg-5\">\r\n        <div class=\"lazyblock-inner-blocks\">\n\n<h2 class=\"wp-block-heading\">Det andra Tysklands coola ansikte<\/h2>\n\n\n\n<p>Vi \u00e4r \u00f6sttyskar. V\u00e5r historia \u00e4r en l\u00e5ng ber\u00e4ttelse om s\u00f6kandet efter frihet. Vi kommer inte att f\u00f6r\u00e4ndra v\u00e4rlden. Men vi kan g\u00f6ra din v\u00e4rld mer bekv\u00e4m. Och det beh\u00f6ver inte vara tr\u00e5kigt.<\/p>\n\n\n\n<p>V\u00e5r historia str\u00e4cker sig bortom \u00e5lder och prestationer. Vi \u00e4r fr\u00e5n \u00f6stra Tyskland. M\u00e4nniskans eviga str\u00e4van efter frihet och ett b\u00e4ttre liv i en v\u00e4rld full av begr\u00e4nsningar, det \u00e4r n\u00e5got vi har i generna. Vi byggde cyklar f\u00f6r att \u00f6ka k\u00e4nslan av frihet medan muren h\u00f6ll oss inne.<\/p>\n\n\n\n<p>Idag \u00e4r murarna inte l\u00e4ngre fysiska, men v\u00e5rt m\u00e5l \u00e4r fortfarande att riva ner hinder och gr\u00e4nser. Att se saker fr\u00e5n ett annat perspektiv. Att bryta f\u00f6rdomarna. F\u00f6r att f\u00e5 saker att h\u00e4nda. Och f\u00f6r att p\u00e5verka dig. Nej, vi kan inte f\u00f6r\u00e4ndra v\u00e4rlden. Men vi kan g\u00f6ra din v\u00e4rld mer bekv\u00e4m. Och det beh\u00f6ver inte vara tr\u00e5kigt.<\/p>\n\n<\/div>\r\n      <\/div>\r\n    <\/div>\r\n  <\/div>\r\n<\/div><\/div>\n\n\n<div class=\"wp-block-cover is-light\"><img data-dominant-color=\"8b7986\" data-has-transparency=\"false\" loading=\"lazy\" decoding=\"async\" width=\"1024\" height=\"683\" sizes=\"auto, (max-width: 1024px) 100vw, 1024px\" class=\"wp-block-cover__image-background wp-image-55546 size-large not-transparent\" alt=\"\" src=\"https:\/\/www.diamantrad.com\/wp-content\/uploads\/2025\/03\/DI_25_Mahon_Lifestyle_67I0858_72dpi-1024x683.avif\" style=\"--dominant-color: #8b7986; object-position:81% 62%\" data-object-fit=\"cover\" data-object-position=\"81% 62%\" srcset=\"https:\/\/www.diamantrad.com\/wp-content\/uploads\/2025\/03\/DI_25_Mahon_Lifestyle_67I0858_72dpi-1024x683.avif 1024w, https:\/\/www.diamantrad.com\/wp-content\/uploads\/2025\/03\/DI_25_Mahon_Lifestyle_67I0858_72dpi-300x200.avif 300w, https:\/\/www.diamantrad.com\/wp-content\/uploads\/2025\/03\/DI_25_Mahon_Lifestyle_67I0858_72dpi-768x512.avif 768w, https:\/\/www.diamantrad.com\/wp-content\/uploads\/2025\/03\/DI_25_Mahon_Lifestyle_67I0858_72dpi-1536x1024.avif 1536w, https:\/\/www.diamantrad.com\/wp-content\/uploads\/2025\/03\/DI_25_Mahon_Lifestyle_67I0858_72dpi.avif 1587w\" \/><span aria-hidden=\"true\" class=\"wp-block-cover__background has-background-dim-0 has-background-dim\" style=\"background-color:#978e83\"><\/span><div class=\"wp-block-cover__inner-container is-layout-constrained wp-block-cover-is-layout-constrained\">\n<p class=\"has-text-align-center has-large-font-size\"><\/p>\n<\/div><\/div>\n\n\n<div class=\"lazyblock-nncontainer-1VeDjm wp-block-lazyblock-nncontainer\"><div class=\"section-standard\">\r\n  <div class=\"container\" id=\"container-1VeDjm\">\r\n    <div class=\"row\">\r\n      <div class=\"col py-4 py-lg-5\">\r\n        <div class=\"lazyblock-inner-blocks\">\n\n<h2 class=\"wp-block-heading\">Varum\u00e4rke med tradition, inte tradition som varum\u00e4rke<\/h2>\n\n\n\n<p>Vi \u00e4r gamla. Vi uppfann den moderna cykelkedjan med dubbla rullar. Men det finns inget v\u00e4rde i att vara gammal om det \u00e4r allt du har att erbjuda. Anledningen till att vi idag har en historia \u00e4r att vi alltid varit moderna.<\/p>\n\n\n\n<p>Vi \u00e4r ett gammalt, tyskt varum\u00e4rke. Vi uppfann den moderna cykelkedjan med dubbla rullar. De f\u00f6rsta tyska cyklisterna som bar den gula tr\u00f6jan och blev v\u00e4rldsm\u00e4stare cyklade p\u00e5 Diamant. Och i b\u00f6rjan av 1990-talet b\u00f6rjade vi serietillverka den andra moderna elcykeln. Men arvet \u00e4r statiskt. Nutiden kr\u00e4ver fram\u00e5tr\u00f6relse. Och vi \u00e4r mycket, mycket mer \u00e4n bara \u00e4nnu ett gammalt varum\u00e4rke med en resv\u00e4ska full av historiska anekdoter. Anledningen till att vi idag har en historia \u00e4r att vi alltid varit moderna. N\u00e4r v\u00e5rt f\u00f6rflutna fortfarande var v\u00e5r nutid, verkade vi f\u00f6r att m\u00f6ta den tidens utmaningar. Vi \u00e4r lika unga som vi \u00e4r gamla. Och utveckling \u00e4r v\u00e5rt arv. Vi v\u00e5gar fortfarande bryta v\u00e5ra egna konventioner.<\/p>\n\n\n\n<p>Vi \u00e4r mer \u00e4n tradition som varum\u00e4rke. Vi \u00e4r ett varum\u00e4rke med stolta traditioner.<\/p>\n\n\n\n<div class=\"wp-block-buttons is-content-justification-left is-layout-flex wp-container-core-buttons-is-layout-fdcfc74e wp-block-buttons-is-layout-flex\">\n<div class=\"wp-block-button\"><a role=\"button\" class=\"wp-block-button__link wp-element-button\" href=\"https:\/\/www.diamantrad.com\/sv-SE\/history\/\">V\u00e5r historia i detalj<\/a><\/div>\n<\/div>\n\n<\/div>\r\n      <\/div>\r\n    <\/div>\r\n  <\/div>\r\n<\/div><\/div>","protected":false},"excerpt":{"rendered":"","protected":false},"author":3,"featured_media":0,"parent":0,"menu_order":0,"comment_status":"closed","ping_status":"closed","template":"","meta":{"_acf_changed":false,"slim_seo":{"title":"Diamant - Heartmade in Hartmannsdorf - Tyskt kultm\u00e4rke","description":"Uppt\u00e4ck den moderna, jordn\u00e4ra sidan av Tysklands \u00e4ldsta cykelm\u00e4rke. R\u00f6relse \u00e4r v\u00e5rt fokus. Frihet \u00e4r v\u00e5rt m\u00e5l."},"footnotes":""},"class_list":["post-66510","page","type-page","status-publish","hentry"],"acf":[],"_links":{"self":[{"href":"https:\/\/www.diamantrad.com\/en-GB\/wp-json\/wp\/v2\/pages\/66510","targetHints":{"allow":["GET"]}}],"collection":[{"href":"https:\/\/www.diamantrad.com\/en-GB\/wp-json\/wp\/v2\/pages"}],"about":[{"href":"https:\/\/www.diamantrad.com\/en-GB\/wp-json\/wp\/v2\/types\/page"}],"author":[{"embeddable":true,"href":"https:\/\/www.diamantrad.com\/en-GB\/wp-json\/wp\/v2\/users\/3"}],"replies":[{"embeddable":true,"href":"https:\/\/www.diamantrad.com\/en-GB\/wp-json\/wp\/v2\/comments?post=66510"}],"version-history":[{"count":3,"href":"https:\/\/www.diamantrad.com\/en-GB\/wp-json\/wp\/v2\/pages\/66510\/revisions"}],"predecessor-version":[{"id":66602,"href":"https:\/\/www.diamantrad.com\/en-GB\/wp-json\/wp\/v2\/pages\/66510\/revisions\/66602"}],"wp:attachment":[{"href":"https:\/\/www.diamantrad.com\/en-GB\/wp-json\/wp\/v2\/media?parent=66510"}],"curies":[{"name":"wp","href":"https:\/\/api.w.org\/{rel}","templated":true}]}}