{"id":66529,"date":"2025-08-21T17:23:31","date_gmt":"2025-08-21T15:23:31","guid":{"rendered":"https:\/\/www.diamantrad.com\/?page_id=66529"},"modified":"2026-01-08T14:37:46","modified_gmt":"2026-01-08T13:37:46","slug":"why-diamant","status":"publish","type":"page","link":"https:\/\/www.diamantrad.com\/sv-SE\/why-diamant\/","title":{"rendered":"Why Diamant"},"content":{"rendered":"\n<div class=\"wp-block-cover is-light\"><video class=\"wp-block-cover__video-background intrinsic-ignore\" autoplay muted loop playsinline src=\"https:\/\/www.diamantrad.com\/wp-content\/uploads\/2025\/03\/diamant-mahon-loop-1.mp4\" data-object-fit=\"cover\" preload=\"metadata\"><\/video><span aria-hidden=\"true\" class=\"wp-block-cover__background has-background-dim\" style=\"background-color:#FFF\"><\/span><div class=\"wp-block-cover__inner-container is-layout-constrained wp-block-cover-is-layout-constrained\">\n<p class=\"has-text-align-center has-large-font-size\"><\/p>\n\n\n<div class=\"lazyblock-cover-text-Z1KcJ7o wp-block-lazyblock-cover-text\"><div class=\"covertext container py-5 d-flex flex-column colorscheme-dark justify-content-center\" id=\"covertext-Z1KcJ7o\">\r\n  <div class=\"lazyblock-inner-blocks\">\n\n<h2 class=\"wp-block-heading\">Varf\u00f6r Diamant?<\/h2>\n\n<\/div>\r\n<\/div><\/div><\/div><\/div>\n\n\n<div class=\"lazyblock-nncontainer-2clmBO wp-block-lazyblock-nncontainer\"><div class=\"section-standard\">\r\n  <div class=\"container\" id=\"container-2clmBO\">\r\n    <div class=\"row\">\r\n      <div class=\"col py-4 py-lg-5\">\r\n        <div class=\"lazyblock-inner-blocks\">\n\n<h2 class=\"wp-block-heading\">Ride ahead. Ride a head.<\/h2>\n\n\n\n<p>Liksom alla cykelm\u00e4rken str\u00e4var vi efter innovativa produkter. Vi \u00e4ger patent och har varit f\u00f6rst ut inom m\u00e5nga omr\u00e5den. Men innovation \u00e4r n\u00e4r produkter utvecklas p\u00e5 ett meningsfullt s\u00e4tt till en b\u00e4ttre version av sig sj\u00e4lva. Vi f\u00f6ljer inte varje flyktig trend bara f\u00f6r att kunna s\u00e4tta den senaste, smartaste komponenten p\u00e5 v\u00e5ra nya modeller. Vi str\u00e4var efter cyklar som fungerar b\u00e4ttre p\u00e5 l\u00e5ng sikt.<\/p>\n\n\n\n<p>L\u00e5t oss f\u00f6rklara v\u00e5rt innovationsfokus.<\/p>\n\n<\/div>\r\n      <\/div>\r\n    <\/div>\r\n  <\/div>\r\n<\/div><\/div>\n\n<div class=\"lazyblock-nncontainer-ZLKGXX wp-block-lazyblock-nncontainer\"><div class=\"section-standard\">\r\n  <div class=\"container\" id=\"container-ZLKGXX\">\r\n    <div class=\"row\">\r\n      <div class=\"col py-4 py-lg-5\">\r\n        <div class=\"lazyblock-inner-blocks\">\n\n<h2 class=\"wp-block-heading\">Clever Tech: Var klok innan du \u00e4r smart.<\/h2>\n\n\n\n<p>Vi utvecklar v\u00e5r egen ramteknik och fattar mycket medvetna beslut om hur v\u00e5ra cyklar ska fungera \u2013 inte bara idag, utan \u00e4ven n\u00e4sta vecka, n\u00e4sta \u00e5r och om tio \u00e5r. N\u00e4sta vecka ska du \u00e5ka p\u00e5 cykelsemester. N\u00e4sta \u00e5r vill du ha ett annat styre. Och om tio \u00e5r letar du fortfarande efter kompatibla reservdelar n\u00e4r originalutrustningen kanske inte s\u00e4ljs l\u00e4ngre.<\/p>\n\n\n\n<ul class=\"wp-block-list\">\n<li>Under en tid gjorde vi samma misstag som m\u00e5nga andra tillverkare. Idag designar vi v\u00e5ra ramar med h\u00e5llbarhet och flexibilitet i \u00e5tanke.<\/li>\n\n\n\n<li>Mindre propriet\u00e4ra. Mer \u00f6ppenhet.<\/li>\n\n\n\n<li>Mindre komplicerat. Mer funktionellt.<\/li>\n\n\n\n<li>Din lokala cykelmekaniker b\u00f6r kunna reparera din n\u00e4sta cykel enklare och mer intuitivt \u00e4n den f\u00f6rra.<\/li>\n\n\n\n<li>Du b\u00f6r kunna hitta standardreservdelar \u00f6verallt.<\/li>\n\n\n\n<li>Den mest relevanta utrustningen fr\u00e5n de mest etablerade tillbeh\u00f6rsm\u00e4rkena b\u00f6r ha optimal passform i de flesta fall.<\/li>\n<\/ul>\n\n\n\n<p>Kanske v\u00e4ntar du ett, tv\u00e5, tre \u00e5r till p\u00e5 den senaste elcykelmotorn eller den senaste finessen. Kanske n\u00e5gon teknisk l\u00f6sning som vi aldrig kommer att erbjuda. Vi hoppar inte p\u00e5 varje trend. Det finns ju s\u00e5 m\u00e5nga av dem \u00e4nd\u00e5. I st\u00e4llet vill vi att du ska k\u00e4nna dig s\u00e4ker p\u00e5 att nyheter som sl\u00e4pps ut p\u00e5 marknaden \u00e4r genomt\u00e4nkta. Det \u00e4r vad en smart cykel \u00e4r f\u00f6r oss: Helt enkelt en mycket bra cykel.<\/p>\n\n\n\n<div class=\"wp-block-buttons is-layout-flex wp-block-buttons-is-layout-flex\">\n<div class=\"wp-block-button\"><a role=\"button\" class=\"wp-block-button__link wp-element-button\" href=\"https:\/\/www.diamantrad.com\/sv-SE\/bikes\/\">Hitta din riktigt bra cykel<\/a><\/div>\n<\/div>\n\n<\/div>\r\n      <\/div>\r\n    <\/div>\r\n  <\/div>\r\n<\/div><\/div>\n\n<div class=\"lazyblock-nncontainer-Z12OzA8 wp-block-lazyblock-nncontainer\"><div class=\"section-standard\">\r\n  <div class=\"container\" id=\"container-Z12OzA8\">\r\n    <div class=\"row\">\r\n      <div class=\"col py-4 py-lg-5\">\r\n        <div class=\"lazyblock-inner-blocks\">\n\n<h2 class=\"wp-block-heading\"><strong>Sedan 1885 \u2013 ett varum\u00e4rke du kan lita p\u00e5<\/strong><\/h2>\n\n\n\n<p>Inom cykelindustrin eller n\u00e5gon annanstans har bara n\u00e5gra f\u00e5 varum\u00e4rken funnits lika l\u00e4nge som vi \u2013 140 \u00e5r! Vi \u00e4r kanske inte ett hipstervarum\u00e4rke, men<\/p>\n\n\n\n<ul class=\"wp-block-list\">\n<li>g\u00e5ng p\u00e5 g\u00e5ng hamnar vi bland topp 3 eller topp 5 n\u00e4r m\u00e4nniskor tillfr\u00e5gas vilket varum\u00e4rke de v\u00e4rderar h\u00f6gst f\u00f6r kvalitet, r\u00e4ttvisa och pris\/prestanda, och<\/li>\n\n\n\n<li>vi \u00e4r k\u00e4nda f\u00f6r p\u00e5litlighet, engagemang f\u00f6r milj\u00f6m\u00e4ssig h\u00e5llbarhet och kundn\u00f6jdhet.<\/li>\n<\/ul>\n\n\n\n<p>AEfter 140 \u00e5r ges inte l\u00e4ngre f\u00f6rtroende bara s\u00e5 d\u00e4r \u2013 det f\u00f6rtj\u00e4nas. I \u00f6ver ett sekel har vi tagit p\u00e5 oss utmaningen att uppr\u00e4tth\u00e5lla v\u00e5rt namn. Ibland g\u00e5r det ocks\u00e5 fel f\u00f6r oss \u2013 det \u00e4r bara m\u00e4nskligt och \u00e4rligt. Men n\u00e4r det h\u00e4nder \u00e4r vi passionerade \u00f6ver att r\u00e4tta till det.<\/p>\n\n\n\n<div class=\"wp-block-buttons is-layout-flex wp-block-buttons-is-layout-flex\">\n<div class=\"wp-block-button\"><a role=\"button\" class=\"wp-block-button__link wp-element-button\" href=\"https:\/\/www.diamantrad.com\/sv-SE\/tests-awards\/\">Se vad andra s\u00e4ger<\/a><\/div>\n<\/div>\n\n<\/div>\r\n      <\/div>\r\n    <\/div>\r\n  <\/div>\r\n<\/div><\/div>\n\n<div class=\"lazyblock-nncontainer-Z206L26 wp-block-lazyblock-nncontainer\"><div class=\"section-light\">\r\n  <div class=\"container\" id=\"container-Z206L26\">\r\n    <div class=\"row\">\r\n      <div class=\"col py-5 py-lg-6\">\r\n        <div class=\"lazyblock-inner-blocks\">\n<div class=\"wp-bootstrap-blocks-row row mb-0 gx-5\">\n\t\n\n<div class=\"col-12 col-md-3\">\n\t\t\t\n<div class=\"wp-block-image mb-3\">\n<figure class=\"aligncenter size-full is-resized\"><img loading=\"lazy\" decoding=\"async\" width=\"117\" height=\"117\" sizes=\"auto, (max-width: 117px) 100vw, 117px\" src=\"https:\/\/www.diamantrad.com\/wp-content\/uploads\/2025\/02\/icon-handgefertigt.svg\" alt=\"Icon Handgefertigt\" class=\"wp-image-36204\" style=\"object-fit:cover;width:100px;height:100px\"\/><\/figure>\n<\/div>\n\n\n<h3 class=\"wp-block-heading has-text-align-center\"><strong>Handgjord i Tyskland<\/strong><\/h3>\n\n\n\n<p class=\"has-text-align-center\">Du k\u00f6per en cykel som har monterats i v\u00e5r huvudfabrik i Hartmannsdorf.<\/p>\n\n\t<\/div>\n\n\n\n<div class=\"col-12 col-md-3\">\n\t\t\t\n<div class=\"wp-block-image mb-3\">\n<figure class=\"aligncenter size-full is-resized\"><img loading=\"lazy\" decoding=\"async\" width=\"117\" height=\"117\" sizes=\"auto, (max-width: 117px) 100vw, 117px\" src=\"https:\/\/www.diamantrad.com\/wp-content\/uploads\/2025\/02\/icon-design.svg\" alt=\"Icon Design\" class=\"wp-image-36214\" style=\"object-fit:cover;width:100px;height:100px\"\/><\/figure>\n<\/div>\n\n\n<h3 class=\"wp-block-heading has-text-align-center\"><strong>Utm\u00e4rkt design<\/strong><\/h3>\n\n\n\n<p class=\"has-text-align-center\">Vi designar v\u00e5ra cyklar med omsorg om detaljerna. Din cykel har vunnit designpriser.<\/p>\n\n\t<\/div>\n\n\n\n<div class=\"col-12 col-md-3\">\n\t\t\t\n<div class=\"wp-block-image mb-3\">\n<figure class=\"aligncenter size-full is-resized\"><img loading=\"lazy\" decoding=\"async\" width=\"117\" height=\"117\" sizes=\"auto, (max-width: 117px) 100vw, 117px\" src=\"https:\/\/www.diamantrad.com\/wp-content\/uploads\/2025\/02\/icon-haendler.svg\" alt=\"Icon Haendler\" class=\"wp-image-36224\" style=\"object-fit:cover;width:100px;height:100px\"\/><\/figure>\n<\/div>\n\n\n<h3 class=\"wp-block-heading has-text-align-center\"><strong>Erfarna \u00e5terf\u00f6rs\u00e4ljare<\/strong><\/h3>\n\n\n\n<p class=\"has-text-align-center\">N\u00e4r du k\u00f6per f\u00e5r du personlig r\u00e5dgivning. Om n\u00e5got g\u00e5r fel reparerar erfarna mekaniker din cykel.<\/p>\n\n\t<\/div>\n\n\n\n<div class=\"col-12 col-md-3\">\n\t\t\t\n<div class=\"wp-block-image mb-3\">\n<figure class=\"aligncenter size-full is-resized\"><img loading=\"lazy\" decoding=\"async\" width=\"117\" height=\"133\" sizes=\"auto, (max-width: 117px) 100vw, 117px\" src=\"https:\/\/www.diamantrad.com\/wp-content\/uploads\/2025\/02\/icon-garantie.svg\" alt=\"Icon Garantie\" class=\"wp-image-36234\" style=\"object-fit:cover;width:100px;height:100px\"\/><\/figure>\n<\/div>\n\n\n<h3 class=\"wp-block-heading has-text-align-center\"><strong>Mer \u00e4n 40 \u00e5rs garanti<\/strong><\/h3>\n\n\n\n<p class=\"has-text-align-center\">Din ram ska h\u00e5lla hela livet \u2013 precis som en diamant. Vi \u00f6nskar dig ett l\u00e5ngt liv.<\/p>\n\n\t<\/div>\n\n<\/div>\n\n<\/div>\r\n      <\/div>\r\n    <\/div>\r\n  <\/div>\r\n<\/div><\/div>","protected":false},"excerpt":{"rendered":"","protected":false},"author":3,"featured_media":0,"parent":0,"menu_order":0,"comment_status":"closed","ping_status":"closed","template":"","meta":{"_acf_changed":false,"slim_seo":{"title":"Diamant - Rid p\u00e5 ett huvud. Rid f\u00f6re. Helt enkelt v\u00e4ldigt bra cyklar.","description":"Uppt\u00e4ck varf\u00f6r Diamant sedan 1885 st\u00e5r f\u00f6r kvalitet och passion: innovation, tradition och design f\u00f6renas i varje motorcykel. Utan risk. Uppt\u00e4ck Diamant redan idag."},"footnotes":""},"class_list":["post-66529","page","type-page","status-publish","hentry"],"acf":[],"_links":{"self":[{"href":"https:\/\/www.diamantrad.com\/sv-SE\/wp-json\/wp\/v2\/pages\/66529","targetHints":{"allow":["GET"]}}],"collection":[{"href":"https:\/\/www.diamantrad.com\/sv-SE\/wp-json\/wp\/v2\/pages"}],"about":[{"href":"https:\/\/www.diamantrad.com\/sv-SE\/wp-json\/wp\/v2\/types\/page"}],"author":[{"embeddable":true,"href":"https:\/\/www.diamantrad.com\/sv-SE\/wp-json\/wp\/v2\/users\/3"}],"replies":[{"embeddable":true,"href":"https:\/\/www.diamantrad.com\/sv-SE\/wp-json\/wp\/v2\/comments?post=66529"}],"version-history":[{"count":3,"href":"https:\/\/www.diamantrad.com\/sv-SE\/wp-json\/wp\/v2\/pages\/66529\/revisions"}],"predecessor-version":[{"id":66625,"href":"https:\/\/www.diamantrad.com\/sv-SE\/wp-json\/wp\/v2\/pages\/66529\/revisions\/66625"}],"wp:attachment":[{"href":"https:\/\/www.diamantrad.com\/sv-SE\/wp-json\/wp\/v2\/media?parent=66529"}],"curies":[{"name":"wp","href":"https:\/\/api.w.org\/{rel}","templated":true}]}}