{"id":66620,"date":"2025-08-26T11:22:25","date_gmt":"2025-08-26T09:22:25","guid":{"rendered":"https:\/\/www.diamantrad.com\/?page_id=66620"},"modified":"2026-01-08T14:37:07","modified_gmt":"2026-01-08T13:37:07","slug":"tests-awards","status":"publish","type":"page","link":"https:\/\/www.diamantrad.com\/sv-SE\/tests-awards\/","title":{"rendered":"Tests &#038; Awards"},"content":{"rendered":"\n<div class=\"wp-block-cover is-light\"><video class=\"wp-block-cover__video-background intrinsic-ignore\" autoplay muted loop playsinline src=\"https:\/\/www.diamantrad.com\/wp-content\/uploads\/2025\/03\/diamant-testsawards.mp4\" data-object-fit=\"cover\"><\/video><span aria-hidden=\"true\" class=\"wp-block-cover__background has-background-dim\" style=\"background-color:#FFF\"><\/span><div class=\"wp-block-cover__inner-container is-layout-constrained wp-block-cover-is-layout-constrained\">\n<p class=\"has-text-align-center has-large-font-size\"><\/p>\n\n\n<div class=\"lazyblock-cover-text-19iqvX wp-block-lazyblock-cover-text\"><div class=\"covertext container py-5 d-flex flex-column colorscheme-light justify-content-center\" id=\"covertext-19iqvX\">\r\n  <div class=\"lazyblock-inner-blocks\">\n\n<h2 class=\"wp-block-heading\"><strong><strong><strong>Tester &amp; Utm\u00e4rkelser<\/strong><\/strong><\/strong><\/h2>\n\n\n\n<h3 class=\"wp-block-heading\"><strong>Hur bra \u00e4r Diamant-cyklar<\/strong><\/h3>\n\n<\/div>\r\n<\/div><\/div><\/div><\/div>\n\n\n<div class=\"lazyblock-nncontainer-1plOtb wp-block-lazyblock-nncontainer\"><div class=\"section-standard\">\r\n  <div class=\"container\" id=\"container-1plOtb\">\r\n    <div class=\"row\">\r\n      <div class=\"col py-4 py-lg-5\">\r\n        <div class=\"lazyblock-inner-blocks\">\n\n<p>Nedan sammanst\u00e4ller vi individuella tester och j\u00e4mf\u00f6relsetester av Diamant-cyklar fr\u00e5n modell\u00e5r 2023 och fram\u00e5t som fortfarande \u00e4r en del av v\u00e5rt sortiment \u2013 antingen of\u00f6r\u00e4ndrade eller bara justerade f\u00f6r att beh\u00e5lla testernas relevans. Vi listar ocks\u00e5 utm\u00e4rkelser som Diamant-modeller eller varum\u00e4rket Diamant sj\u00e4lvt har f\u00e5tt. L\u00e4ngre ner hittar du en transparensf\u00f6rklaring som f\u00f6rklarar hur vi deltar i tester, v\u00e5r inst\u00e4llning till betalda tester och hur vi best\u00e4mmer vilka cyklar vi skickar in.<\/p>\n\n<\/div>\r\n      <\/div>\r\n    <\/div>\r\n  <\/div>\r\n<\/div><\/div>\n\n\n\n<div class=\"lazyblock-nncontainer-1xBmWs wp-block-lazyblock-nncontainer\"><div class=\"section-standard\">\r\n  <div class=\"container\" id=\"container-1xBmWs\">\r\n    <div class=\"row\">\r\n      <div class=\"col py-4 py-lg-5\">\r\n        <div class=\"lazyblock-inner-blocks\">\n\n<h2 class=\"wp-block-heading\"><strong><strong><strong><strong>Testresultat f\u00f6r Diamant-cyklar<\/strong><\/strong><\/strong><\/strong><\/h2>\n\n\n\n<p><em>Om tabellen inte visas kan du beh\u00f6va aktivera inneh\u00e5llsladdning igen. Vi visar denna tabell p\u00e5 engelska. L\u00e5t oss veta om du vill att vi \u00e4ven \u00f6vers\u00e4tter denna widget.<\/em><\/p>\n\n\n\n <div class=\"brlbs-cmpnt-container brlbs-cmpnt-content-blocker brlbs-cmpnt-with-individual-styles\" data-borlabs-cookie-content-blocker-id=\"default\" data-borlabs-cookie-content=\"PGlmcmFtZSB0aXRsZT0iVGVzdCByZXN1bHRzIGZvciBEaWFtYW50IiBhcmlhLWxhYmVsPSJUYWJlbGxlIiBpZD0iZGF0YXdyYXBwZXItY2hhcnQtWDFrMHYiIHNyYz0iaHR0cHM6Ly9kYXRhd3JhcHBlci5kd2Nkbi5uZXQvWDFrMHYvMi8iIHNjcm9sbGluZz0ibm8iIGZyYW1lYm9yZGVyPSIwIiBzdHlsZT0id2lkdGg6IDA7IG1pbi13aWR0aDogMTAwJSAhaW1wb3J0YW50OyBib3JkZXI6IG5vbmU7IiBoZWlnaHQ9IjI0NiIgZGF0YS1leHRlcm5hbD0iMSI+PC9pZnJhbWU+\"><div class=\"brlbs-cmpnt-cb-preset-a\"> <p class=\"brlbs-cmpnt-cb-description\">You are currently viewing a placeholder content from <strong>Default<\/strong>. To access the actual content, click the button below. Please note that doing so will share data with third-party providers.<\/p> <div class=\"brlbs-cmpnt-cb-buttons\"> <a class=\"brlbs-cmpnt-cb-btn\" href=\"#\" data-borlabs-cookie-unblock role=\"button\">Unblock content<\/a> <a class=\"brlbs-cmpnt-cb-btn\" href=\"#\" data-borlabs-cookie-accept-service role=\"button\" style=\"display: none\">Accept required service and unblock content<\/a> <\/div> <a class=\"brlbs-cmpnt-cb-provider-toggle\" href=\"#\" data-borlabs-cookie-show-provider-information role=\"button\">More Information<\/a> <\/div><\/div><script type=\"text\/javascript\">!function(){\"use strict\";window.addEventListener(\"message\",(function(a){if(void 0!==a.data[\"datawrapper-height\"]){var e=document.querySelectorAll(\"iframe\");for(var t in a.data[\"datawrapper-height\"])for(var r,i=0;r=e[i];i++)if(r.contentWindow===a.source){var d=a.data[\"datawrapper-height\"][t]+\"px\";r.style.height=d}}}))}();\n<\/script>\n\n<\/div>\r\n      <\/div>\r\n    <\/div>\r\n  <\/div>\r\n<\/div><\/div>\n\n<div class=\"lazyblock-nncontainer-Z1xrgtx wp-block-lazyblock-nncontainer\"><div class=\"section-standard\">\r\n  <div class=\"container\" id=\"container-Z1xrgtx\">\r\n    <div class=\"row\">\r\n      <div class=\"col py-4 py-lg-5\">\r\n        <div class=\"lazyblock-inner-blocks\">\n\n<h2 class=\"wp-block-heading\"><strong><strong><strong><strong>Utm\u00e4rkelser f\u00f6r Diamant<\/strong><\/strong><\/strong><\/strong><\/h2>\n\n\n\n<p><em>Om tabellen inte visas kan du beh\u00f6va aktivera inneh\u00e5llsladdning igen. Vi visar denna tabell p\u00e5 engelska. L\u00e5t oss veta om du vill att vi \u00e4ven \u00f6vers\u00e4tter denna widget.<\/em><\/p>\n\n\n\n <div class=\"brlbs-cmpnt-container brlbs-cmpnt-content-blocker brlbs-cmpnt-with-individual-styles\" data-borlabs-cookie-content-blocker-id=\"default\" data-borlabs-cookie-content=\"PGlmcmFtZSB0aXRsZT0iQXdhcmRzIGZvciBEaWFtYW50IiBhcmlhLWxhYmVsPSJUYWJsZSIgaWQ9ImRhdGF3cmFwcGVyLWNoYXJ0LWJsTEVzIiBzcmM9Imh0dHBzOi8vZGF0YXdyYXBwZXIuZHdjZG4ubmV0L2JsTEVzLzEvIiBzY3JvbGxpbmc9Im5vIiBmcmFtZWJvcmRlcj0iMCIgc3R5bGU9IndpZHRoOiAwOyBtaW4td2lkdGg6IDEwMCUgIWltcG9ydGFudDsgYm9yZGVyOiBub25lOyIgaGVpZ2h0PSIxMzY2IiBkYXRhLWV4dGVybmFsPSIxIj48L2lmcmFtZT4=\"><div class=\"brlbs-cmpnt-cb-preset-a\"> <p class=\"brlbs-cmpnt-cb-description\">You are currently viewing a placeholder content from <strong>Default<\/strong>. To access the actual content, click the button below. Please note that doing so will share data with third-party providers.<\/p> <div class=\"brlbs-cmpnt-cb-buttons\"> <a class=\"brlbs-cmpnt-cb-btn\" href=\"#\" data-borlabs-cookie-unblock role=\"button\">Unblock content<\/a> <a class=\"brlbs-cmpnt-cb-btn\" href=\"#\" data-borlabs-cookie-accept-service role=\"button\" style=\"display: none\">Accept required service and unblock content<\/a> <\/div> <a class=\"brlbs-cmpnt-cb-provider-toggle\" href=\"#\" data-borlabs-cookie-show-provider-information role=\"button\">More Information<\/a> <\/div><\/div><script type=\"text\/javascript\">!function(){\"use strict\";window.addEventListener(\"message\",(function(a){if(void 0!==a.data[\"datawrapper-height\"]){var e=document.querySelectorAll(\"iframe\");for(var t in a.data[\"datawrapper-height\"])for(var r,i=0;r=e[i];i++)if(r.contentWindow===a.source){var d=a.data[\"datawrapper-height\"][t]+\"px\";r.style.height=d}}}))}();\n<\/script>\n\n<\/div>\r\n      <\/div>\r\n    <\/div>\r\n  <\/div>\r\n<\/div><\/div>\n\n<div class=\"lazyblock-nncontainer-Z1KjLJq wp-block-lazyblock-nncontainer\"><div class=\"section-standard\">\r\n  <div class=\"container\" id=\"container-Z1KjLJq\">\r\n    <div class=\"row\">\r\n      <div class=\"col py-4 py-lg-5\">\r\n        <div class=\"lazyblock-inner-blocks\">\n\n<h2 class=\"wp-block-heading\"><strong><strong><strong><strong>Transparensf\u00f6rklaring<\/strong><\/strong><\/strong><\/strong><\/h2>\n\n\n\n<p>Den b\u00e4sta upplevelsen \u00e4r din egen. Din nya cykel ska vara rolig att k\u00f6ra. D\u00e4rf\u00f6r \u00e4r inget test lika bra som din egen provtur. Professionella tester kan dock hj\u00e4lpa vid det f\u00f6rsta urvalet och ge anv\u00e4ndbar v\u00e4gledning.<\/p>\n\n\n\n<p>Diamant deltar regelbundet i tester utf\u00f6rda av branschtidningar. Vi har fastst\u00e4llt n\u00e5gra interna regler f\u00f6r att s\u00e4kerst\u00e4lla att dessa tester g\u00e5r s\u00e5 smidigt som m\u00f6jligt. Transparens \u00e4r viktigt f\u00f6r oss, s\u00e5 vi delar dessa regler med dig h\u00e4r.<\/p>\n\n\n\n<h3 class=\"wp-block-heading\"><strong><strong><strong><strong>Prioritet f\u00f6r nya modeller och Pro-versioner<\/strong><\/strong><\/strong><\/strong><\/h3>\n\n\n\n<p>V\u00e5rt m\u00e5l \u00e4r att varje ny modellserie deltar i minst ett j\u00e4mf\u00f6relsetest under sitt f\u00f6rsta \u00e5r. Under det andra \u00e5ret fokuserar vi p\u00e5 individuella tester. Under det tredje \u00e5ret skickar vi endast in en modellserie f\u00f6r test i undantagsfall. Vi vet inte i f\u00f6rv\u00e4g vilka konkurrenter som ocks\u00e5 skickar in cyklar f\u00f6r j\u00e4mf\u00f6relsetester. N\u00e4r det \u00e4r m\u00f6jligt skickar vi in testcykeln i den b\u00e4st utrustade versionen.<\/p>\n\n\n\n<h3 class=\"wp-block-heading\"><strong><strong><strong><strong>Vi t\u00e4cker laboratoriekostnader<\/strong><\/strong><\/strong><\/strong><\/h3>\n\n\n\n<p>Vissa branschtidningar genomf\u00f6r omfattande laboratorietester p\u00e5 cyklar med hj\u00e4lp av externa institut som DEKRA i Stuttgart eller Velotech i Schweinfurt. I vissa fall t\u00e4cker vi som tillverkare dessa laboratoriekostnader. Ibland betalar vi ocks\u00e5 publiceringsavgifter f\u00f6r ytterligare tester i form av licensavgifter f\u00f6r att visa testm\u00e4rken. Vi \u00e4r mycket kritiska till denna praxis, eftersom den kan \u00e4ventyra testresultatens upplevda oberoende. D\u00e4rf\u00f6r ser vi till att vi bara deltar i metodiskt sunda tester som utf\u00f6rs av kompetenta yrkespersoner. Vi avst\u00e5r hellre fr\u00e5n publicitet \u00e4n att riskera v\u00e5r integritet. Alla tester som innefattar ekonomiska bidrag \u00e4r tydligt markerade i v\u00e5r test\u00f6versikt.<\/p>\n\n\n\n<h3 class=\"wp-block-heading\"><strong><strong><strong><strong>Vi skickar in cyklar i standardproduktionskonfigurationer<\/strong><\/strong><\/strong><\/strong><\/h3>\n\n\n\n<p>Stiftung Warentest k\u00f6per sina testprodukter p\u00e5 den \u00f6ppna marknaden f\u00f6r att f\u00f6rhindra att tillverkare skickar s\u00e4rskilt f\u00f6rberedda modeller. Diamant skickar alltid in modeller i standardproduktionskonfiguration till andra tidningar och ser till att varje cykel kontrolleras av en \u00e5terf\u00f6rs\u00e4ljare innan leverans. Fotocyklar byggs p\u00e5 samma produktionslinje som v\u00e5ra detaljhandelscyklar.<\/p>\n\n\n\n<h3 class=\"wp-block-heading\"><strong><strong><strong><strong>Vi \u00e5teranv\u00e4nder testcyklar<\/strong><\/strong><\/strong><\/strong><\/h3>\n\n\n\n<p>M\u00e5nga cyklar anv\u00e4nds i flera tester, men ingen cykel skickas till tv\u00e5 laboratorietester om b\u00e5da inkluderar h\u00e5llbarhetstest. Om tidigare tester har l\u00e4mnat synliga m\u00e4rken informerar vi de efterf\u00f6ljande testarna om dessa repor.<\/p>\n\n\n\n<h3 class=\"wp-block-heading\"><strong><strong><strong><strong>Testcyklar \u00e4r alltid l\u00e5necyklar<\/strong><\/strong><\/strong><\/strong><\/h3>\n\n\n\n<p>Vid tester d\u00e4r vi aktivt tillhandah\u00e5ller en cykel anv\u00e4nder vi alltid l\u00e5necyklar. Dessa cyklar f\u00f6rblir v\u00e5r egendom, och vi tar tillbaka dem efter testen.<\/p>\n\n<\/div>\r\n      <\/div>\r\n    <\/div>\r\n  <\/div>\r\n<\/div><\/div>","protected":false},"excerpt":{"rendered":"","protected":false},"author":3,"featured_media":0,"parent":0,"menu_order":0,"comment_status":"closed","ping_status":"closed","template":"","meta":{"_acf_changed":false,"slim_seo":{"title":"Tester och utm\u00e4rkelser \u2013 Diamant-cyklar recenserade och bel\u00f6nade","description":"Hitta tester och recensioner av Diamants aktuella cykelutbud. Se hur Diamant st\u00e5r sig mot andra cyklar. Uppt\u00e4ck hur vi sticker ut med b\u00e4ttre cyklar."},"footnotes":""},"class_list":["post-66620","page","type-page","status-publish","hentry"],"acf":[],"_links":{"self":[{"href":"https:\/\/www.diamantrad.com\/en-GB\/wp-json\/wp\/v2\/pages\/66620","targetHints":{"allow":["GET"]}}],"collection":[{"href":"https:\/\/www.diamantrad.com\/en-GB\/wp-json\/wp\/v2\/pages"}],"about":[{"href":"https:\/\/www.diamantrad.com\/en-GB\/wp-json\/wp\/v2\/types\/page"}],"author":[{"embeddable":true,"href":"https:\/\/www.diamantrad.com\/en-GB\/wp-json\/wp\/v2\/users\/3"}],"replies":[{"embeddable":true,"href":"https:\/\/www.diamantrad.com\/en-GB\/wp-json\/wp\/v2\/comments?post=66620"}],"version-history":[{"count":2,"href":"https:\/\/www.diamantrad.com\/en-GB\/wp-json\/wp\/v2\/pages\/66620\/revisions"}],"predecessor-version":[{"id":72251,"href":"https:\/\/www.diamantrad.com\/en-GB\/wp-json\/wp\/v2\/pages\/66620\/revisions\/72251"}],"wp:attachment":[{"href":"https:\/\/www.diamantrad.com\/en-GB\/wp-json\/wp\/v2\/media?parent=66620"}],"curies":[{"name":"wp","href":"https:\/\/api.w.org\/{rel}","templated":true}]}}