{"id":67181,"date":"2025-08-28T10:30:58","date_gmt":"2025-08-28T08:30:58","guid":{"rendered":"https:\/\/www.diamantrad.com\/?page_id=67181"},"modified":"2025-08-28T10:30:59","modified_gmt":"2025-08-28T08:30:59","slug":"blog","status":"publish","type":"page","link":"https:\/\/www.diamantrad.com\/sv-SE\/blog\/","title":{"rendered":"Blog"},"content":{"rendered":"<div class=\"lazyblock-nncontainer-Z2bJS7k wp-block-lazyblock-nncontainer\"><div class=\"section-standard\">\r\n  <div class=\"container\" id=\"container-Z2bJS7k\">\r\n    <div class=\"row\">\r\n      <div class=\"col py-4 py-lg-5\">\r\n        <div class=\"lazyblock-inner-blocks\">\n                \r\n                <div class=\"blog-highlighted\">\r\n                    <div class=\"row g-5\">\r\n                        <div class=\"col-lg-6 mt-5\">\r\n                            <div class=\"entry-meta mb-4\">\r\n                                <div class=\"posted-on mb-2\">\r\n                                    <time datetime=\"2026-01-08T13:36:04+01:00\">8 januari 2026<\/time>\r\n                                <\/div>\r\n                                <div class=\"post-categories\">\r\n                                    <a role=\"button\" href=\"\/sv-SE\/blog\/e-bike-ratgeber\/\">E-Bike Ratgeber<\/a>                                <\/div>\r\n                            <\/div>\r\n                            <h2><a href=\"https:\/\/www.diamantrad.com\/sv-SE\/blog\/speed-pedelec-rules\/\">S\u00e4ker och laglig: Din guide till vardagen med S-pedelec i Sverige<\/a><\/h2>\r\n                            <p class=\"mb-0\">Vilka regler g\u00e4ller f\u00f6r speed pedelecs i Finland? V\u00e5r artikel ger ett enkelt och intuitivt svar p\u00e5 vad du kan, m\u00e5ste och inte kan g\u00f6ra \u00e5r 2026.<\/p>\r\n                        <\/div>\r\n                        <div class=\"col-lg-6 mt-4 mt-lg-5\">\r\n                            <a class=\"post-thumbnail\" href=\"https:\/\/www.diamantrad.com\/sv-SE\/blog\/speed-pedelec-rules\/\" tabindex=\"-1\">\r\n                                <figure class=\"mb-0\"><img loading=\"lazy\" decoding=\"async\" width=\"992\" height=\"605\" src=\"https:\/\/www.diamantrad.com\/wp-content\/uploads\/2026\/01\/DI_26_Suvea_Speed_Lifestyle_67I4959_72dpi-1024x625.avif\" class=\"img-fluid wp-post-image\" alt=\"S\u00e4ker och laglig: Din guide till vardagen med S-pedelec i Sverige\" srcset=\"https:\/\/www.diamantrad.com\/wp-content\/uploads\/2026\/01\/DI_26_Suvea_Speed_Lifestyle_67I4959_72dpi-1024x625.avif 1024w, https:\/\/www.diamantrad.com\/wp-content\/uploads\/2026\/01\/DI_26_Suvea_Speed_Lifestyle_67I4959_72dpi-300x183.avif 300w, https:\/\/www.diamantrad.com\/wp-content\/uploads\/2026\/01\/DI_26_Suvea_Speed_Lifestyle_67I4959_72dpi-768x469.avif 768w, https:\/\/www.diamantrad.com\/wp-content\/uploads\/2026\/01\/DI_26_Suvea_Speed_Lifestyle_67I4959_72dpi-1536x937.avif 1536w, https:\/\/www.diamantrad.com\/wp-content\/uploads\/2026\/01\/DI_26_Suvea_Speed_Lifestyle_67I4959_72dpi.avif 1701w\" sizes=\"auto, (max-width: 992px) 100vw, 992px\" \/><\/figure>\r\n                            <\/a>\r\n                        <\/div>\r\n                    <\/div>\r\n                <\/div>\r\n\r\n                <hr \/>\r\n                <h3>Fler inl\u00e4gg:<\/h3>\r\n                \r\n                <ul class=\"blog-filter mb-5\">\r\n                    <span>Filter<\/span>\r\n                    <li class=\"blog-filter-item blog-cat-all\">\r\n                        <a href=\"\/sv-SE\/blog\/\">Alla<\/a>\r\n                    <\/li>\r\n                    <li class=\"blog-filter-item blog-cat-cykelguide\"><a href=\"\/sv-SE\/blog\/cykelguide\/\">Cykelguide<\/a><\/li><li class=\"blog-filter-item blog-cat-elcykelguide\"><a href=\"\/sv-SE\/blog\/elcykelguide\/\">Elcykelguide<\/a><\/li><li class=\"blog-filter-item blog-cat-historia\"><a href=\"\/sv-SE\/blog\/historia\/\">Historia<\/a><\/li><li class=\"blog-filter-item blog-cat-news\"><a href=\"\/sv-SE\/blog\/news\/\">News<\/a><\/li><li class=\"blog-filter-item blog-cat-s-pedelec\"><a href=\"\/sv-SE\/blog\/s-pedelec\/\">S-Pedelec<\/a><\/li><li class=\"blog-filter-item blog-cat-stories\"><a href=\"\/sv-SE\/blog\/stories\/\">Stories<\/a><\/li><li class=\"blog-filter-item blog-cat-tech\"><a href=\"\/sv-SE\/blog\/tech\/\">Tech<\/a><\/li>                <\/ul>\r\n\r\n                    <ul class=\"blog-loop\">\r\n                            <li class=\"blog-loop-item mb-0\">\r\n                    <a class=\"post-thumbnail\" href=\"https:\/\/www.diamantrad.com\/sv-SE\/blog\/road-bike-diamant-67\/\" tabindex=\"-1\">\r\n                        <figure class=\"mb-3\"><img loading=\"lazy\" decoding=\"async\" width=\"992\" height=\"610\" src=\"https:\/\/www.diamantrad.com\/wp-content\/uploads\/2025\/09\/Blog-Diamant-67-Studiobild-Sattelrohr-Emblem-png-1024x630.jpg\" class=\"img-fluid wp-post-image\" alt=\"Diamant Racercycel 67, en proffsmodell\" srcset=\"https:\/\/www.diamantrad.com\/wp-content\/uploads\/2025\/09\/Blog-Diamant-67-Studiobild-Sattelrohr-Emblem-png-1024x630.jpg 1024w, https:\/\/www.diamantrad.com\/wp-content\/uploads\/2025\/09\/Blog-Diamant-67-Studiobild-Sattelrohr-Emblem-png-300x184.jpg 300w, https:\/\/www.diamantrad.com\/wp-content\/uploads\/2025\/09\/Blog-Diamant-67-Studiobild-Sattelrohr-Emblem-png-768x472.jpg 768w, https:\/\/www.diamantrad.com\/wp-content\/uploads\/2025\/09\/Blog-Diamant-67-Studiobild-Sattelrohr-Emblem-png.avif 1106w\" sizes=\"auto, (max-width: 992px) 100vw, 992px\" \/><\/figure>\r\n                    <\/a>\r\n                    <div class=\"blog-loop-content\">\r\n                        <div class=\"entry-meta mb-3\">\r\n                            <div class=\"posted-on mb-2\">\r\n                                <time datetime=\"2025-09-02T14:22:56+02:00\">2 september 2025<\/time>\r\n                            <\/div>\r\n                            <div class=\"post-categories\">\r\n                                <a role=\"button\" href=\"\/sv-SE\/blog\/historia\/\">Historia<\/a>                            <\/div>\r\n                        <\/div>\r\n                        <h4><a href=\"https:\/\/www.diamantrad.com\/sv-SE\/blog\/road-bike-diamant-67\/\">Diamant Racercycel 67, en proffsmodell<\/a><\/h4>\r\n                    <\/div>\r\n                <\/li>\r\n                            <li class=\"blog-loop-item mb-0\">\r\n                    <a class=\"post-thumbnail\" href=\"https:\/\/www.diamantrad.com\/sv-SE\/blog\/diamant-handy-bike\/\" tabindex=\"-1\">\r\n                        <figure class=\"mb-3\"><img loading=\"lazy\" decoding=\"async\" width=\"992\" height=\"662\" src=\"https:\/\/www.diamantrad.com\/wp-content\/uploads\/2025\/08\/Diamant-Handy-Bike-Faltrad-png-1024x683.jpg\" class=\"img-fluid wp-post-image\" alt=\"Diamant Handy Bike: den robusta 26-tumscykeln som kan vikas ihop\" srcset=\"https:\/\/www.diamantrad.com\/wp-content\/uploads\/2025\/08\/Diamant-Handy-Bike-Faltrad-png-1024x683.jpg 1024w, https:\/\/www.diamantrad.com\/wp-content\/uploads\/2025\/08\/Diamant-Handy-Bike-Faltrad-png-300x200.jpg 300w, https:\/\/www.diamantrad.com\/wp-content\/uploads\/2025\/08\/Diamant-Handy-Bike-Faltrad-png-768x512.jpg 768w, https:\/\/www.diamantrad.com\/wp-content\/uploads\/2025\/08\/Diamant-Handy-Bike-Faltrad-png-1536x1024.jpg 1536w, https:\/\/www.diamantrad.com\/wp-content\/uploads\/2025\/08\/Diamant-Handy-Bike-Faltrad-png-2048x1365.jpg 2048w\" sizes=\"auto, (max-width: 992px) 100vw, 992px\" \/><\/figure>\r\n                    <\/a>\r\n                    <div class=\"blog-loop-content\">\r\n                        <div class=\"entry-meta mb-3\">\r\n                            <div class=\"posted-on mb-2\">\r\n                                <time datetime=\"2025-08-28T16:57:58+02:00\">28 augusti 2025<\/time>\r\n                            <\/div>\r\n                            <div class=\"post-categories\">\r\n                                <a role=\"button\" href=\"\/sv-SE\/blog\/historia\/\">Historia<\/a>                            <\/div>\r\n                        <\/div>\r\n                        <h4><a href=\"https:\/\/www.diamantrad.com\/sv-SE\/blog\/diamant-handy-bike\/\">Diamant Handy Bike: den robusta 26-tumscykeln som kan vikas ihop<\/a><\/h4>\r\n                    <\/div>\r\n                <\/li>\r\n                            <li class=\"blog-loop-item mb-0\">\r\n                    <a class=\"post-thumbnail\" href=\"https:\/\/www.diamantrad.com\/sv-SE\/blog\/diamant-tourensportrad\/\" tabindex=\"-1\">\r\n                        <figure class=\"mb-3\"><img loading=\"lazy\" decoding=\"async\" width=\"992\" height=\"744\" src=\"https:\/\/www.diamantrad.com\/wp-content\/uploads\/2025\/08\/Diamant-Tourensportrad-1024x768.jpg\" class=\"img-fluid wp-post-image\" alt=\"Sport-touringcykeln fr\u00e5n 60-talet Diamant 35 102 och 35 154\" srcset=\"https:\/\/www.diamantrad.com\/wp-content\/uploads\/2025\/08\/Diamant-Tourensportrad-1024x768.jpg 1024w, https:\/\/www.diamantrad.com\/wp-content\/uploads\/2025\/08\/Diamant-Tourensportrad-300x225.jpg 300w, https:\/\/www.diamantrad.com\/wp-content\/uploads\/2025\/08\/Diamant-Tourensportrad-768x576.jpg 768w, https:\/\/www.diamantrad.com\/wp-content\/uploads\/2025\/08\/Diamant-Tourensportrad-1536x1152.jpg 1536w, https:\/\/www.diamantrad.com\/wp-content\/uploads\/2025\/08\/Diamant-Tourensportrad-2048x1536.jpg 2048w\" sizes=\"auto, (max-width: 992px) 100vw, 992px\" \/><\/figure>\r\n                    <\/a>\r\n                    <div class=\"blog-loop-content\">\r\n                        <div class=\"entry-meta mb-3\">\r\n                            <div class=\"posted-on mb-2\">\r\n                                <time datetime=\"2025-08-28T15:59:49+02:00\">28 augusti 2025<\/time>\r\n                            <\/div>\r\n                            <div class=\"post-categories\">\r\n                                <a role=\"button\" href=\"\/sv-SE\/blog\/historia\/\">Historia<\/a>                            <\/div>\r\n                        <\/div>\r\n                        <h4><a href=\"https:\/\/www.diamantrad.com\/sv-SE\/blog\/diamant-tourensportrad\/\">Sport-touringcykeln fr\u00e5n 60-talet Diamant 35 102 och 35 154<\/a><\/h4>\r\n                    <\/div>\r\n                <\/li>\r\n                            <li class=\"blog-loop-item mb-0\">\r\n                    <a class=\"post-thumbnail\" href=\"https:\/\/www.diamantrad.com\/sv-SE\/blog\/diamant-city-blitz\/\" tabindex=\"-1\">\r\n                        <figure class=\"mb-3\"><img loading=\"lazy\" decoding=\"async\" width=\"879\" height=\"659\" src=\"https:\/\/www.diamantrad.com\/wp-content\/uploads\/2025\/08\/Diamant_City-Blitz_Akku_Blog.avif\" class=\"img-fluid wp-post-image\" alt=\"Diamant City Blitz \u2013 den andra tyska elcykeln\" srcset=\"https:\/\/www.diamantrad.com\/wp-content\/uploads\/2025\/08\/Diamant_City-Blitz_Akku_Blog.avif 879w, https:\/\/www.diamantrad.com\/wp-content\/uploads\/2025\/08\/Diamant_City-Blitz_Akku_Blog-300x225.jpg 300w, https:\/\/www.diamantrad.com\/wp-content\/uploads\/2025\/08\/Diamant_City-Blitz_Akku_Blog-768x576.jpg 768w\" sizes=\"auto, (max-width: 879px) 100vw, 879px\" \/><\/figure>\r\n                    <\/a>\r\n                    <div class=\"blog-loop-content\">\r\n                        <div class=\"entry-meta mb-3\">\r\n                            <div class=\"posted-on mb-2\">\r\n                                <time datetime=\"2025-08-28T15:34:08+02:00\">28 augusti 2025<\/time>\r\n                            <\/div>\r\n                            <div class=\"post-categories\">\r\n                                <a role=\"button\" href=\"\/sv-SE\/blog\/historia\/\">Historia<\/a>                            <\/div>\r\n                        <\/div>\r\n                        <h4><a href=\"https:\/\/www.diamantrad.com\/sv-SE\/blog\/diamant-city-blitz\/\">Diamant City Blitz \u2013 den andra tyska elcykeln<\/a><\/h4>\r\n                    <\/div>\r\n                <\/li>\r\n                            <li class=\"blog-loop-item mb-0\">\r\n                    <a class=\"post-thumbnail\" href=\"https:\/\/www.diamantrad.com\/sv-SE\/blog\/the-legendary-diamant-167\/\" tabindex=\"-1\">\r\n                        <figure class=\"mb-3\"><img loading=\"lazy\" decoding=\"async\" width=\"992\" height=\"662\" src=\"https:\/\/www.diamantrad.com\/wp-content\/uploads\/2025\/08\/Blog_Diamant167_Lenker_Taeve-Schur-png-1024x683.jpg\" class=\"img-fluid not-transparent wp-post-image\" alt=\"Den legendariska Diamant 167\" srcset=\"https:\/\/www.diamantrad.com\/wp-content\/uploads\/2025\/08\/Blog_Diamant167_Lenker_Taeve-Schur-png-1024x683.jpg 1024w, https:\/\/www.diamantrad.com\/wp-content\/uploads\/2025\/08\/Blog_Diamant167_Lenker_Taeve-Schur-png-300x200.jpg 300w, https:\/\/www.diamantrad.com\/wp-content\/uploads\/2025\/08\/Blog_Diamant167_Lenker_Taeve-Schur-png-768x512.jpg 768w, https:\/\/www.diamantrad.com\/wp-content\/uploads\/2025\/08\/Blog_Diamant167_Lenker_Taeve-Schur-png-1536x1024.jpg 1536w, https:\/\/www.diamantrad.com\/wp-content\/uploads\/2025\/08\/Blog_Diamant167_Lenker_Taeve-Schur-png.avif 1728w\" sizes=\"auto, (max-width: 992px) 100vw, 992px\" data-has-transparency=\"false\" data-dominant-color=\"ccd5db\" style=\"--dominant-color: #ccd5db;\" \/><\/figure>\r\n                    <\/a>\r\n                    <div class=\"blog-loop-content\">\r\n                        <div class=\"entry-meta mb-3\">\r\n                            <div class=\"posted-on mb-2\">\r\n                                <time datetime=\"2025-08-28T14:46:56+02:00\">28 augusti 2025<\/time>\r\n                            <\/div>\r\n                            <div class=\"post-categories\">\r\n                                <a role=\"button\" href=\"\/sv-SE\/blog\/historia\/\">Historia<\/a>                            <\/div>\r\n                        <\/div>\r\n                        <h4><a href=\"https:\/\/www.diamantrad.com\/sv-SE\/blog\/the-legendary-diamant-167\/\">Den legendariska Diamant 167<\/a><\/h4>\r\n                    <\/div>\r\n                <\/li>\r\n                            <li class=\"blog-loop-item mb-0\">\r\n                    <a class=\"post-thumbnail\" href=\"https:\/\/www.diamantrad.com\/sv-SE\/blog\/e-bike-battery-manufacturing-and-sustainability\/\" tabindex=\"-1\">\r\n                        <figure class=\"mb-3\"><img loading=\"lazy\" decoding=\"async\" width=\"992\" height=\"661\" src=\"https:\/\/www.diamantrad.com\/wp-content\/uploads\/2025\/08\/22DIA_Life_OpalTRA_300dpi_67I9619-scaled-1-1024x682.jpg\" class=\"img-fluid not-transparent wp-post-image\" alt=\"Tillverkning av batterier till elcyklar Hur h\u00e5llbart \u00e4r ett cykelbatteri?\" srcset=\"https:\/\/www.diamantrad.com\/wp-content\/uploads\/2025\/08\/22DIA_Life_OpalTRA_300dpi_67I9619-scaled-1-1024x682.jpg 1024w, https:\/\/www.diamantrad.com\/wp-content\/uploads\/2025\/08\/22DIA_Life_OpalTRA_300dpi_67I9619-scaled-1-300x200.jpg 300w, https:\/\/www.diamantrad.com\/wp-content\/uploads\/2025\/08\/22DIA_Life_OpalTRA_300dpi_67I9619-scaled-1-768x512.jpg 768w, https:\/\/www.diamantrad.com\/wp-content\/uploads\/2025\/08\/22DIA_Life_OpalTRA_300dpi_67I9619-scaled-1-1536x1024.jpg 1536w, https:\/\/www.diamantrad.com\/wp-content\/uploads\/2025\/08\/22DIA_Life_OpalTRA_300dpi_67I9619-scaled-1-2048x1365.jpg 2048w\" sizes=\"auto, (max-width: 992px) 100vw, 992px\" data-has-transparency=\"false\" data-dominant-color=\"8c8e83\" style=\"--dominant-color: #8c8e83;\" \/><\/figure>\r\n                    <\/a>\r\n                    <div class=\"blog-loop-content\">\r\n                        <div class=\"entry-meta mb-3\">\r\n                            <div class=\"posted-on mb-2\">\r\n                                <time datetime=\"2025-08-28T11:59:46+02:00\">28 augusti 2025<\/time>\r\n                            <\/div>\r\n                            <div class=\"post-categories\">\r\n                                <a role=\"button\" href=\"\/sv-SE\/blog\/elcykelguide\/\">Elcykelguide<\/a>                            <\/div>\r\n                        <\/div>\r\n                        <h4><a href=\"https:\/\/www.diamantrad.com\/sv-SE\/blog\/e-bike-battery-manufacturing-and-sustainability\/\">Tillverkning av batterier till elcyklar Hur h\u00e5llbart \u00e4r ett cykelbatteri?<\/a><\/h4>\r\n                    <\/div>\r\n                <\/li>\r\n                            <li class=\"blog-loop-item mb-0\">\r\n                    <a class=\"post-thumbnail\" href=\"https:\/\/www.diamantrad.com\/sv-SE\/blog\/e-bike-battery-service-life\/\" tabindex=\"-1\">\r\n                        <figure class=\"mb-3\"><img loading=\"lazy\" decoding=\"async\" width=\"992\" height=\"662\" src=\"https:\/\/www.diamantrad.com\/wp-content\/uploads\/2025\/02\/DIA-Zing-Battery-1200x800-1-1024x683.avif\" class=\"img-fluid wp-post-image\" alt=\"Livsl\u00e4ngd f\u00f6r elcykelbatteri: Hur l\u00e4nge h\u00e5ller ett cykelbatteri?\" srcset=\"https:\/\/www.diamantrad.com\/wp-content\/uploads\/2025\/02\/DIA-Zing-Battery-1200x800-1-1024x683.avif 1024w, https:\/\/www.diamantrad.com\/wp-content\/uploads\/2025\/02\/DIA-Zing-Battery-1200x800-1-300x200.avif 300w, https:\/\/www.diamantrad.com\/wp-content\/uploads\/2025\/02\/DIA-Zing-Battery-1200x800-1-768x512.avif 768w, https:\/\/www.diamantrad.com\/wp-content\/uploads\/2025\/02\/DIA-Zing-Battery-1200x800-1.avif 1200w\" sizes=\"auto, (max-width: 992px) 100vw, 992px\" \/><\/figure>\r\n                    <\/a>\r\n                    <div class=\"blog-loop-content\">\r\n                        <div class=\"entry-meta mb-3\">\r\n                            <div class=\"posted-on mb-2\">\r\n                                <time datetime=\"2025-08-28T11:43:48+02:00\">28 augusti 2025<\/time>\r\n                            <\/div>\r\n                            <div class=\"post-categories\">\r\n                                <a role=\"button\" href=\"\/sv-SE\/blog\/elcykelguide\/\">Elcykelguide<\/a>                            <\/div>\r\n                        <\/div>\r\n                        <h4><a href=\"https:\/\/www.diamantrad.com\/sv-SE\/blog\/e-bike-battery-service-life\/\">Livsl\u00e4ngd f\u00f6r elcykelbatteri: Hur l\u00e4nge h\u00e5ller ett cykelbatteri?<\/a><\/h4>\r\n                    <\/div>\r\n                <\/li>\r\n                            <li class=\"blog-loop-item mb-0\">\r\n                    <a class=\"post-thumbnail\" href=\"https:\/\/www.diamantrad.com\/sv-SE\/blog\/e-bike-battery-charge\/\" tabindex=\"-1\">\r\n                        <figure class=\"mb-3\"><img loading=\"lazy\" decoding=\"async\" width=\"992\" height=\"662\" src=\"https:\/\/www.diamantrad.com\/wp-content\/uploads\/2025\/08\/23DIA_Life_365_300dpi_Z2A1648-scaled-1-1024x683.jpg\" class=\"img-fluid wp-post-image\" alt=\"Ladda batteriet p\u00e5 din elcykel: Tips f\u00f6r korrekt laddning\u00a0\" srcset=\"https:\/\/www.diamantrad.com\/wp-content\/uploads\/2025\/08\/23DIA_Life_365_300dpi_Z2A1648-scaled-1-1024x683.jpg 1024w, https:\/\/www.diamantrad.com\/wp-content\/uploads\/2025\/08\/23DIA_Life_365_300dpi_Z2A1648-scaled-1-300x200.jpg 300w, https:\/\/www.diamantrad.com\/wp-content\/uploads\/2025\/08\/23DIA_Life_365_300dpi_Z2A1648-scaled-1-768x512.jpg 768w, https:\/\/www.diamantrad.com\/wp-content\/uploads\/2025\/08\/23DIA_Life_365_300dpi_Z2A1648-scaled-1-1536x1024.jpg 1536w, https:\/\/www.diamantrad.com\/wp-content\/uploads\/2025\/08\/23DIA_Life_365_300dpi_Z2A1648-scaled-1-2048x1366.jpg 2048w\" sizes=\"auto, (max-width: 992px) 100vw, 992px\" \/><\/figure>\r\n                    <\/a>\r\n                    <div class=\"blog-loop-content\">\r\n                        <div class=\"entry-meta mb-3\">\r\n                            <div class=\"posted-on mb-2\">\r\n                                <time datetime=\"2025-08-28T11:14:38+02:00\">28 augusti 2025<\/time>\r\n                            <\/div>\r\n                            <div class=\"post-categories\">\r\n                                <a role=\"button\" href=\"\/sv-SE\/blog\/elcykelguide\/\">Elcykelguide<\/a>                            <\/div>\r\n                        <\/div>\r\n                        <h4><a href=\"https:\/\/www.diamantrad.com\/sv-SE\/blog\/e-bike-battery-charge\/\">Ladda batteriet p\u00e5 din elcykel: Tips f\u00f6r korrekt laddning\u00a0<\/a><\/h4>\r\n                    <\/div>\r\n                <\/li>\r\n                            <li class=\"blog-loop-item mb-0\">\r\n                    <a class=\"post-thumbnail\" href=\"https:\/\/www.diamantrad.com\/sv-SE\/blog\/e-bike-battery-care\/\" tabindex=\"-1\">\r\n                        <figure class=\"mb-3\"><img loading=\"lazy\" decoding=\"async\" width=\"992\" height=\"662\" src=\"https:\/\/www.diamantrad.com\/wp-content\/uploads\/2025\/08\/DI_24_Zing_Trip_Lifestyle_67I0184_300dpi-scaled-1-1024x683.jpg\" class=\"img-fluid not-transparent wp-post-image\" alt=\"F\u00f6rvaring och underh\u00e5ll av elcykelns batteri p\u00e5 r\u00e4tt s\u00e4tt\u00a0\" srcset=\"https:\/\/www.diamantrad.com\/wp-content\/uploads\/2025\/08\/DI_24_Zing_Trip_Lifestyle_67I0184_300dpi-scaled-1-1024x683.jpg 1024w, https:\/\/www.diamantrad.com\/wp-content\/uploads\/2025\/08\/DI_24_Zing_Trip_Lifestyle_67I0184_300dpi-scaled-1-300x200.jpg 300w, https:\/\/www.diamantrad.com\/wp-content\/uploads\/2025\/08\/DI_24_Zing_Trip_Lifestyle_67I0184_300dpi-scaled-1-768x512.jpg 768w, https:\/\/www.diamantrad.com\/wp-content\/uploads\/2025\/08\/DI_24_Zing_Trip_Lifestyle_67I0184_300dpi-scaled-1-1536x1024.jpg 1536w, https:\/\/www.diamantrad.com\/wp-content\/uploads\/2025\/08\/DI_24_Zing_Trip_Lifestyle_67I0184_300dpi-scaled-1-2048x1366.jpg 2048w\" sizes=\"auto, (max-width: 992px) 100vw, 992px\" data-has-transparency=\"false\" data-dominant-color=\"615e60\" style=\"--dominant-color: #615e60;\" \/><\/figure>\r\n                    <\/a>\r\n                    <div class=\"blog-loop-content\">\r\n                        <div class=\"entry-meta mb-3\">\r\n                            <div class=\"posted-on mb-2\">\r\n                                <time datetime=\"2025-08-28T10:47:41+02:00\">28 augusti 2025<\/time>\r\n                            <\/div>\r\n                            <div class=\"post-categories\">\r\n                                <a role=\"button\" href=\"\/sv-SE\/blog\/elcykelguide\/\">Elcykelguide<\/a>                            <\/div>\r\n                        <\/div>\r\n                        <h4><a href=\"https:\/\/www.diamantrad.com\/sv-SE\/blog\/e-bike-battery-care\/\">F\u00f6rvaring och underh\u00e5ll av elcykelns batteri p\u00e5 r\u00e4tt s\u00e4tt\u00a0<\/a><\/h4>\r\n                    <\/div>\r\n                <\/li>\r\n                    <\/ul>\r\n\r\n                    <div class=\"pagination justify-content-center mt-5\">\r\n                <span aria-current=\"page\" class=\"page-numbers current\">1<\/span>\n<a class=\"page-numbers\" href=\"https:\/\/www.diamantrad.com\/sv-SE\/wp-json\/wp\/v2\/pages\/67181\/page\/2\/\">2<\/a>\n<a class=\"next page-numbers\" href=\"https:\/\/www.diamantrad.com\/sv-SE\/wp-json\/wp\/v2\/pages\/67181\/page\/2\/\"><svg width=\"20\" height=\"32\" viewBox=\"0 0 20 32\" fill=\"none\" class=\"pagination-next\" xmlns=\"http:\/\/www.w3.org\/2000\/svg\"><path d=\"M2.81787 3L15.833 16.0151L3.01507 28.8331\" stroke=\"#362F2D\" stroke-width=\"5\" stroke-linecap=\"round\"\/><\/svg><\/a>            <\/div>\r\n        \n\n<\/div>\r\n      <\/div>\r\n    <\/div>\r\n  <\/div>\r\n<\/div><\/div>","protected":false},"excerpt":{"rendered":"<p>Cykelkunskap i kompakt form: Uppt\u00e4ck r\u00e5d, reparationstips, cykelresor och historia i Diamantrad-bloggen. L\u00e4s mer!<\/p>\n","protected":false},"author":8,"featured_media":67200,"parent":0,"menu_order":0,"comment_status":"closed","ping_status":"closed","template":"","meta":{"_acf_changed":false,"slim_seo":{"title":"F\u00f6rvaring och underh\u00e5ll av elcykelns batteri p\u00e5 r\u00e4tt s\u00e4tt\u00a0 \u00b0 Diamantrad","description":"Information om f\u00f6rvaring och sk\u00f6tsel av elcykelbatterier \u25ba S\u00e5 h\u00e5ller du ditt cykelbatteri i gott skick s\u00e5 l\u00e4nge som m\u00f6jligt!"},"footnotes":""},"class_list":["post-67181","page","type-page","status-publish","has-post-thumbnail","hentry"],"acf":[],"_links":{"self":[{"href":"https:\/\/www.diamantrad.com\/sv-SE\/wp-json\/wp\/v2\/pages\/67181","targetHints":{"allow":["GET"]}}],"collection":[{"href":"https:\/\/www.diamantrad.com\/sv-SE\/wp-json\/wp\/v2\/pages"}],"about":[{"href":"https:\/\/www.diamantrad.com\/sv-SE\/wp-json\/wp\/v2\/types\/page"}],"author":[{"embeddable":true,"href":"https:\/\/www.diamantrad.com\/sv-SE\/wp-json\/wp\/v2\/users\/8"}],"replies":[{"embeddable":true,"href":"https:\/\/www.diamantrad.com\/sv-SE\/wp-json\/wp\/v2\/comments?post=67181"}],"version-history":[{"count":1,"href":"https:\/\/www.diamantrad.com\/sv-SE\/wp-json\/wp\/v2\/pages\/67181\/revisions"}],"predecessor-version":[{"id":67217,"href":"https:\/\/www.diamantrad.com\/sv-SE\/wp-json\/wp\/v2\/pages\/67181\/revisions\/67217"}],"wp:featuredmedia":[{"embeddable":true,"href":"https:\/\/www.diamantrad.com\/sv-SE\/wp-json\/wp\/v2\/media\/67200"}],"wp:attachment":[{"href":"https:\/\/www.diamantrad.com\/sv-SE\/wp-json\/wp\/v2\/media?parent=67181"}],"curies":[{"name":"wp","href":"https:\/\/api.w.org\/{rel}","templated":true}]}}