{"id":67416,"date":"2025-08-28T14:09:39","date_gmt":"2025-08-28T12:09:39","guid":{"rendered":"https:\/\/www.diamantrad.com\/?page_id=67416"},"modified":"2025-08-28T14:09:40","modified_gmt":"2025-08-28T12:09:40","slug":"e-bike-battery-faq","status":"publish","type":"page","link":"https:\/\/www.diamantrad.com\/sv-SE\/blog\/e-bike-battery-faq\/","title":{"rendered":"E-Bike-Battery FAQ \u00dcbersichtsseite"},"content":{"rendered":"\n<div class=\"wp-block-cover\"><img data-dominant-color=\"6b7a82\" data-has-transparency=\"false\" loading=\"lazy\" decoding=\"async\" width=\"1920\" height=\"1280\" sizes=\"auto, (max-width: 1920px) 100vw, 1920px\" class=\"wp-block-cover__image-background wp-image-55769 size-full not-transparent\" alt=\"Di 25 suvea lifestyle detail img 6520new\" src=\"https:\/\/www.diamantrad.com\/wp-content\/uploads\/2025\/03\/DI_25_Suvea_Lifestyle_Detail_IMG_6520new-png.avif\" style=\"--dominant-color: #6b7a82; object-position:73% 61%\" data-object-fit=\"cover\" data-object-position=\"73% 61%\" srcset=\"https:\/\/www.diamantrad.com\/wp-content\/uploads\/2025\/03\/DI_25_Suvea_Lifestyle_Detail_IMG_6520new-png.avif 1920w, https:\/\/www.diamantrad.com\/wp-content\/uploads\/2025\/03\/DI_25_Suvea_Lifestyle_Detail_IMG_6520new-300x200.avif 300w, https:\/\/www.diamantrad.com\/wp-content\/uploads\/2025\/03\/DI_25_Suvea_Lifestyle_Detail_IMG_6520new-1024x683.avif 1024w, https:\/\/www.diamantrad.com\/wp-content\/uploads\/2025\/03\/DI_25_Suvea_Lifestyle_Detail_IMG_6520new-768x512.avif 768w, https:\/\/www.diamantrad.com\/wp-content\/uploads\/2025\/03\/DI_25_Suvea_Lifestyle_Detail_IMG_6520new-1536x1024.avif 1536w\" \/><span aria-hidden=\"true\" class=\"wp-block-cover__background has-color-primary-hover-background-color has-background-dim-30 has-background-dim\"><\/span><div class=\"wp-block-cover__inner-container is-layout-constrained wp-block-cover-is-layout-constrained\">\n<p class=\"has-text-align-center has-large-font-size\"><\/p>\n\n\n<div class=\"lazyblock-cover-text-Z1jpkkh wp-block-lazyblock-cover-text\"><div class=\"covertext container py-5 d-flex flex-column colorscheme-light justify-content-center\" id=\"covertext-Z1jpkkh\">\r\n  <div class=\"lazyblock-inner-blocks\">\n\n<h2 class=\"wp-block-heading\">Vanliga fr\u00e5gor om elcykelbatterier<\/h2>\n\n\n\n<h3 class=\"wp-block-heading\">Allt om cykelbatterier<\/h3>\n\n<\/div>\r\n<\/div><\/div><\/div><\/div>\n\n\n<div class=\"lazyblock-nncontainer-ZEzX2V wp-block-lazyblock-nncontainer\"><div class=\"section-standard\">\r\n  <div class=\"container\" id=\"container-ZEzX2V\">\r\n    <div class=\"row\">\r\n      <div class=\"col py-4 py-lg-5\">\r\n        <div class=\"lazyblock-inner-blocks\">\n\n<p>Batteriet \u00e4r energik\u00e4llan i en elcykel. Eftersom prestandan hos en elcykel st\u00e5r och faller med batteriet uppst\u00e5r m\u00e5nga fr\u00e5gor om batteriet f\u00f6re k\u00f6pet: Hur m\u00e5nga laddningsprocesser \u00e4r m\u00f6jliga? Hur l\u00e4nge r\u00e4cker en batteriladdning? Vad beh\u00f6ver jag t\u00e4nka p\u00e5 under vintern?&nbsp;<\/p>\n\n\n\n<p>V\u00e5ra guider ger dig en \u00f6versikt \u00f6ver allt du beh\u00f6ver (eller vill) veta om batteriet till din elcykel.&nbsp;<\/p>\n\n<\/div>\r\n      <\/div>\r\n    <\/div>\r\n  <\/div>\r\n<\/div><\/div>\n\n<div class=\"lazyblock-nncontainer-1aYTzF wp-block-lazyblock-nncontainer\"><div class=\"section-light\">\r\n  <div class=\"container\" id=\"container-1aYTzF\">\r\n    <div class=\"row\">\r\n      <div class=\"col py-4 py-lg-5\">\r\n        <div class=\"lazyblock-inner-blocks\">\n<div class=\"wp-bootstrap-blocks-row row\">\n\t\n\n<div class=\"col-12 col-md-6\">\n\t\t\t\n\n<figure class=\"wp-block-image size-full\"><img data-dominant-color=\"8c7b80\" data-has-transparency=\"false\" loading=\"lazy\" decoding=\"async\" width=\"2560\" height=\"1706\" sizes=\"auto, (max-width: 2560px) 100vw, 2560px\" src=\"https:\/\/www.diamantrad.com\/wp-content\/uploads\/2022\/11\/22DIA_Life_OpalTRA_300dpi_67I9619-scaled.avif\" alt=\"22dia life opal+tra\" class=\"wp-image-57805 not-transparent\" style=\"--dominant-color: #8c7b80; aspect-ratio:16\/9;object-fit:cover\" srcset=\"https:\/\/www.diamantrad.com\/wp-content\/uploads\/2022\/11\/22DIA_Life_OpalTRA_300dpi_67I9619-scaled.avif 2560w, https:\/\/www.diamantrad.com\/wp-content\/uploads\/2022\/11\/22DIA_Life_OpalTRA_300dpi_67I9619-300x200.avif 300w, https:\/\/www.diamantrad.com\/wp-content\/uploads\/2022\/11\/22DIA_Life_OpalTRA_300dpi_67I9619-1024x683.avif 1024w, https:\/\/www.diamantrad.com\/wp-content\/uploads\/2022\/11\/22DIA_Life_OpalTRA_300dpi_67I9619-768x512.avif 768w, https:\/\/www.diamantrad.com\/wp-content\/uploads\/2022\/11\/22DIA_Life_OpalTRA_300dpi_67I9619-1536x1024.avif 1536w, https:\/\/www.diamantrad.com\/wp-content\/uploads\/2022\/11\/22DIA_Life_OpalTRA_300dpi_67I9619-2048x1365.avif 2048w\" \/><\/figure>\n\n\t<\/div>\n\n\n\n<div class=\"col-12 col-md-6\">\n\t\t\t\n\n<h4 class=\"wp-block-heading\">Tillverkning av e-cykelbatterier<\/h4>\n\n\n\n<p>Armin Harttig fr\u00e5n Bosch eBike Systems f\u00f6rklarar i en intervju hur h\u00e5llbart ett e-cykelbatteri \u00e4r.<\/p>\n\n\n\n<div class=\"wp-block-buttons is-layout-flex wp-block-buttons-is-layout-flex\">\n<div class=\"wp-block-button\"><a role=\"button\" class=\"wp-block-button__link wp-element-button\" href=\"https:\/\/www.diamantrad.com\/sv-SE\/blog\/e-bike-battery-manufacturing-and-sustainability\/\" target=\"_blank\" rel=\"noreferrer noopener\" aria-label=\"Opens external link in a new tab\">L\u00e4s nu<\/a><\/div>\n<\/div>\n\n\t<\/div>\n\n<\/div>\n\n\n<div class=\"wp-bootstrap-blocks-row row\">\n\t\n\n<div class=\"col-12 col-md-6\">\n\t\t\t\n\n<figure class=\"wp-block-image size-full\"><img data-dominant-color=\"847981\" data-has-transparency=\"false\" loading=\"lazy\" decoding=\"async\" width=\"2560\" height=\"1706\" sizes=\"auto, (max-width: 2560px) 100vw, 2560px\" src=\"https:\/\/www.diamantrad.com\/wp-content\/uploads\/2022\/10\/Diamant_Zing_MID_300dpi_67I2692-1-scaled.avif\" alt=\"Dia zing life z\u00fcrich my23 mid chc\" class=\"wp-image-57950 not-transparent\" style=\"--dominant-color: #847981; aspect-ratio:16\/9;object-fit:cover\" srcset=\"https:\/\/www.diamantrad.com\/wp-content\/uploads\/2022\/10\/Diamant_Zing_MID_300dpi_67I2692-1-scaled.avif 2560w, https:\/\/www.diamantrad.com\/wp-content\/uploads\/2022\/10\/Diamant_Zing_MID_300dpi_67I2692-1-300x200.avif 300w, https:\/\/www.diamantrad.com\/wp-content\/uploads\/2022\/10\/Diamant_Zing_MID_300dpi_67I2692-1-1024x683.avif 1024w, https:\/\/www.diamantrad.com\/wp-content\/uploads\/2022\/10\/Diamant_Zing_MID_300dpi_67I2692-1-768x512.avif 768w, https:\/\/www.diamantrad.com\/wp-content\/uploads\/2022\/10\/Diamant_Zing_MID_300dpi_67I2692-1-1536x1024.avif 1536w, https:\/\/www.diamantrad.com\/wp-content\/uploads\/2022\/10\/Diamant_Zing_MID_300dpi_67I2692-1-2048x1365.avif 2048w\" \/><\/figure>\n\n\t<\/div>\n\n\n\n<div class=\"col-12 col-md-6\">\n\t\t\t\n\n<h4 class=\"wp-block-heading\">Livsl\u00e4ngd f\u00f6r e-cykelbatterier<\/h4>\n\n\n\n<p>All information om livsl\u00e4ngden f\u00f6r e-cykelbatterier och hj\u00e4lpsamma tips f\u00f6r skonsam hantering.<\/p>\n\n\n\n<div class=\"wp-block-buttons is-layout-flex wp-block-buttons-is-layout-flex\">\n<div class=\"wp-block-button\"><a role=\"button\" class=\"wp-block-button__link wp-element-button\" href=\"https:\/\/www.diamantrad.com\/sv-SE\/blog\/e-bike-battery-service-life\/\" target=\"_blank\" rel=\"noreferrer noopener\" aria-label=\"Opens external link in a new tab\">L\u00e4s nu<\/a><\/div>\n<\/div>\n\n\t<\/div>\n\n<\/div>\n\n\n<div class=\"wp-bootstrap-blocks-row row\">\n\t\n\n<div class=\"col-12 col-md-6\">\n\t\t\t\n\n<figure class=\"wp-block-image size-full\"><img data-dominant-color=\"6d8780\" data-has-transparency=\"false\" loading=\"lazy\" decoding=\"async\" width=\"2560\" height=\"1707\" sizes=\"auto, (max-width: 2560px) 100vw, 2560px\" src=\"https:\/\/www.diamantrad.com\/wp-content\/uploads\/2022\/10\/23DIA_Life_365_300dpi_Z2A1648-scaled.avif\" alt=\"22dia life 365 hch\" class=\"wp-image-57977 not-transparent\" style=\"--dominant-color: #6d8780; aspect-ratio:16\/9;object-fit:cover\" srcset=\"https:\/\/www.diamantrad.com\/wp-content\/uploads\/2022\/10\/23DIA_Life_365_300dpi_Z2A1648-scaled.avif 2560w, https:\/\/www.diamantrad.com\/wp-content\/uploads\/2022\/10\/23DIA_Life_365_300dpi_Z2A1648-300x200.avif 300w, https:\/\/www.diamantrad.com\/wp-content\/uploads\/2022\/10\/23DIA_Life_365_300dpi_Z2A1648-1024x683.avif 1024w, https:\/\/www.diamantrad.com\/wp-content\/uploads\/2022\/10\/23DIA_Life_365_300dpi_Z2A1648-768x512.avif 768w, https:\/\/www.diamantrad.com\/wp-content\/uploads\/2022\/10\/23DIA_Life_365_300dpi_Z2A1648-1536x1024.avif 1536w, https:\/\/www.diamantrad.com\/wp-content\/uploads\/2022\/10\/23DIA_Life_365_300dpi_Z2A1648-2048x1366.avif 2048w\" \/><\/figure>\n\n\t<\/div>\n\n\n\n<div class=\"col-12 col-md-6\">\n\t\t\t\n\n<h4 class=\"wp-block-heading\">Ladda e-cykelbatterier<\/h4>\n\n\n\n<p>Hur laddar jag mitt e-cykelbatteri p\u00e5 r\u00e4tt s\u00e4tt och vad m\u00e5ste jag t\u00e4nka p\u00e5? Allt du beh\u00f6ver veta finns i den h\u00e4r artikeln.<\/p>\n\n\n\n<div class=\"wp-block-buttons is-layout-flex wp-block-buttons-is-layout-flex\">\n<div class=\"wp-block-button\"><a role=\"button\" class=\"wp-block-button__link wp-element-button\" href=\"https:\/\/www.diamantrad.com\/sv-SE\/blog\/e-bike-battery-charge\/\" target=\"_blank\" rel=\"noreferrer noopener\" aria-label=\"Opens external link in a new tab\">L\u00e4s nu<\/a><\/div>\n<\/div>\n\n\t<\/div>\n\n<\/div>\n\n\n<div class=\"wp-bootstrap-blocks-row row\">\n\t\n\n<div class=\"col-12 col-md-6\">\n\t\t\t\n\n<figure class=\"wp-block-image size-full\"><img data-dominant-color=\"5f8081\" data-has-transparency=\"false\" loading=\"lazy\" decoding=\"async\" width=\"2560\" height=\"1707\" sizes=\"auto, (max-width: 2560px) 100vw, 2560px\" src=\"https:\/\/www.diamantrad.com\/wp-content\/uploads\/2022\/10\/DI_24_Zing_Trip_Lifestyle_67I0184_300dpi-scaled.avif\" alt=\"Di 24 zing trip lifestyle\" class=\"wp-image-58004 not-transparent\" style=\"--dominant-color: #5f8081; aspect-ratio:16\/9;object-fit:cover\" srcset=\"https:\/\/www.diamantrad.com\/wp-content\/uploads\/2022\/10\/DI_24_Zing_Trip_Lifestyle_67I0184_300dpi-scaled.avif 2560w, https:\/\/www.diamantrad.com\/wp-content\/uploads\/2022\/10\/DI_24_Zing_Trip_Lifestyle_67I0184_300dpi-300x200.avif 300w, https:\/\/www.diamantrad.com\/wp-content\/uploads\/2022\/10\/DI_24_Zing_Trip_Lifestyle_67I0184_300dpi-1024x683.avif 1024w, https:\/\/www.diamantrad.com\/wp-content\/uploads\/2022\/10\/DI_24_Zing_Trip_Lifestyle_67I0184_300dpi-768x512.avif 768w, https:\/\/www.diamantrad.com\/wp-content\/uploads\/2022\/10\/DI_24_Zing_Trip_Lifestyle_67I0184_300dpi-1536x1024.avif 1536w, https:\/\/www.diamantrad.com\/wp-content\/uploads\/2022\/10\/DI_24_Zing_Trip_Lifestyle_67I0184_300dpi-2048x1365.avif 2048w\" \/><\/figure>\n\n\t<\/div>\n\n\n\n<div class=\"col-12 col-md-6\">\n\t\t\t\n\n<h4 class=\"wp-block-heading\">F\u00f6rvara och sk\u00f6ta e-cykelbatterier<\/h4>\n\n\n\n<p>Vi ger dig de viktigaste tipsen f\u00f6r f\u00f6rvaring och sk\u00f6tsel av ditt elcykelbatteri.<\/p>\n\n\n\n<div class=\"wp-block-buttons is-layout-flex wp-block-buttons-is-layout-flex\">\n<div class=\"wp-block-button\"><a role=\"button\" class=\"wp-block-button__link wp-element-button\" href=\"https:\/\/www.diamantrad.com\/sv-SE\/blog\/e-bike-battery-care\/\" target=\"_blank\" rel=\"noreferrer noopener\" aria-label=\"Opens external link in a new tab\">L\u00e4s nu<\/a><\/div>\n<\/div>\n\n\t<\/div>\n\n<\/div>\n\n\n<div class=\"wp-bootstrap-blocks-row row\">\n\t\n\n<div class=\"col-12 col-md-6\">\n\t\t\t\n\n<figure class=\"wp-block-image size-full\"><img data-dominant-color=\"987984\" data-has-transparency=\"false\" loading=\"lazy\" decoding=\"async\" width=\"2560\" height=\"1707\" sizes=\"auto, (max-width: 2560px) 100vw, 2560px\" src=\"https:\/\/www.diamantrad.com\/wp-content\/uploads\/2022\/10\/DI_25_Suvea_Lifestyle_67I2961_300dpi-scaled.avif\" alt=\"Di 25 suvea lifestyle\" class=\"wp-image-58053 not-transparent\" style=\"--dominant-color: #987984; aspect-ratio:16\/9;object-fit:cover\" srcset=\"https:\/\/www.diamantrad.com\/wp-content\/uploads\/2022\/10\/DI_25_Suvea_Lifestyle_67I2961_300dpi-scaled.avif 2560w, https:\/\/www.diamantrad.com\/wp-content\/uploads\/2022\/10\/DI_25_Suvea_Lifestyle_67I2961_300dpi-300x200.avif 300w, https:\/\/www.diamantrad.com\/wp-content\/uploads\/2022\/10\/DI_25_Suvea_Lifestyle_67I2961_300dpi-1024x683.avif 1024w, https:\/\/www.diamantrad.com\/wp-content\/uploads\/2022\/10\/DI_25_Suvea_Lifestyle_67I2961_300dpi-768x512.avif 768w, https:\/\/www.diamantrad.com\/wp-content\/uploads\/2022\/10\/DI_25_Suvea_Lifestyle_67I2961_300dpi-1536x1024.avif 1536w, https:\/\/www.diamantrad.com\/wp-content\/uploads\/2022\/10\/DI_25_Suvea_Lifestyle_67I2961_300dpi-2048x1365.avif 2048w\" \/><\/figure>\n\n\t<\/div>\n\n\n\n<div class=\"col-12 col-md-6\">\n\t\t\t\n\n<h4 class=\"wp-block-heading\">Hur s\u00e4kra \u00e4r e-cykelbatterier?<\/h4>\n\n\n\n<p>F\u00f6r s\u00e4ker hantering av elcykelbatterier finns det n\u00e5gra saker att t\u00e4nka p\u00e5. V\u00e5ra tips f\u00f6r optimal s\u00e4kerhet.<\/p>\n\n\n\n<div class=\"wp-block-buttons is-layout-flex wp-block-buttons-is-layout-flex\">\n<div class=\"wp-block-button\"><a role=\"button\" class=\"wp-block-button__link wp-element-button\" href=\"https:\/\/www.diamantrad.com\/sv-SE\/blog\/e-bike-battery-safety\/\" target=\"_blank\" rel=\"noreferrer noopener\" aria-label=\"Opens external link in a new tab\">L\u00e4s nu<\/a><\/div>\n<\/div>\n\n\t<\/div>\n\n<\/div>\n\n\n<div class=\"wp-bootstrap-blocks-row row\">\n\t\n\n<div class=\"col-12 col-md-6\">\n\t\t\t\n\n<figure class=\"wp-block-image size-full\"><img data-dominant-color=\"aa7b82\" data-has-transparency=\"false\" loading=\"lazy\" decoding=\"async\" width=\"2560\" height=\"1707\" sizes=\"auto, (max-width: 2560px) 100vw, 2560px\" src=\"https:\/\/www.diamantrad.com\/wp-content\/uploads\/2023\/12\/DI_25_Suvea_Lifestyle_67I6917_300dpi-scaled.avif\" alt=\"Di 25 suvea lifestyle\" class=\"wp-image-58092 not-transparent\" style=\"--dominant-color: #aa7b82; aspect-ratio:16\/9;object-fit:cover\" srcset=\"https:\/\/www.diamantrad.com\/wp-content\/uploads\/2023\/12\/DI_25_Suvea_Lifestyle_67I6917_300dpi-scaled.avif 2560w, https:\/\/www.diamantrad.com\/wp-content\/uploads\/2023\/12\/DI_25_Suvea_Lifestyle_67I6917_300dpi-300x200.avif 300w, https:\/\/www.diamantrad.com\/wp-content\/uploads\/2023\/12\/DI_25_Suvea_Lifestyle_67I6917_300dpi-1024x683.avif 1024w, https:\/\/www.diamantrad.com\/wp-content\/uploads\/2023\/12\/DI_25_Suvea_Lifestyle_67I6917_300dpi-768x512.avif 768w, https:\/\/www.diamantrad.com\/wp-content\/uploads\/2023\/12\/DI_25_Suvea_Lifestyle_67I6917_300dpi-1536x1024.avif 1536w, https:\/\/www.diamantrad.com\/wp-content\/uploads\/2023\/12\/DI_25_Suvea_Lifestyle_67I6917_300dpi-2048x1365.avif 2048w\" \/><\/figure>\n\n\t<\/div>\n\n\n\n<div class=\"col-12 col-md-6\">\n\t\t\t\n\n<h4 class=\"wp-block-heading\">Vinterunderh\u00e5ll f\u00f6r e-cykelbatterier<\/h4>\n\n\n\n<p>Vi avsl\u00f6jar hur du h\u00e5ller ditt elcykelbatteri i optimalt skick under vintern trots kylan.<\/p>\n\n\n\n<div class=\"wp-block-buttons is-layout-flex wp-block-buttons-is-layout-flex\">\n<div class=\"wp-block-button\"><a role=\"button\" class=\"wp-block-button__link wp-element-button\" href=\"https:\/\/www.diamantrad.com\/sv-SE\/blog\/e-bike-battery-winter-care\/\" target=\"_blank\" rel=\"noreferrer noopener\" aria-label=\"Opens external link in a new tab\">L\u00e4s nu<\/a><\/div>\n<\/div>\n\n\t<\/div>\n\n<\/div>\n\n<\/div>\r\n      <\/div>\r\n    <\/div>\r\n  <\/div>\r\n<\/div><\/div>\n\n<div class=\"lazyblock-nncontainer-1YlbUh wp-block-lazyblock-nncontainer\"><div class=\"section-standard\">\r\n  <div class=\"container\" id=\"container-1YlbUh\">\r\n    <div class=\"row\">\r\n      <div class=\"col py-4 py-lg-5\">\r\n        <div class=\"lazyblock-inner-blocks\">\n\n<h3 class=\"wp-block-heading\">Bakgrundsinformation: olika typer av cykelbatterier<\/h3>\n\n\n\n<p>Elcykelbatterier kan differentieras utifr\u00e5n material och placering. Det finns fyra olika typer av batterier f\u00f6r elcyklar: litiumjonbatterier (Li-ion), nickel-kadmiumbatterier (NiCd), nickel-metallhydridbatterier (NiMH) och blybatterier. Det vanligaste \u2013 och det som anv\u00e4nds p\u00e5 Diamants elcyklar \u2013 \u00e4r litiumjonbatteriet. Dessa \u00e4r mer h\u00e5llbara och l\u00e4ttare \u00e4n andra batterityper. Det finns ocks\u00e5 olika cykelbatterier beroende p\u00e5 var de sitter p\u00e5 eller i cykeln:&nbsp;<\/p>\n\n\n\n<ul class=\"wp-block-list\">\n<li>Rambatterier&nbsp;<\/li>\n\n\n\n<li>Integrerade batterier&nbsp;<\/li>\n\n\n\n<li>Batterier f\u00f6r paketh\u00e5llare&nbsp;<\/li>\n\n\n\n<li>Dubbelbatteri (en kombination av tv\u00e5 batterier)&nbsp;<\/li>\n\n\n\n<li>Range Extender (ett till\u00e4gg till huvudbatteriet med samma form som en vattenflaska)&nbsp;<\/li>\n<\/ul>\n\n\n\n<h3 class=\"wp-block-heading\">Vilken position \u00e4r b\u00e4st f\u00f6r elcykelbatterier?<\/h3>\n\n\n\n<p>Det finns ingen &#8221;b\u00e4sta&#8221; placering f\u00f6r ett elcykelbatteri. Positionen har olika f\u00f6rdelar och effekter p\u00e5 k\u00f6rbeteendet.&nbsp;<\/p>\n\n\n\n<p>Ett elcykelbatteri p\u00e5 paketh\u00e5llaren \u00e4r visuellt mycket diskret. En annan f\u00f6rdel \u00e4r att det \u00e4r l\u00e4tt att ta bort och avmontera. Och det blir inte lika smutsigt som ett rambatteri \u2013 tack vare sin placering \u00e4r det b\u00e4ttre skyddat mot vattenst\u00e4nk. Cykelns tyngdpunkt \u00e4r dock f\u00f6rskjuten l\u00e4ngre bak\u00e5t.&nbsp;<\/p>\n\n\n\n<p>M\u00e5nga rambatterier \u00e4r placerade p\u00e5 diagonalr\u00f6ret (i detta fall \u00e4ven kallat diagonalr\u00f6rsbatteri). Detta s\u00e4kerst\u00e4ller en stabil position och naturlig viktf\u00f6rdelning. Batterier i diagonalr\u00f6ret kan spara vikt tack vare sin konstruktion. Viktf\u00f6rdelningen och den l\u00e5ga tyngdpunkten hos klassiska rambatterier \u00e4r ocks\u00e5 f\u00f6rdelar h\u00e4r.&nbsp;<\/p>\n\n\n\n<h3 class=\"wp-block-heading\">Anvisningar: ta bort elcykelns batteri<\/h3>\n\n\n\n<p>ZF\u00f6r att transportera eller reng\u00f6ra din elcykel m\u00e5ste du ta bort eller avmontera cykelbatteriet. Proceduren skiljer sig n\u00e5got beroende p\u00e5 modell, men de grundl\u00e4ggande stegen \u00e4r alltid desamma:&nbsp;<\/p>\n\n\n\n<ul class=\"wp-block-list\">\n<li>Om det finns, \u00f6ppna ramens lock.\u00a0<\/li>\n\n\n\n<li>L\u00e5s upp l\u00e5set med nyckeln. Detta g\u00f6r att batteriet faller ner i h\u00e5lls\u00e4kringen.\u00a0<\/li>\n\n\n\n<li>Beroende p\u00e5 cykelmodell lyfter du batteriet ur ovandelen och h\u00e5ller det stadigt med handen.\u00a0<\/li>\n\n\n\n<li>Dra ut batteriet ur ramen.\u00a0<\/li>\n<\/ul>\n\n\n\n<p>F\u00f6r batterier i paketh\u00e5llare m\u00e5ste \u00e4ven l\u00e5set l\u00e5sas upp med nyckeln. Dra ut batteriet ur h\u00e5llaren. Det \u00e4r lika enkelt och intuitivt att s\u00e4tta tillbaka batterierna i omv\u00e4nd ordning. Du kan k\u00e4nna och h\u00f6ra batteriet klicka p\u00e5 plats i h\u00e5llaren och det sitter stadigt i ramen eller p\u00e5 elcykeln.&nbsp;<\/p>\n\n\n\n<p>Alla PowerPacks \u00e4r utrustade med ett ergonomiskt b\u00e4rhandtag, vilket g\u00f6r dem mycket l\u00e4tta att hantera. PowerTube sticker ut med cirka 2 cm ut fr\u00e5n ramen n\u00e4r det \u00e4r ol\u00e5st, vilket g\u00f6r det l\u00e4ttare att greppa. En s\u00e4kerhetsmekanism f\u00f6rhindrar att batteriet faller ut.&nbsp;<\/p>\n\n<\/div>\r\n      <\/div>\r\n    <\/div>\r\n  <\/div>\r\n<\/div><\/div>","protected":false},"excerpt":{"rendered":"<p>V\u00e5r omfattande FAQ om cykelbatterier: svar p\u00e5 fr\u00e5gor om h\u00e5llbarhet, r\u00e4ckvidd, sk\u00f6tsel och mycket mer. Allt om e-cykelbatterier hos Diamant.<\/p>\n","protected":false},"author":8,"featured_media":66191,"parent":67181,"menu_order":0,"comment_status":"closed","ping_status":"closed","template":"","meta":{"_acf_changed":false,"slim_seo":{"title":"Vanliga fr\u00e5gor om elcykelbatterier","description":"V\u00e5r omfattande FAQ om cykelbatterier: svar p\u00e5 fr\u00e5gor om h\u00e5llbarhet, r\u00e4ckvidd, sk\u00f6tsel och mycket mer. Allt om e-cykelbatterier hos Diamant."},"footnotes":""},"class_list":["post-67416","page","type-page","status-publish","has-post-thumbnail","hentry"],"acf":[],"_links":{"self":[{"href":"https:\/\/www.diamantrad.com\/sv-SE\/wp-json\/wp\/v2\/pages\/67416","targetHints":{"allow":["GET"]}}],"collection":[{"href":"https:\/\/www.diamantrad.com\/sv-SE\/wp-json\/wp\/v2\/pages"}],"about":[{"href":"https:\/\/www.diamantrad.com\/sv-SE\/wp-json\/wp\/v2\/types\/page"}],"author":[{"embeddable":true,"href":"https:\/\/www.diamantrad.com\/sv-SE\/wp-json\/wp\/v2\/users\/8"}],"replies":[{"embeddable":true,"href":"https:\/\/www.diamantrad.com\/sv-SE\/wp-json\/wp\/v2\/comments?post=67416"}],"version-history":[{"count":1,"href":"https:\/\/www.diamantrad.com\/sv-SE\/wp-json\/wp\/v2\/pages\/67416\/revisions"}],"predecessor-version":[{"id":67523,"href":"https:\/\/www.diamantrad.com\/sv-SE\/wp-json\/wp\/v2\/pages\/67416\/revisions\/67523"}],"up":[{"embeddable":true,"href":"https:\/\/www.diamantrad.com\/sv-SE\/wp-json\/wp\/v2\/pages\/67181"}],"wp:featuredmedia":[{"embeddable":true,"href":"https:\/\/www.diamantrad.com\/sv-SE\/wp-json\/wp\/v2\/media\/66191"}],"wp:attachment":[{"href":"https:\/\/www.diamantrad.com\/sv-SE\/wp-json\/wp\/v2\/media?parent=67416"}],"curies":[{"name":"wp","href":"https:\/\/api.w.org\/{rel}","templated":true}]}}