{"id":67888,"date":"2025-09-04T14:12:01","date_gmt":"2025-09-04T12:12:01","guid":{"rendered":"https:\/\/www.diamantrad.com\/?page_id=67888"},"modified":"2025-09-04T14:12:01","modified_gmt":"2025-09-04T12:12:01","slug":"news","status":"publish","type":"page","link":"https:\/\/www.diamantrad.com\/sv-SE\/blog\/news\/","title":{"rendered":"News"},"content":{"rendered":"<div class=\"lazyblock-nncontainer-Z2bJS7k wp-block-lazyblock-nncontainer\"><div class=\"section-standard\">\r\n  <div class=\"container\" id=\"container-Z2bJS7k\">\r\n    <div class=\"row\">\r\n      <div class=\"col py-4 py-lg-5\">\r\n        <div class=\"lazyblock-inner-blocks\">\n                \r\n                <div class=\"blog-highlighted\">\r\n                    <div class=\"row g-5\">\r\n                        <div class=\"col-lg-6 mt-5\">\r\n                            <div class=\"entry-meta mb-4\">\r\n                                <div class=\"posted-on mb-2\">\r\n                                    <time datetime=\"2025-08-28T08:53:18+02:00\">28 augusti 2025<\/time>\r\n                                <\/div>\r\n                                <div class=\"post-categories\">\r\n                                    <a role=\"button\" href=\"\/sv-SE\/blog\/news\/\">News<\/a>                                <\/div>\r\n                            <\/div>\r\n                            <h2><a href=\"https:\/\/www.diamantrad.com\/sv-SE\/blog\/sustainability-with-low-impact-aluminum\/\">H\u00e5llbarhet hos Diamant: Ett stort steg med milj\u00f6v\u00e4nligt aluminium\u00a0<\/a><\/h2>\r\n                            <p class=\"mb-0\">I den h\u00e4r artikeln kan du l\u00e4sa om hur Diamant och Trek minskar utsl\u00e4ppen fr\u00e5n cykelproduktionen med upp till 70 % tack vare aluminium med l\u00e5g milj\u00f6p\u00e5verkan.<\/p>\r\n                        <\/div>\r\n                        <div class=\"col-lg-6 mt-4 mt-lg-5\">\r\n                            <a class=\"post-thumbnail\" href=\"https:\/\/www.diamantrad.com\/sv-SE\/blog\/sustainability-with-low-impact-aluminum\/\" tabindex=\"-1\">\r\n                                <figure class=\"mb-0\"><img loading=\"lazy\" decoding=\"async\" width=\"992\" height=\"662\" src=\"https:\/\/www.diamantrad.com\/wp-content\/uploads\/2024\/12\/DI_24_Zing_Trip_Lifestyle_67I4578_300dpi-1024x683.avif\" class=\"img-fluid not-transparent wp-post-image\" alt=\"H\u00e5llbarhet hos Diamant: Ett stort steg med milj\u00f6v\u00e4nligt aluminium\u00a0\" srcset=\"https:\/\/www.diamantrad.com\/wp-content\/uploads\/2024\/12\/DI_24_Zing_Trip_Lifestyle_67I4578_300dpi-1024x683.avif 1024w, https:\/\/www.diamantrad.com\/wp-content\/uploads\/2024\/12\/DI_24_Zing_Trip_Lifestyle_67I4578_300dpi-300x200.avif 300w, https:\/\/www.diamantrad.com\/wp-content\/uploads\/2024\/12\/DI_24_Zing_Trip_Lifestyle_67I4578_300dpi-768x512.avif 768w, https:\/\/www.diamantrad.com\/wp-content\/uploads\/2024\/12\/DI_24_Zing_Trip_Lifestyle_67I4578_300dpi-1536x1024.avif 1536w, https:\/\/www.diamantrad.com\/wp-content\/uploads\/2024\/12\/DI_24_Zing_Trip_Lifestyle_67I4578_300dpi-2048x1365.avif 2048w\" sizes=\"auto, (max-width: 992px) 100vw, 992px\" data-has-transparency=\"false\" data-dominant-color=\"b47a81\" style=\"--dominant-color: #b47a81;\" \/><\/figure>\r\n                            <\/a>\r\n                        <\/div>\r\n                    <\/div>\r\n                <\/div>\r\n\r\n                <hr \/>\r\n                <h3>Fler inl\u00e4gg:<\/h3>\r\n                \r\n                <ul class=\"blog-filter mb-5\">\r\n                    <span>Filter<\/span>\r\n                    <li class=\"blog-filter-item blog-cat-all\">\r\n                        <a href=\"\/sv-SE\/blog\/\">Alla<\/a>\r\n                    <\/li>\r\n                    <li class=\"blog-filter-item blog-cat-cykelguide\"><a href=\"\/sv-SE\/blog\/cykelguide\/\">Cykelguide<\/a><\/li><li class=\"blog-filter-item blog-cat-elcykelguide\"><a href=\"\/sv-SE\/blog\/elcykelguide\/\">Elcykelguide<\/a><\/li><li class=\"blog-filter-item blog-cat-historia\"><a href=\"\/sv-SE\/blog\/historia\/\">Historia<\/a><\/li><li class=\"blog-filter-item blog-cat-news active\"><a href=\"\/sv-SE\/blog\/news\/\">News<\/a><\/li><li class=\"blog-filter-item blog-cat-s-pedelec\"><a href=\"\/sv-SE\/blog\/s-pedelec\/\">S-Pedelec<\/a><\/li><li class=\"blog-filter-item blog-cat-stories\"><a href=\"\/sv-SE\/blog\/stories\/\">Stories<\/a><\/li><li class=\"blog-filter-item blog-cat-tech\"><a href=\"\/sv-SE\/blog\/tech\/\">Tech<\/a><\/li>                <\/ul>\r\n\r\n            <p class=\"alert alert-warning no-posts-message mt-4\">Det finns f\u00f6r n\u00e4rvarande inga inl\u00e4gg i denna kategori.<\/p>\n\n<\/div>\r\n      <\/div>\r\n    <\/div>\r\n  <\/div>\r\n<\/div><\/div>","protected":false},"excerpt":{"rendered":"","protected":false},"author":10,"featured_media":0,"parent":67181,"menu_order":0,"comment_status":"closed","ping_status":"closed","template":"","meta":{"_acf_changed":false,"slim_seo":{"title":"H\u00e5llbarhet hos Diamant: Ett stort steg med milj\u00f6v\u00e4nligt aluminium","description":"I den h\u00e4r artikeln kan du l\u00e4sa om hur Diamant och Trek minskar utsl\u00e4ppen fr\u00e5n cykelproduktionen med upp till 70 % tack vare aluminium med l\u00e5g milj\u00f6p\u00e5verkan."},"footnotes":""},"class_list":["post-67888","page","type-page","status-publish","hentry"],"acf":[],"_links":{"self":[{"href":"https:\/\/www.diamantrad.com\/sv-SE\/wp-json\/wp\/v2\/pages\/67888","targetHints":{"allow":["GET"]}}],"collection":[{"href":"https:\/\/www.diamantrad.com\/sv-SE\/wp-json\/wp\/v2\/pages"}],"about":[{"href":"https:\/\/www.diamantrad.com\/sv-SE\/wp-json\/wp\/v2\/types\/page"}],"author":[{"embeddable":true,"href":"https:\/\/www.diamantrad.com\/sv-SE\/wp-json\/wp\/v2\/users\/10"}],"replies":[{"embeddable":true,"href":"https:\/\/www.diamantrad.com\/sv-SE\/wp-json\/wp\/v2\/comments?post=67888"}],"version-history":[{"count":1,"href":"https:\/\/www.diamantrad.com\/sv-SE\/wp-json\/wp\/v2\/pages\/67888\/revisions"}],"predecessor-version":[{"id":67891,"href":"https:\/\/www.diamantrad.com\/sv-SE\/wp-json\/wp\/v2\/pages\/67888\/revisions\/67891"}],"up":[{"embeddable":true,"href":"https:\/\/www.diamantrad.com\/sv-SE\/wp-json\/wp\/v2\/pages\/67181"}],"wp:attachment":[{"href":"https:\/\/www.diamantrad.com\/sv-SE\/wp-json\/wp\/v2\/media?parent=67888"}],"curies":[{"name":"wp","href":"https:\/\/api.w.org\/{rel}","templated":true}]}}