{"id":67896,"date":"2025-09-04T14:36:44","date_gmt":"2025-09-04T12:36:44","guid":{"rendered":"https:\/\/www.diamantrad.com\/?page_id=67896"},"modified":"2025-09-04T14:36:45","modified_gmt":"2025-09-04T12:36:45","slug":"historia","status":"publish","type":"page","link":"https:\/\/www.diamantrad.com\/sv-SE\/blog\/historia\/","title":{"rendered":"Historia"},"content":{"rendered":"<div class=\"lazyblock-nncontainer-Z2bJS7k wp-block-lazyblock-nncontainer\"><div class=\"section-standard\">\r\n  <div class=\"container\" id=\"container-Z2bJS7k\">\r\n    <div class=\"row\">\r\n      <div class=\"col py-4 py-lg-5\">\r\n        <div class=\"lazyblock-inner-blocks\">\n                \r\n                <div class=\"blog-highlighted\">\r\n                    <div class=\"row g-5\">\r\n                        <div class=\"col-lg-6 mt-5\">\r\n                            <div class=\"entry-meta mb-4\">\r\n                                <div class=\"posted-on mb-2\">\r\n                                    <time datetime=\"2025-09-02T14:22:56+02:00\">2 september 2025<\/time>\r\n                                <\/div>\r\n                                <div class=\"post-categories\">\r\n                                    <a role=\"button\" href=\"\/sv-SE\/blog\/historia\/\">Historia<\/a>                                <\/div>\r\n                            <\/div>\r\n                            <h2><a href=\"https:\/\/www.diamantrad.com\/sv-SE\/blog\/road-bike-diamant-67\/\">Diamant Racercycel 67, en proffsmodell<\/a><\/h2>\r\n                            <p class=\"mb-0\">Uppt\u00e4ck fascinationen med Diamant 67: En titt p\u00e5 den legendariska racercykeln som byggdes strax f\u00f6re OS 1936.<\/p>\r\n                        <\/div>\r\n                        <div class=\"col-lg-6 mt-4 mt-lg-5\">\r\n                            <a class=\"post-thumbnail\" href=\"https:\/\/www.diamantrad.com\/sv-SE\/blog\/road-bike-diamant-67\/\" tabindex=\"-1\">\r\n                                <figure class=\"mb-0\"><img loading=\"lazy\" decoding=\"async\" width=\"992\" height=\"610\" src=\"https:\/\/www.diamantrad.com\/wp-content\/uploads\/2025\/09\/Blog-Diamant-67-Studiobild-Sattelrohr-Emblem-png-1024x630.jpg\" class=\"img-fluid wp-post-image\" alt=\"Diamant Racercycel 67, en proffsmodell\" srcset=\"https:\/\/www.diamantrad.com\/wp-content\/uploads\/2025\/09\/Blog-Diamant-67-Studiobild-Sattelrohr-Emblem-png-1024x630.jpg 1024w, https:\/\/www.diamantrad.com\/wp-content\/uploads\/2025\/09\/Blog-Diamant-67-Studiobild-Sattelrohr-Emblem-png-300x184.jpg 300w, https:\/\/www.diamantrad.com\/wp-content\/uploads\/2025\/09\/Blog-Diamant-67-Studiobild-Sattelrohr-Emblem-png-768x472.jpg 768w, https:\/\/www.diamantrad.com\/wp-content\/uploads\/2025\/09\/Blog-Diamant-67-Studiobild-Sattelrohr-Emblem-png.avif 1106w\" sizes=\"auto, (max-width: 992px) 100vw, 992px\" \/><\/figure>\r\n                            <\/a>\r\n                        <\/div>\r\n                    <\/div>\r\n                <\/div>\r\n\r\n                <hr \/>\r\n                <h3>Fler inl\u00e4gg:<\/h3>\r\n                \r\n                <ul class=\"blog-filter mb-5\">\r\n                    <span>Filter<\/span>\r\n                    <li class=\"blog-filter-item blog-cat-all\">\r\n                        <a href=\"\/sv-SE\/blog\/\">Alla<\/a>\r\n                    <\/li>\r\n                    <li class=\"blog-filter-item blog-cat-cykelguide\"><a href=\"\/sv-SE\/blog\/cykelguide\/\">Cykelguide<\/a><\/li><li class=\"blog-filter-item blog-cat-elcykelguide\"><a href=\"\/sv-SE\/blog\/elcykelguide\/\">Elcykelguide<\/a><\/li><li class=\"blog-filter-item blog-cat-historia active\"><a href=\"\/sv-SE\/blog\/historia\/\">Historia<\/a><\/li><li class=\"blog-filter-item blog-cat-news\"><a href=\"\/sv-SE\/blog\/news\/\">News<\/a><\/li><li class=\"blog-filter-item blog-cat-s-pedelec\"><a href=\"\/sv-SE\/blog\/s-pedelec\/\">S-Pedelec<\/a><\/li><li class=\"blog-filter-item blog-cat-stories\"><a href=\"\/sv-SE\/blog\/stories\/\">Stories<\/a><\/li><li class=\"blog-filter-item blog-cat-tech\"><a href=\"\/sv-SE\/blog\/tech\/\">Tech<\/a><\/li>                <\/ul>\r\n\r\n                    <ul class=\"blog-loop\">\r\n                            <li class=\"blog-loop-item mb-0\">\r\n                    <a class=\"post-thumbnail\" href=\"https:\/\/www.diamantrad.com\/sv-SE\/blog\/diamant-handy-bike\/\" tabindex=\"-1\">\r\n                        <figure class=\"mb-3\"><img loading=\"lazy\" decoding=\"async\" width=\"992\" height=\"662\" src=\"https:\/\/www.diamantrad.com\/wp-content\/uploads\/2025\/08\/Diamant-Handy-Bike-Faltrad-png-1024x683.jpg\" class=\"img-fluid wp-post-image\" alt=\"Diamant Handy Bike: den robusta 26-tumscykeln som kan vikas ihop\" srcset=\"https:\/\/www.diamantrad.com\/wp-content\/uploads\/2025\/08\/Diamant-Handy-Bike-Faltrad-png-1024x683.jpg 1024w, https:\/\/www.diamantrad.com\/wp-content\/uploads\/2025\/08\/Diamant-Handy-Bike-Faltrad-png-300x200.jpg 300w, https:\/\/www.diamantrad.com\/wp-content\/uploads\/2025\/08\/Diamant-Handy-Bike-Faltrad-png-768x512.jpg 768w, https:\/\/www.diamantrad.com\/wp-content\/uploads\/2025\/08\/Diamant-Handy-Bike-Faltrad-png-1536x1024.jpg 1536w, https:\/\/www.diamantrad.com\/wp-content\/uploads\/2025\/08\/Diamant-Handy-Bike-Faltrad-png-2048x1365.jpg 2048w\" sizes=\"auto, (max-width: 992px) 100vw, 992px\" \/><\/figure>\r\n                    <\/a>\r\n                    <div class=\"blog-loop-content\">\r\n                        <div class=\"entry-meta mb-3\">\r\n                            <div class=\"posted-on mb-2\">\r\n                                <time datetime=\"2025-08-28T16:57:58+02:00\">28 augusti 2025<\/time>\r\n                            <\/div>\r\n                            <div class=\"post-categories\">\r\n                                <a role=\"button\" href=\"\/sv-SE\/blog\/historia\/\">Historia<\/a>                            <\/div>\r\n                        <\/div>\r\n                        <h4><a href=\"https:\/\/www.diamantrad.com\/sv-SE\/blog\/diamant-handy-bike\/\">Diamant Handy Bike: den robusta 26-tumscykeln som kan vikas ihop<\/a><\/h4>\r\n                    <\/div>\r\n                <\/li>\r\n                            <li class=\"blog-loop-item mb-0\">\r\n                    <a class=\"post-thumbnail\" href=\"https:\/\/www.diamantrad.com\/sv-SE\/blog\/diamant-tourensportrad\/\" tabindex=\"-1\">\r\n                        <figure class=\"mb-3\"><img loading=\"lazy\" decoding=\"async\" width=\"992\" height=\"744\" src=\"https:\/\/www.diamantrad.com\/wp-content\/uploads\/2025\/08\/Diamant-Tourensportrad-1024x768.jpg\" class=\"img-fluid wp-post-image\" alt=\"Sport-touringcykeln fr\u00e5n 60-talet Diamant 35 102 och 35 154\" srcset=\"https:\/\/www.diamantrad.com\/wp-content\/uploads\/2025\/08\/Diamant-Tourensportrad-1024x768.jpg 1024w, https:\/\/www.diamantrad.com\/wp-content\/uploads\/2025\/08\/Diamant-Tourensportrad-300x225.jpg 300w, https:\/\/www.diamantrad.com\/wp-content\/uploads\/2025\/08\/Diamant-Tourensportrad-768x576.jpg 768w, https:\/\/www.diamantrad.com\/wp-content\/uploads\/2025\/08\/Diamant-Tourensportrad-1536x1152.jpg 1536w, https:\/\/www.diamantrad.com\/wp-content\/uploads\/2025\/08\/Diamant-Tourensportrad-2048x1536.jpg 2048w\" sizes=\"auto, (max-width: 992px) 100vw, 992px\" \/><\/figure>\r\n                    <\/a>\r\n                    <div class=\"blog-loop-content\">\r\n                        <div class=\"entry-meta mb-3\">\r\n                            <div class=\"posted-on mb-2\">\r\n                                <time datetime=\"2025-08-28T15:59:49+02:00\">28 augusti 2025<\/time>\r\n                            <\/div>\r\n                            <div class=\"post-categories\">\r\n                                <a role=\"button\" href=\"\/sv-SE\/blog\/historia\/\">Historia<\/a>                            <\/div>\r\n                        <\/div>\r\n                        <h4><a href=\"https:\/\/www.diamantrad.com\/sv-SE\/blog\/diamant-tourensportrad\/\">Sport-touringcykeln fr\u00e5n 60-talet Diamant 35 102 och 35 154<\/a><\/h4>\r\n                    <\/div>\r\n                <\/li>\r\n                            <li class=\"blog-loop-item mb-0\">\r\n                    <a class=\"post-thumbnail\" href=\"https:\/\/www.diamantrad.com\/sv-SE\/blog\/diamant-city-blitz\/\" tabindex=\"-1\">\r\n                        <figure class=\"mb-3\"><img loading=\"lazy\" decoding=\"async\" width=\"879\" height=\"659\" src=\"https:\/\/www.diamantrad.com\/wp-content\/uploads\/2025\/08\/Diamant_City-Blitz_Akku_Blog.avif\" class=\"img-fluid wp-post-image\" alt=\"Diamant City Blitz \u2013 den andra tyska elcykeln\" srcset=\"https:\/\/www.diamantrad.com\/wp-content\/uploads\/2025\/08\/Diamant_City-Blitz_Akku_Blog.avif 879w, https:\/\/www.diamantrad.com\/wp-content\/uploads\/2025\/08\/Diamant_City-Blitz_Akku_Blog-300x225.jpg 300w, https:\/\/www.diamantrad.com\/wp-content\/uploads\/2025\/08\/Diamant_City-Blitz_Akku_Blog-768x576.jpg 768w\" sizes=\"auto, (max-width: 879px) 100vw, 879px\" \/><\/figure>\r\n                    <\/a>\r\n                    <div class=\"blog-loop-content\">\r\n                        <div class=\"entry-meta mb-3\">\r\n                            <div class=\"posted-on mb-2\">\r\n                                <time datetime=\"2025-08-28T15:34:08+02:00\">28 augusti 2025<\/time>\r\n                            <\/div>\r\n                            <div class=\"post-categories\">\r\n                                <a role=\"button\" href=\"\/sv-SE\/blog\/historia\/\">Historia<\/a>                            <\/div>\r\n                        <\/div>\r\n                        <h4><a href=\"https:\/\/www.diamantrad.com\/sv-SE\/blog\/diamant-city-blitz\/\">Diamant City Blitz \u2013 den andra tyska elcykeln<\/a><\/h4>\r\n                    <\/div>\r\n                <\/li>\r\n                            <li class=\"blog-loop-item mb-0\">\r\n                    <a class=\"post-thumbnail\" href=\"https:\/\/www.diamantrad.com\/sv-SE\/blog\/the-legendary-diamant-167\/\" tabindex=\"-1\">\r\n                        <figure class=\"mb-3\"><img loading=\"lazy\" decoding=\"async\" width=\"992\" height=\"662\" src=\"https:\/\/www.diamantrad.com\/wp-content\/uploads\/2025\/08\/Blog_Diamant167_Lenker_Taeve-Schur-png-1024x683.jpg\" class=\"img-fluid not-transparent wp-post-image\" alt=\"Den legendariska Diamant 167\" srcset=\"https:\/\/www.diamantrad.com\/wp-content\/uploads\/2025\/08\/Blog_Diamant167_Lenker_Taeve-Schur-png-1024x683.jpg 1024w, https:\/\/www.diamantrad.com\/wp-content\/uploads\/2025\/08\/Blog_Diamant167_Lenker_Taeve-Schur-png-300x200.jpg 300w, https:\/\/www.diamantrad.com\/wp-content\/uploads\/2025\/08\/Blog_Diamant167_Lenker_Taeve-Schur-png-768x512.jpg 768w, https:\/\/www.diamantrad.com\/wp-content\/uploads\/2025\/08\/Blog_Diamant167_Lenker_Taeve-Schur-png-1536x1024.jpg 1536w, https:\/\/www.diamantrad.com\/wp-content\/uploads\/2025\/08\/Blog_Diamant167_Lenker_Taeve-Schur-png.avif 1728w\" sizes=\"auto, (max-width: 992px) 100vw, 992px\" data-has-transparency=\"false\" data-dominant-color=\"ccd5db\" style=\"--dominant-color: #ccd5db;\" \/><\/figure>\r\n                    <\/a>\r\n                    <div class=\"blog-loop-content\">\r\n                        <div class=\"entry-meta mb-3\">\r\n                            <div class=\"posted-on mb-2\">\r\n                                <time datetime=\"2025-08-28T14:46:56+02:00\">28 augusti 2025<\/time>\r\n                            <\/div>\r\n                            <div class=\"post-categories\">\r\n                                <a role=\"button\" href=\"\/sv-SE\/blog\/historia\/\">Historia<\/a>                            <\/div>\r\n                        <\/div>\r\n                        <h4><a href=\"https:\/\/www.diamantrad.com\/sv-SE\/blog\/the-legendary-diamant-167\/\">Den legendariska Diamant 167<\/a><\/h4>\r\n                    <\/div>\r\n                <\/li>\r\n                    <\/ul>\r\n\r\n                    <div class=\"pagination justify-content-center mt-5\">\r\n                            <\/div>\r\n        \n\n<\/div>\r\n      <\/div>\r\n    <\/div>\r\n  <\/div>\r\n<\/div><\/div>","protected":false},"excerpt":{"rendered":"","protected":false},"author":10,"featured_media":0,"parent":67181,"menu_order":0,"comment_status":"closed","ping_status":"closed","template":"","meta":{"_acf_changed":false,"slim_seo":{"title":"Den legendariska Diamant 167 \u00b0 Diamantrad","description":"Tidigare ett landsv\u00e4gscykel, idag ett kultf\u00f6rem\u00e5l och museif\u00f6rem\u00e5l. Diamant Modell 167 inspirerar \u00e4n idag m\u00e5nga cykelentusiaster."},"footnotes":""},"class_list":["post-67896","page","type-page","status-publish","hentry"],"acf":[],"_links":{"self":[{"href":"https:\/\/www.diamantrad.com\/sv-SE\/wp-json\/wp\/v2\/pages\/67896","targetHints":{"allow":["GET"]}}],"collection":[{"href":"https:\/\/www.diamantrad.com\/sv-SE\/wp-json\/wp\/v2\/pages"}],"about":[{"href":"https:\/\/www.diamantrad.com\/sv-SE\/wp-json\/wp\/v2\/types\/page"}],"author":[{"embeddable":true,"href":"https:\/\/www.diamantrad.com\/sv-SE\/wp-json\/wp\/v2\/users\/10"}],"replies":[{"embeddable":true,"href":"https:\/\/www.diamantrad.com\/sv-SE\/wp-json\/wp\/v2\/comments?post=67896"}],"version-history":[{"count":1,"href":"https:\/\/www.diamantrad.com\/sv-SE\/wp-json\/wp\/v2\/pages\/67896\/revisions"}],"predecessor-version":[{"id":67899,"href":"https:\/\/www.diamantrad.com\/sv-SE\/wp-json\/wp\/v2\/pages\/67896\/revisions\/67899"}],"up":[{"embeddable":true,"href":"https:\/\/www.diamantrad.com\/sv-SE\/wp-json\/wp\/v2\/pages\/67181"}],"wp:attachment":[{"href":"https:\/\/www.diamantrad.com\/sv-SE\/wp-json\/wp\/v2\/media?parent=67896"}],"curies":[{"name":"wp","href":"https:\/\/api.w.org\/{rel}","templated":true}]}}